{"id":16210,"date":"2021-04-19T08:26:48","date_gmt":"2021-04-19T07:26:48","guid":{"rendered":"https:\/\/mamaterra.lt\/parduotuve\/uncategorized\/eterisko-ellu-komplekts-doterra-aromatouch-technique-8-dazadas-eteriskas-ellas\/"},"modified":"2021-04-19T08:26:48","modified_gmt":"2021-04-19T07:26:48","slug":"eterisko-ellu-komplekts-doterra-aromatouch-tehnika-8-dazadas-eteriskas-ellas","status":"publish","type":"product","link":"https:\/\/mamaterra.lt\/lv\/parduotuve\/eteriskas-ellas\/komplekti-un-kolekcijas\/eterisko-ellu-komplekts-doterra-aromatouch-tehnika-8-dazadas-eteriskas-ellas\/","title":{"rendered":"\u0112terisko e\u013c\u013cu komplekts doTERRA AROMATOUCH TECHNIQUE\u2122 (8 da\u017e\u0101das \u0113terisk\u0101s e\u013c\u013cas)"},"content":{"rendered":"<p><strong>\u0112terisko e\u013c\u013cu komplekts doTERRA AROMATOUCH TECHNIQUE\u2122 (8 da\u017e\u0101das \u0113terisk\u0101s e\u013c\u013cas)<\/strong><\/p>\n<p>8 \u0113terisk\u0101s e\u013c\u013cas no 5ml un frakcion\u0113tas doTERRA kokosriekstu e\u013c\u013cas (115ml)<\/p>\n<p>&nbsp;<\/p>\n<p><strong>DoTERRA Aromatouch Technique\u2122 \u0113terisko e\u013c\u013cu komplekt\u0101 ietilpst:<\/strong><\/p>\n<ol>\n<li>Frakcion\u0113ta <strong>doTERRA kokosriekstu e\u013c\u013ca<\/strong> (115ml).<\/li>\n<li>AromaTouch Technique prezent\u0101cijas kaste.<\/li>\n<li>doTERRA <strong>Ziedlapi\u0146a 2.0 difuzors.<\/strong><\/li>\n<li>8 Da\u017e\u0101di <strong>doTERRA \u0113terisko e\u013c\u013cu un \u0113terisko e\u013c\u013cu mais\u012bjumi<\/strong> pa 5ml katrs:\n<ul>\n<li style=\"list-style-type: none;\">\n<ul>\n<li>Lavandas \u0113terisk\u0101 e\u013c\u013ca<\/li>\n<li>OnGuard \u0113terisko e\u013c\u013cu mais\u012bjums<\/li>\n<li>T\u0113jas koka (MELALEUCA) \u0113terisk\u0101 e\u013c\u013ca<\/li>\n<li>Dzi\u013ci zils \u0113terisko e\u013c\u013cu mais\u012bjums<\/li>\n<li>Piparm\u0113tru \u0113terisk\u0101 e\u013c\u013ca<\/li>\n<li>Savva\u013cas apels\u012bnu \u0113terisk\u0101 e\u013c\u013ca<\/li>\n<li>doTERRA balans\u0113 \u0113terisko e\u013c\u013cu mais\u012bjums<\/li>\n<li>AromaTouch \u0113terisko e\u013c\u013cu mais\u012bjums<\/li>\n<\/ul>\n<\/li>\n<\/ul>\n<\/li>\n<\/ol>\n<p>Palieliniet CPTG\u2122 \u0113terisko e\u013c\u013cu izmanto\u0161anas priek\u0161roc\u012bbas, iek\u013caujot aromatouch tehniku savos labsaj\u016btas ritu\u0101los.<\/p>\n<p>&nbsp;<\/p>\n<p>Lai ieg\u016btu vair\u0101k inform\u0101cijas par <strong>\u0113terisko e\u013c\u013cu komplektu doTERRA AROMATOUCH TECHNIQUE ,\u2122<\/strong> skatieties t\u0101l\u0101k redzamo video.<\/p>\n<p><iframe title=\"DoTERRA aromaTouch tehnika\" src=\"https:\/\/www.youtube.com\/embed\/hPKWOfzussk\" width=\"853\" height=\"480\" frameborder=\"0\" allowfullscreen=\"allowfullscreen\"><\/iframe><\/p>\n","protected":false},"excerpt":{"rendered":"<ul>\n<li>Asto\u0146as CPTG doTERRA \u0113terisk\u0101s e\u013c\u013cas, ko izmanto aromatouch tehnik\u0101 5 ml pudel\u0113s<\/li>\n<li>AromaTouch Technique prezent\u0101cijas kaste<\/li>\n<li>Ieg\u0101d\u0101joties \u0161o komplektu, j\u016bs sa\u0146emat ar\u012b doTERRA frakcion\u0113tu kokosriekstu e\u013c\u013cu<\/li>\n<li>doTERRA ziedlapi\u0146a 2.0 difuzors<\/li>\n<\/ul>\n","protected":false},"featured_media":11494,"template":"","meta":{"site-sidebar-layout":"default","site-content-layout":"default","ast-site-content-layout":"default","site-content-style":"default","site-sidebar-style":"default","ast-global-header-display":"","ast-banner-title-visibility":"","ast-main-header-display":"","ast-hfb-above-header-display":"","ast-hfb-below-header-display":"","ast-hfb-mobile-header-display":"","site-post-title":"","ast-breadcrumbs-content":"","ast-featured-img":"","footer-sml-layout":"","ast-disable-related-posts":"","theme-transparent-header-meta":"default","adv-header-id-meta":"","stick-header-meta":"","header-above-stick-meta":"","header-main-stick-meta":"","header-below-stick-meta":"","astra-migrate-meta-layouts":"default","ast-page-background-enabled":"default","ast-page-background-meta":{"desktop":{"background-color":"","background-image":"","background-repeat":"repeat","background-position":"center center","background-size":"auto","background-attachment":"scroll","background-type":"","background-media":"","overlay-type":"","overlay-color":"","overlay-opacity":"","overlay-gradient":""},"tablet":{"background-color":"","background-image":"","background-repeat":"repeat","background-position":"center center","background-size":"auto","background-attachment":"scroll","background-type":"","background-media":"","overlay-type":"","overlay-color":"","overlay-opacity":"","overlay-gradient":""},"mobile":{"background-color":"","background-image":"","background-repeat":"repeat","background-position":"center center","background-size":"auto","background-attachment":"scroll","background-type":"","background-media":"","overlay-type":"","overlay-color":"","overlay-opacity":"","overlay-gradient":""}},"ast-content-background-meta":{"desktop":{"background-color":"var(--ast-global-color-5)","background-image":"","background-repeat":"repeat","background-position":"center center","background-size":"auto","background-attachment":"scroll","background-type":"","background-media":"","overlay-type":"","overlay-color":"","overlay-opacity":"","overlay-gradient":""},"tablet":{"background-color":"var(--ast-global-color-5)","background-image":"","background-repeat":"repeat","background-position":"center center","background-size":"auto","background-attachment":"scroll","background-type":"","background-media":"","overlay-type":"","overlay-color":"","overlay-opacity":"","overlay-gradient":""},"mobile":{"background-color":"var(--ast-global-color-5)","background-image":"","background-repeat":"repeat","background-position":"center center","background-size":"auto","background-attachment":"scroll","background-type":"","background-media":"","overlay-type":"","overlay-color":"","overlay-opacity":"","overlay-gradient":""}}},"product_brand":[],"product_cat":[600,603,612],"product_tag":[678,631,635,649,642],"class_list":{"0":"post-16210","1":"product","2":"type-product","3":"status-publish","4":"has-post-thumbnail","6":"product_cat-eteriskas-ellas","7":"product_cat-komplekti-un-kolekcijas","8":"product_cat-masazai","9":"product_tag-5ml-lv","10":"product_tag-eteriskas-ellas","11":"product_tag-kolekcijas","12":"product_tag-komplekti","13":"product_tag-papildinajumi","14":"desktop-align-left","15":"tablet-align-left","16":"mobile-align-left","18":"first","19":"instock","20":"taxable","21":"shipping-taxable","22":"purchasable","23":"product-type-simple"},"_links":{"self":[{"href":"https:\/\/mamaterra.lt\/lv\/wp-json\/wp\/v2\/product\/16210","targetHints":{"allow":["GET"]}}],"collection":[{"href":"https:\/\/mamaterra.lt\/lv\/wp-json\/wp\/v2\/product"}],"about":[{"href":"https:\/\/mamaterra.lt\/lv\/wp-json\/wp\/v2\/types\/product"}],"wp:featuredmedia":[{"embeddable":true,"href":"https:\/\/mamaterra.lt\/lv\/wp-json\/wp\/v2\/media\/11494"}],"wp:attachment":[{"href":"https:\/\/mamaterra.lt\/lv\/wp-json\/wp\/v2\/media?parent=16210"}],"wp:term":[{"taxonomy":"product_brand","embeddable":true,"href":"https:\/\/mamaterra.lt\/lv\/wp-json\/wp\/v2\/product_brand?post=16210"},{"taxonomy":"product_cat","embeddable":true,"href":"https:\/\/mamaterra.lt\/lv\/wp-json\/wp\/v2\/product_cat?post=16210"},{"taxonomy":"product_tag","embeddable":true,"href":"https:\/\/mamaterra.lt\/lv\/wp-json\/wp\/v2\/product_tag?post=16210"}],"curies":[{"name":"wp","href":"https:\/\/api.w.org\/{rel}","templated":true}]}}