{"id":16207,"date":"2021-04-19T08:36:58","date_gmt":"2021-04-19T07:36:58","guid":{"rendered":"https:\/\/mamaterra.lt\/parduotuve\/uncategorized\/uztura-bagatinatajs-doterra-zengest-pb-assist\/"},"modified":"2021-04-19T08:36:58","modified_gmt":"2021-04-19T07:36:58","slug":"uztura-bagatinatajs-doterra-zengest-pb-assist","status":"publish","type":"product","link":"https:\/\/mamaterra.lt\/lv\/parduotuve\/gremosanai\/uztura-bagatinatajs-doterra-zengest-pb-assist\/","title":{"rendered":"Uztura bag\u0101tin\u0101t\u0101js doTERRA ZenGest\u2122 PB ASSIST+ \u2122"},"content":{"rendered":"<p><strong>Uztura bag\u0101tin\u0101t\u0101js doTERRA ZenGest\u2122 PB ASSIST+ \u2122<\/strong><\/p>\n<p>30 kapsulas<\/p>\n<p>&nbsp;<\/p>\n<p><strong>doTERRA uztura bag\u0101tin\u0101t\u0101js ZenGest\u2122 PB ASSIST+ \u2122 Galven\u0101s priek\u0161roc\u012bbas:<\/strong><\/p>\n<p>PB Assist+ ir unik\u0101ls un efekt\u012bvs veids, k\u0101 izjust probiotiku priek\u0161roc\u012bbas. Ar akt\u012bv\u0101m probiotisk\u0101m kult\u016br\u0101m un \u0161\u0137\u012bsto\u0161iem prebiotiskiem FOS (fruktooligosahar\u012bdiem).<\/p>\n<ul>\n<li>Unik\u0101la divsl\u0101\u0146u augu kapsulu sist\u0113ma<\/li>\n<li>Ve\u0123et\u0101r\u0101s kapsulas nesatur n\u0101trija laurilsulf\u0101tu<\/li>\n<\/ul>\n<p>&nbsp;<\/p>\n<p>Noskatieties video par \u0161o <strong>uztura bag\u0101tin\u0101t\u0101ju doTERRA ZenGest\u2122 PB ASSIST+\u2122<\/strong><strong>.<\/strong><\/p>\n<p><iframe title=\"Atbalsts vesel\u012bgai gremo\u0161anai - doTERRA GX Assist &amp; PB Assist\u00ae +\" src=\"https:\/\/www.youtube.com\/embed\/dLJNVBZY87I\" width=\"946\" height=\"532\" frameborder=\"0\" allowfullscreen=\"allowfullscreen\"><\/iframe><\/p>\n","protected":false},"excerpt":{"rendered":"<ul>\n<li>Unik\u0101la divsl\u0101\u0146u augu kapsulu sist\u0113ma<\/li>\n<li>Ve\u0123et\u0101r\u0101s kapsulas nesatur n\u0101trija laurilsulf\u0101tu<\/li>\n<\/ul>\n","protected":false},"featured_media":11608,"template":"","meta":{"site-sidebar-layout":"default","site-content-layout":"default","ast-site-content-layout":"default","site-content-style":"default","site-sidebar-style":"default","ast-global-header-display":"","ast-banner-title-visibility":"","ast-main-header-display":"","ast-hfb-above-header-display":"","ast-hfb-below-header-display":"","ast-hfb-mobile-header-display":"","site-post-title":"","ast-breadcrumbs-content":"","ast-featured-img":"","footer-sml-layout":"","ast-disable-related-posts":"","theme-transparent-header-meta":"default","adv-header-id-meta":"","stick-header-meta":"","header-above-stick-meta":"","header-main-stick-meta":"","header-below-stick-meta":"","astra-migrate-meta-layouts":"default","ast-page-background-enabled":"default","ast-page-background-meta":{"desktop":{"background-color":"","background-image":"","background-repeat":"repeat","background-position":"center center","background-size":"auto","background-attachment":"scroll","background-type":"","background-media":"","overlay-type":"","overlay-color":"","overlay-opacity":"","overlay-gradient":""},"tablet":{"background-color":"","background-image":"","background-repeat":"repeat","background-position":"center center","background-size":"auto","background-attachment":"scroll","background-type":"","background-media":"","overlay-type":"","overlay-color":"","overlay-opacity":"","overlay-gradient":""},"mobile":{"background-color":"","background-image":"","background-repeat":"repeat","background-position":"center center","background-size":"auto","background-attachment":"scroll","background-type":"","background-media":"","overlay-type":"","overlay-color":"","overlay-opacity":"","overlay-gradient":""}},"ast-content-background-meta":{"desktop":{"background-color":"var(--ast-global-color-5)","background-image":"","background-repeat":"repeat","background-position":"center center","background-size":"auto","background-attachment":"scroll","background-type":"","background-media":"","overlay-type":"","overlay-color":"","overlay-opacity":"","overlay-gradient":""},"tablet":{"background-color":"var(--ast-global-color-5)","background-image":"","background-repeat":"repeat","background-position":"center center","background-size":"auto","background-attachment":"scroll","background-type":"","background-media":"","overlay-type":"","overlay-color":"","overlay-opacity":"","overlay-gradient":""},"mobile":{"background-color":"var(--ast-global-color-5)","background-image":"","background-repeat":"repeat","background-position":"center center","background-size":"auto","background-attachment":"scroll","background-type":"","background-media":"","overlay-type":"","overlay-color":"","overlay-opacity":"","overlay-gradient":""}}},"product_brand":[],"product_cat":[620],"product_tag":[],"class_list":{"0":"post-16207","1":"product","2":"type-product","3":"status-publish","4":"has-post-thumbnail","6":"product_cat-gremosanai","7":"desktop-align-left","8":"tablet-align-left","9":"mobile-align-left","11":"first","12":"instock","13":"sale","14":"taxable","15":"shipping-taxable","16":"purchasable","17":"product-type-simple"},"_links":{"self":[{"href":"https:\/\/mamaterra.lt\/lv\/wp-json\/wp\/v2\/product\/16207","targetHints":{"allow":["GET"]}}],"collection":[{"href":"https:\/\/mamaterra.lt\/lv\/wp-json\/wp\/v2\/product"}],"about":[{"href":"https:\/\/mamaterra.lt\/lv\/wp-json\/wp\/v2\/types\/product"}],"wp:featuredmedia":[{"embeddable":true,"href":"https:\/\/mamaterra.lt\/lv\/wp-json\/wp\/v2\/media\/11608"}],"wp:attachment":[{"href":"https:\/\/mamaterra.lt\/lv\/wp-json\/wp\/v2\/media?parent=16207"}],"wp:term":[{"taxonomy":"product_brand","embeddable":true,"href":"https:\/\/mamaterra.lt\/lv\/wp-json\/wp\/v2\/product_brand?post=16207"},{"taxonomy":"product_cat","embeddable":true,"href":"https:\/\/mamaterra.lt\/lv\/wp-json\/wp\/v2\/product_cat?post=16207"},{"taxonomy":"product_tag","embeddable":true,"href":"https:\/\/mamaterra.lt\/lv\/wp-json\/wp\/v2\/product_tag?post=16207"}],"curies":[{"name":"wp","href":"https:\/\/api.w.org\/{rel}","templated":true}]}}