{"id":16201,"date":"2021-04-19T08:53:05","date_gmt":"2021-04-19T07:53:05","guid":{"rendered":"https:\/\/mamaterra.lt\/parduotuve\/uncategorized\/doterra-bagatinataji-pb-paligs-jr-60g\/"},"modified":"2021-04-19T08:53:05","modified_gmt":"2021-04-19T07:53:05","slug":"doterra-bagatinataji-pb-assist-jr-60g","status":"publish","type":"product","link":"https:\/\/mamaterra.lt\/lv\/parduotuve\/berniem\/doterra-bagatinataji-pb-assist-jr-60g\/","title":{"rendered":"doTERRA bag\u0101tin\u0101t\u0101ji PB pal\u012bgs\u2122 Jr 60g"},"content":{"rendered":"<p><strong>doTERRA bag\u0101tin\u0101t\u0101ji PB pal\u012bdz\u012bba\u2122 Jr<\/strong><\/p>\n<p>60g &#8211; 30 paci\u0146as<\/p>\n<p>&nbsp;<\/p>\n<p><strong>doTERRA bag\u0101tin\u0101t\u0101ji PB pal\u012bdz\u2122 Jr Galvenie ieguvumi:<\/strong><\/p>\n<p>PB Assist Jr. ir pulverveida probiotisks uztura bag\u0101tin\u0101t\u0101js, kas paredz\u0113ts b\u0113rniem vai pieaugu\u0161ajiem, kuriem ir gr\u016bt\u012bbas nor\u012bt tabletes. T\u0101s sast\u0101v\u0101 ir unik\u0101ls se\u0161u da\u017e\u0101du probiotisko celmu mais\u012bjums, kas tika izv\u0113l\u0113ts tie\u0161i savam b\u0113rnu labumam. \u0160\u012bs probiotikas ir sajauktas gard\u0101 pulver\u012b, ko var ieliet tie\u0161i mut\u0113 un t\u0101d\u0113j\u0101di jautri un gar\u0161\u012bgi iek\u013caut probiotikas sav\u0101 ikdienas rut\u012bn\u0101.*<\/p>\n<ul>\n<li>B\u0113rnu iecien\u012bt\u0101kais, gar\u0161\u012bgais, viegli pat\u0113r\u0113jamais produkts<\/li>\n<li>Unik\u0101ls se\u0161u da\u017e\u0101du probiotisko celmu mais\u012bjums, kas tika izv\u0113l\u0113ts tie\u0161i t\u0101 ieguvumiem b\u0113rniem<\/li>\n<\/ul>\n<p>&nbsp;<\/p>\n<p>Noskatieties video par \u0161o doterra papildin\u0101jumu.<\/p>\n<p><iframe title=\"Top 3 priek\u0161roc\u012bbas DoTERRA PB Assist Jr.\" src=\"https:\/\/www.youtube.com\/embed\/5AsZgeDzMW0\" width=\"946\" height=\"532\" frameborder=\"0\" allowfullscreen=\"allowfullscreen\"><\/iframe><\/p>\n","protected":false},"excerpt":{"rendered":"<ul>\n<li>B\u0113rnu iecien\u012bt\u0101kais, gar\u0161\u012bgais, viegli pat\u0113r\u0113jamais produkts<\/li>\n<li>Unik\u0101ls se\u0161u da\u017e\u0101du probiotisko celmu mais\u012bjums, kas tika izv\u0113l\u0113ts tie\u0161i t\u0101 ieguvumiem b\u0113rniem<\/li>\n<\/ul>\n","protected":false},"featured_media":11459,"template":"","meta":{"site-sidebar-layout":"default","site-content-layout":"default","ast-site-content-layout":"default","site-content-style":"default","site-sidebar-style":"default","ast-global-header-display":"","ast-banner-title-visibility":"","ast-main-header-display":"","ast-hfb-above-header-display":"","ast-hfb-below-header-display":"","ast-hfb-mobile-header-display":"","site-post-title":"","ast-breadcrumbs-content":"","ast-featured-img":"","footer-sml-layout":"","ast-disable-related-posts":"","theme-transparent-header-meta":"default","adv-header-id-meta":"","stick-header-meta":"","header-above-stick-meta":"","header-main-stick-meta":"","header-below-stick-meta":"","astra-migrate-meta-layouts":"default","ast-page-background-enabled":"default","ast-page-background-meta":{"desktop":{"background-color":"","background-image":"","background-repeat":"repeat","background-position":"center center","background-size":"auto","background-attachment":"scroll","background-type":"","background-media":"","overlay-type":"","overlay-color":"","overlay-opacity":"","overlay-gradient":""},"tablet":{"background-color":"","background-image":"","background-repeat":"repeat","background-position":"center center","background-size":"auto","background-attachment":"scroll","background-type":"","background-media":"","overlay-type":"","overlay-color":"","overlay-opacity":"","overlay-gradient":""},"mobile":{"background-color":"","background-image":"","background-repeat":"repeat","background-position":"center center","background-size":"auto","background-attachment":"scroll","background-type":"","background-media":"","overlay-type":"","overlay-color":"","overlay-opacity":"","overlay-gradient":""}},"ast-content-background-meta":{"desktop":{"background-color":"var(--ast-global-color-5)","background-image":"","background-repeat":"repeat","background-position":"center center","background-size":"auto","background-attachment":"scroll","background-type":"","background-media":"","overlay-type":"","overlay-color":"","overlay-opacity":"","overlay-gradient":""},"tablet":{"background-color":"var(--ast-global-color-5)","background-image":"","background-repeat":"repeat","background-position":"center center","background-size":"auto","background-attachment":"scroll","background-type":"","background-media":"","overlay-type":"","overlay-color":"","overlay-opacity":"","overlay-gradient":""},"mobile":{"background-color":"var(--ast-global-color-5)","background-image":"","background-repeat":"repeat","background-position":"center center","background-size":"auto","background-attachment":"scroll","background-type":"","background-media":"","overlay-type":"","overlay-color":"","overlay-opacity":"","overlay-gradient":""}}},"product_brand":[],"product_cat":[619],"product_tag":[695,642],"class_list":{"0":"post-16201","1":"product","2":"type-product","3":"status-publish","4":"has-post-thumbnail","6":"product_cat-berniem","7":"product_tag-60g-lv","8":"product_tag-papildinajumi","9":"desktop-align-left","10":"tablet-align-left","11":"mobile-align-left","13":"first","14":"outofstock","15":"sale","16":"taxable","17":"shipping-taxable","18":"purchasable","19":"product-type-simple"},"_links":{"self":[{"href":"https:\/\/mamaterra.lt\/lv\/wp-json\/wp\/v2\/product\/16201","targetHints":{"allow":["GET"]}}],"collection":[{"href":"https:\/\/mamaterra.lt\/lv\/wp-json\/wp\/v2\/product"}],"about":[{"href":"https:\/\/mamaterra.lt\/lv\/wp-json\/wp\/v2\/types\/product"}],"wp:featuredmedia":[{"embeddable":true,"href":"https:\/\/mamaterra.lt\/lv\/wp-json\/wp\/v2\/media\/11459"}],"wp:attachment":[{"href":"https:\/\/mamaterra.lt\/lv\/wp-json\/wp\/v2\/media?parent=16201"}],"wp:term":[{"taxonomy":"product_brand","embeddable":true,"href":"https:\/\/mamaterra.lt\/lv\/wp-json\/wp\/v2\/product_brand?post=16201"},{"taxonomy":"product_cat","embeddable":true,"href":"https:\/\/mamaterra.lt\/lv\/wp-json\/wp\/v2\/product_cat?post=16201"},{"taxonomy":"product_tag","embeddable":true,"href":"https:\/\/mamaterra.lt\/lv\/wp-json\/wp\/v2\/product_tag?post=16201"}],"curies":[{"name":"wp","href":"https:\/\/api.w.org\/{rel}","templated":true}]}}