{"id":16194,"date":"2021-04-19T08:42:41","date_gmt":"2021-04-19T07:42:41","guid":{"rendered":"https:\/\/mamaterra.lt\/parduotuve\/uncategorized\/doterra-mito2max-miksto-kapsulu-piedevu-komplekss\/"},"modified":"2021-04-19T08:42:41","modified_gmt":"2021-04-19T07:42:41","slug":"doterra-mito2max-komplekss","status":"publish","type":"product","link":"https:\/\/mamaterra.lt\/lv\/parduotuve\/eteriskas-ellas\/doterra-mito2max-komplekss\/","title":{"rendered":"doTERRA MITO2MAX\u2122 m\u012bksto kapsulu piedevu komplekss"},"content":{"rendered":"<p><strong>doTERRA MITO2MAX\u2122 m\u012bksto kapsulu piedevu komplekss<\/strong><\/p>\n<p>60 kapsulas<\/p>\n<p>&nbsp;<\/p>\n<p><strong>doTERRA MITO2MAX\u2122 m\u012bkst\u0101s kapsulas papildina kompleksa galven\u0101s priek\u0161roc\u012bbas:<\/strong><\/p>\n<p>Mito2Max ir patent\u0113ts standartiz\u0113tu augu ekstraktu un vielmai\u0146as kofaktoru mais\u012bjums akt\u012bvai dz\u012bvei. Pat\u0113r\u0113ts k\u0101 ilgtermi\u0146a alternat\u012bva dz\u0113rieniem un uztura bag\u0101tin\u0101t\u0101jiem ar kofe\u012bnu.<\/p>\n<ul>\n<li>Ar patent\u0113tu doTERRA kompleksu ener\u0123ijai un iztur\u012bbai<\/li>\n<li>Ievietojiet to somi\u0146\u0101 vai ce\u013cojuma som\u0101, lai nodro\u0161in\u0101tu \u0113rtu aizsardz\u012bbu rokas stiepiena att\u0101lum\u0101<\/li>\n<li>Ve\u0123et\u0101r\u0101s kapsulas nesatur n\u0101trija laurilsulf\u0101tu<\/li>\n<\/ul>\n<p>&nbsp;<\/p>\n<p>Noskatieties video par \u0161o <strong>doTERRA MITO2MAX\u2122 m\u012bksto kapsulu piedevu kompleksu.<\/strong><\/p>\n<p><iframe title=\"Pie\u0161\u0137iriet savam treni\u0146am stimulu ar doTERRA Mito2Max\u00ae\" src=\"https:\/\/www.youtube.com\/embed\/YUlYWNy6a7o\" width=\"946\" height=\"532\" frameborder=\"0\" allowfullscreen=\"allowfullscreen\"><\/iframe><\/p>\n","protected":false},"excerpt":{"rendered":"<ul>\n<li>Ar patent\u0113tu d\u014dTERRA kompleksu ener\u0123ijai un iztur\u012bbai<\/li>\n<li>Ievietojiet to somi\u0146\u0101 vai ce\u013cojuma som\u0101, lai nodro\u0161in\u0101tu \u0113rtu aizsardz\u012bbu rokas stiepiena att\u0101lum\u0101<\/li>\n<li>Ve\u0123et\u0101r\u0101s kapsulas nesatur n\u0101trija laurilsulf\u0101tu<\/li>\n<\/ul>\n","protected":false},"featured_media":11610,"template":"","meta":{"site-sidebar-layout":"default","site-content-layout":"default","ast-site-content-layout":"default","site-content-style":"default","site-sidebar-style":"default","ast-global-header-display":"","ast-banner-title-visibility":"","ast-main-header-display":"","ast-hfb-above-header-display":"","ast-hfb-below-header-display":"","ast-hfb-mobile-header-display":"","site-post-title":"","ast-breadcrumbs-content":"","ast-featured-img":"","footer-sml-layout":"","ast-disable-related-posts":"","theme-transparent-header-meta":"default","adv-header-id-meta":"","stick-header-meta":"","header-above-stick-meta":"","header-main-stick-meta":"","header-below-stick-meta":"","astra-migrate-meta-layouts":"default","ast-page-background-enabled":"default","ast-page-background-meta":{"desktop":{"background-color":"","background-image":"","background-repeat":"repeat","background-position":"center center","background-size":"auto","background-attachment":"scroll","background-type":"","background-media":"","overlay-type":"","overlay-color":"","overlay-opacity":"","overlay-gradient":""},"tablet":{"background-color":"","background-image":"","background-repeat":"repeat","background-position":"center center","background-size":"auto","background-attachment":"scroll","background-type":"","background-media":"","overlay-type":"","overlay-color":"","overlay-opacity":"","overlay-gradient":""},"mobile":{"background-color":"","background-image":"","background-repeat":"repeat","background-position":"center center","background-size":"auto","background-attachment":"scroll","background-type":"","background-media":"","overlay-type":"","overlay-color":"","overlay-opacity":"","overlay-gradient":""}},"ast-content-background-meta":{"desktop":{"background-color":"var(--ast-global-color-5)","background-image":"","background-repeat":"repeat","background-position":"center center","background-size":"auto","background-attachment":"scroll","background-type":"","background-media":"","overlay-type":"","overlay-color":"","overlay-opacity":"","overlay-gradient":""},"tablet":{"background-color":"var(--ast-global-color-5)","background-image":"","background-repeat":"repeat","background-position":"center center","background-size":"auto","background-attachment":"scroll","background-type":"","background-media":"","overlay-type":"","overlay-color":"","overlay-opacity":"","overlay-gradient":""},"mobile":{"background-color":"var(--ast-global-color-5)","background-image":"","background-repeat":"repeat","background-position":"center center","background-size":"auto","background-attachment":"scroll","background-type":"","background-media":"","overlay-type":"","overlay-color":"","overlay-opacity":"","overlay-gradient":""}}},"product_brand":[],"product_cat":[600],"product_tag":[634,642],"class_list":{"0":"post-16194","1":"product","2":"type-product","3":"status-publish","4":"has-post-thumbnail","6":"product_cat-eteriskas-ellas","7":"product_tag-kapsulas","8":"product_tag-papildinajumi","9":"desktop-align-left","10":"tablet-align-left","11":"mobile-align-left","13":"first","14":"instock","15":"taxable","16":"shipping-taxable","17":"purchasable","18":"product-type-simple"},"_links":{"self":[{"href":"https:\/\/mamaterra.lt\/lv\/wp-json\/wp\/v2\/product\/16194","targetHints":{"allow":["GET"]}}],"collection":[{"href":"https:\/\/mamaterra.lt\/lv\/wp-json\/wp\/v2\/product"}],"about":[{"href":"https:\/\/mamaterra.lt\/lv\/wp-json\/wp\/v2\/types\/product"}],"wp:featuredmedia":[{"embeddable":true,"href":"https:\/\/mamaterra.lt\/lv\/wp-json\/wp\/v2\/media\/11610"}],"wp:attachment":[{"href":"https:\/\/mamaterra.lt\/lv\/wp-json\/wp\/v2\/media?parent=16194"}],"wp:term":[{"taxonomy":"product_brand","embeddable":true,"href":"https:\/\/mamaterra.lt\/lv\/wp-json\/wp\/v2\/product_brand?post=16194"},{"taxonomy":"product_cat","embeddable":true,"href":"https:\/\/mamaterra.lt\/lv\/wp-json\/wp\/v2\/product_cat?post=16194"},{"taxonomy":"product_tag","embeddable":true,"href":"https:\/\/mamaterra.lt\/lv\/wp-json\/wp\/v2\/product_tag?post=16194"}],"curies":[{"name":"wp","href":"https:\/\/api.w.org\/{rel}","templated":true}]}}