{"id":16191,"date":"2021-04-19T09:05:20","date_gmt":"2021-04-19T08:05:20","guid":{"rendered":"https:\/\/mamaterra.lt\/parduotuve\/uncategorized\/tirisanas-lidzeklis-doterra-verage-60ml\/"},"modified":"2021-04-19T09:05:20","modified_gmt":"2021-04-19T08:05:20","slug":"tirisanas-lidzeklis-doterra-verage-60ml","status":"publish","type":"product","link":"https:\/\/mamaterra.lt\/lv\/parduotuve\/higiena-un-adas-kopsana\/doterra-verage-lv\/tirisanas-lidzeklis-doterra-verage-60ml\/","title":{"rendered":"T\u012br\u012b\u0161anas l\u012bdzeklis doTERRA VERAGE\u2122 60ml"},"content":{"rendered":"<p><strong>T\u012br\u012b\u0161anas l\u012bdzeklis doTERRA VERAGE\u2122<\/strong><\/p>\n<p>60 ml<\/p>\n<p>&nbsp;<\/p>\n<p><strong>T\u012br\u012b\u0161anas l\u012bdzeklis doTERRA verage\u2122 Galven\u0101s priek\u0161roc\u012bbas:<\/strong><\/p>\n<p>Ja v\u0113laties vesel\u012bgu un gludu \u0101du, vispirms j\u0101izmanto t\u012br\u012b\u0161anas l\u012bdzeklis Verage. \u0160is dab\u012bgais g\u0113la t\u012br\u012b\u0161anas l\u012bdzeklis att\u012bra \u0101du, atsvaidzina to un pie\u0161\u0137ir tai jaunekl\u012bgu izskatu.<\/p>\n<ul>\n<li>Bag\u0101tin\u0101ts ar CPTG\u2122 \u0113teriskaj\u0101m e\u013c\u013c\u0101m no savva\u013cas apels\u012bniem, t\u0113jas kokiem (pra\u017eangialapital myrtle) un bazilika, kas maigi att\u012bra un no\u0146em net\u012brumus<\/li>\n<li>Pie\u0161\u0137ir ener\u0123iju un att\u012bra \u0101du, un dabiskie m\u012bkstino\u0161ie l\u012bdzek\u013ci baro un mitrina to<\/li>\n<\/ul>\n<p><strong>\u0100das kop\u0161anas doTERRA Verage sast\u0101vda\u013cu priek\u0161roc\u012bbas, ko pier\u0101da kl\u012bniskie p\u0113t\u012bjumi:<\/strong><\/p>\n<ul>\n<li>Pie\u0161\u0137ir \u0101dai gludumu<\/li>\n<li>Pal\u012bdz samazin\u0101t \u0101das aps\u0101rtumu<\/li>\n<li>\u0100da izskat\u0101s jaunekl\u012bg\u0101ka<\/li>\n<li>Samazina poras<\/li>\n<li>Pie\u0161\u0137ir vienm\u0113r\u012bgu \u0101das kr\u0101su<\/li>\n<\/ul>\n<p>&nbsp;<\/p>\n<p>Lai ieg\u016btu papildinform\u0101ciju par <strong>t\u012br\u012b\u0161anas l\u012bdzekli doTERRA VERAGE\u2122,<\/strong> noskatieties t\u0101l\u0101k redzamo video.<\/p>\n<p><iframe title=\"YouTube video atska\u0146ot\u0101js\" src=\"https:\/\/www.youtube-nocookie.com\/embed\/2tl0iT4x3a8?start=119\" width=\"560\" height=\"315\" frameborder=\"0\" allowfullscreen=\"allowfullscreen\"><\/iframe><\/p>\n","protected":false},"excerpt":{"rendered":"<ul>\n<li>Bag\u0101tin\u0101ts ar CPTG\u2122 \u0113teriskaj\u0101m e\u013c\u013c\u0101m no savva\u013cas apels\u012bniem, t\u0113jas kokiem (pra\u017eangialapital myrtle) un bazilika, kas maigi att\u012bra un no\u0146em net\u012brumus<\/li>\n<li>Pie\u0161\u0137ir ener\u0123iju un att\u012bra \u0101du, un dabiskie m\u012bkstino\u0161ie l\u012bdzek\u013ci baro un mitrina to<\/li>\n<\/ul>\n","protected":false},"featured_media":11467,"template":"","meta":{"site-sidebar-layout":"default","site-content-layout":"default","ast-site-content-layout":"default","site-content-style":"default","site-sidebar-style":"default","ast-global-header-display":"","ast-banner-title-visibility":"","ast-main-header-display":"","ast-hfb-above-header-display":"","ast-hfb-below-header-display":"","ast-hfb-mobile-header-display":"","site-post-title":"","ast-breadcrumbs-content":"","ast-featured-img":"","footer-sml-layout":"","ast-disable-related-posts":"","theme-transparent-header-meta":"default","adv-header-id-meta":"","stick-header-meta":"","header-above-stick-meta":"","header-main-stick-meta":"","header-below-stick-meta":"","astra-migrate-meta-layouts":"default","ast-page-background-enabled":"default","ast-page-background-meta":{"desktop":{"background-color":"","background-image":"","background-repeat":"repeat","background-position":"center center","background-size":"auto","background-attachment":"scroll","background-type":"","background-media":"","overlay-type":"","overlay-color":"","overlay-opacity":"","overlay-gradient":""},"tablet":{"background-color":"","background-image":"","background-repeat":"repeat","background-position":"center center","background-size":"auto","background-attachment":"scroll","background-type":"","background-media":"","overlay-type":"","overlay-color":"","overlay-opacity":"","overlay-gradient":""},"mobile":{"background-color":"","background-image":"","background-repeat":"repeat","background-position":"center center","background-size":"auto","background-attachment":"scroll","background-type":"","background-media":"","overlay-type":"","overlay-color":"","overlay-opacity":"","overlay-gradient":""}},"ast-content-background-meta":{"desktop":{"background-color":"var(--ast-global-color-5)","background-image":"","background-repeat":"repeat","background-position":"center center","background-size":"auto","background-attachment":"scroll","background-type":"","background-media":"","overlay-type":"","overlay-color":"","overlay-opacity":"","overlay-gradient":""},"tablet":{"background-color":"var(--ast-global-color-5)","background-image":"","background-repeat":"repeat","background-position":"center center","background-size":"auto","background-attachment":"scroll","background-type":"","background-media":"","overlay-type":"","overlay-color":"","overlay-opacity":"","overlay-gradient":""},"mobile":{"background-color":"var(--ast-global-color-5)","background-image":"","background-repeat":"repeat","background-position":"center center","background-size":"auto","background-attachment":"scroll","background-type":"","background-media":"","overlay-type":"","overlay-color":"","overlay-opacity":"","overlay-gradient":""}}},"product_brand":[],"product_cat":[608,604],"product_tag":[693,644,1405],"class_list":{"0":"post-16191","1":"product","2":"type-product","3":"status-publish","4":"has-post-thumbnail","6":"product_cat-doterra-verage-lv","7":"product_cat-higiena-un-adas-kopsana","8":"product_tag-60-ml-lv","9":"product_tag-mazgasanas-lidzeklis","10":"product_tag-verage-lv","11":"desktop-align-left","12":"tablet-align-left","13":"mobile-align-left","15":"first","16":"instock","17":"taxable","18":"shipping-taxable","19":"purchasable","20":"product-type-simple"},"_links":{"self":[{"href":"https:\/\/mamaterra.lt\/lv\/wp-json\/wp\/v2\/product\/16191","targetHints":{"allow":["GET"]}}],"collection":[{"href":"https:\/\/mamaterra.lt\/lv\/wp-json\/wp\/v2\/product"}],"about":[{"href":"https:\/\/mamaterra.lt\/lv\/wp-json\/wp\/v2\/types\/product"}],"wp:featuredmedia":[{"embeddable":true,"href":"https:\/\/mamaterra.lt\/lv\/wp-json\/wp\/v2\/media\/11467"}],"wp:attachment":[{"href":"https:\/\/mamaterra.lt\/lv\/wp-json\/wp\/v2\/media?parent=16191"}],"wp:term":[{"taxonomy":"product_brand","embeddable":true,"href":"https:\/\/mamaterra.lt\/lv\/wp-json\/wp\/v2\/product_brand?post=16191"},{"taxonomy":"product_cat","embeddable":true,"href":"https:\/\/mamaterra.lt\/lv\/wp-json\/wp\/v2\/product_cat?post=16191"},{"taxonomy":"product_tag","embeddable":true,"href":"https:\/\/mamaterra.lt\/lv\/wp-json\/wp\/v2\/product_tag?post=16191"}],"curies":[{"name":"wp","href":"https:\/\/api.w.org\/{rel}","templated":true}]}}