{"id":16186,"date":"2021-04-19T08:48:55","date_gmt":"2021-04-19T07:48:55","guid":{"rendered":"https:\/\/mamaterra.lt\/parduotuve\/uncategorized\/doterra-eterisko-ellu-un-omega-taukskabju-komplekss-xeo-mega-120-kapsulas\/"},"modified":"2021-04-19T08:48:55","modified_gmt":"2021-04-19T07:48:55","slug":"doterra-eteriskas-ellas-un-omega-tauku-komplekss-xeo-mega-120-kapsulas","status":"publish","type":"product","link":"https:\/\/mamaterra.lt\/lv\/parduotuve\/eteriskas-ellas\/doterra-eteriskas-ellas-un-omega-tauku-komplekss-xeo-mega-120-kapsulas\/","title":{"rendered":"doTERRA \u0113terisko e\u013c\u013cu un Omega tauksk\u0101bju komplekss xEO MEGA\u2122 (120 kapsulas)"},"content":{"rendered":"<p><strong>doTERRA \u0113terisko e\u013c\u013cu un Omega tauksk\u0101bju komplekss xEO MEGA\u2122<\/strong><\/p>\n<p>120 m\u012bkst\u0101s kapsulas<\/p>\n<p><strong>doTERRA \u0113terisko e\u013c\u013cu un Omega tauksk\u0101bju kompleksa xEO MEGA\u2122 galven\u0101s priek\u0161roc\u012bbas:<\/strong><\/p>\n<p>xEO Mega ir revolucion\u0101ra formula, kas apvieno CPTG \u0113terisk\u0101s e\u013c\u013cas ar dab\u012bg\u0101m j\u016bras un augu omega 3 e\u013c\u013c\u0101m un karotino\u012bdiem. Nodro\u0161ina vienotu EPA un DHA attiec\u012bbu, ko ieg\u016bst no ilgtsp\u0113j\u012bgiem zivju e\u013c\u013cas koncentr\u0101tiem un \u0113teriskas e\u013c\u013cas ar SDA un GLA tauksk\u0101b\u0113m.<\/p>\n<ul>\n<li>Pilns karotino\u012bdu spektrs, antioksidants E vitam\u012bns un D vitam\u012bns*<\/li>\n<li>Ar krustnagli\u0146u, bosvelijas, timi\u0101na, \u0137imenes, savva\u013cas apels\u012bnu, piparm\u0113tru, ingvera, \u0137imenes un \u0123erm\u0101\u0146u kumel\u012b\u0161u \u0113teriskaj\u0101m e\u013c\u013c\u0101m<\/li>\n<li>Ve\u0123et\u0101raj\u0101s m\u012bkstaj\u0101s kapsul\u0101s<\/li>\n<\/ul>\n<p>&nbsp;<\/p>\n<p>Noskatieties video par \u0161o <strong>doTERRA \u0113terisko e\u013c\u013cu un Omega tauksk\u0101bju kompleksu xEO MEGA\u2122.<\/strong><\/p>\n<p><iframe title=\"Neaizvietojamo tauksk\u0101bju ieg\u016b\u0161ana\" src=\"https:\/\/www.youtube.com\/embed\/xuZ1i2czNEE\" width=\"946\" height=\"532\" frameborder=\"0\" allowfullscreen=\"allowfullscreen\"><\/iframe><\/p>\n","protected":false},"excerpt":{"rendered":"<ul>\n<li>Pilns karotino\u012bdu spektrs, antioksidants E vitam\u012bns un D vitam\u012bns*<\/li>\n<li>Ar krustnagli\u0146u, bosvelijas, timi\u0101na, \u0137imenes, savva\u013cas apels\u012bnu, piparm\u0113tru, ingvera, \u0137imenes un \u0123erm\u0101\u0146u kumel\u012b\u0161u \u0113teriskaj\u0101m e\u013c\u013c\u0101m<\/li>\n<li>Ve\u0123et\u0101raj\u0101s m\u012bkstaj\u0101s kapsul\u0101s<\/li>\n<\/ul>\n","protected":false},"featured_media":11605,"template":"","meta":{"site-sidebar-layout":"default","site-content-layout":"default","ast-site-content-layout":"default","site-content-style":"default","site-sidebar-style":"default","ast-global-header-display":"","ast-banner-title-visibility":"","ast-main-header-display":"","ast-hfb-above-header-display":"","ast-hfb-below-header-display":"","ast-hfb-mobile-header-display":"","site-post-title":"","ast-breadcrumbs-content":"","ast-featured-img":"","footer-sml-layout":"","ast-disable-related-posts":"","theme-transparent-header-meta":"default","adv-header-id-meta":"","stick-header-meta":"","header-above-stick-meta":"","header-main-stick-meta":"","header-below-stick-meta":"","astra-migrate-meta-layouts":"default","ast-page-background-enabled":"default","ast-page-background-meta":{"desktop":{"background-color":"","background-image":"","background-repeat":"repeat","background-position":"center center","background-size":"auto","background-attachment":"scroll","background-type":"","background-media":"","overlay-type":"","overlay-color":"","overlay-opacity":"","overlay-gradient":""},"tablet":{"background-color":"","background-image":"","background-repeat":"repeat","background-position":"center center","background-size":"auto","background-attachment":"scroll","background-type":"","background-media":"","overlay-type":"","overlay-color":"","overlay-opacity":"","overlay-gradient":""},"mobile":{"background-color":"","background-image":"","background-repeat":"repeat","background-position":"center center","background-size":"auto","background-attachment":"scroll","background-type":"","background-media":"","overlay-type":"","overlay-color":"","overlay-opacity":"","overlay-gradient":""}},"ast-content-background-meta":{"desktop":{"background-color":"var(--ast-global-color-5)","background-image":"","background-repeat":"repeat","background-position":"center center","background-size":"auto","background-attachment":"scroll","background-type":"","background-media":"","overlay-type":"","overlay-color":"","overlay-opacity":"","overlay-gradient":""},"tablet":{"background-color":"var(--ast-global-color-5)","background-image":"","background-repeat":"repeat","background-position":"center center","background-size":"auto","background-attachment":"scroll","background-type":"","background-media":"","overlay-type":"","overlay-color":"","overlay-opacity":"","overlay-gradient":""},"mobile":{"background-color":"var(--ast-global-color-5)","background-image":"","background-repeat":"repeat","background-position":"center center","background-size":"auto","background-attachment":"scroll","background-type":"","background-media":"","overlay-type":"","overlay-color":"","overlay-opacity":"","overlay-gradient":""}}},"product_brand":[],"product_cat":[600],"product_tag":[],"class_list":{"0":"post-16186","1":"product","2":"type-product","3":"status-publish","4":"has-post-thumbnail","6":"product_cat-eteriskas-ellas","7":"desktop-align-left","8":"tablet-align-left","9":"mobile-align-left","11":"first","12":"instock","13":"sale","14":"taxable","15":"shipping-taxable","16":"purchasable","17":"product-type-simple"},"_links":{"self":[{"href":"https:\/\/mamaterra.lt\/lv\/wp-json\/wp\/v2\/product\/16186","targetHints":{"allow":["GET"]}}],"collection":[{"href":"https:\/\/mamaterra.lt\/lv\/wp-json\/wp\/v2\/product"}],"about":[{"href":"https:\/\/mamaterra.lt\/lv\/wp-json\/wp\/v2\/types\/product"}],"wp:featuredmedia":[{"embeddable":true,"href":"https:\/\/mamaterra.lt\/lv\/wp-json\/wp\/v2\/media\/11605"}],"wp:attachment":[{"href":"https:\/\/mamaterra.lt\/lv\/wp-json\/wp\/v2\/media?parent=16186"}],"wp:term":[{"taxonomy":"product_brand","embeddable":true,"href":"https:\/\/mamaterra.lt\/lv\/wp-json\/wp\/v2\/product_brand?post=16186"},{"taxonomy":"product_cat","embeddable":true,"href":"https:\/\/mamaterra.lt\/lv\/wp-json\/wp\/v2\/product_cat?post=16186"},{"taxonomy":"product_tag","embeddable":true,"href":"https:\/\/mamaterra.lt\/lv\/wp-json\/wp\/v2\/product_tag?post=16186"}],"curies":[{"name":"wp","href":"https:\/\/api.w.org\/{rel}","templated":true}]}}