{"id":16185,"date":"2021-04-19T08:52:21","date_gmt":"2021-04-19T07:52:21","guid":{"rendered":"https:\/\/mamaterra.lt\/parduotuve\/uncategorized\/doterra-iq-mega-papildinajums-150ml\/"},"modified":"2021-04-19T08:52:21","modified_gmt":"2021-04-19T07:52:21","slug":"doterra-iq-mega-supplement-150ml","status":"publish","type":"product","link":"https:\/\/mamaterra.lt\/lv\/parduotuve\/berniem\/doterra-iq-mega-supplement-150ml\/","title":{"rendered":"doterra iq mega\u2122 papildin\u0101jums 150ml"},"content":{"rendered":"<p><strong>doterra iq mega\u2122 papildin\u0101jums<\/strong><\/p>\n<p>150 ml<\/p>\n<p>&nbsp;<\/p>\n<p><strong>DOTERRA IQ MEGA\u2122 Galven\u0101s priek\u0161roc\u012bbas:<\/strong><\/p>\n<p>IQ Mega papildin\u0101jumos j\u016bs neatrad\u012bsit zivju e\u013c\u013cai parasto zivju gar\u0161u &#8211; t\u0101 ir gar\u0161\u012bga k\u0101 CPTG\u2122 savva\u013cas apels\u012bnu \u0113terisk\u0101 e\u013c\u013ca.<\/p>\n<ul>\n<li>Katra deva satur 1 300 mg t\u012bru, koncentr\u0113tu, molekul\u0101ri filtr\u0113tu un piln\u012bgi dezodor\u0113tu j\u016bras lip\u012bdu, 900 mg DHA un 400 mg EPA<\/li>\n<li>Paredz\u0113ts lieto\u0161anai ar ko\u0161\u013c\u0101jam\u0101m tablet\u0113m doTERRA a2z<\/li>\n<\/ul>\n<p>&nbsp;<\/p>\n<p>Noskatieties video par \u0161o doterra papildin\u0101jumu.<\/p>\n<p><iframe title=\"K\u0101p\u0113c doTERRA IQ Mega ir tik b\u016btiska\" src=\"https:\/\/www.youtube.com\/embed\/gt74YWa6GGI\" width=\"946\" height=\"532\" frameborder=\"0\" allowfullscreen=\"allowfullscreen\"><\/iframe><\/p>\n","protected":false},"excerpt":{"rendered":"<ul>\n<li>Katra deva satur 1 300 mg t\u012bru, koncentr\u0113tu, molekul\u0101ri filtr\u0113tu un piln\u012bgi dezodor\u0113tu j\u016bras lip\u012bdu, 900 mg DHA un 400 mg EPA<\/li>\n<li>Paredz\u0113ts lieto\u0161anai ar ko\u0161\u013c\u0101jam\u0101m tablet\u0113m doTERRA a2z<\/li>\n<\/ul>\n","protected":false},"featured_media":11426,"template":"","meta":{"site-sidebar-layout":"default","site-content-layout":"default","ast-site-content-layout":"default","site-content-style":"default","site-sidebar-style":"default","ast-global-header-display":"","ast-banner-title-visibility":"","ast-main-header-display":"","ast-hfb-above-header-display":"","ast-hfb-below-header-display":"","ast-hfb-mobile-header-display":"","site-post-title":"","ast-breadcrumbs-content":"","ast-featured-img":"","footer-sml-layout":"","ast-disable-related-posts":"","theme-transparent-header-meta":"default","adv-header-id-meta":"","stick-header-meta":"","header-above-stick-meta":"","header-main-stick-meta":"","header-below-stick-meta":"","astra-migrate-meta-layouts":"default","ast-page-background-enabled":"default","ast-page-background-meta":{"desktop":{"background-color":"","background-image":"","background-repeat":"repeat","background-position":"center center","background-size":"auto","background-attachment":"scroll","background-type":"","background-media":"","overlay-type":"","overlay-color":"","overlay-opacity":"","overlay-gradient":""},"tablet":{"background-color":"","background-image":"","background-repeat":"repeat","background-position":"center center","background-size":"auto","background-attachment":"scroll","background-type":"","background-media":"","overlay-type":"","overlay-color":"","overlay-opacity":"","overlay-gradient":""},"mobile":{"background-color":"","background-image":"","background-repeat":"repeat","background-position":"center center","background-size":"auto","background-attachment":"scroll","background-type":"","background-media":"","overlay-type":"","overlay-color":"","overlay-opacity":"","overlay-gradient":""}},"ast-content-background-meta":{"desktop":{"background-color":"var(--ast-global-color-5)","background-image":"","background-repeat":"repeat","background-position":"center center","background-size":"auto","background-attachment":"scroll","background-type":"","background-media":"","overlay-type":"","overlay-color":"","overlay-opacity":"","overlay-gradient":""},"tablet":{"background-color":"var(--ast-global-color-5)","background-image":"","background-repeat":"repeat","background-position":"center center","background-size":"auto","background-attachment":"scroll","background-type":"","background-media":"","overlay-type":"","overlay-color":"","overlay-opacity":"","overlay-gradient":""},"mobile":{"background-color":"var(--ast-global-color-5)","background-image":"","background-repeat":"repeat","background-position":"center center","background-size":"auto","background-attachment":"scroll","background-type":"","background-media":"","overlay-type":"","overlay-color":"","overlay-opacity":"","overlay-gradient":""}}},"product_brand":[],"product_cat":[619],"product_tag":[811,1157,642],"class_list":{"0":"post-16185","1":"product","2":"type-product","3":"status-publish","4":"has-post-thumbnail","6":"product_cat-berniem","7":"product_tag-150ml-lv","8":"product_tag-iq-mega-lv","9":"product_tag-papildinajumi","10":"desktop-align-left","11":"tablet-align-left","12":"mobile-align-left","14":"first","15":"instock","16":"sale","17":"taxable","18":"shipping-taxable","19":"purchasable","20":"product-type-simple"},"_links":{"self":[{"href":"https:\/\/mamaterra.lt\/lv\/wp-json\/wp\/v2\/product\/16185","targetHints":{"allow":["GET"]}}],"collection":[{"href":"https:\/\/mamaterra.lt\/lv\/wp-json\/wp\/v2\/product"}],"about":[{"href":"https:\/\/mamaterra.lt\/lv\/wp-json\/wp\/v2\/types\/product"}],"wp:featuredmedia":[{"embeddable":true,"href":"https:\/\/mamaterra.lt\/lv\/wp-json\/wp\/v2\/media\/11426"}],"wp:attachment":[{"href":"https:\/\/mamaterra.lt\/lv\/wp-json\/wp\/v2\/media?parent=16185"}],"wp:term":[{"taxonomy":"product_brand","embeddable":true,"href":"https:\/\/mamaterra.lt\/lv\/wp-json\/wp\/v2\/product_brand?post=16185"},{"taxonomy":"product_cat","embeddable":true,"href":"https:\/\/mamaterra.lt\/lv\/wp-json\/wp\/v2\/product_cat?post=16185"},{"taxonomy":"product_tag","embeddable":true,"href":"https:\/\/mamaterra.lt\/lv\/wp-json\/wp\/v2\/product_tag?post=16185"}],"curies":[{"name":"wp","href":"https:\/\/api.w.org\/{rel}","templated":true}]}}