{"id":16172,"date":"2021-04-19T08:48:07","date_gmt":"2021-04-19T07:48:07","guid":{"rendered":"https:\/\/mamaterra.lt\/parduotuve\/uncategorized\/doterra-uzturvielu-komplekss-mikroplekss-vmz\/"},"modified":"2021-04-19T08:48:07","modified_gmt":"2021-04-19T07:48:07","slug":"doterra-uzturvertibas-sastavdalas-komplekss-mikroplekss-vmz","status":"publish","type":"product","link":"https:\/\/mamaterra.lt\/lv\/parduotuve\/eteriskas-ellas\/doterra-uzturvertibas-sastavdalas-komplekss-mikroplekss-vmz\/","title":{"rendered":"doTERRA Uzturvielu komplekss mikroplekss VMz\u2122"},"content":{"rendered":"<p><strong>doTERRA Uzturvielu komplekss mikroplekss VMz\u2122<\/strong><\/p>\n<p>120 kapsulas<\/p>\n<p>&nbsp;<\/p>\n<p><strong>doTERRA Uzturvielu komplekss mikroplekss VMz\u2122 Galven\u0101s priek\u0161roc\u012bbas:<\/strong><\/p>\n<p>doTERRA Microplex VMz ir biolo\u0123iski pieejamu vitam\u012bnu un miner\u0101lvielu komplekss, kam bie\u017ei tr\u016bkst m\u016bsdienu uztura. Ar sabalans\u0113tu A, C, E un B grupas vitam\u012bnu mais\u012bjumu.<\/p>\n<ul>\n<li>Ar miner\u0101lviel\u0101m un organiskiem mikroelementiem, kas ieg\u016bti no p\u0101rtikas<\/li>\n<li>Augu kapsulas nesatur n\u0101trija laurilsulf\u0101tu<\/li>\n<li>Ar v\u0113deru nomierino\u0161u doTERRA piparm\u0113tru, ingvera un \u0137imenes s\u0113klu \u0113terisko e\u013c\u013cu mais\u012bjumu<\/li>\n<li>Ve\u0123et\u0101r\u0101s kapsulas nesatur n\u0101trija laurilsulf\u0101tu<\/li>\n<\/ul>\n<p>&nbsp;<\/p>\n<p>Noskatieties video par \u0161o <strong>doTERRA Uzturvielu kompleksa mikropleksu VMz\u2122.<\/strong><\/p>\n<p><iframe title=\"doTERRA m\u016b\u017ea vitalit\u0101tes komplekts ar Microplex VMz\" src=\"https:\/\/www.youtube.com\/embed\/4VKjtbaLZJA\" width=\"946\" height=\"532\" frameborder=\"0\" allowfullscreen=\"allowfullscreen\"><\/iframe><\/p>\n","protected":false},"excerpt":{"rendered":"<ul>\n<li>Ar miner\u0101lviel\u0101m un organiskiem mikroelementiem, kas ieg\u016bti no p\u0101rtikas<\/li>\n<li>Augu kapsulas nesatur n\u0101trija laurilsulf\u0101tu<\/li>\n<li>Ar v\u0113deru nomierino\u0161u doTERRA piparm\u0113tru, ingvera un \u0137imenes s\u0113klu \u0113terisko e\u013c\u013cu mais\u012bjumu<\/li>\n<li>Ve\u0123et\u0101r\u0101s kapsulas nesatur n\u0101trija laurilsulf\u0101tu<\/li>\n<\/ul>\n","protected":false},"featured_media":11609,"template":"","meta":{"site-sidebar-layout":"default","site-content-layout":"default","ast-site-content-layout":"default","site-content-style":"default","site-sidebar-style":"default","ast-global-header-display":"","ast-banner-title-visibility":"","ast-main-header-display":"","ast-hfb-above-header-display":"","ast-hfb-below-header-display":"","ast-hfb-mobile-header-display":"","site-post-title":"","ast-breadcrumbs-content":"","ast-featured-img":"","footer-sml-layout":"","ast-disable-related-posts":"","theme-transparent-header-meta":"default","adv-header-id-meta":"","stick-header-meta":"","header-above-stick-meta":"","header-main-stick-meta":"","header-below-stick-meta":"","astra-migrate-meta-layouts":"default","ast-page-background-enabled":"default","ast-page-background-meta":{"desktop":{"background-color":"","background-image":"","background-repeat":"repeat","background-position":"center center","background-size":"auto","background-attachment":"scroll","background-type":"","background-media":"","overlay-type":"","overlay-color":"","overlay-opacity":"","overlay-gradient":""},"tablet":{"background-color":"","background-image":"","background-repeat":"repeat","background-position":"center center","background-size":"auto","background-attachment":"scroll","background-type":"","background-media":"","overlay-type":"","overlay-color":"","overlay-opacity":"","overlay-gradient":""},"mobile":{"background-color":"","background-image":"","background-repeat":"repeat","background-position":"center center","background-size":"auto","background-attachment":"scroll","background-type":"","background-media":"","overlay-type":"","overlay-color":"","overlay-opacity":"","overlay-gradient":""}},"ast-content-background-meta":{"desktop":{"background-color":"var(--ast-global-color-5)","background-image":"","background-repeat":"repeat","background-position":"center center","background-size":"auto","background-attachment":"scroll","background-type":"","background-media":"","overlay-type":"","overlay-color":"","overlay-opacity":"","overlay-gradient":""},"tablet":{"background-color":"var(--ast-global-color-5)","background-image":"","background-repeat":"repeat","background-position":"center center","background-size":"auto","background-attachment":"scroll","background-type":"","background-media":"","overlay-type":"","overlay-color":"","overlay-opacity":"","overlay-gradient":""},"mobile":{"background-color":"var(--ast-global-color-5)","background-image":"","background-repeat":"repeat","background-position":"center center","background-size":"auto","background-attachment":"scroll","background-type":"","background-media":"","overlay-type":"","overlay-color":"","overlay-opacity":"","overlay-gradient":""}}},"product_brand":[],"product_cat":[600],"product_tag":[],"class_list":{"0":"post-16172","1":"product","2":"type-product","3":"status-publish","4":"has-post-thumbnail","6":"product_cat-eteriskas-ellas","7":"desktop-align-left","8":"tablet-align-left","9":"mobile-align-left","11":"first","12":"instock","13":"sale","14":"taxable","15":"shipping-taxable","16":"purchasable","17":"product-type-simple"},"_links":{"self":[{"href":"https:\/\/mamaterra.lt\/lv\/wp-json\/wp\/v2\/product\/16172","targetHints":{"allow":["GET"]}}],"collection":[{"href":"https:\/\/mamaterra.lt\/lv\/wp-json\/wp\/v2\/product"}],"about":[{"href":"https:\/\/mamaterra.lt\/lv\/wp-json\/wp\/v2\/types\/product"}],"wp:featuredmedia":[{"embeddable":true,"href":"https:\/\/mamaterra.lt\/lv\/wp-json\/wp\/v2\/media\/11609"}],"wp:attachment":[{"href":"https:\/\/mamaterra.lt\/lv\/wp-json\/wp\/v2\/media?parent=16172"}],"wp:term":[{"taxonomy":"product_brand","embeddable":true,"href":"https:\/\/mamaterra.lt\/lv\/wp-json\/wp\/v2\/product_brand?post=16172"},{"taxonomy":"product_cat","embeddable":true,"href":"https:\/\/mamaterra.lt\/lv\/wp-json\/wp\/v2\/product_cat?post=16172"},{"taxonomy":"product_tag","embeddable":true,"href":"https:\/\/mamaterra.lt\/lv\/wp-json\/wp\/v2\/product_tag?post=16172"}],"curies":[{"name":"wp","href":"https:\/\/api.w.org\/{rel}","templated":true}]}}