{"id":16163,"date":"2021-04-19T08:51:11","date_gmt":"2021-04-19T07:51:11","guid":{"rendered":"https:\/\/mamaterra.lt\/parduotuve\/uncategorized\/doterra-papildinajums-a2z-koslajamas-tabletes-60-tabletes\/"},"modified":"2021-04-19T08:51:11","modified_gmt":"2021-04-19T07:51:11","slug":"doterra-supplement-a2z-koslajamas-tabletes-60-tabletes","status":"publish","type":"product","link":"https:\/\/mamaterra.lt\/lv\/parduotuve\/berniem\/doterra-supplement-a2z-koslajamas-tabletes-60-tabletes\/","title":{"rendered":"doTERRA papildin\u0101jums A2Z KO\u0160\u013b\u0100JAM\u0100S\u2122 tabletes (60 tabletes)"},"content":{"rendered":"<p>doTERRA A2Z KO\u0160\u013b\u0100JAMAIS\u2122<\/p>\n<p>60 tabletes<\/p>\n<p>dooTERRA a2z Chewable ir patent\u0113ts sast\u0101vda\u013cu sast\u0101vs, kas izstr\u0101d\u0101ts b\u0113rniem un pieaugu\u0161ajiem, kuriem ir gr\u016bt\u012bbas nor\u012bt kapsulas. \u0160\u012bs gard\u0101s ko\u0161\u013c\u0101jam\u0101s tabletes sast\u0101v no B vitam\u012bnu mais\u012bjuma ar A, C un E vitam\u012bnu mais\u012bjumu un vair\u0101kiem augu ekstraktiem.*<\/p>\n<ul>\n<li>B vitam\u012bnu mais\u012bjums ar A, C un E vitam\u012bnu mais\u012bjumu<\/li>\n<li>Satur augu ekstraktus. Paredz\u0113ts lieto\u0161anai ar IQ Mega<\/li>\n<li>Gar\u0161\u012bga arb\u016bza gar\u0161a<\/li>\n<\/ul>\n<div id=\"gtx-trans\" style=\"position: absolute; left: -23px; top: 162px;\">\n<div class=\"gtx-trans-icon\"><\/div>\n<\/div>\n","protected":false},"excerpt":{"rendered":"<ul>\n<li>B vitam\u012bnu mais\u012bjums ar A, C un E vitam\u012bnu mais\u012bjumu<\/li>\n<li>Satur augu ekstraktus. Paredz\u0113ts lieto\u0161anai ar IQ Mega<\/li>\n<li>Gar\u0161\u012bga arb\u016bza gar\u0161a<\/li>\n<\/ul>\n","protected":false},"featured_media":11604,"template":"","meta":{"site-sidebar-layout":"default","site-content-layout":"default","ast-site-content-layout":"default","site-content-style":"default","site-sidebar-style":"default","ast-global-header-display":"","ast-banner-title-visibility":"","ast-main-header-display":"","ast-hfb-above-header-display":"","ast-hfb-below-header-display":"","ast-hfb-mobile-header-display":"","site-post-title":"","ast-breadcrumbs-content":"","ast-featured-img":"","footer-sml-layout":"","ast-disable-related-posts":"","theme-transparent-header-meta":"default","adv-header-id-meta":"","stick-header-meta":"","header-above-stick-meta":"","header-main-stick-meta":"","header-below-stick-meta":"","astra-migrate-meta-layouts":"default","ast-page-background-enabled":"default","ast-page-background-meta":{"desktop":{"background-color":"","background-image":"","background-repeat":"repeat","background-position":"center center","background-size":"auto","background-attachment":"scroll","background-type":"","background-media":"","overlay-type":"","overlay-color":"","overlay-opacity":"","overlay-gradient":""},"tablet":{"background-color":"","background-image":"","background-repeat":"repeat","background-position":"center center","background-size":"auto","background-attachment":"scroll","background-type":"","background-media":"","overlay-type":"","overlay-color":"","overlay-opacity":"","overlay-gradient":""},"mobile":{"background-color":"","background-image":"","background-repeat":"repeat","background-position":"center center","background-size":"auto","background-attachment":"scroll","background-type":"","background-media":"","overlay-type":"","overlay-color":"","overlay-opacity":"","overlay-gradient":""}},"ast-content-background-meta":{"desktop":{"background-color":"var(--ast-global-color-5)","background-image":"","background-repeat":"repeat","background-position":"center center","background-size":"auto","background-attachment":"scroll","background-type":"","background-media":"","overlay-type":"","overlay-color":"","overlay-opacity":"","overlay-gradient":""},"tablet":{"background-color":"var(--ast-global-color-5)","background-image":"","background-repeat":"repeat","background-position":"center center","background-size":"auto","background-attachment":"scroll","background-type":"","background-media":"","overlay-type":"","overlay-color":"","overlay-opacity":"","overlay-gradient":""},"mobile":{"background-color":"var(--ast-global-color-5)","background-image":"","background-repeat":"repeat","background-position":"center center","background-size":"auto","background-attachment":"scroll","background-type":"","background-media":"","overlay-type":"","overlay-color":"","overlay-opacity":"","overlay-gradient":""}}},"product_brand":[],"product_cat":[619],"product_tag":[1418],"class_list":{"0":"post-16163","1":"product","2":"type-product","3":"status-publish","4":"has-post-thumbnail","6":"product_cat-berniem","7":"product_tag-a2z-lv","8":"desktop-align-left","9":"tablet-align-left","10":"mobile-align-left","12":"first","13":"instock","14":"taxable","15":"shipping-taxable","16":"purchasable","17":"product-type-simple"},"_links":{"self":[{"href":"https:\/\/mamaterra.lt\/lv\/wp-json\/wp\/v2\/product\/16163","targetHints":{"allow":["GET"]}}],"collection":[{"href":"https:\/\/mamaterra.lt\/lv\/wp-json\/wp\/v2\/product"}],"about":[{"href":"https:\/\/mamaterra.lt\/lv\/wp-json\/wp\/v2\/types\/product"}],"wp:featuredmedia":[{"embeddable":true,"href":"https:\/\/mamaterra.lt\/lv\/wp-json\/wp\/v2\/media\/11604"}],"wp:attachment":[{"href":"https:\/\/mamaterra.lt\/lv\/wp-json\/wp\/v2\/media?parent=16163"}],"wp:term":[{"taxonomy":"product_brand","embeddable":true,"href":"https:\/\/mamaterra.lt\/lv\/wp-json\/wp\/v2\/product_brand?post=16163"},{"taxonomy":"product_cat","embeddable":true,"href":"https:\/\/mamaterra.lt\/lv\/wp-json\/wp\/v2\/product_cat?post=16163"},{"taxonomy":"product_tag","embeddable":true,"href":"https:\/\/mamaterra.lt\/lv\/wp-json\/wp\/v2\/product_tag?post=16163"}],"curies":[{"name":"wp","href":"https:\/\/api.w.org\/{rel}","templated":true}]}}