{"id":16162,"date":"2021-04-19T08:43:33","date_gmt":"2021-04-19T07:43:33","guid":{"rendered":"https:\/\/mamaterra.lt\/parduotuve\/uncategorized\/doterra-triease-mikstas-kapsulas-28g\/"},"modified":"2024-05-18T20:33:04","modified_gmt":"2024-05-18T19:33:04","slug":"doterra-triease-soft-gel-kapsulas-28g","status":"publish","type":"product","link":"https:\/\/mamaterra.lt\/lv\/parduotuve\/eteriskas-ellas\/eterisko-ellu-maisijumi\/doterra-triease-soft-gel-kapsulas-28g\/","title":{"rendered":"doTERRA TriEase\u2122 m\u012bkst\u0101s kapsulas 28g"},"content":{"rendered":"<p><strong>doTERRA TriEase\u2122 m\u012bkst\u0101s kapsulas<\/strong><\/p>\n<p>28 g &#8211; 60 m\u012bkst\u0101s kapsulas<\/p>\n<p>&nbsp;<\/p>\n<p><strong>doTERRA TriEase\u2122 galven\u0101s priek\u0161roc\u012bbas:<\/strong><\/p>\n<p>TriEase m\u012bkst\u0101s kapsulas ir izstr\u0101d\u0101tas, \u0146emot v\u0113r\u0101 main\u012bgos gadalaikus. TriEase m\u012bkst\u0101s kapsulas, kas satur vien\u0101das da\u013cas citronu, lavandas un piparm\u0113tru \u0113terisko e\u013c\u013cu, \u013cauj \u0101tri un viegli lietot \u0161o mais\u012bjumu, ce\u013cojot, apmekl\u0113jot \u0101ra pas\u0101kumus un visur citur, kur tas visvair\u0101k nepiecie\u0161ams.<\/p>\n<ul>\n<li>\u0112rts un viegli lietojams papildin\u0101jums, kad tas visvair\u0101k nepiecie\u0161ams<\/li>\n<li>Ve\u0123et\u0101raj\u0101s m\u012bkstaj\u0101s kapsul\u0101s<\/li>\n<\/ul>\n<p>&nbsp;<\/p>\n<p>Noskatieties video par \u0161o <strong>doTERRA TriEase\u2122 papildin\u0101jumu.<\/strong><\/p>\n<p><iframe title=\"Breathin' Easy ar doTERRA TriEase Softgels - sezonas mais\u012bjums\" src=\"https:\/\/www.youtube.com\/embed\/599QgvaSXFw\" width=\"946\" height=\"532\" frameborder=\"0\" allowfullscreen=\"allowfullscreen\"><\/iframe><\/p>\n","protected":false},"excerpt":{"rendered":"<ul>\n<li>\u0112rts un viegli lietojams papildin\u0101jums, kad tas visvair\u0101k nepiecie\u0161ams<\/li>\n<li>Ve\u0123et\u0101raj\u0101s m\u012bkstaj\u0101s kapsul\u0101s<\/li>\n<\/ul>\n","protected":false},"featured_media":11461,"template":"","meta":{"site-sidebar-layout":"default","site-content-layout":"default","ast-site-content-layout":"default","site-content-style":"default","site-sidebar-style":"default","ast-global-header-display":"","ast-banner-title-visibility":"","ast-main-header-display":"","ast-hfb-above-header-display":"","ast-hfb-below-header-display":"","ast-hfb-mobile-header-display":"","site-post-title":"","ast-breadcrumbs-content":"","ast-featured-img":"","footer-sml-layout":"","ast-disable-related-posts":"","theme-transparent-header-meta":"default","adv-header-id-meta":"","stick-header-meta":"","header-above-stick-meta":"","header-main-stick-meta":"","header-below-stick-meta":"","astra-migrate-meta-layouts":"set","ast-page-background-enabled":"default","ast-page-background-meta":{"desktop":{"background-color":"","background-image":"","background-repeat":"repeat","background-position":"center center","background-size":"auto","background-attachment":"scroll","background-type":"","background-media":"","overlay-type":"","overlay-color":"","overlay-opacity":"","overlay-gradient":""},"tablet":{"background-color":"","background-image":"","background-repeat":"repeat","background-position":"center center","background-size":"auto","background-attachment":"scroll","background-type":"","background-media":"","overlay-type":"","overlay-color":"","overlay-opacity":"","overlay-gradient":""},"mobile":{"background-color":"","background-image":"","background-repeat":"repeat","background-position":"center center","background-size":"auto","background-attachment":"scroll","background-type":"","background-media":"","overlay-type":"","overlay-color":"","overlay-opacity":"","overlay-gradient":""}},"ast-content-background-meta":{"desktop":{"background-color":"var(--ast-global-color-5)","background-image":"","background-repeat":"repeat","background-position":"center center","background-size":"auto","background-attachment":"scroll","background-type":"","background-media":"","overlay-type":"","overlay-color":"","overlay-opacity":"","overlay-gradient":""},"tablet":{"background-color":"var(--ast-global-color-5)","background-image":"","background-repeat":"repeat","background-position":"center center","background-size":"auto","background-attachment":"scroll","background-type":"","background-media":"","overlay-type":"","overlay-color":"","overlay-opacity":"","overlay-gradient":""},"mobile":{"background-color":"var(--ast-global-color-5)","background-image":"","background-repeat":"repeat","background-position":"center center","background-size":"auto","background-attachment":"scroll","background-type":"","background-media":"","overlay-type":"","overlay-color":"","overlay-opacity":"","overlay-gradient":""}}},"product_brand":[],"product_cat":[600,601,610],"product_tag":[687,634,642],"class_list":{"0":"post-16162","1":"product","2":"type-product","3":"status-publish","4":"has-post-thumbnail","6":"product_cat-eteriskas-ellas","7":"product_cat-eterisko-ellu-maisijumi","8":"product_cat-imunitates-stiprinasanai","9":"product_tag-28g-lv","10":"product_tag-kapsulas","11":"product_tag-papildinajumi","12":"desktop-align-left","13":"tablet-align-left","14":"mobile-align-left","16":"first","17":"instock","18":"taxable","19":"shipping-taxable","20":"purchasable","21":"product-type-simple"},"_links":{"self":[{"href":"https:\/\/mamaterra.lt\/lv\/wp-json\/wp\/v2\/product\/16162","targetHints":{"allow":["GET"]}}],"collection":[{"href":"https:\/\/mamaterra.lt\/lv\/wp-json\/wp\/v2\/product"}],"about":[{"href":"https:\/\/mamaterra.lt\/lv\/wp-json\/wp\/v2\/types\/product"}],"wp:featuredmedia":[{"embeddable":true,"href":"https:\/\/mamaterra.lt\/lv\/wp-json\/wp\/v2\/media\/11461"}],"wp:attachment":[{"href":"https:\/\/mamaterra.lt\/lv\/wp-json\/wp\/v2\/media?parent=16162"}],"wp:term":[{"taxonomy":"product_brand","embeddable":true,"href":"https:\/\/mamaterra.lt\/lv\/wp-json\/wp\/v2\/product_brand?post=16162"},{"taxonomy":"product_cat","embeddable":true,"href":"https:\/\/mamaterra.lt\/lv\/wp-json\/wp\/v2\/product_cat?post=16162"},{"taxonomy":"product_tag","embeddable":true,"href":"https:\/\/mamaterra.lt\/lv\/wp-json\/wp\/v2\/product_tag?post=16162"}],"curies":[{"name":"wp","href":"https:\/\/api.w.org\/{rel}","templated":true}]}}