{"id":16159,"date":"2021-04-19T09:08:00","date_gmt":"2021-04-19T08:08:00","guid":{"rendered":"https:\/\/mamaterra.lt\/parduotuve\/uncategorized\/mitrinoss-krems-doterra-verage-30ml\/"},"modified":"2021-04-19T09:08:00","modified_gmt":"2021-04-19T08:08:00","slug":"drooping-cream-doterra-verage-30ml","status":"publish","type":"product","link":"https:\/\/mamaterra.lt\/lv\/parduotuve\/higiena-un-adas-kopsana\/doterra-verage-lv\/drooping-cream-doterra-verage-30ml\/","title":{"rendered":"Mitrino\u0161s kr\u0113ms doTERRA VERAGE\u2122 30ml"},"content":{"rendered":"<p><strong>Mitrino\u0161s kr\u0113ms doTERRA VERAGE\u2122<\/strong><\/p>\n<p>30 ml<\/p>\n<p>&nbsp;<\/p>\n<p><strong>Mitrino\u0161s kr\u0113ms doTERRA verage\u2122 Galvenie ieguvumi:<\/strong><\/p>\n<p>Pateicoties izmantotajai uzlabotajai augu tehnolo\u0123ijai, \u0161is vieglais, zema tauku satura mitrin\u0101t\u0101js \u0101tri uzs\u016bcas, un v\u0113rt\u012bgais sviests un taukaino koku m\u012bkstino\u0161ie l\u012bdzek\u013ci bag\u0101t\u012bgi mitrina \u0101du. Ver\u00e1ge mitrino\u0161ais kr\u0113ms nodro\u0161ina perfektu \u0101das mitruma l\u012bdzsvaru un pal\u012bdz samazin\u0101t plankumu par\u0101d\u012b\u0161anos, kas padara sejas \u0101du gludu un gludu.<\/p>\n<ul>\n<li>Ar CPTG kadi\u0137u odu, jasm\u012bna, smilts\u0113rk\u0161\u0137u ogu un pelargoniju \u0113teriskaj\u0101m e\u013c\u013c\u0101m, kas atsvaidzina \u0101du<\/li>\n<li>Am\u016bras kor\u0137a mizas ekstrakts pal\u012bdz dzi\u013ci kondicion\u0113t un nomierin\u0101t \u0101du<\/li>\n<\/ul>\n<p><strong>\u0100das kop\u0161anas doTERRA Verage sast\u0101vda\u013cu priek\u0161roc\u012bbas, ko pier\u0101da kl\u012bniskie p\u0113t\u012bjumi:<\/strong><\/p>\n<ul>\n<li>Pie\u0161\u0137ir \u0101dai gludumu<\/li>\n<li>Pal\u012bdz samazin\u0101t \u0101das aps\u0101rtumu<\/li>\n<li>\u0100da izskat\u0101s jaunekl\u012bg\u0101ka<\/li>\n<li>Samazina poras<\/li>\n<li>Pie\u0161\u0137ir vienm\u0113r\u012bgu \u0101das kr\u0101su<\/li>\n<\/ul>\n<p>Lai ieg\u016btu papildinform\u0101ciju par <strong>mitrin\u0101t\u0101ju doTERRA VERAGE\u2122,<\/strong> noskatieties t\u0101l\u0101k redzamo video.<\/p>\n<p><iframe title=\"K\u0101p\u0113c doTERRA Verage mitrin\u0101t\u0101js atst\u0101j \u0101du mirdzo\u0161u\" src=\"https:\/\/www.youtube.com\/embed\/GvbDBNY8Rdo\" width=\"946\" height=\"532\" frameborder=\"0\" allowfullscreen=\"allowfullscreen\"><\/iframe><\/p>\n","protected":false},"excerpt":{"rendered":"<ul>\n<li>Ar CPTG kadi\u0137u odu, jasm\u012bna, smilts\u0113rk\u0161\u0137u ogu un pelargoniju \u0113teriskaj\u0101m e\u013c\u013c\u0101m, kas atsvaidzina \u0101du<\/li>\n<li>Am\u016bras kor\u0137a mizas ekstrakts pal\u012bdz dzi\u013ci kondicion\u0113t un nomierin\u0101t \u0101du<\/li>\n<\/ul>\n","protected":false},"featured_media":11476,"template":"","meta":{"site-sidebar-layout":"default","site-content-layout":"default","ast-site-content-layout":"default","site-content-style":"default","site-sidebar-style":"default","ast-global-header-display":"","ast-banner-title-visibility":"","ast-main-header-display":"","ast-hfb-above-header-display":"","ast-hfb-below-header-display":"","ast-hfb-mobile-header-display":"","site-post-title":"","ast-breadcrumbs-content":"","ast-featured-img":"","footer-sml-layout":"","ast-disable-related-posts":"","theme-transparent-header-meta":"default","adv-header-id-meta":"","stick-header-meta":"","header-above-stick-meta":"","header-main-stick-meta":"","header-below-stick-meta":"","astra-migrate-meta-layouts":"default","ast-page-background-enabled":"default","ast-page-background-meta":{"desktop":{"background-color":"","background-image":"","background-repeat":"repeat","background-position":"center center","background-size":"auto","background-attachment":"scroll","background-type":"","background-media":"","overlay-type":"","overlay-color":"","overlay-opacity":"","overlay-gradient":""},"tablet":{"background-color":"","background-image":"","background-repeat":"repeat","background-position":"center center","background-size":"auto","background-attachment":"scroll","background-type":"","background-media":"","overlay-type":"","overlay-color":"","overlay-opacity":"","overlay-gradient":""},"mobile":{"background-color":"","background-image":"","background-repeat":"repeat","background-position":"center center","background-size":"auto","background-attachment":"scroll","background-type":"","background-media":"","overlay-type":"","overlay-color":"","overlay-opacity":"","overlay-gradient":""}},"ast-content-background-meta":{"desktop":{"background-color":"var(--ast-global-color-5)","background-image":"","background-repeat":"repeat","background-position":"center center","background-size":"auto","background-attachment":"scroll","background-type":"","background-media":"","overlay-type":"","overlay-color":"","overlay-opacity":"","overlay-gradient":""},"tablet":{"background-color":"var(--ast-global-color-5)","background-image":"","background-repeat":"repeat","background-position":"center center","background-size":"auto","background-attachment":"scroll","background-type":"","background-media":"","overlay-type":"","overlay-color":"","overlay-opacity":"","overlay-gradient":""},"mobile":{"background-color":"var(--ast-global-color-5)","background-image":"","background-repeat":"repeat","background-position":"center center","background-size":"auto","background-attachment":"scroll","background-type":"","background-media":"","overlay-type":"","overlay-color":"","overlay-opacity":"","overlay-gradient":""}}},"product_brand":[],"product_cat":[608,604],"product_tag":[689,637,1405],"class_list":{"0":"post-16159","1":"product","2":"type-product","3":"status-publish","4":"has-post-thumbnail","6":"product_cat-doterra-verage-lv","7":"product_cat-higiena-un-adas-kopsana","8":"product_tag-30-ml-lv","9":"product_tag-krems","10":"product_tag-verage-lv","11":"desktop-align-left","12":"tablet-align-left","13":"mobile-align-left","15":"first","16":"instock","17":"taxable","18":"shipping-taxable","19":"purchasable","20":"product-type-simple"},"_links":{"self":[{"href":"https:\/\/mamaterra.lt\/lv\/wp-json\/wp\/v2\/product\/16159","targetHints":{"allow":["GET"]}}],"collection":[{"href":"https:\/\/mamaterra.lt\/lv\/wp-json\/wp\/v2\/product"}],"about":[{"href":"https:\/\/mamaterra.lt\/lv\/wp-json\/wp\/v2\/types\/product"}],"wp:featuredmedia":[{"embeddable":true,"href":"https:\/\/mamaterra.lt\/lv\/wp-json\/wp\/v2\/media\/11476"}],"wp:attachment":[{"href":"https:\/\/mamaterra.lt\/lv\/wp-json\/wp\/v2\/media?parent=16159"}],"wp:term":[{"taxonomy":"product_brand","embeddable":true,"href":"https:\/\/mamaterra.lt\/lv\/wp-json\/wp\/v2\/product_brand?post=16159"},{"taxonomy":"product_cat","embeddable":true,"href":"https:\/\/mamaterra.lt\/lv\/wp-json\/wp\/v2\/product_cat?post=16159"},{"taxonomy":"product_tag","embeddable":true,"href":"https:\/\/mamaterra.lt\/lv\/wp-json\/wp\/v2\/product_tag?post=16159"}],"curies":[{"name":"wp","href":"https:\/\/api.w.org\/{rel}","templated":true}]}}