{"id":16156,"date":"2021-04-19T09:50:08","date_gmt":"2021-04-19T08:50:08","guid":{"rendered":"https:\/\/mamaterra.lt\/parduotuve\/uncategorized\/doterra-citrus-bliss-uzmundrinosas-cietas-ziepes-113g\/"},"modified":"2021-04-19T09:50:08","modified_gmt":"2021-04-19T08:50:08","slug":"doterra-citrus-bliss-hard-ziepes-113g","status":"publish","type":"product","link":"https:\/\/mamaterra.lt\/lv\/parduotuve\/higiena-un-adas-kopsana\/doterra-spa-lv\/doterra-citrus-bliss-hard-ziepes-113g\/","title":{"rendered":"doTERRA CITRUS BLISS\u2122 Uzmundrino\u0161as ciet\u0101s ziepes 113g"},"content":{"rendered":"<p><strong>doTERRA CITRUS BLISS\u2122 Uzmundrino\u0161as ciet\u0101s ziepes<\/strong><\/p>\n<p>113 g<\/p>\n<p>&nbsp;<\/p>\n<p><strong>doTERRA CITRUS BLISS\u2122 VIVACITY Pie\u0161\u0137irot cietaj\u0101m ziep\u0113m visp\u0101r\u0113j\u0101s \u012bpa\u0161\u012bbas:<\/strong><\/p>\n<p>Citrus Bliss uzmundrino\u0161\u0101s ciet\u0101s ziepes uzlabo garast\u0101vokli, lieliski att\u012bra un pie\u0161\u0137ir j\u016bsu ikdienas rut\u012bnai ener\u0123ijas l\u0101di\u0146u. Unik\u0101lais patent\u0113tais doTERRA \u0113terisko e\u013c\u013cu mais\u012bjums Citrus Bliss harmoniski rada pacil\u0101jo\u0161u arom\u0101tu.<\/p>\n<ul>\n<li>Savva\u013cas apels\u012bnu, citronu, greipfr\u016btu, mandar\u012bna, bergamotes, sarkan\u0101 mandar\u012bna un klement\u012bnu \u0113terisk\u0101s e\u013c\u013cas citrusaug\u013cu sv\u0113tlaim\u0113 pal\u012bdz\u0113s jums atp\u016bsties un atdz\u012bvin\u0101t garast\u0101vokli<\/li>\n<li>Saulespu\u0137u vaska granulu un apels\u012bna mizas pulvera p\u012blinga efekts pie\u0161\u0137ir \u0101dai maigumu, gludumu un stimul\u0113 \u0101das atjauno\u0161anos<\/li>\n<li>Glicer\u012bns, kas ieg\u016bts no d\u0101rze\u0146iem, mitrina \u0101du un pal\u012bdz saglab\u0101t t\u0101s mitrumu, vienlaikus nodro\u0161inot vieglu produkta lieto\u0161anu un maigu puto\u0161anu<\/li>\n<\/ul>\n","protected":false},"excerpt":{"rendered":"<ul>\n<li>Savva\u013cas apels\u012bnu, citronu, greipfr\u016btu, mandar\u012bna, bergamotes, sarkan\u0101 mandar\u012bna un klement\u012bnu \u0113terisk\u0101s e\u013c\u013cas citrusaug\u013cu sv\u0113tlaim\u0113 pal\u012bdz\u0113s jums atp\u016bsties un atdz\u012bvin\u0101t garast\u0101vokli<\/li>\n<li>Saulespu\u0137u vaska granulu un apels\u012bna mizas pulvera p\u012blinga efekts pie\u0161\u0137ir \u0101dai maigumu, gludumu un stimul\u0113 \u0101das atjauno\u0161anos<\/li>\n<li>Glicer\u012bns, kas ieg\u016bts no d\u0101rze\u0146iem, mitrina \u0101du un pal\u012bdz saglab\u0101t t\u0101s mitrumu, vienlaikus nodro\u0161inot vieglu produkta lieto\u0161anu un maigu puto\u0161anu<\/li>\n<\/ul>\n","protected":false},"featured_media":11475,"template":"","meta":{"site-sidebar-layout":"default","site-content-layout":"default","ast-site-content-layout":"default","site-content-style":"default","site-sidebar-style":"default","ast-global-header-display":"","ast-banner-title-visibility":"","ast-main-header-display":"","ast-hfb-above-header-display":"","ast-hfb-below-header-display":"","ast-hfb-mobile-header-display":"","site-post-title":"","ast-breadcrumbs-content":"","ast-featured-img":"","footer-sml-layout":"","ast-disable-related-posts":"","theme-transparent-header-meta":"default","adv-header-id-meta":"","stick-header-meta":"","header-above-stick-meta":"","header-main-stick-meta":"","header-below-stick-meta":"","astra-migrate-meta-layouts":"default","ast-page-background-enabled":"default","ast-page-background-meta":{"desktop":{"background-color":"","background-image":"","background-repeat":"repeat","background-position":"center center","background-size":"auto","background-attachment":"scroll","background-type":"","background-media":"","overlay-type":"","overlay-color":"","overlay-opacity":"","overlay-gradient":""},"tablet":{"background-color":"","background-image":"","background-repeat":"repeat","background-position":"center center","background-size":"auto","background-attachment":"scroll","background-type":"","background-media":"","overlay-type":"","overlay-color":"","overlay-opacity":"","overlay-gradient":""},"mobile":{"background-color":"","background-image":"","background-repeat":"repeat","background-position":"center center","background-size":"auto","background-attachment":"scroll","background-type":"","background-media":"","overlay-type":"","overlay-color":"","overlay-opacity":"","overlay-gradient":""}},"ast-content-background-meta":{"desktop":{"background-color":"var(--ast-global-color-5)","background-image":"","background-repeat":"repeat","background-position":"center center","background-size":"auto","background-attachment":"scroll","background-type":"","background-media":"","overlay-type":"","overlay-color":"","overlay-opacity":"","overlay-gradient":""},"tablet":{"background-color":"var(--ast-global-color-5)","background-image":"","background-repeat":"repeat","background-position":"center center","background-size":"auto","background-attachment":"scroll","background-type":"","background-media":"","overlay-type":"","overlay-color":"","overlay-opacity":"","overlay-gradient":""},"mobile":{"background-color":"var(--ast-global-color-5)","background-image":"","background-repeat":"repeat","background-position":"center center","background-size":"auto","background-attachment":"scroll","background-type":"","background-media":"","overlay-type":"","overlay-color":"","overlay-opacity":"","overlay-gradient":""}}},"product_brand":[],"product_cat":[609,604],"product_tag":[787,1217,639],"class_list":{"0":"post-16156","1":"product","2":"type-product","3":"status-publish","4":"has-post-thumbnail","6":"product_cat-doterra-spa-lv","7":"product_cat-higiena-un-adas-kopsana","8":"product_tag-113g-lv","9":"product_tag-doterra-spa-lv","10":"product_tag-ziepes","11":"desktop-align-left","12":"tablet-align-left","13":"mobile-align-left","15":"first","16":"instock","17":"sale","18":"taxable","19":"shipping-taxable","20":"purchasable","21":"product-type-simple"},"_links":{"self":[{"href":"https:\/\/mamaterra.lt\/lv\/wp-json\/wp\/v2\/product\/16156","targetHints":{"allow":["GET"]}}],"collection":[{"href":"https:\/\/mamaterra.lt\/lv\/wp-json\/wp\/v2\/product"}],"about":[{"href":"https:\/\/mamaterra.lt\/lv\/wp-json\/wp\/v2\/types\/product"}],"wp:featuredmedia":[{"embeddable":true,"href":"https:\/\/mamaterra.lt\/lv\/wp-json\/wp\/v2\/media\/11475"}],"wp:attachment":[{"href":"https:\/\/mamaterra.lt\/lv\/wp-json\/wp\/v2\/media?parent=16156"}],"wp:term":[{"taxonomy":"product_brand","embeddable":true,"href":"https:\/\/mamaterra.lt\/lv\/wp-json\/wp\/v2\/product_brand?post=16156"},{"taxonomy":"product_cat","embeddable":true,"href":"https:\/\/mamaterra.lt\/lv\/wp-json\/wp\/v2\/product_cat?post=16156"},{"taxonomy":"product_tag","embeddable":true,"href":"https:\/\/mamaterra.lt\/lv\/wp-json\/wp\/v2\/product_tag?post=16156"}],"curies":[{"name":"wp","href":"https:\/\/api.w.org\/{rel}","templated":true}]}}