{"id":16152,"date":"2021-04-19T09:57:26","date_gmt":"2021-04-19T08:57:26","guid":{"rendered":"https:\/\/mamaterra.lt\/parduotuve\/uncategorized\/doterra-spa-barojoss-kermena-sviests-198g\/"},"modified":"2021-04-19T09:57:26","modified_gmt":"2021-04-19T08:57:26","slug":"doterra-spa-barojoss-kermenis-sviests-198g","status":"publish","type":"product","link":"https:\/\/mamaterra.lt\/lv\/parduotuve\/higiena-un-adas-kopsana\/doterra-spa-lv\/doterra-spa-barojoss-kermenis-sviests-198g\/","title":{"rendered":"doTERRA SPA barojo\u0161s \u0137erme\u0146a sviests 198g"},"content":{"rendered":"<p><strong>doTERRA SPA barojo\u0161s \u0137erme\u0146a sviests<\/strong><\/p>\n<p>198 g<\/p>\n<p>&nbsp;<\/p>\n<p><strong>doTERRA SPA barojo\u0161s \u0137erme\u0146a sviests Apraksts:<\/strong><\/p>\n<p>Palutiniet \u0101du ar greznu barojo\u0161a \u0137erme\u0146a sviesta doTERRA SPA mitrin\u0101\u0161anu. \u0160\u012b dabisk\u0101 mais\u012bjuma pamat\u0101 ir sviesti no taukain\u0101m un kakao s\u0113kl\u0101m, kas ir labi paz\u012bstami ar dzi\u013cu mitrin\u0101\u0161anu un elast\u012bbu, kas pie\u0161\u0137irta \u0101dai.<\/p>\n<p><strong>doTERRA Spa barojo\u0161a \u0137erme\u0146a sviesta \u012bpa\u0161\u012bbas:<\/strong><\/p>\n<ul>\n<li>Savva\u013cas apels\u012bnu \u0113teriskajai e\u013c\u013cai piem\u012bt stimul\u0113jo\u0161as un att\u012bro\u0161as \u012bpa\u0161\u012bbas<\/li>\n<li>\u0112terisk\u0101 e\u013c\u013ca lieliem triepieniem att\u012bra \u0101du un tai piem\u012bt garast\u0101vok\u013ca cel\u0161anas \u012bpa\u0161\u012bbas<\/li>\n<li>Boswellia \u0113terisk\u0101 e\u013c\u013ca atjauno \u0101du un pal\u012bdz uztur\u0113t emocion\u0101lo l\u012bdzsvaru<\/li>\n<\/ul>\n<p>&nbsp;<\/p>\n<p>Vair\u0101k par \u0161o \u012bpa\u0161o doterra spa \u0137erme\u0146a sviestu.<\/p>\n<p><iframe title=\"Grezns doTERRA\u00ae SPA papildino\u0161ais \u0137erme\u0146a sviests\" src=\"https:\/\/www.youtube.com\/embed\/rgLPUlRm7J8\" width=\"946\" height=\"532\" frameborder=\"0\" allowfullscreen=\"allowfullscreen\"><\/iframe><\/p>\n","protected":false},"excerpt":{"rendered":"<ul>\n<li>Savva\u013cas apels\u012bnu \u0113teriskajai e\u013c\u013cai piem\u012bt stimul\u0113jo\u0161as un att\u012bro\u0161as \u012bpa\u0161\u012bbas<\/li>\n<li>\u0112terisk\u0101 e\u013c\u013ca lieliem triepieniem att\u012bra \u0101du un tai piem\u012bt garast\u0101vok\u013ca cel\u0161anas \u012bpa\u0161\u012bbas<\/li>\n<li>Boswellia \u0113terisk\u0101 e\u013c\u013ca atjauno \u0101du un pal\u012bdz uztur\u0113t emocion\u0101lo l\u012bdzsvaru<\/li>\n<\/ul>\n","protected":false},"featured_media":11429,"template":"","meta":{"site-sidebar-layout":"default","site-content-layout":"default","ast-site-content-layout":"default","site-content-style":"default","site-sidebar-style":"default","ast-global-header-display":"","ast-banner-title-visibility":"","ast-main-header-display":"","ast-hfb-above-header-display":"","ast-hfb-below-header-display":"","ast-hfb-mobile-header-display":"","site-post-title":"","ast-breadcrumbs-content":"","ast-featured-img":"","footer-sml-layout":"","ast-disable-related-posts":"","theme-transparent-header-meta":"default","adv-header-id-meta":"","stick-header-meta":"","header-above-stick-meta":"","header-main-stick-meta":"","header-below-stick-meta":"","astra-migrate-meta-layouts":"default","ast-page-background-enabled":"default","ast-page-background-meta":{"desktop":{"background-color":"","background-image":"","background-repeat":"repeat","background-position":"center center","background-size":"auto","background-attachment":"scroll","background-type":"","background-media":"","overlay-type":"","overlay-color":"","overlay-opacity":"","overlay-gradient":""},"tablet":{"background-color":"","background-image":"","background-repeat":"repeat","background-position":"center center","background-size":"auto","background-attachment":"scroll","background-type":"","background-media":"","overlay-type":"","overlay-color":"","overlay-opacity":"","overlay-gradient":""},"mobile":{"background-color":"","background-image":"","background-repeat":"repeat","background-position":"center center","background-size":"auto","background-attachment":"scroll","background-type":"","background-media":"","overlay-type":"","overlay-color":"","overlay-opacity":"","overlay-gradient":""}},"ast-content-background-meta":{"desktop":{"background-color":"var(--ast-global-color-5)","background-image":"","background-repeat":"repeat","background-position":"center center","background-size":"auto","background-attachment":"scroll","background-type":"","background-media":"","overlay-type":"","overlay-color":"","overlay-opacity":"","overlay-gradient":""},"tablet":{"background-color":"var(--ast-global-color-5)","background-image":"","background-repeat":"repeat","background-position":"center center","background-size":"auto","background-attachment":"scroll","background-type":"","background-media":"","overlay-type":"","overlay-color":"","overlay-opacity":"","overlay-gradient":""},"mobile":{"background-color":"var(--ast-global-color-5)","background-image":"","background-repeat":"repeat","background-position":"center center","background-size":"auto","background-attachment":"scroll","background-type":"","background-media":"","overlay-type":"","overlay-color":"","overlay-opacity":"","overlay-gradient":""}}},"product_brand":[],"product_cat":[609,604],"product_tag":[816,1217,1669],"class_list":{"0":"post-16152","1":"product","2":"type-product","3":"status-publish","4":"has-post-thumbnail","6":"product_cat-doterra-spa-lv","7":"product_cat-higiena-un-adas-kopsana","8":"product_tag-198g-lv","9":"product_tag-doterra-spa-lv","10":"product_tag-sviests","11":"desktop-align-left","12":"tablet-align-left","13":"mobile-align-left","15":"first","16":"instock","17":"taxable","18":"shipping-taxable","19":"purchasable","20":"product-type-simple"},"_links":{"self":[{"href":"https:\/\/mamaterra.lt\/lv\/wp-json\/wp\/v2\/product\/16152","targetHints":{"allow":["GET"]}}],"collection":[{"href":"https:\/\/mamaterra.lt\/lv\/wp-json\/wp\/v2\/product"}],"about":[{"href":"https:\/\/mamaterra.lt\/lv\/wp-json\/wp\/v2\/types\/product"}],"wp:featuredmedia":[{"embeddable":true,"href":"https:\/\/mamaterra.lt\/lv\/wp-json\/wp\/v2\/media\/11429"}],"wp:attachment":[{"href":"https:\/\/mamaterra.lt\/lv\/wp-json\/wp\/v2\/media?parent=16152"}],"wp:term":[{"taxonomy":"product_brand","embeddable":true,"href":"https:\/\/mamaterra.lt\/lv\/wp-json\/wp\/v2\/product_brand?post=16152"},{"taxonomy":"product_cat","embeddable":true,"href":"https:\/\/mamaterra.lt\/lv\/wp-json\/wp\/v2\/product_cat?post=16152"},{"taxonomy":"product_tag","embeddable":true,"href":"https:\/\/mamaterra.lt\/lv\/wp-json\/wp\/v2\/product_tag?post=16152"}],"curies":[{"name":"wp","href":"https:\/\/api.w.org\/{rel}","templated":true}]}}