{"id":16150,"date":"2021-04-19T09:46:18","date_gmt":"2021-04-19T08:46:18","guid":{"rendered":"https:\/\/mamaterra.lt\/parduotuve\/uncategorized\/doterra-spa-detoksikacijas-dunu-maska-113g\/"},"modified":"2021-04-19T09:46:18","modified_gmt":"2021-04-19T08:46:18","slug":"doterra-spa-detoksikacija-dublu-maska-113g","status":"publish","type":"product","link":"https:\/\/mamaterra.lt\/lv\/parduotuve\/higiena-un-adas-kopsana\/doterra-spa-lv\/doterra-spa-detoksikacija-dublu-maska-113g\/","title":{"rendered":"doTERRA SPA Detoksik\u0101cijas d\u016b\u0146u maska 113g"},"content":{"rendered":"<p><strong>doTERRA SPA Detoksik\u0101cijas d\u016b\u0146u maska<\/strong><\/p>\n<p>113,4 g<\/p>\n<p>&nbsp;<\/p>\n<p><strong>doTERRA SPA Detoksik\u0101cijas d\u016b\u0146u maskas Visp\u0101r\u012bg\u0101s \u012bpa\u0161\u012bbas:<\/strong><\/p>\n<p>Palutiniet savu \u0101du ar v\u0113rt\u012bg\u0101m Zemes d\u0101van\u0101m \u2013 CPTG \u0113teriskaj\u0101m e\u013c\u013c\u0101m, dab\u012bgajiem m\u0101liem, att\u012bro\u0161ajiem miner\u0101liem un barojo\u0161iem augiem. Doterra spa detoksik\u0101cijas dub\u013cu maska ir m\u0101la maska, kas samazina t\u0101s nel\u012bdzenumu, att\u012brot un detoksic\u0113jot \u0101du.<\/p>\n<ul>\n<li>Bag\u0101tin\u0101ts ar mirres, kadi\u0137ogu un greipfr\u016btu \u0113teriskaj\u0101m e\u013c\u013c\u0101m, kas pie\u0161\u0137ir \u0101dai vesel\u012bgu izskatu un gludumu<\/li>\n<li>Sviests no taukaudu mitrina un uztur \u0101das l\u012bdzsvaru<\/li>\n<\/ul>\n<p>&nbsp;<\/p>\n<p>Vair\u0101k par <strong>doterra spa detoksik\u0101cijas dub\u013cu masku.<\/strong><\/p>\n<p><iframe title=\"Att\u012bro\u0161u, detoksik\u0101cijas priek\u0161roc\u012bbas- d\u014dTERRA\u00ae SPA Detoksik\u0101cijas d\u016b\u0146u maska\" src=\"https:\/\/www.youtube.com\/embed\/o2SzpopQZrU\" width=\"946\" height=\"532\" frameborder=\"0\" allowfullscreen=\"allowfullscreen\"><\/iframe><\/p>\n","protected":false},"excerpt":{"rendered":"<ul>\n<li>Bag\u0101tin\u0101ts ar mirres, kadi\u0137ogu un greipfr\u016btu \u0113teriskaj\u0101m e\u013c\u013c\u0101m, kas pie\u0161\u0137ir \u0101dai vesel\u012bgu izskatu un gludumu<\/li>\n<li>Sviests no taukaudu mitrina un uztur \u0101das l\u012bdzsvaru<\/li>\n<\/ul>\n","protected":false},"featured_media":11603,"template":"","meta":{"site-sidebar-layout":"default","site-content-layout":"default","ast-site-content-layout":"default","site-content-style":"default","site-sidebar-style":"default","ast-global-header-display":"","ast-banner-title-visibility":"","ast-main-header-display":"","ast-hfb-above-header-display":"","ast-hfb-below-header-display":"","ast-hfb-mobile-header-display":"","site-post-title":"","ast-breadcrumbs-content":"","ast-featured-img":"","footer-sml-layout":"","ast-disable-related-posts":"","theme-transparent-header-meta":"default","adv-header-id-meta":"","stick-header-meta":"","header-above-stick-meta":"","header-main-stick-meta":"","header-below-stick-meta":"","astra-migrate-meta-layouts":"default","ast-page-background-enabled":"default","ast-page-background-meta":{"desktop":{"background-color":"","background-image":"","background-repeat":"repeat","background-position":"center center","background-size":"auto","background-attachment":"scroll","background-type":"","background-media":"","overlay-type":"","overlay-color":"","overlay-opacity":"","overlay-gradient":""},"tablet":{"background-color":"","background-image":"","background-repeat":"repeat","background-position":"center center","background-size":"auto","background-attachment":"scroll","background-type":"","background-media":"","overlay-type":"","overlay-color":"","overlay-opacity":"","overlay-gradient":""},"mobile":{"background-color":"","background-image":"","background-repeat":"repeat","background-position":"center center","background-size":"auto","background-attachment":"scroll","background-type":"","background-media":"","overlay-type":"","overlay-color":"","overlay-opacity":"","overlay-gradient":""}},"ast-content-background-meta":{"desktop":{"background-color":"var(--ast-global-color-5)","background-image":"","background-repeat":"repeat","background-position":"center center","background-size":"auto","background-attachment":"scroll","background-type":"","background-media":"","overlay-type":"","overlay-color":"","overlay-opacity":"","overlay-gradient":""},"tablet":{"background-color":"var(--ast-global-color-5)","background-image":"","background-repeat":"repeat","background-position":"center center","background-size":"auto","background-attachment":"scroll","background-type":"","background-media":"","overlay-type":"","overlay-color":"","overlay-opacity":"","overlay-gradient":""},"mobile":{"background-color":"var(--ast-global-color-5)","background-image":"","background-repeat":"repeat","background-position":"center center","background-size":"auto","background-attachment":"scroll","background-type":"","background-media":"","overlay-type":"","overlay-color":"","overlay-opacity":"","overlay-gradient":""}}},"product_brand":[],"product_cat":[609,604],"product_tag":[787,641,1217,645,624],"class_list":{"0":"post-16150","1":"product","2":"type-product","3":"status-publish","4":"has-post-thumbnail","6":"product_cat-doterra-spa-lv","7":"product_cat-higiena-un-adas-kopsana","8":"product_tag-113g-lv","9":"product_tag-adas-aprupe","10":"product_tag-doterra-spa-lv","11":"product_tag-dunu-maska","12":"product_tag-personiga-higiena","13":"desktop-align-left","14":"tablet-align-left","15":"mobile-align-left","17":"first","18":"outofstock","19":"taxable","20":"shipping-taxable","21":"purchasable","22":"product-type-simple"},"_links":{"self":[{"href":"https:\/\/mamaterra.lt\/lv\/wp-json\/wp\/v2\/product\/16150","targetHints":{"allow":["GET"]}}],"collection":[{"href":"https:\/\/mamaterra.lt\/lv\/wp-json\/wp\/v2\/product"}],"about":[{"href":"https:\/\/mamaterra.lt\/lv\/wp-json\/wp\/v2\/types\/product"}],"wp:featuredmedia":[{"embeddable":true,"href":"https:\/\/mamaterra.lt\/lv\/wp-json\/wp\/v2\/media\/11603"}],"wp:attachment":[{"href":"https:\/\/mamaterra.lt\/lv\/wp-json\/wp\/v2\/media?parent=16150"}],"wp:term":[{"taxonomy":"product_brand","embeddable":true,"href":"https:\/\/mamaterra.lt\/lv\/wp-json\/wp\/v2\/product_brand?post=16150"},{"taxonomy":"product_cat","embeddable":true,"href":"https:\/\/mamaterra.lt\/lv\/wp-json\/wp\/v2\/product_cat?post=16150"},{"taxonomy":"product_tag","embeddable":true,"href":"https:\/\/mamaterra.lt\/lv\/wp-json\/wp\/v2\/product_tag?post=16150"}],"curies":[{"name":"wp","href":"https:\/\/api.w.org\/{rel}","templated":true}]}}