{"id":16144,"date":"2021-09-08T09:50:33","date_gmt":"2021-09-08T08:50:33","guid":{"rendered":"https:\/\/mamaterra.lt\/parduotuve\/uncategorized\/doterra-on-guard-dzirkstosa-roku-mazgasana-2-iepakojumi-pa-473ml-katra\/"},"modified":"2021-09-08T09:50:33","modified_gmt":"2021-09-08T08:50:33","slug":"doterra-on-guard-foaming-hand-washer-2-packs-x-473ml","status":"publish","type":"product","link":"https:\/\/mamaterra.lt\/lv\/parduotuve\/eteriskas-ellas\/eterisko-ellu-maisijumi\/doterra-on-guard-foaming-hand-washer-2-packs-x-473ml\/","title":{"rendered":"doTERRA On Guard\u00ae dzirksto\u0161\u0101 roku mazg\u0101\u0161ana (2 iepakojumi pa 473ml katr\u0101)"},"content":{"rendered":"<p><strong>doTERRA uz apsardzes\u00ae dzirksto\u0161\u0101 roku mazg\u0101\u0161ana<\/strong><\/p>\n<p>2 gab. p\u0113c 473 ml<\/p>\n<p>&nbsp;<\/p>\n<p>doTERRA On Guard putojo\u0161\u0101 roku mazg\u0101\u0161ana ir maiga, vesel\u012bga alternat\u012bva skarbaj\u0101m ziep\u0113m, kas var no\u017e\u016bt un kairin\u0101t jut\u012bgu \u0101du. Reizinot ar dabiski dro\u0161u doTERRA CPTG\u00ae \u0113terisko e\u013c\u013cu jaudu, doTERRA On Guard putu mazg\u0101t\u0101js nodro\u0161ina aizsarg\u0101jo\u0161as priek\u0161roc\u012bbas, ko sniedz viens no popul\u0101r\u0101kajiem patent\u0113tajiem \u0113terisko e\u013c\u013cu mais\u012bjumiem doTERRA.<\/p>\n<p>doTERRA On Guard dzirksto\u0161\u0101 roku mazg\u0101\u0161ana att\u012bra un m\u012bkstina rokas, pie\u0161\u0137irot atsvaidzino\u0161u \u0113terisko e\u013c\u013cu arom\u0101tu, kas atst\u0101j j\u016bsu rokas svaigi smar\u017eojo\u0161as un t\u012bras.<\/p>\n<div id=\"gtx-trans\" style=\"position: absolute; left: 31px; top: 136px;\">\n<div class=\"gtx-trans-icon\"><\/div>\n<\/div>\n","protected":false},"excerpt":{"rendered":"<ul>\n<li>2 gab. x437ml<\/li>\n<li>doTERRA On Guard dzirksto\u0161\u0101 roku mazg\u0101\u0161ana ir maiga, vesel\u012bga alternat\u012bva skarbaj\u0101m ziep\u0113m, kas var no\u017e\u016bt un kairin\u0101t jut\u012bgu \u0101du<\/li>\n<\/ul>\n","protected":false},"featured_media":11589,"template":"","meta":{"site-sidebar-layout":"default","site-content-layout":"default","ast-site-content-layout":"default","site-content-style":"default","site-sidebar-style":"default","ast-global-header-display":"","ast-banner-title-visibility":"","ast-main-header-display":"","ast-hfb-above-header-display":"","ast-hfb-below-header-display":"","ast-hfb-mobile-header-display":"","site-post-title":"","ast-breadcrumbs-content":"","ast-featured-img":"","footer-sml-layout":"","ast-disable-related-posts":"","theme-transparent-header-meta":"default","adv-header-id-meta":"","stick-header-meta":"","header-above-stick-meta":"","header-main-stick-meta":"","header-below-stick-meta":"","astra-migrate-meta-layouts":"default","ast-page-background-enabled":"default","ast-page-background-meta":{"desktop":{"background-color":"","background-image":"","background-repeat":"repeat","background-position":"center center","background-size":"auto","background-attachment":"scroll","background-type":"","background-media":"","overlay-type":"","overlay-color":"","overlay-opacity":"","overlay-gradient":""},"tablet":{"background-color":"","background-image":"","background-repeat":"repeat","background-position":"center center","background-size":"auto","background-attachment":"scroll","background-type":"","background-media":"","overlay-type":"","overlay-color":"","overlay-opacity":"","overlay-gradient":""},"mobile":{"background-color":"","background-image":"","background-repeat":"repeat","background-position":"center center","background-size":"auto","background-attachment":"scroll","background-type":"","background-media":"","overlay-type":"","overlay-color":"","overlay-opacity":"","overlay-gradient":""}},"ast-content-background-meta":{"desktop":{"background-color":"var(--ast-global-color-5)","background-image":"","background-repeat":"repeat","background-position":"center center","background-size":"auto","background-attachment":"scroll","background-type":"","background-media":"","overlay-type":"","overlay-color":"","overlay-opacity":"","overlay-gradient":""},"tablet":{"background-color":"var(--ast-global-color-5)","background-image":"","background-repeat":"repeat","background-position":"center center","background-size":"auto","background-attachment":"scroll","background-type":"","background-media":"","overlay-type":"","overlay-color":"","overlay-opacity":"","overlay-gradient":""},"mobile":{"background-color":"var(--ast-global-color-5)","background-image":"","background-repeat":"repeat","background-position":"center center","background-size":"auto","background-attachment":"scroll","background-type":"","background-media":"","overlay-type":"","overlay-color":"","overlay-opacity":"","overlay-gradient":""}}},"product_brand":[],"product_cat":[601,604,616],"product_tag":[852,1440,647],"class_list":{"0":"post-16144","1":"product","2":"type-product","3":"status-publish","4":"has-post-thumbnail","6":"product_cat-eterisko-ellu-maisijumi","7":"product_cat-higiena-un-adas-kopsana","8":"product_cat-on-guard-produktiem","9":"product_tag-473ml-lv","10":"product_tag-on-guard-lv","11":"product_tag-putojosa-roku-mazgasana","12":"desktop-align-left","13":"tablet-align-left","14":"mobile-align-left","16":"first","17":"outofstock","18":"sale","19":"taxable","20":"shipping-taxable","21":"purchasable","22":"product-type-simple"},"_links":{"self":[{"href":"https:\/\/mamaterra.lt\/lv\/wp-json\/wp\/v2\/product\/16144","targetHints":{"allow":["GET"]}}],"collection":[{"href":"https:\/\/mamaterra.lt\/lv\/wp-json\/wp\/v2\/product"}],"about":[{"href":"https:\/\/mamaterra.lt\/lv\/wp-json\/wp\/v2\/types\/product"}],"wp:featuredmedia":[{"embeddable":true,"href":"https:\/\/mamaterra.lt\/lv\/wp-json\/wp\/v2\/media\/11589"}],"wp:attachment":[{"href":"https:\/\/mamaterra.lt\/lv\/wp-json\/wp\/v2\/media?parent=16144"}],"wp:term":[{"taxonomy":"product_brand","embeddable":true,"href":"https:\/\/mamaterra.lt\/lv\/wp-json\/wp\/v2\/product_brand?post=16144"},{"taxonomy":"product_cat","embeddable":true,"href":"https:\/\/mamaterra.lt\/lv\/wp-json\/wp\/v2\/product_cat?post=16144"},{"taxonomy":"product_tag","embeddable":true,"href":"https:\/\/mamaterra.lt\/lv\/wp-json\/wp\/v2\/product_tag?post=16144"}],"curies":[{"name":"wp","href":"https:\/\/api.w.org\/{rel}","templated":true}]}}