{"id":16138,"date":"2021-04-19T09:52:36","date_gmt":"2021-04-19T08:52:36","guid":{"rendered":"https:\/\/mamaterra.lt\/parduotuve\/uncategorized\/doterra-spa-rokas-losjons-ar-citrus-bliss-75ml\/"},"modified":"2021-04-19T09:52:36","modified_gmt":"2021-04-19T08:52:36","slug":"doterra-spa-roku-losjons-ar-citrusaugliem-svetlaimi-doterra-ellas-maisijums-75ml","status":"publish","type":"product","link":"https:\/\/mamaterra.lt\/lv\/parduotuve\/higiena-un-adas-kopsana\/doterra-spa-lv\/doterra-spa-roku-losjons-ar-citrusaugliem-svetlaimi-doterra-ellas-maisijums-75ml\/","title":{"rendered":"doTERRA SPA rokas losjons ar CITRUS BLISS\u2122 75ml"},"content":{"rendered":"<p><strong>doTERRA SPA rokas losjons ar CITRUS BLISS\u2122<\/strong><\/p>\n<p>75 ml<\/p>\n<p>&nbsp;<\/p>\n<p><strong>doTERRA SPA rokas losjons ar CITRUS BLISS\u2122 galvenaj\u0101m iez\u012bm\u0113m:<\/strong><\/p>\n<p>Roku losjons doterra spa Citrus Bliss ir viegls losjons ar z\u012bdainu tekst\u016bru, bag\u0101tin\u0101ts ar mitrino\u0161\u0101m s\u0113klu e\u013c\u013c\u0101m un barojo\u0161\u0101m augu izcelsmes sast\u0101vda\u013c\u0101m. Zema tauku satura formula \u0101tri uzs\u016bcas \u0101d\u0101 un optim\u0101li mitrina, pie\u0161\u0137irot rok\u0101m vesel\u012bgu izskatu.<\/p>\n<ul>\n<li>Citrus Bliss \u0113terisko e\u013c\u013cu mais\u012bjuma atsvaidzino\u0161ais arom\u0101ts uzlabo garast\u0101vokli<\/li>\n<li>Saulespu\u0137u s\u0113klu un makad\u0101mijas riekstu e\u013c\u013c\u0101m piem\u012bt izcilas mitrino\u0161as \u012bpa\u0161\u012bbas un sp\u0113ja saglab\u0101t \u0101das mitrumu<\/li>\n<li>\u0112rts izm\u0113rs, ide\u0101li piem\u0113rots lieto\u0161anai ce\u013cojumos, m\u0101j\u0101s vai darb\u0101<\/li>\n<\/ul>\n<p>&nbsp;<\/p>\n<p>Vair\u0101k par <strong>doterra spa rokas losjonu ar CITRUS BLISS.\u2122<\/strong><\/p>\n<p><iframe title=\"Mitrino\u0161s un uzmundrino\u0161s- doTERRA\u00ae Citrus Bliss roku losjons\" src=\"https:\/\/www.youtube.com\/embed\/ifrMEG-yBZ0\" width=\"946\" height=\"532\" frameborder=\"0\" allowfullscreen=\"allowfullscreen\"><\/iframe><\/p>\n","protected":false},"excerpt":{"rendered":"<ul>\n<li>Citrus Bliss \u0113terisko e\u013c\u013cu mais\u012bjuma atsvaidzino\u0161ais arom\u0101ts uzlabo garast\u0101vokli<\/li>\n<li>Saulespu\u0137u s\u0113klu un makad\u0101mijas riekstu e\u013c\u013c\u0101m piem\u012bt izcilas mitrino\u0161as \u012bpa\u0161\u012bbas un sp\u0113ja saglab\u0101t \u0101das mitrumu<\/li>\n<li>\u0112rts izm\u0113rs, ide\u0101li piem\u0113rots lieto\u0161anai ce\u013cojumos, m\u0101j\u0101s vai darb\u0101<\/li>\n<\/ul>\n","protected":false},"featured_media":11455,"template":"","meta":{"site-sidebar-layout":"default","site-content-layout":"default","ast-site-content-layout":"default","site-content-style":"default","site-sidebar-style":"default","ast-global-header-display":"","ast-banner-title-visibility":"","ast-main-header-display":"","ast-hfb-above-header-display":"","ast-hfb-below-header-display":"","ast-hfb-mobile-header-display":"","site-post-title":"","ast-breadcrumbs-content":"","ast-featured-img":"","footer-sml-layout":"","ast-disable-related-posts":"","theme-transparent-header-meta":"default","adv-header-id-meta":"","stick-header-meta":"","header-above-stick-meta":"","header-main-stick-meta":"","header-below-stick-meta":"","astra-migrate-meta-layouts":"default","ast-page-background-enabled":"default","ast-page-background-meta":{"desktop":{"background-color":"","background-image":"","background-repeat":"repeat","background-position":"center center","background-size":"auto","background-attachment":"scroll","background-type":"","background-media":"","overlay-type":"","overlay-color":"","overlay-opacity":"","overlay-gradient":""},"tablet":{"background-color":"","background-image":"","background-repeat":"repeat","background-position":"center center","background-size":"auto","background-attachment":"scroll","background-type":"","background-media":"","overlay-type":"","overlay-color":"","overlay-opacity":"","overlay-gradient":""},"mobile":{"background-color":"","background-image":"","background-repeat":"repeat","background-position":"center center","background-size":"auto","background-attachment":"scroll","background-type":"","background-media":"","overlay-type":"","overlay-color":"","overlay-opacity":"","overlay-gradient":""}},"ast-content-background-meta":{"desktop":{"background-color":"var(--ast-global-color-5)","background-image":"","background-repeat":"repeat","background-position":"center center","background-size":"auto","background-attachment":"scroll","background-type":"","background-media":"","overlay-type":"","overlay-color":"","overlay-opacity":"","overlay-gradient":""},"tablet":{"background-color":"var(--ast-global-color-5)","background-image":"","background-repeat":"repeat","background-position":"center center","background-size":"auto","background-attachment":"scroll","background-type":"","background-media":"","overlay-type":"","overlay-color":"","overlay-opacity":"","overlay-gradient":""},"mobile":{"background-color":"var(--ast-global-color-5)","background-image":"","background-repeat":"repeat","background-position":"center center","background-size":"auto","background-attachment":"scroll","background-type":"","background-media":"","overlay-type":"","overlay-color":"","overlay-opacity":"","overlay-gradient":""}}},"product_brand":[],"product_cat":[609,604],"product_tag":[803,1293,1217,638],"class_list":{"0":"post-16138","1":"product","2":"type-product","3":"status-publish","4":"has-post-thumbnail","6":"product_cat-doterra-spa-lv","7":"product_cat-higiena-un-adas-kopsana","8":"product_tag-75-ml-lv","9":"product_tag-citrus-bliss-lv","10":"product_tag-doterra-spa-lv","11":"product_tag-losjons","12":"desktop-align-left","13":"tablet-align-left","14":"mobile-align-left","16":"first","17":"instock","18":"taxable","19":"shipping-taxable","20":"purchasable","21":"product-type-simple"},"_links":{"self":[{"href":"https:\/\/mamaterra.lt\/lv\/wp-json\/wp\/v2\/product\/16138","targetHints":{"allow":["GET"]}}],"collection":[{"href":"https:\/\/mamaterra.lt\/lv\/wp-json\/wp\/v2\/product"}],"about":[{"href":"https:\/\/mamaterra.lt\/lv\/wp-json\/wp\/v2\/types\/product"}],"wp:featuredmedia":[{"embeddable":true,"href":"https:\/\/mamaterra.lt\/lv\/wp-json\/wp\/v2\/media\/11455"}],"wp:attachment":[{"href":"https:\/\/mamaterra.lt\/lv\/wp-json\/wp\/v2\/media?parent=16138"}],"wp:term":[{"taxonomy":"product_brand","embeddable":true,"href":"https:\/\/mamaterra.lt\/lv\/wp-json\/wp\/v2\/product_brand?post=16138"},{"taxonomy":"product_cat","embeddable":true,"href":"https:\/\/mamaterra.lt\/lv\/wp-json\/wp\/v2\/product_cat?post=16138"},{"taxonomy":"product_tag","embeddable":true,"href":"https:\/\/mamaterra.lt\/lv\/wp-json\/wp\/v2\/product_tag?post=16138"}],"curies":[{"name":"wp","href":"https:\/\/api.w.org\/{rel}","templated":true}]}}