{"id":16136,"date":"2021-04-19T09:48:55","date_gmt":"2021-04-19T08:48:55","guid":{"rendered":"https:\/\/mamaterra.lt\/parduotuve\/uncategorized\/tris-doterra-spa-lupu-balzami-originalie-tropu-augu-3-balzami-pa-45g-katra\/"},"modified":"2021-04-19T09:48:55","modified_gmt":"2021-04-19T08:48:55","slug":"tris-doterra-lupu-balzami-originali-tropi-augu-3-balzami-x-4g","status":"publish","type":"product","link":"https:\/\/mamaterra.lt\/lv\/parduotuve\/higiena-un-adas-kopsana\/doterra-spa-lv\/tris-doterra-lupu-balzami-originali-tropi-augu-3-balzami-x-4g\/","title":{"rendered":"Tr\u012bs doTERRA SPA l\u016bpu balzami (ori\u0123in\u0101lie, tropu, augu) &#8211; 3 balzami pa 4,5g katr\u0101"},"content":{"rendered":"<p><strong>Tr\u012bs doTERRA Spa l\u016bpu balzami (ori\u0123in\u0101li, tropu, augu)<\/strong><\/p>\n<p>3 gab. 4,5 g katrs<\/p>\n<p>&nbsp;<\/p>\n<p><strong>doTERRA SPA l\u016bpu balzami (ori\u0123in\u0101li, tropu, augu) Visp\u0101r\u012bg\u0101s \u012bpa\u0161\u012bbas:<\/strong><\/p>\n<p>L\u016bpu balzams doTERRA SPA sast\u0101v no dab\u012bg\u0101m viel\u0101m: augu e\u013c\u013c\u0101m, gar\u0161augiem un \u0113teriskaj\u0101m e\u013c\u013c\u0101m, kas mitrina un nomierina l\u016bpas un \u013cauj izbaud\u012bt \u0113terisko e\u013c\u013cu unik\u0101lo arom\u0101tu un gar\u0161u. P\u0113c kompoz\u012bcijas atjaunin\u0101\u0161anas m\u0113s papildin\u0101j\u0101m ori\u0123in\u0101lo mais\u012bjumu ar v\u0113l div\u0101m e\u013c\u013c\u0101m: savva\u013cas apels\u012bnu un piparm\u0113tru. Aizvediet j\u016bs uz parad\u012bzi ar tropu l\u016bpu balzamu, kas satur smar\u017e\u012bgu kanangu (Ylang Ylang), klement\u012bnu un laimu \u0113terisk\u0101s e\u013c\u013cas, vai uzlabojiet savas ma\u0146as ar augu l\u016bpu balzamu, kas satur citronu sakaus\u0113jumu, major\u0101na un \u0161\u0137\u0113pu \u0113terisk\u0101s e\u013c\u013cas.<\/p>\n<ul>\n<li>Katrs l\u016bpu balzams satur izv\u0113l\u0113tu \u0113terisko e\u013c\u013cu mais\u012bjumu, kas sniedz unik\u0101las saj\u016btas<\/li>\n<li>E\u013c\u013ca no e\u013c\u013cas moringa darbojas k\u0101 m\u012bkstino\u0161s l\u012bdzeklis, pal\u012bdzot uzlabot l\u016bpu izskatu un saj\u016btu<\/li>\n<li>Avokado e\u013c\u013ca, kas bag\u0101ta ar neaizvietojam\u0101m tauksk\u0101b\u0113m, mitrina un m\u012bkstina l\u016bpas, liekot t\u0101m izskat\u012bties vesel\u012bg\u0101m<\/li>\n<\/ul>\n","protected":false},"excerpt":{"rendered":"<ul>\n<li>Katrs l\u016bpu balzams satur izv\u0113l\u0113tu \u0113terisko e\u013c\u013cu mais\u012bjumu, kas sniedz unik\u0101las saj\u016btas<\/li>\n<li>E\u013c\u013ca no e\u013c\u013cas moringa darbojas k\u0101 m\u012bkstino\u0161s l\u012bdzeklis, pal\u012bdzot uzlabot l\u016bpu izskatu un saj\u016btu<\/li>\n<li>Avokado e\u013c\u013ca, kas bag\u0101ta ar neaizvietojam\u0101m tauksk\u0101b\u0113m, mitrina un m\u012bkstina l\u016bpas, liekot t\u0101m izskat\u012bties vesel\u012bg\u0101m<\/li>\n<\/ul>\n","protected":false},"featured_media":11583,"template":"","meta":{"site-sidebar-layout":"default","site-content-layout":"default","ast-site-content-layout":"default","site-content-style":"default","site-sidebar-style":"default","ast-global-header-display":"","ast-banner-title-visibility":"","ast-main-header-display":"","ast-hfb-above-header-display":"","ast-hfb-below-header-display":"","ast-hfb-mobile-header-display":"","site-post-title":"","ast-breadcrumbs-content":"","ast-featured-img":"","footer-sml-layout":"","ast-disable-related-posts":"","theme-transparent-header-meta":"default","adv-header-id-meta":"","stick-header-meta":"","header-above-stick-meta":"","header-main-stick-meta":"","header-below-stick-meta":"","astra-migrate-meta-layouts":"default","ast-page-background-enabled":"default","ast-page-background-meta":{"desktop":{"background-color":"","background-image":"","background-repeat":"repeat","background-position":"center center","background-size":"auto","background-attachment":"scroll","background-type":"","background-media":"","overlay-type":"","overlay-color":"","overlay-opacity":"","overlay-gradient":""},"tablet":{"background-color":"","background-image":"","background-repeat":"repeat","background-position":"center center","background-size":"auto","background-attachment":"scroll","background-type":"","background-media":"","overlay-type":"","overlay-color":"","overlay-opacity":"","overlay-gradient":""},"mobile":{"background-color":"","background-image":"","background-repeat":"repeat","background-position":"center center","background-size":"auto","background-attachment":"scroll","background-type":"","background-media":"","overlay-type":"","overlay-color":"","overlay-opacity":"","overlay-gradient":""}},"ast-content-background-meta":{"desktop":{"background-color":"var(--ast-global-color-5)","background-image":"","background-repeat":"repeat","background-position":"center center","background-size":"auto","background-attachment":"scroll","background-type":"","background-media":"","overlay-type":"","overlay-color":"","overlay-opacity":"","overlay-gradient":""},"tablet":{"background-color":"var(--ast-global-color-5)","background-image":"","background-repeat":"repeat","background-position":"center center","background-size":"auto","background-attachment":"scroll","background-type":"","background-media":"","overlay-type":"","overlay-color":"","overlay-opacity":"","overlay-gradient":""},"mobile":{"background-color":"var(--ast-global-color-5)","background-image":"","background-repeat":"repeat","background-position":"center center","background-size":"auto","background-attachment":"scroll","background-type":"","background-media":"","overlay-type":"","overlay-color":"","overlay-opacity":"","overlay-gradient":""}}},"product_brand":[],"product_cat":[609,604],"product_tag":[625,1217],"class_list":{"0":"post-16136","1":"product","2":"type-product","3":"status-publish","4":"has-post-thumbnail","6":"product_cat-doterra-spa-lv","7":"product_cat-higiena-un-adas-kopsana","8":"product_tag-balzami","9":"product_tag-doterra-spa-lv","10":"desktop-align-left","11":"tablet-align-left","12":"mobile-align-left","14":"first","15":"instock","16":"taxable","17":"shipping-taxable","18":"purchasable","19":"product-type-simple"},"_links":{"self":[{"href":"https:\/\/mamaterra.lt\/lv\/wp-json\/wp\/v2\/product\/16136","targetHints":{"allow":["GET"]}}],"collection":[{"href":"https:\/\/mamaterra.lt\/lv\/wp-json\/wp\/v2\/product"}],"about":[{"href":"https:\/\/mamaterra.lt\/lv\/wp-json\/wp\/v2\/types\/product"}],"wp:featuredmedia":[{"embeddable":true,"href":"https:\/\/mamaterra.lt\/lv\/wp-json\/wp\/v2\/media\/11583"}],"wp:attachment":[{"href":"https:\/\/mamaterra.lt\/lv\/wp-json\/wp\/v2\/media?parent=16136"}],"wp:term":[{"taxonomy":"product_brand","embeddable":true,"href":"https:\/\/mamaterra.lt\/lv\/wp-json\/wp\/v2\/product_brand?post=16136"},{"taxonomy":"product_cat","embeddable":true,"href":"https:\/\/mamaterra.lt\/lv\/wp-json\/wp\/v2\/product_cat?post=16136"},{"taxonomy":"product_tag","embeddable":true,"href":"https:\/\/mamaterra.lt\/lv\/wp-json\/wp\/v2\/product_tag?post=16136"}],"curies":[{"name":"wp","href":"https:\/\/api.w.org\/{rel}","templated":true}]}}