{"id":16133,"date":"2021-09-08T09:55:07","date_gmt":"2021-09-08T08:55:07","guid":{"rendered":"https:\/\/mamaterra.lt\/parduotuve\/uncategorized\/doterra-uz-aizsarga-dzirkstosais-roku-mazgasanas-lidzeklis-27ml-ar-2-dozatoriem\/"},"modified":"2021-09-08T09:55:07","modified_gmt":"2021-09-08T08:55:07","slug":"doterra-on-guard-foaming-hand-washer-473ml-with-2-dispensers","status":"publish","type":"product","link":"https:\/\/mamaterra.lt\/lv\/parduotuve\/eteriskas-ellas\/eterisko-ellu-maisijumi\/doterra-on-guard-foaming-hand-washer-473ml-with-2-dispensers\/","title":{"rendered":"doTERRA Uz aizsarga\u00ae dzirksto\u0161ais roku mazg\u0101\u0161anas l\u012bdzeklis 27ml ar 2 dozatoriem"},"content":{"rendered":"<p><strong>doTERRA Uz aizsarga\u00ae dzirksto\u0161ais roku mazg\u0101\u0161anas l\u012bdzeklis 27ml ar 2 dozatoriem<\/strong><\/p>\n<p>Putojo\u0161s roku mazg\u0101\u0161anas l\u012bdzeklis &#8211; 473ml<br \/>\nDozators &#8211; 2 gab. p\u0113c 236,5ml<\/p>\n<p>&nbsp;<\/p>\n<p><strong>doTERRA uz apsardzes\u00ae dzirksto\u0161\u0101 roku mazg\u0101\u0161ana<\/strong><\/p>\n<p>doTERRA On Guard putojo\u0161\u0101 roku mazg\u0101\u0161ana ir maiga, vesel\u012bga alternat\u012bva skarbaj\u0101m ziep\u0113m, kas var no\u017e\u016bt un kairin\u0101t jut\u012bgu \u0101du. Reizinot ar dabiski dro\u0161u doTERRA CPTG\u00ae \u0113terisko e\u013c\u013cu jaudu, doTERRA On Guard putu mazg\u0101t\u0101js nodro\u0161ina aizsarg\u0101jo\u0161as priek\u0161roc\u012bbas, ko sniedz viens no popul\u0101r\u0101kajiem patent\u0113tajiem \u0113terisko e\u013c\u013cu mais\u012bjumiem doTERRA.<\/p>\n<p>doTERRA On Guard dzirksto\u0161\u0101 roku mazg\u0101\u0161ana att\u012bra un m\u012bkstina rokas, pie\u0161\u0137irot atsvaidzino\u0161u \u0113terisko e\u013c\u013cu arom\u0101tu, kas atst\u0101j j\u016bsu rokas svaigi smar\u017eojo\u0161as un t\u012bras.<\/p>\n<p>&nbsp;<\/p>\n<p><strong>Izsmidzin\u0101t\u0101js<br \/>\n<\/strong> <strong>doTERRA Dzintara kr\u0101sas Dzirksto\u0161ais roku mazg\u0101\u0161anas dozators<\/strong><\/p>\n<p>2 gab. p\u0113c 236,5ml<\/p>\n<p><strong>doTERRA Amber Colours Dzirksto\u0161ais roku t\u012br\u012b\u0161anas dozators Funkcijas:<\/strong><\/p>\n<ul>\n<li>Dzintara kr\u0101sas putojo\u0161ais roku mazg\u0101t\u0101js ir ide\u0101ls veids, k\u0101 izbaud\u012bt iecien\u012bt\u0101s doTERRA dzirksto\u0161\u0101s roku ziepes.<\/li>\n<li>Ar unik\u0101lu stil\u012bgu dizainu<b> 236,5 ml <\/b>dozators lieliski papildin\u0101s katru virtuvi vai vannas istabu: pateicoties vienk\u0101r\u0161am uzlabotam s\u016bknim, j\u016bs varat turpin\u0101t baud\u012bt iecien\u012bt\u0101kos arom\u0101tus m\u0101j\u0101s vai biroj\u0101!<\/li>\n<\/ul>\n<p>S\u0101kot ar \u0161odienu, j\u016bs paman\u012bsit, ka On Guard\u2122 roku mazg\u0101\u0161anas dozators tiks aizst\u0101ts ar \u0161o uzlaboto piederumu, kas iek\u013cauts atlas\u012btajos doTERRA komplektos. On Guard\u2122 roku mazg\u0101\u0161anas dozators vairs netiek ra\u017eots un no \u0161odienas vairs netiks iek\u013cauts komplektos. J\u016bs var\u0113siet ieg\u0101d\u0101ties \u0161o dozatoru atsevi\u0161\u0137i, l\u012bdz mums b\u016bs \u0161o pre\u010du atlikums.<\/p>\n<p>doTERRA Amber Color Sparkling Hand Washer Dispenser ir ide\u0101ls veids, k\u0101 baud\u012bt iecien\u012bt\u0101s doterra dzirksto\u0161\u0101s roku ziepes.<\/p>\n<p>&nbsp;<\/p>\n","protected":false},"excerpt":{"rendered":"<ul>\n<li>2 dozatori un 1 putojo\u0161s roku t\u012br\u012b\u0161anas l\u012bdzeklis<\/li>\n<li>doTERRA On Guard dzirksto\u0161\u0101 roku mazg\u0101\u0161ana ir maiga, vesel\u012bga alternat\u012bva skarbaj\u0101m ziep\u0113m, kas var no\u017e\u016bt un kairin\u0101t jut\u012bgu \u0101du<\/li>\n<li>doTERRA Amber Color Sparkling Hand Washer Dispenser ir ide\u0101ls veids, k\u0101 baud\u012bt iecien\u012bt\u0101s doterra dzirksto\u0161\u0101s roku ziepes.<\/li>\n<\/ul>\n","protected":false},"featured_media":11834,"template":"","meta":{"site-sidebar-layout":"default","site-content-layout":"default","ast-site-content-layout":"default","site-content-style":"default","site-sidebar-style":"default","ast-global-header-display":"","ast-banner-title-visibility":"","ast-main-header-display":"","ast-hfb-above-header-display":"","ast-hfb-below-header-display":"","ast-hfb-mobile-header-display":"","site-post-title":"","ast-breadcrumbs-content":"","ast-featured-img":"","footer-sml-layout":"","ast-disable-related-posts":"","theme-transparent-header-meta":"default","adv-header-id-meta":"","stick-header-meta":"","header-above-stick-meta":"","header-main-stick-meta":"","header-below-stick-meta":"","astra-migrate-meta-layouts":"default","ast-page-background-enabled":"default","ast-page-background-meta":{"desktop":{"background-color":"","background-image":"","background-repeat":"repeat","background-position":"center center","background-size":"auto","background-attachment":"scroll","background-type":"","background-media":"","overlay-type":"","overlay-color":"","overlay-opacity":"","overlay-gradient":""},"tablet":{"background-color":"","background-image":"","background-repeat":"repeat","background-position":"center center","background-size":"auto","background-attachment":"scroll","background-type":"","background-media":"","overlay-type":"","overlay-color":"","overlay-opacity":"","overlay-gradient":""},"mobile":{"background-color":"","background-image":"","background-repeat":"repeat","background-position":"center center","background-size":"auto","background-attachment":"scroll","background-type":"","background-media":"","overlay-type":"","overlay-color":"","overlay-opacity":"","overlay-gradient":""}},"ast-content-background-meta":{"desktop":{"background-color":"var(--ast-global-color-5)","background-image":"","background-repeat":"repeat","background-position":"center center","background-size":"auto","background-attachment":"scroll","background-type":"","background-media":"","overlay-type":"","overlay-color":"","overlay-opacity":"","overlay-gradient":""},"tablet":{"background-color":"var(--ast-global-color-5)","background-image":"","background-repeat":"repeat","background-position":"center center","background-size":"auto","background-attachment":"scroll","background-type":"","background-media":"","overlay-type":"","overlay-color":"","overlay-opacity":"","overlay-gradient":""},"mobile":{"background-color":"var(--ast-global-color-5)","background-image":"","background-repeat":"repeat","background-position":"center center","background-size":"auto","background-attachment":"scroll","background-type":"","background-media":"","overlay-type":"","overlay-color":"","overlay-opacity":"","overlay-gradient":""}}},"product_brand":[],"product_cat":[601,604,616],"product_tag":[852,658,1440,647],"class_list":{"0":"post-16133","1":"product","2":"type-product","3":"status-publish","4":"has-post-thumbnail","6":"product_cat-eterisko-ellu-maisijumi","7":"product_cat-higiena-un-adas-kopsana","8":"product_cat-on-guard-produktiem","9":"product_tag-473ml-lv","10":"product_tag-dozators-lv","11":"product_tag-on-guard-lv","12":"product_tag-putojosa-roku-mazgasana","13":"desktop-align-left","14":"tablet-align-left","15":"mobile-align-left","17":"first","18":"outofstock","19":"sale","20":"taxable","21":"shipping-taxable","22":"purchasable","23":"product-type-simple"},"_links":{"self":[{"href":"https:\/\/mamaterra.lt\/lv\/wp-json\/wp\/v2\/product\/16133","targetHints":{"allow":["GET"]}}],"collection":[{"href":"https:\/\/mamaterra.lt\/lv\/wp-json\/wp\/v2\/product"}],"about":[{"href":"https:\/\/mamaterra.lt\/lv\/wp-json\/wp\/v2\/types\/product"}],"wp:featuredmedia":[{"embeddable":true,"href":"https:\/\/mamaterra.lt\/lv\/wp-json\/wp\/v2\/media\/11834"}],"wp:attachment":[{"href":"https:\/\/mamaterra.lt\/lv\/wp-json\/wp\/v2\/media?parent=16133"}],"wp:term":[{"taxonomy":"product_brand","embeddable":true,"href":"https:\/\/mamaterra.lt\/lv\/wp-json\/wp\/v2\/product_brand?post=16133"},{"taxonomy":"product_cat","embeddable":true,"href":"https:\/\/mamaterra.lt\/lv\/wp-json\/wp\/v2\/product_cat?post=16133"},{"taxonomy":"product_tag","embeddable":true,"href":"https:\/\/mamaterra.lt\/lv\/wp-json\/wp\/v2\/product_tag?post=16133"}],"curies":[{"name":"wp","href":"https:\/\/api.w.org\/{rel}","templated":true}]}}