{"id":16126,"date":"2021-04-19T09:51:21","date_gmt":"2021-04-19T08:51:21","guid":{"rendered":"https:\/\/mamaterra.lt\/parduotuve\/uncategorized\/mitrinoss-doterra-spa-kermena-aerosols-125ml\/"},"modified":"2021-04-19T09:51:21","modified_gmt":"2021-04-19T08:51:21","slug":"mitrinoss-doterra-spa-korpuss-smidzinatajs-125ml","status":"publish","type":"product","link":"https:\/\/mamaterra.lt\/lv\/parduotuve\/higiena-un-adas-kopsana\/doterra-spa-lv\/mitrinoss-doterra-spa-korpuss-smidzinatajs-125ml\/","title":{"rendered":"Mitrino\u0161s doTERRA Spa \u0137erme\u0146a aerosols 125ml"},"content":{"rendered":"<p><strong>Mitrino\u0161s doTERRA Spa \u0137erme\u0146a aerosols<\/strong><\/p>\n<p>125 ml<\/p>\n<p>&nbsp;<\/p>\n<p><strong>Mitrino\u0161s doTERRA Spa \u0137erme\u0146a aerosols Galven\u0101s iez\u012bmes:<\/strong><\/p>\n<p>Izbaudiet mitrin\u0101tu visa \u0137erme\u0146a \u0101du! \u0160\u012b skaist\u0101 valdzino\u0161\u0101 \u0113terisko e\u013c\u013cu mais\u012bjuma priek\u0161roc\u012bbas, kas lolo \u0161\u012b vilino\u0161\u0101 arom\u0101ta skaistumu, papildina kokosriekstu, saulespu\u0137u, avokado un pasifloras aug\u013cu e\u013c\u013cu barojo\u0161\u0101s \u012bpa\u0161\u012bbas. \u0160is mitrino\u0161ais \u0137erme\u0146a aerosols pal\u012bdz\u0113s uzlabot \u0101das izskatu: tas izskat\u012bsies vesel\u012bgs un starojo\u0161s.<\/p>\n<ul>\n<li>CPTG\u2122 skaists, valdzino\u0161s \u0113terisko e\u013c\u013cu mais\u012bjums nodro\u0161ina ener\u0123iju un pacil\u0101jo\u0161u<\/li>\n<li>Saulespu\u0137u, avokado un pasifloras aug\u013cu e\u013c\u013cas nomierina, m\u012bkstina un mitrina \u0101du, pie\u0161\u0137irot tai vesel\u012bgu mirdzumu<\/li>\n<li>Kaprilijs \/ kapri triglicer\u012bdi (no kokosriekstiem) baro \u0101du un aizsarg\u0101 t\u0101s dabisko barjeru<\/li>\n<\/ul>\n<p>&nbsp;<\/p>\n<p>Vair\u0101k par <strong>doterra spa \u0137erme\u0146a aerosolu.<\/strong><\/p>\n<p><iframe title=\"K\u0101 lietot doTERRA Spa mitrino\u0161o \u0137erme\u0146a miglu (tulkotie subtitri)\" src=\"https:\/\/www.youtube.com\/embed\/sC4rHYseqqA\" width=\"946\" height=\"532\" frameborder=\"0\" allowfullscreen=\"allowfullscreen\"><\/iframe><\/p>\n","protected":false},"excerpt":{"rendered":"<ul>\n<li>CPTG\u2122 skaists, valdzino\u0161s \u0113terisko e\u013c\u013cu mais\u012bjums nodro\u0161ina ener\u0123iju un pacil\u0101jo\u0161u<\/li>\n<li>Saulespu\u0137u, avokado un pasifloras aug\u013cu e\u013c\u013cas nomierina, m\u012bkstina un mitrina \u0101du, pie\u0161\u0137irot tai vesel\u012bgu mirdzumu<\/li>\n<li>Kaprilijs \/ kapri triglicer\u012bdi (no kokosriekstiem) baro \u0101du un aizsarg\u0101 t\u0101s dabisko barjeru<\/li>\n<\/ul>\n","protected":false},"featured_media":11472,"template":"","meta":{"site-sidebar-layout":"default","site-content-layout":"default","ast-site-content-layout":"default","site-content-style":"default","site-sidebar-style":"default","ast-global-header-display":"","ast-banner-title-visibility":"","ast-main-header-display":"","ast-hfb-above-header-display":"","ast-hfb-below-header-display":"","ast-hfb-mobile-header-display":"","site-post-title":"","ast-breadcrumbs-content":"","ast-featured-img":"","footer-sml-layout":"","ast-disable-related-posts":"","theme-transparent-header-meta":"default","adv-header-id-meta":"","stick-header-meta":"","header-above-stick-meta":"","header-main-stick-meta":"","header-below-stick-meta":"","astra-migrate-meta-layouts":"default","ast-page-background-enabled":"default","ast-page-background-meta":{"desktop":{"background-color":"","background-image":"","background-repeat":"repeat","background-position":"center center","background-size":"auto","background-attachment":"scroll","background-type":"","background-media":"","overlay-type":"","overlay-color":"","overlay-opacity":"","overlay-gradient":""},"tablet":{"background-color":"","background-image":"","background-repeat":"repeat","background-position":"center center","background-size":"auto","background-attachment":"scroll","background-type":"","background-media":"","overlay-type":"","overlay-color":"","overlay-opacity":"","overlay-gradient":""},"mobile":{"background-color":"","background-image":"","background-repeat":"repeat","background-position":"center center","background-size":"auto","background-attachment":"scroll","background-type":"","background-media":"","overlay-type":"","overlay-color":"","overlay-opacity":"","overlay-gradient":""}},"ast-content-background-meta":{"desktop":{"background-color":"var(--ast-global-color-5)","background-image":"","background-repeat":"repeat","background-position":"center center","background-size":"auto","background-attachment":"scroll","background-type":"","background-media":"","overlay-type":"","overlay-color":"","overlay-opacity":"","overlay-gradient":""},"tablet":{"background-color":"var(--ast-global-color-5)","background-image":"","background-repeat":"repeat","background-position":"center center","background-size":"auto","background-attachment":"scroll","background-type":"","background-media":"","overlay-type":"","overlay-color":"","overlay-opacity":"","overlay-gradient":""},"mobile":{"background-color":"var(--ast-global-color-5)","background-image":"","background-repeat":"repeat","background-position":"center center","background-size":"auto","background-attachment":"scroll","background-type":"","background-media":"","overlay-type":"","overlay-color":"","overlay-opacity":"","overlay-gradient":""}}},"product_brand":[],"product_cat":[609,604],"product_tag":[775,1217,646],"class_list":{"0":"post-16126","1":"product","2":"type-product","3":"status-publish","4":"has-post-thumbnail","6":"product_cat-doterra-spa-lv","7":"product_cat-higiena-un-adas-kopsana","8":"product_tag-125-ml-lv","9":"product_tag-doterra-spa-lv","10":"product_tag-smidzinatajs","11":"desktop-align-left","12":"tablet-align-left","13":"mobile-align-left","15":"first","16":"outofstock","17":"taxable","18":"shipping-taxable","19":"purchasable","20":"product-type-simple"},"_links":{"self":[{"href":"https:\/\/mamaterra.lt\/lv\/wp-json\/wp\/v2\/product\/16126","targetHints":{"allow":["GET"]}}],"collection":[{"href":"https:\/\/mamaterra.lt\/lv\/wp-json\/wp\/v2\/product"}],"about":[{"href":"https:\/\/mamaterra.lt\/lv\/wp-json\/wp\/v2\/types\/product"}],"wp:featuredmedia":[{"embeddable":true,"href":"https:\/\/mamaterra.lt\/lv\/wp-json\/wp\/v2\/media\/11472"}],"wp:attachment":[{"href":"https:\/\/mamaterra.lt\/lv\/wp-json\/wp\/v2\/media?parent=16126"}],"wp:term":[{"taxonomy":"product_brand","embeddable":true,"href":"https:\/\/mamaterra.lt\/lv\/wp-json\/wp\/v2\/product_brand?post=16126"},{"taxonomy":"product_cat","embeddable":true,"href":"https:\/\/mamaterra.lt\/lv\/wp-json\/wp\/v2\/product_cat?post=16126"},{"taxonomy":"product_tag","embeddable":true,"href":"https:\/\/mamaterra.lt\/lv\/wp-json\/wp\/v2\/product_tag?post=16126"}],"curies":[{"name":"wp","href":"https:\/\/api.w.org\/{rel}","templated":true}]}}