{"id":16120,"date":"2021-09-08T09:46:38","date_gmt":"2021-09-08T08:46:38","guid":{"rendered":"https:\/\/mamaterra.lt\/parduotuve\/uncategorized\/doterra-papildinajums-par-aizsargu-mikstajiem-geliem-60-kapsulas\/"},"modified":"2021-09-08T09:46:38","modified_gmt":"2021-09-08T08:46:38","slug":"doterra-supplement-on-guard-softgels-60-capsule","status":"publish","type":"product","link":"https:\/\/mamaterra.lt\/lv\/parduotuve\/eteriskas-ellas\/eterisko-ellu-maisijumi\/doterra-supplement-on-guard-softgels-60-capsule\/","title":{"rendered":"doTERRA papildin\u0101jums par aizsargu m\u012bkstajiem g\u0113liem (60 kapsulas)"},"content":{"rendered":"<p><strong>doTERRA papildin\u0101jums par aizsargu softgeliem<\/strong><\/p>\n<p>60 kapsulas<\/p>\n<p>&nbsp;<\/p>\n<p><strong>doTERRA papildin\u0101jums par aizsargu softgeliem Visp\u0101r\u012bg\u0101s funkcijas:<\/strong><\/p>\n<p>doTERRA On Guard+ Softgels apvieno patent\u0113to aizsardz\u012bbas mais\u012bjumu doTERRA On Guard ar melno piparu, oregano un melisas \u0113teriskaj\u0101m e\u013c\u013c\u0101m, lai nodro\u0161in\u0101tu papildu imunit\u0101tes atbalstu.*<\/p>\n<ul>\n<li>Atbalsta vesel\u012bgu im\u016bnsist\u0113mas un elpo\u0161anas funkciju*<\/li>\n<li>Atbalsta organisma dabisk\u0101s antioksidantu aizsargsp\u0113jas*<\/li>\n<li>Veicina vesel\u012bgu asinsriti*<\/li>\n<li>Ener\u0123isks un pacil\u0101jo\u0161s arom\u0101ts<\/li>\n<li>doTERRA On Guard ir lielisks veids, k\u0101 stiprin\u0101t un uztur\u0113t vesel\u012bgu im\u016bno funkciju, ja sezon\u0101lie draudi ir augsti. *<\/li>\n<li>doTERRA On Guard j\u0101lieto nepareizi, reiz\u0113m, kad tas ir nepiecie\u0161ams.<\/li>\n<\/ul>\n<p><strong>doTERRA papildin\u0101jums par Guard Softgels Visp\u0101r\u012bgi lieto\u0161anas nor\u0101d\u012bjumi:<\/strong><\/p>\n<p><span class=\"Y2IQFc\" lang=\"lt\">Ja nepiecie\u0161ams, lietojiet 1 vai vair\u0101k m\u012bksta g\u0113la kapsulas, lai stimul\u0113tu vesel\u012bgu im\u016bno funkciju.<\/span><\/p>\n<p>&nbsp;<\/p>\n<p>Vair\u0101k par doTERRA On Guard Softgels Supplement.<\/p>\n<p><iframe title=\"Lab\u0101kais imunit\u0101tes pastiprin\u0101jums ar doTERRA uz aizsargu softgeliem\" src=\"https:\/\/www.youtube.com\/embed\/-AZ2DrqulO8\" width=\"944\" height=\"532\" frameborder=\"0\" allowfullscreen=\"allowfullscreen\"><\/iframe><\/p>\n","protected":false},"excerpt":{"rendered":"<ul>\n<li>Atbalsta vesel\u012bgu im\u016bnsist\u0113mas un elpo\u0161anas funkciju*<\/li>\n<li>Atbalsta organisma dabisk\u0101s antioksidantu aizsargsp\u0113jas*<\/li>\n<li>Veicina vesel\u012bgu asinsriti*<\/li>\n<li>Ener\u0123isks un pacil\u0101jo\u0161s arom\u0101ts<\/li>\n<\/ul>\n","protected":false},"featured_media":11588,"template":"","meta":{"site-sidebar-layout":"default","site-content-layout":"default","ast-site-content-layout":"default","site-content-style":"default","site-sidebar-style":"default","ast-global-header-display":"","ast-banner-title-visibility":"","ast-main-header-display":"","ast-hfb-above-header-display":"","ast-hfb-below-header-display":"","ast-hfb-mobile-header-display":"","site-post-title":"","ast-breadcrumbs-content":"","ast-featured-img":"","footer-sml-layout":"","ast-disable-related-posts":"","theme-transparent-header-meta":"default","adv-header-id-meta":"","stick-header-meta":"","header-above-stick-meta":"","header-main-stick-meta":"","header-below-stick-meta":"","astra-migrate-meta-layouts":"default","ast-page-background-enabled":"default","ast-page-background-meta":{"desktop":{"background-color":"","background-image":"","background-repeat":"repeat","background-position":"center center","background-size":"auto","background-attachment":"scroll","background-type":"","background-media":"","overlay-type":"","overlay-color":"","overlay-opacity":"","overlay-gradient":""},"tablet":{"background-color":"","background-image":"","background-repeat":"repeat","background-position":"center center","background-size":"auto","background-attachment":"scroll","background-type":"","background-media":"","overlay-type":"","overlay-color":"","overlay-opacity":"","overlay-gradient":""},"mobile":{"background-color":"","background-image":"","background-repeat":"repeat","background-position":"center center","background-size":"auto","background-attachment":"scroll","background-type":"","background-media":"","overlay-type":"","overlay-color":"","overlay-opacity":"","overlay-gradient":""}},"ast-content-background-meta":{"desktop":{"background-color":"var(--ast-global-color-5)","background-image":"","background-repeat":"repeat","background-position":"center center","background-size":"auto","background-attachment":"scroll","background-type":"","background-media":"","overlay-type":"","overlay-color":"","overlay-opacity":"","overlay-gradient":""},"tablet":{"background-color":"var(--ast-global-color-5)","background-image":"","background-repeat":"repeat","background-position":"center center","background-size":"auto","background-attachment":"scroll","background-type":"","background-media":"","overlay-type":"","overlay-color":"","overlay-opacity":"","overlay-gradient":""},"mobile":{"background-color":"var(--ast-global-color-5)","background-image":"","background-repeat":"repeat","background-position":"center center","background-size":"auto","background-attachment":"scroll","background-type":"","background-media":"","overlay-type":"","overlay-color":"","overlay-opacity":"","overlay-gradient":""}}},"product_brand":[],"product_cat":[600,601,616],"product_tag":[634,1440],"class_list":{"0":"post-16120","1":"product","2":"type-product","3":"status-publish","4":"has-post-thumbnail","6":"product_cat-eteriskas-ellas","7":"product_cat-eterisko-ellu-maisijumi","8":"product_cat-on-guard-produktiem","9":"product_tag-kapsulas","10":"product_tag-on-guard-lv","11":"desktop-align-left","12":"tablet-align-left","13":"mobile-align-left","15":"first","16":"instock","17":"sale","18":"taxable","19":"shipping-taxable","20":"purchasable","21":"product-type-simple"},"_links":{"self":[{"href":"https:\/\/mamaterra.lt\/lv\/wp-json\/wp\/v2\/product\/16120","targetHints":{"allow":["GET"]}}],"collection":[{"href":"https:\/\/mamaterra.lt\/lv\/wp-json\/wp\/v2\/product"}],"about":[{"href":"https:\/\/mamaterra.lt\/lv\/wp-json\/wp\/v2\/types\/product"}],"wp:featuredmedia":[{"embeddable":true,"href":"https:\/\/mamaterra.lt\/lv\/wp-json\/wp\/v2\/media\/11588"}],"wp:attachment":[{"href":"https:\/\/mamaterra.lt\/lv\/wp-json\/wp\/v2\/media?parent=16120"}],"wp:term":[{"taxonomy":"product_brand","embeddable":true,"href":"https:\/\/mamaterra.lt\/lv\/wp-json\/wp\/v2\/product_brand?post=16120"},{"taxonomy":"product_cat","embeddable":true,"href":"https:\/\/mamaterra.lt\/lv\/wp-json\/wp\/v2\/product_cat?post=16120"},{"taxonomy":"product_tag","embeddable":true,"href":"https:\/\/mamaterra.lt\/lv\/wp-json\/wp\/v2\/product_tag?post=16120"}],"curies":[{"name":"wp","href":"https:\/\/api.w.org\/{rel}","templated":true}]}}