{"id":16114,"date":"2021-09-08T09:53:08","date_gmt":"2021-09-08T08:53:08","guid":{"rendered":"https:\/\/mamaterra.lt\/parduotuve\/uncategorized\/doterra-uz-aizsarga-pastilam-veseligas-rikles-pilieni-120g\/"},"modified":"2021-09-08T09:53:08","modified_gmt":"2021-09-08T08:53:08","slug":"doterra-on-guard-pastilles-healthy-throat-drops-120g","status":"publish","type":"product","link":"https:\/\/mamaterra.lt\/lv\/parduotuve\/eteriskas-ellas\/eterisko-ellu-maisijumi\/doterra-on-guard-pastilles-healthy-throat-drops-120g\/","title":{"rendered":"doTERRA uz aizsarga pastil\u0101m (vesel\u012bgas r\u012bkles pilieni) 120g"},"content":{"rendered":"<p><strong>doTERRA On Guard\u00ae Sald\u0113jo\u0161ie saldumi &#8211; pastilas (vesel\u012bgi r\u012bkles pilieni)<\/strong><\/p>\n<p>120g &#8211; 30 pastilas<\/p>\n<p>&nbsp;<\/p>\n<p>doTERRA On Guard pastil\u0101s ir \u0113rts veids, k\u0101 ieg\u016bt im\u016bnsist\u0113mu atbalsto\u0161\u0101 doTERRA On Guard patent\u0113t\u0101 \u0113terisko e\u013c\u013cu mais\u012bjuma labv\u0113l\u012bg\u0101s \u012bpa\u0161\u012bbas piln\u012bgi dab\u012bg\u0101s pastil\u0101s r\u012bklei.<\/p>\n<p><strong>doTERRA On Guard\u00ae Freezing Candy Prim\u0101r\u0101s priek\u0161roc\u012bbas:<\/strong><\/p>\n<ul>\n<li>Pal\u012bdz nomierin\u0101t un m\u012bkstin\u0101t sausu, piet\u016bku\u0161u kaklu.<\/li>\n<li>Pal\u012bdz stiprin\u0101t organisma aizsardz\u012bbas sp\u0113kus.<\/li>\n<li>Patent\u0113ts doTERRA On Guard r\u012bkles pilienu mais\u012bjums, kas sast\u0101v no CPTG sertific\u0113tas t\u012bras, p\u0101rbaud\u012btas \u0113terisk\u0101s e\u013c\u013cas, ieskaitot savva\u013cas apels\u012bnu, krustnagli\u0146u, kan\u0113li, eikaliptu, rozmar\u012bnu un mirres \u0113terisk\u0101s e\u013c\u013cas, \u0113rti iepakotas atsevi\u0161\u0137os pilienos.<\/li>\n<li>Sajauc saldaj\u0101 cukurniedru cukura un biolo\u0123isk\u0101 br\u016bno r\u012bsu s\u012brupa pamatn\u0113, bez m\u0101ksl\u012bgiem aromatiz\u0113t\u0101jiem vai kr\u0101sviel\u0101m.<\/li>\n<\/ul>\n<p><strong>doTERRA On Guard\u00ae Sald\u0113\u0161anas konfektes Lieto\u0161anas instrukcijas:<\/strong><\/p>\n<p>Satveriet vienu doTERRA Par aizsargu, kas aizsarg\u0101 r\u012bkles lozenge p\u0113c vajadz\u012bbas. Lai ieg\u016btu vislab\u0101kos rezult\u0101tus , izmantojiet doTERRA On Guard pastilas r\u012bklei visas dienas garum\u0101 un bie\u017ei mazg\u0101jiet rokas ar doTERRA On Guard dzirksto\u0161o roku mazg\u0101\u0161anu.<\/p>\n<p>&nbsp;<\/p>\n<p>Vair\u0101k par doTERRA On Guard saldumiem\u00ae.<\/p>\n<p><iframe title=\"doTERRA uz aizsarga\u00ae veseliem r\u012bkles pilieniem\" src=\"https:\/\/www.youtube.com\/embed\/QizrEXA9XqI\" width=\"946\" height=\"532\" frameborder=\"0\" allowfullscreen=\"allowfullscreen\"><\/iframe><\/p>\n","protected":false},"excerpt":{"rendered":"<ul>\n<li>doTERRA On Guard pastil\u0101s ir \u0113rts veids, k\u0101 ieg\u016bt im\u016bnsist\u0113mu atbalsto\u0161\u0101s doTERRA On Guard patent\u0113t\u0101 \u0113terisko e\u013c\u013cu mais\u012bjuma labv\u0113l\u012bg\u0101s \u012bpa\u0161\u012bbas piln\u012bgi dab\u012bg\u0101s pastil\u0101s r\u012bklei<\/li>\n<li>Pal\u012bdz nomierin\u0101t un m\u012bkstin\u0101t sausu, piet\u016bku\u0161u kaklu<\/li>\n<li>Pal\u012bdz stiprin\u0101t organisma aizsardz\u012bbas sp\u0113kus<\/li>\n<\/ul>\n","protected":false},"featured_media":11590,"template":"","meta":{"site-sidebar-layout":"default","site-content-layout":"default","ast-site-content-layout":"default","site-content-style":"default","site-sidebar-style":"default","ast-global-header-display":"","ast-banner-title-visibility":"","ast-main-header-display":"","ast-hfb-above-header-display":"","ast-hfb-below-header-display":"","ast-hfb-mobile-header-display":"","site-post-title":"","ast-breadcrumbs-content":"","ast-featured-img":"","footer-sml-layout":"","ast-disable-related-posts":"","theme-transparent-header-meta":"default","adv-header-id-meta":"","stick-header-meta":"","header-above-stick-meta":"","header-main-stick-meta":"","header-below-stick-meta":"","astra-migrate-meta-layouts":"default","ast-page-background-enabled":"default","ast-page-background-meta":{"desktop":{"background-color":"","background-image":"","background-repeat":"repeat","background-position":"center center","background-size":"auto","background-attachment":"scroll","background-type":"","background-media":"","overlay-type":"","overlay-color":"","overlay-opacity":"","overlay-gradient":""},"tablet":{"background-color":"","background-image":"","background-repeat":"repeat","background-position":"center center","background-size":"auto","background-attachment":"scroll","background-type":"","background-media":"","overlay-type":"","overlay-color":"","overlay-opacity":"","overlay-gradient":""},"mobile":{"background-color":"","background-image":"","background-repeat":"repeat","background-position":"center center","background-size":"auto","background-attachment":"scroll","background-type":"","background-media":"","overlay-type":"","overlay-color":"","overlay-opacity":"","overlay-gradient":""}},"ast-content-background-meta":{"desktop":{"background-color":"var(--ast-global-color-5)","background-image":"","background-repeat":"repeat","background-position":"center center","background-size":"auto","background-attachment":"scroll","background-type":"","background-media":"","overlay-type":"","overlay-color":"","overlay-opacity":"","overlay-gradient":""},"tablet":{"background-color":"var(--ast-global-color-5)","background-image":"","background-repeat":"repeat","background-position":"center center","background-size":"auto","background-attachment":"scroll","background-type":"","background-media":"","overlay-type":"","overlay-color":"","overlay-opacity":"","overlay-gradient":""},"mobile":{"background-color":"var(--ast-global-color-5)","background-image":"","background-repeat":"repeat","background-position":"center center","background-size":"auto","background-attachment":"scroll","background-type":"","background-media":"","overlay-type":"","overlay-color":"","overlay-opacity":"","overlay-gradient":""}}},"product_brand":[],"product_cat":[619,600,601,616],"product_tag":[1440,666,670],"class_list":{"0":"post-16114","1":"product","2":"type-product","3":"status-publish","4":"has-post-thumbnail","6":"product_cat-berniem","7":"product_cat-eteriskas-ellas","8":"product_cat-eterisko-ellu-maisijumi","9":"product_cat-on-guard-produktiem","10":"product_tag-on-guard-lv","11":"product_tag-pastilas","12":"product_tag-saldumi","13":"desktop-align-left","14":"tablet-align-left","15":"mobile-align-left","17":"first","18":"instock","19":"sale","20":"taxable","21":"shipping-taxable","22":"purchasable","23":"product-type-simple"},"_links":{"self":[{"href":"https:\/\/mamaterra.lt\/lv\/wp-json\/wp\/v2\/product\/16114","targetHints":{"allow":["GET"]}}],"collection":[{"href":"https:\/\/mamaterra.lt\/lv\/wp-json\/wp\/v2\/product"}],"about":[{"href":"https:\/\/mamaterra.lt\/lv\/wp-json\/wp\/v2\/types\/product"}],"wp:featuredmedia":[{"embeddable":true,"href":"https:\/\/mamaterra.lt\/lv\/wp-json\/wp\/v2\/media\/11590"}],"wp:attachment":[{"href":"https:\/\/mamaterra.lt\/lv\/wp-json\/wp\/v2\/media?parent=16114"}],"wp:term":[{"taxonomy":"product_brand","embeddable":true,"href":"https:\/\/mamaterra.lt\/lv\/wp-json\/wp\/v2\/product_brand?post=16114"},{"taxonomy":"product_cat","embeddable":true,"href":"https:\/\/mamaterra.lt\/lv\/wp-json\/wp\/v2\/product_cat?post=16114"},{"taxonomy":"product_tag","embeddable":true,"href":"https:\/\/mamaterra.lt\/lv\/wp-json\/wp\/v2\/product_tag?post=16114"}],"curies":[{"name":"wp","href":"https:\/\/api.w.org\/{rel}","templated":true}]}}