{"id":16109,"date":"2021-04-19T09:53:39","date_gmt":"2021-04-19T08:53:39","guid":{"rendered":"https:\/\/mamaterra.lt\/parduotuve\/uncategorized\/atsvaidzinoss-kermena-tirisanas-lidzeklis-doterra-spa-250ml\/"},"modified":"2021-04-19T09:53:39","modified_gmt":"2021-04-19T08:53:39","slug":"atsvaidzinoss-kermena-tirisanas-lidzeklis-doterra-spa-250ml","status":"publish","type":"product","link":"https:\/\/mamaterra.lt\/lv\/parduotuve\/higiena-un-adas-kopsana\/doterra-spa-lv\/atsvaidzinoss-kermena-tirisanas-lidzeklis-doterra-spa-250ml\/","title":{"rendered":"Atsvaidzino\u0161s \u0137erme\u0146a t\u012br\u012b\u0161anas l\u012bdzeklis doTERRA SPA 250ml"},"content":{"rendered":"<p><strong>Atsvaidzino\u0161s \u0137erme\u0146a t\u012br\u012b\u0161anas l\u012bdzeklis doTERRA SPA<\/strong><\/p>\n<p>250 ml<\/p>\n<p>&nbsp;<\/p>\n<p><strong>Atsvaidzino\u0161s \u0137erme\u0146a t\u012br\u012b\u0161anas l\u012bdzeklis doTERRA SPA Papildiesp\u0113jas:<\/strong><\/p>\n<p>Atsvaidzino\u0161ais \u0137erme\u0146a t\u012br\u012b\u0161anas l\u012bdzeklis doTERRA SPA ir dab\u012bgs t\u012br\u012b\u0161anas l\u012bdzeklis, kas bag\u0101tin\u0101ts ar \u0113teriskaj\u0101m e\u013c\u013c\u0101m, kas lieliski att\u012bra un liek justies k\u0101 spa salon\u0101.<\/p>\n<ul>\n<li>Bergamotes \u0113terisk\u0101 e\u013c\u013ca att\u012bra un nomierina \u0101du un izdala pacil\u0101jo\u0161u, bet sazem\u0113jo\u0161u arom\u0101tu<\/li>\n<li>Greipfr\u016btiem ir ener\u0123iska smar\u017ea, kas uzlabo garast\u0101vokli<\/li>\n<li>N\u0101trija metiloleoiltaur\u0101ts ir viegls t\u012br\u012b\u0161anas l\u012bdzeklis, kas ekstrah\u0113ts no tauksk\u0101b\u0113m, kas atrodamas augu taukos un e\u013c\u013c\u0101s<\/li>\n<\/ul>\n<p>&nbsp;<\/p>\n<p>Vair\u0101k par <strong>doTERRA SPA atsvaidzino\u0161o \u0137erme\u0146a t\u012br\u012b\u0161anas l\u012bdzekli.<\/strong><\/p>\n<p><iframe title=\"S\u0101ciet savu dienu uz lab\u0101s k\u0101jas- doTERRA\u00ae SPA atsvaidzino\u0161a \u0137erme\u0146a mazg\u0101\u0161ana\" src=\"https:\/\/www.youtube.com\/embed\/aPICGRT1UUE\" width=\"946\" height=\"532\" frameborder=\"0\" allowfullscreen=\"allowfullscreen\"><\/iframe><\/p>\n","protected":false},"excerpt":{"rendered":"<ul>\n<li>Bergamotes \u0113terisk\u0101 e\u013c\u013ca att\u012bra un nomierina \u0101du un izdala pacil\u0101jo\u0161u, bet sazem\u0113jo\u0161u arom\u0101tu<\/li>\n<li>Greipfr\u016btiem ir ener\u0123iska smar\u017ea, kas uzlabo garast\u0101vokli<\/li>\n<li>N\u0101trija metiloleoiltaur\u0101ts ir viegls t\u012br\u012b\u0161anas l\u012bdzeklis, kas ekstrah\u0113ts no tauksk\u0101b\u0113m, kas atrodamas augu taukos un e\u013c\u013c\u0101s<\/li>\n<\/ul>\n","protected":false},"featured_media":11473,"template":"","meta":{"site-sidebar-layout":"default","site-content-layout":"default","ast-site-content-layout":"default","site-content-style":"default","site-sidebar-style":"default","ast-global-header-display":"","ast-banner-title-visibility":"","ast-main-header-display":"","ast-hfb-above-header-display":"","ast-hfb-below-header-display":"","ast-hfb-mobile-header-display":"","site-post-title":"","ast-breadcrumbs-content":"","ast-featured-img":"","footer-sml-layout":"","ast-disable-related-posts":"","theme-transparent-header-meta":"default","adv-header-id-meta":"","stick-header-meta":"","header-above-stick-meta":"","header-main-stick-meta":"","header-below-stick-meta":"","astra-migrate-meta-layouts":"default","ast-page-background-enabled":"default","ast-page-background-meta":{"desktop":{"background-color":"","background-image":"","background-repeat":"repeat","background-position":"center center","background-size":"auto","background-attachment":"scroll","background-type":"","background-media":"","overlay-type":"","overlay-color":"","overlay-opacity":"","overlay-gradient":""},"tablet":{"background-color":"","background-image":"","background-repeat":"repeat","background-position":"center center","background-size":"auto","background-attachment":"scroll","background-type":"","background-media":"","overlay-type":"","overlay-color":"","overlay-opacity":"","overlay-gradient":""},"mobile":{"background-color":"","background-image":"","background-repeat":"repeat","background-position":"center center","background-size":"auto","background-attachment":"scroll","background-type":"","background-media":"","overlay-type":"","overlay-color":"","overlay-opacity":"","overlay-gradient":""}},"ast-content-background-meta":{"desktop":{"background-color":"var(--ast-global-color-5)","background-image":"","background-repeat":"repeat","background-position":"center center","background-size":"auto","background-attachment":"scroll","background-type":"","background-media":"","overlay-type":"","overlay-color":"","overlay-opacity":"","overlay-gradient":""},"tablet":{"background-color":"var(--ast-global-color-5)","background-image":"","background-repeat":"repeat","background-position":"center center","background-size":"auto","background-attachment":"scroll","background-type":"","background-media":"","overlay-type":"","overlay-color":"","overlay-opacity":"","overlay-gradient":""},"mobile":{"background-color":"var(--ast-global-color-5)","background-image":"","background-repeat":"repeat","background-position":"center center","background-size":"auto","background-attachment":"scroll","background-type":"","background-media":"","overlay-type":"","overlay-color":"","overlay-opacity":"","overlay-gradient":""}}},"product_brand":[],"product_cat":[609,604],"product_tag":[833,1217,644],"class_list":{"0":"post-16109","1":"product","2":"type-product","3":"status-publish","4":"has-post-thumbnail","6":"product_cat-doterra-spa-lv","7":"product_cat-higiena-un-adas-kopsana","8":"product_tag-250-ml-lv","9":"product_tag-doterra-spa-lv","10":"product_tag-mazgasanas-lidzeklis","11":"desktop-align-left","12":"tablet-align-left","13":"mobile-align-left","15":"first","16":"instock","17":"taxable","18":"shipping-taxable","19":"purchasable","20":"product-type-simple"},"_links":{"self":[{"href":"https:\/\/mamaterra.lt\/lv\/wp-json\/wp\/v2\/product\/16109","targetHints":{"allow":["GET"]}}],"collection":[{"href":"https:\/\/mamaterra.lt\/lv\/wp-json\/wp\/v2\/product"}],"about":[{"href":"https:\/\/mamaterra.lt\/lv\/wp-json\/wp\/v2\/types\/product"}],"wp:featuredmedia":[{"embeddable":true,"href":"https:\/\/mamaterra.lt\/lv\/wp-json\/wp\/v2\/media\/11473"}],"wp:attachment":[{"href":"https:\/\/mamaterra.lt\/lv\/wp-json\/wp\/v2\/media?parent=16109"}],"wp:term":[{"taxonomy":"product_brand","embeddable":true,"href":"https:\/\/mamaterra.lt\/lv\/wp-json\/wp\/v2\/product_brand?post=16109"},{"taxonomy":"product_cat","embeddable":true,"href":"https:\/\/mamaterra.lt\/lv\/wp-json\/wp\/v2\/product_cat?post=16109"},{"taxonomy":"product_tag","embeddable":true,"href":"https:\/\/mamaterra.lt\/lv\/wp-json\/wp\/v2\/product_tag?post=16109"}],"curies":[{"name":"wp","href":"https:\/\/api.w.org\/{rel}","templated":true}]}}