{"id":16105,"date":"2021-09-10T17:53:39","date_gmt":"2021-09-10T16:53:39","guid":{"rendered":"https:\/\/mamaterra.lt\/parduotuve\/uncategorized\/doterra-viesabonesanas-difuzors\/"},"modified":"2021-09-10T17:53:39","modified_gmt":"2021-09-10T16:53:39","slug":"doterra-roam-difuzors","status":"publish","type":"product","link":"https:\/\/mamaterra.lt\/lv\/parduotuve\/difuzori\/doterra-roam-difuzors\/","title":{"rendered":"doTERRA Viesabon\u0113\u0161anas difuzors"},"content":{"rendered":"<p><strong>doTERRA Viesabon\u0113\u0161anas difuzors<\/strong><\/p>\n<p>&nbsp;<\/p>\n<p><strong>doTERRA Roam difuzora visp\u0101r\u012bg\u0101s funkcijas:<\/strong><\/p>\n<ul>\n<li>Atbild\u012bgi un ilgtsp\u0113j\u012bgi izgatavoti no p\u0101rstr\u0101d\u0101tiem materi\u0101liem.<\/li>\n<li>Bezvadu un akumulatora ener\u0123ijas iesp\u0113jas (komplekt\u0101 ietilpst akumulatora uzl\u0101des stacija).<\/li>\n<li>Ietver gan nep\u0101rtrauktu, gan periodisku (5 min\u016btes ON, 5 min\u016btes OFF) iztvaiko\u0161anu.<\/li>\n<\/ul>\n<p><strong>doTERRA Roam difuzora lietojums:<\/strong><\/p>\n<ul>\n<li>Vakar\u0101, lai neuzbruktu odi, \u0113terisko e\u013c\u013cu mais\u012bjums no odi, kas tvaic\u0113ti uz terases, ir ide\u0101ls.<\/li>\n<li>No r\u012bta istab\u0101 eso\u0161ie b\u0113rni tiks \u0101rst\u0113ti ar piparm\u0113tru ar savva\u013cas apels\u012bnu, un vi\u0146i viegl\u0101k piecelsies.<\/li>\n<li>P\u0113c zivju gatavo\u0161anas virtuv\u0113 j\u016bs apstr\u0101d\u0101siet ar Purify mais\u012bjumu, kas neitraliz\u0113 smakas, vai vienk\u0101r\u0161i citronu \u0113terisko e\u013c\u013cu.<\/li>\n<li>Uzaicinot sen redz\u0113tus radiniekus, j\u016bs uz vietas tvaic\u0113siet uz Guard \u0113terisko e\u013c\u013cu mais\u012bjumu, kas att\u012br\u012bs gaisu.<\/li>\n<li>Dodoties gul\u0113t gu\u013camistab\u0101, j\u016bs iesl\u0113gsiet 5 min\u016b\u0161u periodisku re\u017e\u012bmu un tvaic\u0113siet saldu sap\u0146u e\u013c\u013cas. 5 min\u016b\u0161u laik\u0101, kam\u0113r difuzors veic p\u0101rtraukumu, j\u016bs mier\u012bgi aizmigsit. Gaisa mais\u012bjuma tvaic\u0113\u0161ana nakt\u012b var izrais\u012bt kr\u0101k\u0161anas samazin\u0101\u0161anos \u0113terisko e\u013c\u013cu elpo\u0161anas relaks\u0113jo\u0161\u0101s iedarb\u012bbas d\u0113\u013c.<\/li>\n<\/ul>\n<p>Noskatieties video par doTERRA Roam difuzoru.<\/p>\n<p><iframe title=\"\u2122 Viesabon\u0113\u0161anas difuzora instrukcija\" src=\"https:\/\/www.youtube.com\/embed\/0SQvIzeb7R8\" width=\"946\" height=\"532\" frameborder=\"0\" allowfullscreen=\"allowfullscreen\"><\/iframe><\/p>\n","protected":false},"excerpt":{"rendered":"<ul>\n<li>Atbild\u012bgi un ilgtsp\u0113j\u012bgi izgatavoti no p\u0101rstr\u0101d\u0101tiem materi\u0101liem<\/li>\n<li>Bezvadu un akumulatora ener\u0123ijas opcijas (iek\u013cautas akumulatora uzl\u0101des stacij\u0101)<\/li>\n<li>Ietver gan nep\u0101rtrauktu, gan periodisku (5 min\u016btes ON, 5 min\u016btes OFF) iztvaiko\u0161anu<\/li>\n<\/ul>\n","protected":false},"featured_media":11626,"template":"","meta":{"site-sidebar-layout":"default","site-content-layout":"default","ast-site-content-layout":"default","site-content-style":"default","site-sidebar-style":"default","ast-global-header-display":"","ast-banner-title-visibility":"","ast-main-header-display":"","ast-hfb-above-header-display":"","ast-hfb-below-header-display":"","ast-hfb-mobile-header-display":"","site-post-title":"","ast-breadcrumbs-content":"","ast-featured-img":"","footer-sml-layout":"","ast-disable-related-posts":"","theme-transparent-header-meta":"default","adv-header-id-meta":"","stick-header-meta":"","header-above-stick-meta":"","header-main-stick-meta":"","header-below-stick-meta":"","astra-migrate-meta-layouts":"default","ast-page-background-enabled":"default","ast-page-background-meta":{"desktop":{"background-color":"","background-image":"","background-repeat":"repeat","background-position":"center center","background-size":"auto","background-attachment":"scroll","background-type":"","background-media":"","overlay-type":"","overlay-color":"","overlay-opacity":"","overlay-gradient":""},"tablet":{"background-color":"","background-image":"","background-repeat":"repeat","background-position":"center center","background-size":"auto","background-attachment":"scroll","background-type":"","background-media":"","overlay-type":"","overlay-color":"","overlay-opacity":"","overlay-gradient":""},"mobile":{"background-color":"","background-image":"","background-repeat":"repeat","background-position":"center center","background-size":"auto","background-attachment":"scroll","background-type":"","background-media":"","overlay-type":"","overlay-color":"","overlay-opacity":"","overlay-gradient":""}},"ast-content-background-meta":{"desktop":{"background-color":"var(--ast-global-color-5)","background-image":"","background-repeat":"repeat","background-position":"center center","background-size":"auto","background-attachment":"scroll","background-type":"","background-media":"","overlay-type":"","overlay-color":"","overlay-opacity":"","overlay-gradient":""},"tablet":{"background-color":"var(--ast-global-color-5)","background-image":"","background-repeat":"repeat","background-position":"center center","background-size":"auto","background-attachment":"scroll","background-type":"","background-media":"","overlay-type":"","overlay-color":"","overlay-opacity":"","overlay-gradient":""},"mobile":{"background-color":"var(--ast-global-color-5)","background-image":"","background-repeat":"repeat","background-position":"center center","background-size":"auto","background-attachment":"scroll","background-type":"","background-media":"","overlay-type":"","overlay-color":"","overlay-opacity":"","overlay-gradient":""}}},"product_brand":[],"product_cat":[596],"product_tag":[630,633,629,993],"class_list":{"0":"post-16105","1":"product","2":"type-product","3":"status-publish","4":"has-post-thumbnail","6":"product_cat-difuzori","7":"product_tag-apudenosana","8":"product_tag-aromterapija","9":"product_tag-difuzors","10":"product_tag-roam-lv","11":"desktop-align-left","12":"tablet-align-left","13":"mobile-align-left","15":"first","16":"instock","17":"taxable","18":"shipping-taxable","19":"purchasable","20":"product-type-simple"},"_links":{"self":[{"href":"https:\/\/mamaterra.lt\/lv\/wp-json\/wp\/v2\/product\/16105","targetHints":{"allow":["GET"]}}],"collection":[{"href":"https:\/\/mamaterra.lt\/lv\/wp-json\/wp\/v2\/product"}],"about":[{"href":"https:\/\/mamaterra.lt\/lv\/wp-json\/wp\/v2\/types\/product"}],"wp:featuredmedia":[{"embeddable":true,"href":"https:\/\/mamaterra.lt\/lv\/wp-json\/wp\/v2\/media\/11626"}],"wp:attachment":[{"href":"https:\/\/mamaterra.lt\/lv\/wp-json\/wp\/v2\/media?parent=16105"}],"wp:term":[{"taxonomy":"product_brand","embeddable":true,"href":"https:\/\/mamaterra.lt\/lv\/wp-json\/wp\/v2\/product_brand?post=16105"},{"taxonomy":"product_cat","embeddable":true,"href":"https:\/\/mamaterra.lt\/lv\/wp-json\/wp\/v2\/product_cat?post=16105"},{"taxonomy":"product_tag","embeddable":true,"href":"https:\/\/mamaterra.lt\/lv\/wp-json\/wp\/v2\/product_tag?post=16105"}],"curies":[{"name":"wp","href":"https:\/\/api.w.org\/{rel}","templated":true}]}}