{"id":16104,"date":"2021-09-11T12:55:48","date_gmt":"2021-09-11T11:55:48","guid":{"rendered":"https:\/\/mamaterra.lt\/parduotuve\/uncategorized\/eterisko-ellu-kolekcija-berniem-doterra-kids-collection-7-dazadas-doterra-eteriskas-ellas-pa-10ml-katra\/"},"modified":"2021-09-11T12:55:48","modified_gmt":"2021-09-11T11:55:48","slug":"eterisko-ellu-kolekcija-kids-doterra-kids-collection-7-different-doterra-essential-oils-x-10ml","status":"publish","type":"product","link":"https:\/\/mamaterra.lt\/lv\/parduotuve\/eteriskas-ellas\/eterisko-ellu-maisijumi\/eterisko-ellu-kolekcija-kids-doterra-kids-collection-7-different-doterra-essential-oils-x-10ml\/","title":{"rendered":"\u0112terisko e\u013c\u013cu kolekcija b\u0113rniem &#8211; doTERRA KIDS COLLECTION (7 da\u017e\u0101das doTERRA \u0113terisk\u0101s e\u013c\u013cas pa 10ml katr\u0101)"},"content":{"rendered":"<p><strong>\u0112terisko e\u013c\u013cu kolekcija b\u0113rniem (doTERRA KIDS COLLECTION)<\/strong><\/p>\n<p>7 da\u017e\u0101das doTERRA \u0113terisk\u0101s e\u013c\u013cas pa 10ml<\/p>\n<p>&nbsp;<\/p>\n<p><strong>\u0112terisko e\u013c\u013cu kolekcija b\u0113rniem (doTERRA KIDS COLLECTION) Apraksts<\/strong><\/p>\n<p>Neatkar\u012bgi no t\u0101, vai esat pieredz\u0113jis \u0113terisko e\u013c\u013cu lietot\u0101js vai tikai s\u0101kat par t\u0101m interes\u0113ties, kolekcija DoTERRA Kids Collection for Kids ir visaptvero\u0161s un lieto\u0161anai gatavs \u0113terisko e\u013c\u013cu r\u012bks visam \u0137ermenim, kas \u013cauj vec\u0101kiem un apr\u016bp\u0113t\u0101jiem ar p\u0101rliec\u012bbu r\u016bp\u0113ties par saviem mazajiem.<\/p>\n<p>\u0160ie \u0113terisko e\u013c\u013cu mais\u012bjumi ir \u012bpa\u0161i izstr\u0101d\u0101ti pr\u0101ta, organismu un emociju att\u012bst\u012b\u0161anai, un tiem ir rakstur\u012bgas unik\u0101las l\u012bdzsvarotas kombin\u0101cijas, kas ir \u0101rk\u0101rt\u012bgi efekt\u012bvas, bet saudz\u012bgas pret jut\u012bgu \u0101du.<\/p>\n<p><strong>\u0112terisko e\u013c\u013cu kolekcija b\u0113rniem (doTERRA KIDS COLLECTION) sast\u0101v no:<\/strong><\/p>\n<ul>\n<li>Septi\u0146as pudeles \u0113terisko e\u013c\u013cu un to mais\u012bjumu ar lod\u012b\u0161u aplikatoru 10 ml tilpum\u0101 (doTERRA Brave\u2122 doTERRA Calmer\u2122 doTERRA Gl\u0101b\u0113js\u2122 doTERRA Steady\u2122 doTERRA Stronger doTERRA Tamer\u2122 doTERRA Thinker\u2122\u2122)<\/li>\n<li>Septi\u0146i silikona v\u0101ci\u0146i ar karab\u012bn\u0113m<\/li>\n<li>Ilustr\u0113tas inform\u0101cijas kart\u012btes<\/li>\n<\/ul>\n<p>&nbsp;<\/p>\n<p>Noskatieties video par doTERRA \u0113terisko e\u013c\u013cu kolekcion\u0101ru b\u0113rniem.<\/p>\n<p><iframe title=\"\u0112terisk\u0101s e\u013c\u013cas b\u0113rniem - doTERRA's Kid \u0113terisko e\u013c\u013cu kolekcija\" src=\"https:\/\/www.youtube.com\/embed\/Gs5ujev4va8\" width=\"946\" height=\"532\" frameborder=\"0\" allowfullscreen=\"allowfullscreen\"><\/iframe><\/p>\n","protected":false},"excerpt":{"rendered":"<ul>\n<li>Septi\u0146as pudeles \u0113terisko e\u013c\u013cu un to mais\u012bjumu ar lod\u012b\u0161u aplikatoru 10 ml tilpum\u0101 (doTERRA Brave\u2122 doTERRA Calmer\u2122 doTERRA Gl\u0101b\u0113js\u2122 doTERRA Steady\u2122 doTERRA Stronger doTERRA Tamer\u2122 doTERRA Thinker\u2122\u2122)<\/li>\n<li>Septi\u0146i silikona v\u0101ci\u0146i ar karab\u012bn\u0113m<\/li>\n<li>Ilustr\u0113tas inform\u0101cijas kart\u012btes<\/li>\n<\/ul>\n","protected":false},"featured_media":11616,"template":"","meta":{"site-sidebar-layout":"default","site-content-layout":"default","ast-site-content-layout":"default","site-content-style":"default","site-sidebar-style":"default","ast-global-header-display":"","ast-banner-title-visibility":"","ast-main-header-display":"","ast-hfb-above-header-display":"","ast-hfb-below-header-display":"","ast-hfb-mobile-header-display":"","site-post-title":"","ast-breadcrumbs-content":"","ast-featured-img":"","footer-sml-layout":"","ast-disable-related-posts":"","theme-transparent-header-meta":"default","adv-header-id-meta":"","stick-header-meta":"","header-above-stick-meta":"","header-main-stick-meta":"","header-below-stick-meta":"","astra-migrate-meta-layouts":"default","ast-page-background-enabled":"default","ast-page-background-meta":{"desktop":{"background-color":"","background-image":"","background-repeat":"repeat","background-position":"center center","background-size":"auto","background-attachment":"scroll","background-type":"","background-media":"","overlay-type":"","overlay-color":"","overlay-opacity":"","overlay-gradient":""},"tablet":{"background-color":"","background-image":"","background-repeat":"repeat","background-position":"center center","background-size":"auto","background-attachment":"scroll","background-type":"","background-media":"","overlay-type":"","overlay-color":"","overlay-opacity":"","overlay-gradient":""},"mobile":{"background-color":"","background-image":"","background-repeat":"repeat","background-position":"center center","background-size":"auto","background-attachment":"scroll","background-type":"","background-media":"","overlay-type":"","overlay-color":"","overlay-opacity":"","overlay-gradient":""}},"ast-content-background-meta":{"desktop":{"background-color":"var(--ast-global-color-5)","background-image":"","background-repeat":"repeat","background-position":"center center","background-size":"auto","background-attachment":"scroll","background-type":"","background-media":"","overlay-type":"","overlay-color":"","overlay-opacity":"","overlay-gradient":""},"tablet":{"background-color":"var(--ast-global-color-5)","background-image":"","background-repeat":"repeat","background-position":"center center","background-size":"auto","background-attachment":"scroll","background-type":"","background-media":"","overlay-type":"","overlay-color":"","overlay-opacity":"","overlay-gradient":""},"mobile":{"background-color":"var(--ast-global-color-5)","background-image":"","background-repeat":"repeat","background-position":"center center","background-size":"auto","background-attachment":"scroll","background-type":"","background-media":"","overlay-type":"","overlay-color":"","overlay-opacity":"","overlay-gradient":""}}},"product_brand":[],"product_cat":[619,600,601,603],"product_tag":[680,654,1336,1326,632,635,649,669,991,959,961,965,925],"class_list":{"0":"post-16104","1":"product","2":"type-product","3":"status-publish","4":"has-post-thumbnail","6":"product_cat-berniem","7":"product_cat-eteriskas-ellas","8":"product_cat-eterisko-ellu-maisijumi","9":"product_cat-komplekti-un-kolekcijas","10":"product_tag-10ml-lv","11":"product_tag-berniem","12":"product_tag-brave-lv","13":"product_tag-calmer-lv","14":"product_tag-eterisko-ellu-maisijumi","15":"product_tag-kolekcijas","16":"product_tag-komplekti","17":"product_tag-komplekts","18":"product_tag-rescuer-lv","19":"product_tag-steady-lv","20":"product_tag-stronger-lv-2","21":"product_tag-tamer-lv","22":"product_tag-thinker-lv","23":"desktop-align-left","24":"tablet-align-left","25":"mobile-align-left","27":"first","28":"instock","29":"taxable","30":"shipping-taxable","31":"purchasable","32":"product-type-simple"},"_links":{"self":[{"href":"https:\/\/mamaterra.lt\/lv\/wp-json\/wp\/v2\/product\/16104","targetHints":{"allow":["GET"]}}],"collection":[{"href":"https:\/\/mamaterra.lt\/lv\/wp-json\/wp\/v2\/product"}],"about":[{"href":"https:\/\/mamaterra.lt\/lv\/wp-json\/wp\/v2\/types\/product"}],"wp:featuredmedia":[{"embeddable":true,"href":"https:\/\/mamaterra.lt\/lv\/wp-json\/wp\/v2\/media\/11616"}],"wp:attachment":[{"href":"https:\/\/mamaterra.lt\/lv\/wp-json\/wp\/v2\/media?parent=16104"}],"wp:term":[{"taxonomy":"product_brand","embeddable":true,"href":"https:\/\/mamaterra.lt\/lv\/wp-json\/wp\/v2\/product_brand?post=16104"},{"taxonomy":"product_cat","embeddable":true,"href":"https:\/\/mamaterra.lt\/lv\/wp-json\/wp\/v2\/product_cat?post=16104"},{"taxonomy":"product_tag","embeddable":true,"href":"https:\/\/mamaterra.lt\/lv\/wp-json\/wp\/v2\/product_tag?post=16104"}],"curies":[{"name":"wp","href":"https:\/\/api.w.org\/{rel}","templated":true}]}}