{"id":16097,"date":"2021-09-08T10:03:06","date_gmt":"2021-09-08T09:03:06","guid":{"rendered":"https:\/\/mamaterra.lt\/parduotuve\/uncategorized\/doterra-uz-aizsargu-zobu-pastas-paraugiem-10-pacinas-pa-2g\/"},"modified":"2021-09-08T10:03:06","modified_gmt":"2021-09-08T09:03:06","slug":"doterra-on-guard-tooth-paste-10-iepakojumi-x-2g","status":"publish","type":"product","link":"https:\/\/mamaterra.lt\/lv\/parduotuve\/on-guard-produktiem\/doterra-on-guard-tooth-paste-10-iepakojumi-x-2g\/","title":{"rendered":"doTERRA uz aizsargu zobu pastas paraugiem (10 paci\u0146as pa 2g)"},"content":{"rendered":"<p>doTERRA On Guard zobu pastas Piem\u0113ri<\/p>\n<p>10 Paketes pa 2g<\/p>\n<p>&nbsp;<\/p>\n<p><strong>doTERRA On Guard\u00ae Dab\u012bg\u0101 balino\u0161\u0101 zobu pasta sast\u0101vs un visp\u0101r\u012bg\u0101s \u012bpa\u0161\u012bbas:<\/strong><\/p>\n<p>Vai zin\u0101j\u0101t, ka j\u016bsu \u0137ermenis izmanto kalcija hidroksiapat\u012btu, lai pal\u012bdz\u0113tu uztur\u0113t sp\u0113c\u012bgu zobu emalju? T\u0101p\u0113c doTERRA On Guard\u00ae dab\u012bg\u0101 balino\u0161\u0101 zobu pasta satur \u0161o svar\u012bgo miner\u0101lu.<\/p>\n<ul>\n<li>Sast\u0101v\u0101 eso\u0161\u0101s \u0113terisk\u0101s e\u013c\u013cas darbojas kop\u0101, lai not\u012br\u012btu zobus un atsvaidzin\u0101tu smar\u017eu. Zobu pasta apvieno patent\u0113t\u0101 doTERRA On Guard \u0113terisk\u0101s e\u013c\u013cas mais\u012bjuma priek\u0161roc\u012bbas ar ksil\u012btu un hidrat\u0113tu sil\u012bciju, lai pal\u012bdz\u0113tu t\u012br\u012bt zobus, samazin\u0101tu aplikumu un maigi balin\u0101tu zobus.<\/li>\n<li>Turkl\u0101t Myrrh \u0113terisk\u0101 e\u013c\u013ca nomierina mutes g\u013cot\u0101du, smaganas un kaklu, un piparm\u0113tra ar doTERRA On Guard mais\u012bjumu pie\u0161\u0137ir elpai kan\u0113\u013ca-piparm\u0113tru smar\u017eu.<\/li>\n<li>Regul\u0101ri lietojot \u0161o pastu, zobi b\u016bs veseli un smaids b\u016bs \u017eilbino\u0161i balts.<\/li>\n<\/ul>\n<p>&nbsp;<\/p>\n<p>Lai ieg\u016btu papildinform\u0101ciju par Guard dab\u012bg\u0101s zobu birstes pastu, skatiet t\u0101l\u0101k redzamo videoklipu.<\/p>\n<p><iframe title=\"P\u0101rveidota doTERRA On Guard\u00ae dab\u012bg\u0101 balino\u0161\u0101 zobu pasta\" src=\"https:\/\/www.youtube.com\/embed\/s-1v3-cLP5M\" width=\"946\" height=\"532\" frameborder=\"0\" allowfullscreen=\"allowfullscreen\" data-mce-fragment=\"1\"><\/iframe><\/p>\n<div id=\"gtx-trans\" style=\"position: absolute; left: 243px; top: 46px;\">\n<div class=\"gtx-trans-icon\"><\/div>\n<\/div>\n","protected":false},"excerpt":{"rendered":"<ul>\n<li>Sast\u0101v\u0101 eso\u0161\u0101s \u0113terisk\u0101s e\u013c\u013cas darbojas kop\u0101, lai not\u012br\u012btu zobus un atsvaidzin\u0101tu smar\u017eu<\/li>\n<li>doTERRA On Guard\u00ae dab\u012bgo balino\u0161o zobu pastu<\/li>\n<li>Regul\u0101ri lietojot \u0161o pastu, j\u016bsu zobi b\u016bs veseli un smaids \u017eilbino\u0161i balts<\/li>\n<\/ul>\n","protected":false},"featured_media":11594,"template":"","meta":{"site-sidebar-layout":"default","site-content-layout":"default","ast-site-content-layout":"default","site-content-style":"default","site-sidebar-style":"default","ast-global-header-display":"","ast-banner-title-visibility":"","ast-main-header-display":"","ast-hfb-above-header-display":"","ast-hfb-below-header-display":"","ast-hfb-mobile-header-display":"","site-post-title":"","ast-breadcrumbs-content":"","ast-featured-img":"","footer-sml-layout":"","ast-disable-related-posts":"","theme-transparent-header-meta":"default","adv-header-id-meta":"","stick-header-meta":"","header-above-stick-meta":"","header-main-stick-meta":"","header-below-stick-meta":"","astra-migrate-meta-layouts":"default","ast-page-background-enabled":"default","ast-page-background-meta":{"desktop":{"background-color":"","background-image":"","background-repeat":"repeat","background-position":"center center","background-size":"auto","background-attachment":"scroll","background-type":"","background-media":"","overlay-type":"","overlay-color":"","overlay-opacity":"","overlay-gradient":""},"tablet":{"background-color":"","background-image":"","background-repeat":"repeat","background-position":"center center","background-size":"auto","background-attachment":"scroll","background-type":"","background-media":"","overlay-type":"","overlay-color":"","overlay-opacity":"","overlay-gradient":""},"mobile":{"background-color":"","background-image":"","background-repeat":"repeat","background-position":"center center","background-size":"auto","background-attachment":"scroll","background-type":"","background-media":"","overlay-type":"","overlay-color":"","overlay-opacity":"","overlay-gradient":""}},"ast-content-background-meta":{"desktop":{"background-color":"var(--ast-global-color-5)","background-image":"","background-repeat":"repeat","background-position":"center center","background-size":"auto","background-attachment":"scroll","background-type":"","background-media":"","overlay-type":"","overlay-color":"","overlay-opacity":"","overlay-gradient":""},"tablet":{"background-color":"var(--ast-global-color-5)","background-image":"","background-repeat":"repeat","background-position":"center center","background-size":"auto","background-attachment":"scroll","background-type":"","background-media":"","overlay-type":"","overlay-color":"","overlay-opacity":"","overlay-gradient":""},"mobile":{"background-color":"var(--ast-global-color-5)","background-image":"","background-repeat":"repeat","background-position":"center center","background-size":"auto","background-attachment":"scroll","background-type":"","background-media":"","overlay-type":"","overlay-color":"","overlay-opacity":"","overlay-gradient":""}}},"product_brand":[],"product_cat":[616],"product_tag":[675,1440,628],"class_list":{"0":"post-16097","1":"product","2":"type-product","3":"status-publish","4":"has-post-thumbnail","6":"product_cat-on-guard-produktiem","7":"product_tag-2g-lv","8":"product_tag-on-guard-lv","9":"product_tag-zobu-pasta","10":"desktop-align-left","11":"tablet-align-left","12":"mobile-align-left","14":"first","15":"instock","16":"taxable","17":"shipping-taxable","18":"purchasable","19":"product-type-simple"},"_links":{"self":[{"href":"https:\/\/mamaterra.lt\/lv\/wp-json\/wp\/v2\/product\/16097","targetHints":{"allow":["GET"]}}],"collection":[{"href":"https:\/\/mamaterra.lt\/lv\/wp-json\/wp\/v2\/product"}],"about":[{"href":"https:\/\/mamaterra.lt\/lv\/wp-json\/wp\/v2\/types\/product"}],"wp:featuredmedia":[{"embeddable":true,"href":"https:\/\/mamaterra.lt\/lv\/wp-json\/wp\/v2\/media\/11594"}],"wp:attachment":[{"href":"https:\/\/mamaterra.lt\/lv\/wp-json\/wp\/v2\/media?parent=16097"}],"wp:term":[{"taxonomy":"product_brand","embeddable":true,"href":"https:\/\/mamaterra.lt\/lv\/wp-json\/wp\/v2\/product_brand?post=16097"},{"taxonomy":"product_cat","embeddable":true,"href":"https:\/\/mamaterra.lt\/lv\/wp-json\/wp\/v2\/product_cat?post=16097"},{"taxonomy":"product_tag","embeddable":true,"href":"https:\/\/mamaterra.lt\/lv\/wp-json\/wp\/v2\/product_tag?post=16097"}],"curies":[{"name":"wp","href":"https:\/\/api.w.org\/{rel}","templated":true}]}}