{"id":16094,"date":"2021-09-08T10:17:35","date_gmt":"2021-09-08T09:17:35","guid":{"rendered":"https:\/\/mamaterra.lt\/parduotuve\/uncategorized\/doterra-uz-aizsarga-velas-mazgasanas-lidzekla-947ml\/"},"modified":"2021-09-08T10:17:35","modified_gmt":"2021-09-08T09:17:35","slug":"doterra-on-guard-velas-mazgasanas-lidzeklis-947ml","status":"publish","type":"product","link":"https:\/\/mamaterra.lt\/lv\/parduotuve\/on-guard-produktiem\/doterra-on-guard-velas-mazgasanas-lidzeklis-947ml\/","title":{"rendered":"doTERRA uz aizsarga\u00ae ve\u013cas mazg\u0101\u0161anas l\u012bdzek\u013ca 947ml"},"content":{"rendered":"<p><strong>doTERRA uz aizsarga\u00ae ve\u013cas mazg\u0101\u0161anas l\u012bdzek\u013ca  <\/strong><\/p>\n<p>947 ml<\/p>\n<p>&nbsp;<\/p>\n<p><strong>doTERRA uz apsardzes\u00ae ve\u013cas mazg\u0101\u0161anas l\u012bdzek\u013ca Visp\u0101r\u012bg\u0101s \u012bpa\u0161\u012bbas:<\/strong><\/p>\n<ul>\n<li>doTERRA On Guard\u00ae ve\u013cas mazg\u0101\u0161anas l\u012bdzeklis ir lielisks l\u012bdzeklis ve\u013cas mazg\u0101\u0161anai j\u016bsu m\u0101j\u0101s<\/li>\n<li>Mazg\u0101\u0161anas l\u012bdzeklis ir \u013coti stiprs un izskalo pat liel\u0101kos un neizturam\u0101kos traipus<\/li>\n<li>\u013boti \u0113rti lietojams<\/li>\n<\/ul>\n<p>&nbsp;<\/p>\n<p>Noskatieties video par ve\u013cas mazg\u0101\u0161anas l\u012bdzekli doTERRA On Guard.<\/p>\n<p><iframe title=\"Drausm\u012bgas doTERRA ve\u013cas mazg\u0101\u0161anas l\u012bdzek\u013ca priek\u0161roc\u012bbas un izmanto\u0161ana\" src=\"https:\/\/www.youtube.com\/embed\/7OArbjaBQl4\" width=\"946\" height=\"532\" frameborder=\"0\" allowfullscreen=\"allowfullscreen\"><\/iframe><\/p>\n","protected":false},"excerpt":{"rendered":"<ul>\n<li>doTERRA On Guard\u00ae ve\u013cas mazg\u0101\u0161anas l\u012bdzeklis ir lielisks l\u012bdzeklis ve\u013cas mazg\u0101\u0161anai j\u016bsu m\u0101j\u0101s<\/li>\n<li>Mazg\u0101\u0161anas l\u012bdzeklis ir \u013coti stiprs un izskalo pat liel\u0101kos un neizturam\u0101kos traipus<\/li>\n<li>\u013boti \u0113rti lietojams<\/li>\n<\/ul>\n","protected":false},"featured_media":11598,"template":"","meta":{"site-sidebar-layout":"default","site-content-layout":"default","ast-site-content-layout":"default","site-content-style":"default","site-sidebar-style":"default","ast-global-header-display":"","ast-banner-title-visibility":"","ast-main-header-display":"","ast-hfb-above-header-display":"","ast-hfb-below-header-display":"","ast-hfb-mobile-header-display":"","site-post-title":"","ast-breadcrumbs-content":"","ast-featured-img":"","footer-sml-layout":"","ast-disable-related-posts":"","theme-transparent-header-meta":"default","adv-header-id-meta":"","stick-header-meta":"","header-above-stick-meta":"","header-main-stick-meta":"","header-below-stick-meta":"","astra-migrate-meta-layouts":"default","ast-page-background-enabled":"default","ast-page-background-meta":{"desktop":{"background-color":"","background-image":"","background-repeat":"repeat","background-position":"center center","background-size":"auto","background-attachment":"scroll","background-type":"","background-media":"","overlay-type":"","overlay-color":"","overlay-opacity":"","overlay-gradient":""},"tablet":{"background-color":"","background-image":"","background-repeat":"repeat","background-position":"center center","background-size":"auto","background-attachment":"scroll","background-type":"","background-media":"","overlay-type":"","overlay-color":"","overlay-opacity":"","overlay-gradient":""},"mobile":{"background-color":"","background-image":"","background-repeat":"repeat","background-position":"center center","background-size":"auto","background-attachment":"scroll","background-type":"","background-media":"","overlay-type":"","overlay-color":"","overlay-opacity":"","overlay-gradient":""}},"ast-content-background-meta":{"desktop":{"background-color":"var(--ast-global-color-5)","background-image":"","background-repeat":"repeat","background-position":"center center","background-size":"auto","background-attachment":"scroll","background-type":"","background-media":"","overlay-type":"","overlay-color":"","overlay-opacity":"","overlay-gradient":""},"tablet":{"background-color":"var(--ast-global-color-5)","background-image":"","background-repeat":"repeat","background-position":"center center","background-size":"auto","background-attachment":"scroll","background-type":"","background-media":"","overlay-type":"","overlay-color":"","overlay-opacity":"","overlay-gradient":""},"mobile":{"background-color":"var(--ast-global-color-5)","background-image":"","background-repeat":"repeat","background-position":"center center","background-size":"auto","background-attachment":"scroll","background-type":"","background-media":"","overlay-type":"","overlay-color":"","overlay-opacity":"","overlay-gradient":""}}},"product_brand":[],"product_cat":[616],"product_tag":[856,1440,651],"class_list":{"0":"post-16094","1":"product","2":"type-product","3":"status-publish","4":"has-post-thumbnail","6":"product_cat-on-guard-produktiem","7":"product_tag-947ml-lv","8":"product_tag-on-guard-lv","9":"product_tag-velas-mazgasanas-lidzeklis","10":"desktop-align-left","11":"tablet-align-left","12":"mobile-align-left","14":"first","15":"outofstock","16":"sale","17":"taxable","18":"shipping-taxable","19":"purchasable","20":"product-type-simple"},"_links":{"self":[{"href":"https:\/\/mamaterra.lt\/lv\/wp-json\/wp\/v2\/product\/16094","targetHints":{"allow":["GET"]}}],"collection":[{"href":"https:\/\/mamaterra.lt\/lv\/wp-json\/wp\/v2\/product"}],"about":[{"href":"https:\/\/mamaterra.lt\/lv\/wp-json\/wp\/v2\/types\/product"}],"wp:featuredmedia":[{"embeddable":true,"href":"https:\/\/mamaterra.lt\/lv\/wp-json\/wp\/v2\/media\/11598"}],"wp:attachment":[{"href":"https:\/\/mamaterra.lt\/lv\/wp-json\/wp\/v2\/media?parent=16094"}],"wp:term":[{"taxonomy":"product_brand","embeddable":true,"href":"https:\/\/mamaterra.lt\/lv\/wp-json\/wp\/v2\/product_brand?post=16094"},{"taxonomy":"product_cat","embeddable":true,"href":"https:\/\/mamaterra.lt\/lv\/wp-json\/wp\/v2\/product_cat?post=16094"},{"taxonomy":"product_tag","embeddable":true,"href":"https:\/\/mamaterra.lt\/lv\/wp-json\/wp\/v2\/product_tag?post=16094"}],"curies":[{"name":"wp","href":"https:\/\/api.w.org\/{rel}","templated":true}]}}