{"id":16093,"date":"2021-09-11T12:59:13","date_gmt":"2021-09-11T11:59:13","guid":{"rendered":"https:\/\/mamaterra.lt\/parduotuve\/uncategorized\/doterra-calmer-relaksacijai-uzmundrinoss-eterisko-ellu-maisijums-10ml\/"},"modified":"2021-09-11T12:59:13","modified_gmt":"2021-09-11T11:59:13","slug":"doterra-mierigaka-eteriska-ella-mistika-maisijums-10ml","status":"publish","type":"product","link":"https:\/\/mamaterra.lt\/lv\/parduotuve\/eteriskas-ellas\/eterisko-ellu-maisijumi\/doterra-mierigaka-eteriska-ella-mistika-maisijums-10ml\/","title":{"rendered":"doTERRA Calmer\u2122 relaks\u0101cijai Uzmundrino\u0161s \u0113terisko e\u013c\u013cu mais\u012bjums 10ml"},"content":{"rendered":"<p><strong>doTERRA Calmer\u2122 relaks\u0101cijai Uzmundrino\u0161s \u0113terisko e\u013c\u013cu mais\u012bjums<\/strong><\/p>\n<p>10 ml pudele ar lod\u012b\u0161u aplikatoru<\/p>\n<p>&nbsp;<\/p>\n<p><strong>doTERRA Calmer\u2122 relaks\u0101cija Uzmundrino\u0161s \u0113terisko e\u013c\u013cu mais\u012bjums Visp\u0101r\u012bg\u0101s \u012bpa\u0161\u012bbas:<\/strong><\/p>\n<ul>\n<li>Lavandas, kanangas, viltus santalkoka un rom\u0101nikas kumel\u012b\u0161u \u0113terisk\u0101s e\u013c\u013cas frakcion\u0113t\u0101 kokosriekstu e\u013c\u013c\u0101<\/li>\n<li>Calmer, mais\u012bjums, kas uzmundrina atp\u016btu, rada nomierino\u0161u atmosf\u0113ru un pal\u012bdz p\u0101rv\u0113rst sagatavo\u0161anos miegam mier\u012bg\u0101 un pat\u012bkam\u0101 pieredz\u0113.<\/li>\n<li>Pirms gul\u0113tie\u0161anas uzkl\u0101jiet uz plaukstas loc\u012btav\u0101m, kakla un zol\u0113m<\/li>\n<li>Pal\u012bdz nomierin\u0101ties un rada pozit\u012bvu relaks\u0101cijas noska\u0146u<\/li>\n<\/ul>\n<p>&nbsp;<\/p>\n<p>Noskatieties video par doTERRA Calmer\u2122 \u0113terisko e\u013c\u013cu mais\u012bjumu.<\/p>\n<p><iframe title=\"doTERRA jaunais mier\u012bgais mais\u012bjums b\u0113rniem\" src=\"https:\/\/www.youtube.com\/embed\/vd9KjK7-8OQ\" width=\"946\" height=\"532\" frameborder=\"0\" allowfullscreen=\"allowfullscreen\"><\/iframe><\/p>\n","protected":false},"excerpt":{"rendered":"<ul>\n<li>Lavandas, kanangas, viltus santalkoka un rom\u0101nikas kumel\u012b\u0161u \u0113terisk\u0101s e\u013c\u013cas frakcion\u0113t\u0101 kokosriekstu e\u013c\u013c\u0101<\/li>\n<li>Pirms gul\u0113tie\u0161anas uzkl\u0101jiet uz plaukstas loc\u012btav\u0101m, kakla un zol\u0113m<\/li>\n<li>Pal\u012bdz nomierin\u0101ties un rada pozit\u012bvu relaks\u0101cijas noska\u0146u<\/li>\n<\/ul>\n","protected":false},"featured_media":11618,"template":"","meta":{"site-sidebar-layout":"default","site-content-layout":"default","ast-site-content-layout":"default","site-content-style":"default","site-sidebar-style":"default","ast-global-header-display":"","ast-banner-title-visibility":"","ast-main-header-display":"","ast-hfb-above-header-display":"","ast-hfb-below-header-display":"","ast-hfb-mobile-header-display":"","site-post-title":"","ast-breadcrumbs-content":"","ast-featured-img":"","footer-sml-layout":"","ast-disable-related-posts":"","theme-transparent-header-meta":"default","adv-header-id-meta":"","stick-header-meta":"","header-above-stick-meta":"","header-main-stick-meta":"","header-below-stick-meta":"","astra-migrate-meta-layouts":"default","ast-page-background-enabled":"default","ast-page-background-meta":{"desktop":{"background-color":"","background-image":"","background-repeat":"repeat","background-position":"center center","background-size":"auto","background-attachment":"scroll","background-type":"","background-media":"","overlay-type":"","overlay-color":"","overlay-opacity":"","overlay-gradient":""},"tablet":{"background-color":"","background-image":"","background-repeat":"repeat","background-position":"center center","background-size":"auto","background-attachment":"scroll","background-type":"","background-media":"","overlay-type":"","overlay-color":"","overlay-opacity":"","overlay-gradient":""},"mobile":{"background-color":"","background-image":"","background-repeat":"repeat","background-position":"center center","background-size":"auto","background-attachment":"scroll","background-type":"","background-media":"","overlay-type":"","overlay-color":"","overlay-opacity":"","overlay-gradient":""}},"ast-content-background-meta":{"desktop":{"background-color":"var(--ast-global-color-5)","background-image":"","background-repeat":"repeat","background-position":"center center","background-size":"auto","background-attachment":"scroll","background-type":"","background-media":"","overlay-type":"","overlay-color":"","overlay-opacity":"","overlay-gradient":""},"tablet":{"background-color":"var(--ast-global-color-5)","background-image":"","background-repeat":"repeat","background-position":"center center","background-size":"auto","background-attachment":"scroll","background-type":"","background-media":"","overlay-type":"","overlay-color":"","overlay-opacity":"","overlay-gradient":""},"mobile":{"background-color":"var(--ast-global-color-5)","background-image":"","background-repeat":"repeat","background-position":"center center","background-size":"auto","background-attachment":"scroll","background-type":"","background-media":"","overlay-type":"","overlay-color":"","overlay-opacity":"","overlay-gradient":""}}},"product_brand":[],"product_cat":[619,600,601,613,618],"product_tag":[682,654,1326,632],"class_list":{"0":"post-16093","1":"product","2":"type-product","3":"status-publish","4":"has-post-thumbnail","6":"product_cat-berniem","7":"product_cat-eteriskas-ellas","8":"product_cat-eterisko-ellu-maisijumi","9":"product_cat-miegam","10":"product_cat-nomierinosas","11":"product_tag-10-ml-lv","12":"product_tag-berniem","13":"product_tag-calmer-lv","14":"product_tag-eterisko-ellu-maisijumi","15":"desktop-align-left","16":"tablet-align-left","17":"mobile-align-left","19":"first","20":"instock","21":"taxable","22":"shipping-taxable","23":"purchasable","24":"product-type-simple"},"_links":{"self":[{"href":"https:\/\/mamaterra.lt\/lv\/wp-json\/wp\/v2\/product\/16093","targetHints":{"allow":["GET"]}}],"collection":[{"href":"https:\/\/mamaterra.lt\/lv\/wp-json\/wp\/v2\/product"}],"about":[{"href":"https:\/\/mamaterra.lt\/lv\/wp-json\/wp\/v2\/types\/product"}],"wp:featuredmedia":[{"embeddable":true,"href":"https:\/\/mamaterra.lt\/lv\/wp-json\/wp\/v2\/media\/11618"}],"wp:attachment":[{"href":"https:\/\/mamaterra.lt\/lv\/wp-json\/wp\/v2\/media?parent=16093"}],"wp:term":[{"taxonomy":"product_brand","embeddable":true,"href":"https:\/\/mamaterra.lt\/lv\/wp-json\/wp\/v2\/product_brand?post=16093"},{"taxonomy":"product_cat","embeddable":true,"href":"https:\/\/mamaterra.lt\/lv\/wp-json\/wp\/v2\/product_cat?post=16093"},{"taxonomy":"product_tag","embeddable":true,"href":"https:\/\/mamaterra.lt\/lv\/wp-json\/wp\/v2\/product_tag?post=16093"}],"curies":[{"name":"wp","href":"https:\/\/api.w.org\/{rel}","templated":true}]}}