{"id":16091,"date":"2021-09-10T19:00:15","date_gmt":"2021-09-10T18:00:15","guid":{"rendered":"https:\/\/mamaterra.lt\/parduotuve\/uncategorized\/doterra-matu-un-kermena-sampuns-tirisanas-lidzeklis-zidainiem-295ml\/"},"modified":"2021-09-10T19:00:15","modified_gmt":"2021-09-10T18:00:15","slug":"doterra-matu-un-kermena-sampuns-tirisanas-lidzeklis-zidainiem-295ml","status":"publish","type":"product","link":"https:\/\/mamaterra.lt\/lv\/parduotuve\/higiena-un-adas-kopsana\/doterra-matu-un-kermena-sampuns-tirisanas-lidzeklis-zidainiem-295ml\/","title":{"rendered":"doTERRA matu un \u0137erme\u0146a \u0161amp\u016bns &#8211; t\u012br\u012b\u0161anas l\u012bdzeklis z\u012bdai\u0146iem 295ml"},"content":{"rendered":"<p><strong>doTERRA matu un \u0137erme\u0146a \u0161amp\u016bns &#8211; t\u012br\u012b\u0161anas l\u012bdzeklis z\u012bdai\u0146iem<\/strong><\/p>\n<p>295ml<\/p>\n<p>&nbsp;<\/p>\n<p><strong>doTERRA \u0161amp\u016bns &#8211; t\u012br\u012b\u0161anas l\u012bdzeklis z\u012bdai\u0146iem Visp\u0101r\u012bg\u0101s \u012bpa\u0161\u012bbas:<\/strong><\/p>\n<ul>\n<li>Satur nomierino\u0161u vani\u013cas ekstrakta mais\u012bjumu ar CPTG lavandas un romie\u0161u kumel\u012b\u0161u \u0113teriskaj\u0101m e\u013c\u013c\u0101m.<\/li>\n<li>Neapstr\u0101d\u0101tam Austrum\u0101frikas Muyao \u0161\u012b sviestam ir unik\u0101la tauksk\u0101be, kas atbalsta mazu\u013ca m\u012bksto \u0101du.<\/li>\n<li>Vienk\u0101r\u0161as, dab\u012bgas sast\u0101vda\u013cas att\u012bra, nep\u0101rk\u0101pjot \u0101das dabisko l\u012bdzsvaru.<\/li>\n<li>Kl\u012bniski p\u0101rbaud\u012bts bez asar\u0101m<\/li>\n<\/ul>\n<p><strong>doTERRA \u0161amp\u016bns &#8211; t\u012br\u012b\u0161anas l\u012bdzeklis z\u012bdai\u0146iem Sast\u0101vs:<\/strong><\/p>\n<p><span lang=\"lt\">\u016adens (Aqua), n\u0101trija laurilglikoz\u012bdi Hidroksipropilsulfon\u0101ts, kaprils\/kaprillija glikoz\u012bds, Pyrus malus (\u0101bolu) aug\u013cu ekstrakts, Butyrospermum parkii (shea) sviests, Lavandula angustifolia (lavandas) e\u013c\u013ca, Anthemis nobilis (romie\u0161u kumel\u012btes) ziedu e\u013c\u013ca Aug\u013cu ekstrakts, glicer\u012bns, kaprihidroksam\u012bnsk\u0101be, n\u0101trija fit\u0101ts, fenetilspirts, n\u0101trija hlor\u012bds, citronsk\u0101be<\/span><\/p>\n<p><strong>doTERRA \u0161amp\u016bns &#8211; t\u012br\u012b\u0161anas l\u012bdzeklis z\u012bdai\u0146iem Lieto\u0161anas instrukcija:<\/strong><\/p>\n<ul>\n<li><span class=\"Y2IQFc\" lang=\"lt\">Ar da\u017eiem klik\u0161\u0137iem no \u0113rta dozatora pa\u0146emiet mazg\u0101\u0161anas l\u012bdzekli rok\u0101s un uzkl\u0101jiet uz matiem un \u0137erme\u0146a. Ziepes un r\u016bp\u012bgi izskalojiet.<\/span><\/li>\n<li><span class=\"Y2IQFc\" lang=\"lt\">  Pietiekami saudz\u012bgs ikdienas lieto\u0161anai.<\/span><\/li>\n<li>Izmantojot doterra b\u0113rnu matu un \u0137erme\u0146a t\u012br\u012b\u0161anas l\u012bdzekli ar \u0113rtu un viegli lietojamu s\u016bkni, peld\u0113\u0161an\u0101s b\u016bs vienk\u0101r\u0161a un vienk\u0101r\u0161a, t\u0101p\u0113c jums b\u016bs vair\u0101k laika, lai izklaid\u0113tos ar savu<br \/>\nmazi b\u0113rni vannas istab\u0101.<\/li>\n<\/ul>\n<p>&nbsp;<\/p>\n<p>Vair\u0101k par \u0161o produktu.<\/p>\n<p><iframe title=\"doTERRA Baby matu un \u0137erme\u0146a mazg\u0101\u0161anas l\u012bdzeklis un auti\u0146biks\u012b\u0161u izsitumu kr\u0113ms (tulkoti subtitri)\" src=\"https:\/\/www.youtube.com\/embed\/SHz00H7pwL0\" width=\"946\" height=\"532\" frameborder=\"0\" allowfullscreen=\"allowfullscreen\"><\/iframe><\/p>\n","protected":false},"excerpt":{"rendered":"<ul>\n<li>doTERRA b\u0113rnu matu un \u0137erme\u0146a t\u012br\u012b\u0161anas l\u012bdzeklis ir dro\u0161s un efekt\u012bvs veids, k\u0101 mazg\u0101t mazuli no galvas l\u012bdz k\u0101j\u0101m<\/li>\n<li>\u0160is putojo\u0161ais mazg\u0101\u0161anas l\u012bdzeklis bez asar\u0101m apvieno vienk\u0101r\u0161as, maigas sast\u0101vda\u013cas, kas baro un mitrina pat p\u0113c mazg\u0101\u0161anas<\/li>\n<li>Nomierino\u0161s vani\u013cas ekstrakta mais\u012bjums ar CPTG \u2122 lavandas un romie\u0161u kumel\u012b\u0161u \u0113teriskaj\u0101m e\u013c\u013c\u0101m z\u012bdai\u0146iem, maziem b\u0113rniem un pat lieliem b\u0113rniem pie\u0161\u0137ir vieglu, jaundzimu\u0161u smar\u017eu<\/li>\n<\/ul>\n","protected":false},"featured_media":11665,"template":"","meta":{"site-sidebar-layout":"default","site-content-layout":"default","ast-site-content-layout":"default","site-content-style":"default","site-sidebar-style":"default","ast-global-header-display":"","ast-banner-title-visibility":"","ast-main-header-display":"","ast-hfb-above-header-display":"","ast-hfb-below-header-display":"","ast-hfb-mobile-header-display":"","site-post-title":"","ast-breadcrumbs-content":"","ast-featured-img":"","footer-sml-layout":"","ast-disable-related-posts":"","theme-transparent-header-meta":"default","adv-header-id-meta":"","stick-header-meta":"","header-above-stick-meta":"","header-main-stick-meta":"","header-below-stick-meta":"","astra-migrate-meta-layouts":"default","ast-page-background-enabled":"default","ast-page-background-meta":{"desktop":{"background-color":"","background-image":"","background-repeat":"repeat","background-position":"center center","background-size":"auto","background-attachment":"scroll","background-type":"","background-media":"","overlay-type":"","overlay-color":"","overlay-opacity":"","overlay-gradient":""},"tablet":{"background-color":"","background-image":"","background-repeat":"repeat","background-position":"center center","background-size":"auto","background-attachment":"scroll","background-type":"","background-media":"","overlay-type":"","overlay-color":"","overlay-opacity":"","overlay-gradient":""},"mobile":{"background-color":"","background-image":"","background-repeat":"repeat","background-position":"center center","background-size":"auto","background-attachment":"scroll","background-type":"","background-media":"","overlay-type":"","overlay-color":"","overlay-opacity":"","overlay-gradient":""}},"ast-content-background-meta":{"desktop":{"background-color":"var(--ast-global-color-5)","background-image":"","background-repeat":"repeat","background-position":"center center","background-size":"auto","background-attachment":"scroll","background-type":"","background-media":"","overlay-type":"","overlay-color":"","overlay-opacity":"","overlay-gradient":""},"tablet":{"background-color":"var(--ast-global-color-5)","background-image":"","background-repeat":"repeat","background-position":"center center","background-size":"auto","background-attachment":"scroll","background-type":"","background-media":"","overlay-type":"","overlay-color":"","overlay-opacity":"","overlay-gradient":""},"mobile":{"background-color":"var(--ast-global-color-5)","background-image":"","background-repeat":"repeat","background-position":"center center","background-size":"auto","background-attachment":"scroll","background-type":"","background-media":"","overlay-type":"","overlay-color":"","overlay-opacity":"","overlay-gradient":""}}},"product_brand":[],"product_cat":[619,604],"product_tag":[836,644,673],"class_list":{"0":"post-16091","1":"product","2":"type-product","3":"status-publish","4":"has-post-thumbnail","6":"product_cat-berniem","7":"product_cat-higiena-un-adas-kopsana","8":"product_tag-295ml-lv","9":"product_tag-mazgasanas-lidzeklis","10":"product_tag-sampuns","11":"desktop-align-left","12":"tablet-align-left","13":"mobile-align-left","15":"first","16":"instock","17":"taxable","18":"shipping-taxable","19":"purchasable","20":"product-type-simple"},"_links":{"self":[{"href":"https:\/\/mamaterra.lt\/lv\/wp-json\/wp\/v2\/product\/16091","targetHints":{"allow":["GET"]}}],"collection":[{"href":"https:\/\/mamaterra.lt\/lv\/wp-json\/wp\/v2\/product"}],"about":[{"href":"https:\/\/mamaterra.lt\/lv\/wp-json\/wp\/v2\/types\/product"}],"wp:featuredmedia":[{"embeddable":true,"href":"https:\/\/mamaterra.lt\/lv\/wp-json\/wp\/v2\/media\/11665"}],"wp:attachment":[{"href":"https:\/\/mamaterra.lt\/lv\/wp-json\/wp\/v2\/media?parent=16091"}],"wp:term":[{"taxonomy":"product_brand","embeddable":true,"href":"https:\/\/mamaterra.lt\/lv\/wp-json\/wp\/v2\/product_brand?post=16091"},{"taxonomy":"product_cat","embeddable":true,"href":"https:\/\/mamaterra.lt\/lv\/wp-json\/wp\/v2\/product_cat?post=16091"},{"taxonomy":"product_tag","embeddable":true,"href":"https:\/\/mamaterra.lt\/lv\/wp-json\/wp\/v2\/product_tag?post=16091"}],"curies":[{"name":"wp","href":"https:\/\/api.w.org\/{rel}","templated":true}]}}