{"id":16087,"date":"2021-09-09T18:42:21","date_gmt":"2021-09-09T17:42:21","guid":{"rendered":"https:\/\/mamaterra.lt\/parduotuve\/uncategorized\/doterra-deep-blue-rub-ziede-muskuliem-diskomforta-sajuta-locitavam-120ml\/"},"modified":"2021-09-09T18:42:21","modified_gmt":"2021-09-09T17:42:21","slug":"doterra-deep-blue-rub-for-ziede-muskulu-diskomforts-120ml","status":"publish","type":"product","link":"https:\/\/mamaterra.lt\/lv\/parduotuve\/eteriskas-ellas\/eterisko-ellu-maisijumi\/doterra-deep-blue-rub-for-ziede-muskulu-diskomforts-120ml\/","title":{"rendered":"doTERRA Deep Blue\u00ae Rub ziede musku\u013ciem, diskomforta saj\u016bta loc\u012btav\u0101m 120ml"},"content":{"rendered":"<p><strong>doTERRA dzi\u013ci zila berz\u0113t ziede musku\u013ciem, diskomforta\u00ae saj\u016bta loc\u012btav\u0101s<\/strong><\/p>\n<p>120ml<\/p>\n<p>&nbsp;<\/p>\n<p><strong>doTERRA dzi\u013ci zila\u00ae berz\u0113t ziedi Visp\u0101r\u012bg\u0101s funkcijas:<\/strong><\/p>\n<ul>\n<li>doTERRA Deep Blue Rub ir \u0101r\u0113ji lietojams kr\u0113ms, kas satur 5 ml Deep Blue nomierino\u0161\u0101 CPTG\u00ae \u0113terisko e\u013c\u013cu mais\u012bjuma.<\/li>\n<li>Deep Blue Rub, kas izveidots, izmantojot patent\u0113tu dabisko augu ekstraktu un citu sp\u0113c\u012bgu sast\u0101vda\u013cu mais\u012bjumu, nodro\u0161ina nomierino\u0161u dzes\u0113\u0161anas un siltuma saj\u016btu problem\u0101tiskaj\u0101s zon\u0101s.<\/li>\n<li>Deep Blue ir sajaukts ar mitrino\u0161iem m\u012bkstino\u0161iem l\u012bdzek\u013ciem, kas atst\u0101j \u0101du maigu un bez e\u013c\u013cas. \u0160\u012b ir mas\u0101\u017eas terapeitu un sportistu izv\u0113le, kuri \u0161obr\u012bd sav\u0101 praks\u0113 izmanto \u0113terisko e\u013c\u013cu mais\u012bjumu doTERRA Deep Blue.<\/li>\n<\/ul>\n<p><strong>doTERRA Deep Blue\u00ae Rub ziedes sast\u0101vda\u013cas:<\/strong><\/p>\n<p>Izgatavots no doTERRA vislab\u0101k p\u0101rdot\u0101 Deep Blue \u0113terisko e\u013c\u013cu mais\u012bjuma, kur\u0101 ietilpst br\u016bklenes (Wintergreen), kampars, piparm\u0113tra, kuces (Blue Tansy), v\u0101cu kumel\u012bte, lode (Helichrysum), smar\u017e\u012bg\u0101 Kananga (Ylang Ylang) un Osmanthus.<\/p>\n<p>&nbsp;<\/p>\n<p>Noskatieties video par doTERRA Deep Blue Rub ziedi.<\/p>\n<p><iframe title=\"K\u0101 lietot doTERRA Deep Blue Rub | D\u017eo\u0161ua Z\u0101\u0123eris\" src=\"https:\/\/www.youtube.com\/embed\/kPnU5NG8aXE\" width=\"946\" height=\"532\" frameborder=\"0\" allowfullscreen=\"allowfullscreen\"><\/iframe><\/p>\n","protected":false},"excerpt":{"rendered":"<ul>\n<li>doTERRA Deep Blue Rub ir \u0101r\u0113ji lietojams kr\u0113ms, kas satur 5 ml Deep Blue nomierino\u0161\u0101 CPTG\u00ae \u0113terisko e\u013c\u013cu mais\u012bjuma<\/li>\n<li>Deep Blue Rub, kas izveidots, izmantojot patent\u0113tu dabisko augu ekstraktu un citu sp\u0113c\u012bgu sast\u0101vda\u013cu mais\u012bjumu, nodro\u0161ina nomierino\u0161u dzes\u0113\u0161anas un siltuma saj\u016btu problem\u0101tiskaj\u0101s zon\u0101s<\/li>\n<li>Deep Blue ziedes pamat\u0101 ir mitrino\u0161i m\u012bkstino\u0161i l\u012bdzek\u013ci, kas atst\u0101j \u0101du maigu un bez e\u013c\u013cas. T\u0101 ir mas\u0101\u017eas terapeitu un sportistu izv\u0113le, kuri \u0161obr\u012bd to pla\u0161i izmanto sav\u0101 praks\u0113<\/li>\n<\/ul>\n","protected":false},"featured_media":25678,"template":"","meta":{"site-sidebar-layout":"default","site-content-layout":"default","ast-site-content-layout":"default","site-content-style":"default","site-sidebar-style":"default","ast-global-header-display":"","ast-banner-title-visibility":"","ast-main-header-display":"","ast-hfb-above-header-display":"","ast-hfb-below-header-display":"","ast-hfb-mobile-header-display":"","site-post-title":"","ast-breadcrumbs-content":"","ast-featured-img":"","footer-sml-layout":"","ast-disable-related-posts":"","theme-transparent-header-meta":"default","adv-header-id-meta":"","stick-header-meta":"","header-above-stick-meta":"","header-main-stick-meta":"","header-below-stick-meta":"","astra-migrate-meta-layouts":"default","ast-page-background-enabled":"default","ast-page-background-meta":{"desktop":{"background-color":"","background-image":"","background-repeat":"repeat","background-position":"center center","background-size":"auto","background-attachment":"scroll","background-type":"","background-media":"","overlay-type":"","overlay-color":"","overlay-opacity":"","overlay-gradient":""},"tablet":{"background-color":"","background-image":"","background-repeat":"repeat","background-position":"center center","background-size":"auto","background-attachment":"scroll","background-type":"","background-media":"","overlay-type":"","overlay-color":"","overlay-opacity":"","overlay-gradient":""},"mobile":{"background-color":"","background-image":"","background-repeat":"repeat","background-position":"center center","background-size":"auto","background-attachment":"scroll","background-type":"","background-media":"","overlay-type":"","overlay-color":"","overlay-opacity":"","overlay-gradient":""}},"ast-content-background-meta":{"desktop":{"background-color":"var(--ast-global-color-5)","background-image":"","background-repeat":"repeat","background-position":"center center","background-size":"auto","background-attachment":"scroll","background-type":"","background-media":"","overlay-type":"","overlay-color":"","overlay-opacity":"","overlay-gradient":""},"tablet":{"background-color":"var(--ast-global-color-5)","background-image":"","background-repeat":"repeat","background-position":"center center","background-size":"auto","background-attachment":"scroll","background-type":"","background-media":"","overlay-type":"","overlay-color":"","overlay-opacity":"","overlay-gradient":""},"mobile":{"background-color":"var(--ast-global-color-5)","background-image":"","background-repeat":"repeat","background-position":"center center","background-size":"auto","background-attachment":"scroll","background-type":"","background-media":"","overlay-type":"","overlay-color":"","overlay-opacity":"","overlay-gradient":""}}},"product_brand":[],"product_cat":[597,599,595,600,601,612],"product_tag":[779,1506,643,653],"class_list":{"0":"post-16087","1":"product","2":"type-product","3":"status-publish","4":"has-post-thumbnail","6":"product_cat-davanas","7":"product_cat-davanas-viriesiem","8":"product_cat-deep-blue-preces","9":"product_cat-eteriskas-ellas","10":"product_cat-eterisko-ellu-maisijumi","11":"product_cat-masazai","12":"product_tag-120ml-lv","13":"product_tag-deep-blue-lv","14":"product_tag-populars","15":"product_tag-smerviela","16":"desktop-align-left","17":"tablet-align-left","18":"mobile-align-left","20":"first","21":"instock","22":"sale","23":"taxable","24":"shipping-taxable","25":"purchasable","26":"product-type-simple"},"_links":{"self":[{"href":"https:\/\/mamaterra.lt\/lv\/wp-json\/wp\/v2\/product\/16087","targetHints":{"allow":["GET"]}}],"collection":[{"href":"https:\/\/mamaterra.lt\/lv\/wp-json\/wp\/v2\/product"}],"about":[{"href":"https:\/\/mamaterra.lt\/lv\/wp-json\/wp\/v2\/types\/product"}],"wp:featuredmedia":[{"embeddable":true,"href":"https:\/\/mamaterra.lt\/lv\/wp-json\/wp\/v2\/media\/25678"}],"wp:attachment":[{"href":"https:\/\/mamaterra.lt\/lv\/wp-json\/wp\/v2\/media?parent=16087"}],"wp:term":[{"taxonomy":"product_brand","embeddable":true,"href":"https:\/\/mamaterra.lt\/lv\/wp-json\/wp\/v2\/product_brand?post=16087"},{"taxonomy":"product_cat","embeddable":true,"href":"https:\/\/mamaterra.lt\/lv\/wp-json\/wp\/v2\/product_cat?post=16087"},{"taxonomy":"product_tag","embeddable":true,"href":"https:\/\/mamaterra.lt\/lv\/wp-json\/wp\/v2\/product_tag?post=16087"}],"curies":[{"name":"wp","href":"https:\/\/api.w.org\/{rel}","templated":true}]}}