{"id":16084,"date":"2021-09-08T10:07:45","date_gmt":"2021-09-08T09:07:45","guid":{"rendered":"https:\/\/mamaterra.lt\/parduotuve\/uncategorized\/doterra-on-guard-mutes-skalojamais-lidzeklis-473ml\/"},"modified":"2021-09-08T10:07:45","modified_gmt":"2021-09-08T09:07:45","slug":"doterra-on-guard-mutes-skalosana-skidrums-473ml","status":"publish","type":"product","link":"https:\/\/mamaterra.lt\/lv\/parduotuve\/eteriskas-ellas\/eterisko-ellu-maisijumi\/doterra-on-guard-mutes-skalosana-skidrums-473ml\/","title":{"rendered":"doTERRA On Guard \u2122 mutes skalojamais l\u012bdzeklis 473ml"},"content":{"rendered":"<p><strong>doTERRA Par aizsargl\u012bdzekli \u2122 mutes skalo\u0161anai<\/strong><\/p>\n<p>473ml<\/p>\n<p>&nbsp;<\/p>\n<p>M\u0113s bie\u017ei mekl\u0113jam produktus, kas ir dro\u0161i sev un m\u016bsu \u0123imenei. DoTERRA On Guard mutes skalojamais l\u012bdzeklis tika izstr\u0101d\u0101ts, paturot to pr\u0101t\u0101. Efekt\u012bvai mutes skalo\u0161anai tiek izmantotas tikai lab\u0101k\u0101s sast\u0101vda\u013cas, izmantojot \u0113terisko e\u013c\u013cu mais\u012bjuma doTERRA On Guard priek\u0161roc\u012bbas m\u016bsu ikdienas dz\u012bv\u0113. doTERRA On Guard mutes skalojamo l\u012bdzekli tagad var izmantot k\u0101 ikdienas l\u012bdzekli mutes dobuma higi\u0113nas uztur\u0113\u0161anai.<\/p>\n<p>doTERRA On Guard mutes skalojamais l\u012bdzeklis ir bez alkohola un paredz\u0113ts zobu un smaganu t\u012br\u012b\u0161anai un pal\u012bdz veicin\u0101t mutes visp\u0101r\u0113jo vesel\u012bgo integrit\u0101ti. Atsvaidzino\u0161ais doTERRA On Guard \u0113terisko e\u013c\u013cu mais\u012bjums pie\u0161\u0137ir svaigu smar\u017eu un smaidu. Sp\u0113c\u012bgas patent\u0113t\u0101 CPTG \u2122 \u0113terisko e\u013c\u013cu mais\u012bjuma kombin\u0101cijas no savva\u013cas apels\u012bniem, krustnagli\u0146\u0101m, kan\u0113\u013ca, eikalipta, rozmar\u012bna un mirres un cit\u0101m dab\u012bg\u0101m sast\u0101vda\u013c\u0101m veicina vesel\u012bgas mutes integrit\u0101tes saglab\u0101\u0161anu. Miswak ekstrakts pal\u012bdz atdz\u012bvin\u0101t elpo\u0161anu un uztur\u0113t zobus t\u012brus, samazinot p\u0101rm\u0113r\u012bgu aplikuma veido\u0161anos, un ksil\u012bts pal\u012bdz saglab\u0101t zobu integrit\u0101ti. Pievienojiet mutes skalojamo l\u012bdzekli doTERRA On Guard mutes dobuma higi\u0113nas rut\u012bnai, papildus parastajai birstei un diego\u0161anas diegiem, lai saglab\u0101tu vesel\u012bgu mutes dobuma integrit\u0101ti un ilgsto\u0161u svaigu elpu.<\/p>\n<p>&nbsp;<\/p>\n<p>Noskatieties video par doTERRA On Guard mutes skalojamo l\u012bdzekli.<\/p>\n<p><iframe title=\"doTERRA jaunais mutes skalojamais l\u012bdzeklis\" src=\"https:\/\/www.youtube.com\/embed\/OdFEL1oZ6Hc\" width=\"946\" height=\"532\" frameborder=\"0\" allowfullscreen=\"allowfullscreen\"><\/iframe><\/p>\n","protected":false},"excerpt":{"rendered":"<ul>\n<li>doTERRA On Guard mutes skalojamais l\u012bdzeklis ir bez alkohola un paredz\u0113ts zobu un smaganu t\u012br\u012b\u0161anai un pal\u012bdz veicin\u0101t mutes visp\u0101r\u0113jo vesel\u012bgo integrit\u0101ti<\/li>\n<li>Atsvaidzino\u0161s doTERRA On Guard \u0113terisko e\u013c\u013cu mais\u012bjums pie\u0161\u0137ir svaigu smar\u017eu un smaidu<\/li>\n<li>Sp\u0113c\u012bgas patent\u0113tas CPTG \u2122 \u0113terisko e\u013c\u013cu mais\u012bjuma kombin\u0101cijas no savva\u013cas apels\u012bniem, krustnagli\u0146\u0101m, kan\u0113\u013ca, eikalipta, rozmar\u012bna un mirres un cit\u0101m dab\u012bg\u0101m sast\u0101vda\u013c\u0101m veicina vesel\u012bgu mutes integrit\u0101ti<\/li>\n<\/ul>\n","protected":false},"featured_media":11596,"template":"","meta":{"site-sidebar-layout":"default","site-content-layout":"default","ast-site-content-layout":"default","site-content-style":"default","site-sidebar-style":"default","ast-global-header-display":"","ast-banner-title-visibility":"","ast-main-header-display":"","ast-hfb-above-header-display":"","ast-hfb-below-header-display":"","ast-hfb-mobile-header-display":"","site-post-title":"","ast-breadcrumbs-content":"","ast-featured-img":"","footer-sml-layout":"","ast-disable-related-posts":"","theme-transparent-header-meta":"default","adv-header-id-meta":"","stick-header-meta":"","header-above-stick-meta":"","header-main-stick-meta":"","header-below-stick-meta":"","astra-migrate-meta-layouts":"default","ast-page-background-enabled":"default","ast-page-background-meta":{"desktop":{"background-color":"","background-image":"","background-repeat":"repeat","background-position":"center center","background-size":"auto","background-attachment":"scroll","background-type":"","background-media":"","overlay-type":"","overlay-color":"","overlay-opacity":"","overlay-gradient":""},"tablet":{"background-color":"","background-image":"","background-repeat":"repeat","background-position":"center center","background-size":"auto","background-attachment":"scroll","background-type":"","background-media":"","overlay-type":"","overlay-color":"","overlay-opacity":"","overlay-gradient":""},"mobile":{"background-color":"","background-image":"","background-repeat":"repeat","background-position":"center center","background-size":"auto","background-attachment":"scroll","background-type":"","background-media":"","overlay-type":"","overlay-color":"","overlay-opacity":"","overlay-gradient":""}},"ast-content-background-meta":{"desktop":{"background-color":"var(--ast-global-color-5)","background-image":"","background-repeat":"repeat","background-position":"center center","background-size":"auto","background-attachment":"scroll","background-type":"","background-media":"","overlay-type":"","overlay-color":"","overlay-opacity":"","overlay-gradient":""},"tablet":{"background-color":"var(--ast-global-color-5)","background-image":"","background-repeat":"repeat","background-position":"center center","background-size":"auto","background-attachment":"scroll","background-type":"","background-media":"","overlay-type":"","overlay-color":"","overlay-opacity":"","overlay-gradient":""},"mobile":{"background-color":"var(--ast-global-color-5)","background-image":"","background-repeat":"repeat","background-position":"center center","background-size":"auto","background-attachment":"scroll","background-type":"","background-media":"","overlay-type":"","overlay-color":"","overlay-opacity":"","overlay-gradient":""}}},"product_brand":[],"product_cat":[601,604,616],"product_tag":[849,626,1440],"class_list":{"0":"post-16084","1":"product","2":"type-product","3":"status-publish","4":"has-post-thumbnail","6":"product_cat-eterisko-ellu-maisijumi","7":"product_cat-higiena-un-adas-kopsana","8":"product_cat-on-guard-produktiem","9":"product_tag-473-ml-lv","10":"product_tag-mutes-skalojamais-lidzeklis","11":"product_tag-on-guard-lv","12":"desktop-align-left","13":"tablet-align-left","14":"mobile-align-left","16":"first","17":"instock","18":"sale","19":"taxable","20":"shipping-taxable","21":"purchasable","22":"product-type-simple"},"_links":{"self":[{"href":"https:\/\/mamaterra.lt\/lv\/wp-json\/wp\/v2\/product\/16084","targetHints":{"allow":["GET"]}}],"collection":[{"href":"https:\/\/mamaterra.lt\/lv\/wp-json\/wp\/v2\/product"}],"about":[{"href":"https:\/\/mamaterra.lt\/lv\/wp-json\/wp\/v2\/types\/product"}],"wp:featuredmedia":[{"embeddable":true,"href":"https:\/\/mamaterra.lt\/lv\/wp-json\/wp\/v2\/media\/11596"}],"wp:attachment":[{"href":"https:\/\/mamaterra.lt\/lv\/wp-json\/wp\/v2\/media?parent=16084"}],"wp:term":[{"taxonomy":"product_brand","embeddable":true,"href":"https:\/\/mamaterra.lt\/lv\/wp-json\/wp\/v2\/product_brand?post=16084"},{"taxonomy":"product_cat","embeddable":true,"href":"https:\/\/mamaterra.lt\/lv\/wp-json\/wp\/v2\/product_cat?post=16084"},{"taxonomy":"product_tag","embeddable":true,"href":"https:\/\/mamaterra.lt\/lv\/wp-json\/wp\/v2\/product_tag?post=16084"}],"curies":[{"name":"wp","href":"https:\/\/api.w.org\/{rel}","templated":true}]}}