{"id":16066,"date":"2021-09-08T10:19:27","date_gmt":"2021-09-08T09:19:27","guid":{"rendered":"https:\/\/mamaterra.lt\/parduotuve\/uncategorized\/doterra-uz-aizsargu-tirisanas-koncentrata-tiraka-koncentrata-355ml\/"},"modified":"2021-09-08T10:19:27","modified_gmt":"2021-09-08T09:19:27","slug":"doterra-on-guard-cleansing-koncentrats-tiritajs-koncentrats-355ml","status":"publish","type":"product","link":"https:\/\/mamaterra.lt\/lv\/parduotuve\/on-guard-produktiem\/doterra-on-guard-cleansing-koncentrats-tiritajs-koncentrats-355ml\/","title":{"rendered":"doTERRA uz aizsargu\u00ae t\u012br\u012b\u0161anas koncentr\u0101ta (t\u012br\u0101ka koncentr\u0101ta) 355ml"},"content":{"rendered":"<p><strong>doTERRA uz aizsargu\u00ae t\u012br\u012b\u0161anas koncentr\u0101ta<\/strong><\/p>\n<p>355 ml<\/p>\n<p>&nbsp;<\/p>\n<p><strong>doTERRA uz aizsargu\u00ae t\u012br\u012b\u0161anas koncentr\u0101ta Visp\u0101r\u012bg\u0101s \u012bpa\u0161\u012bbas un sast\u0101vda\u013cas:<\/strong><\/p>\n<ul>\n<li>doTERRA On Guard t\u012br\u012b\u0161anas koncentr\u0101ts ir ide\u0101ls dabisks t\u012br\u012b\u0161anas l\u012bdzeklis. Tas ir bag\u0101tin\u0101ts ar patent\u0113tu aizsardz\u012bbas mais\u012bjumu doTERRA On Guard no savva\u013cas apels\u012bnu, krustnagli\u0146u, kan\u0113\u013ca, eikalipta un rozmar\u012bna CPTG\u00ae \u0113teriskaj\u0101m e\u013c\u013c\u0101m, kas nodro\u0161ina dabisku aizsardz\u012bbu pret noteiktiem vides faktoriem, vienlaikus palielinot visp\u0101r\u0113jo t\u012br\u012b\u0161anas iesp\u0113ju.<\/li>\n<li>\u0160is sp\u0113c\u012bgais \u0113terisko e\u013c\u013cu mais\u012bjums ir apvienots ar augu izcelsmes atvasin\u0101jumiem, kas ir netoksisks un biolo\u0123iski no\u0101rd\u0101ms veids, k\u0101 att\u012br\u012bt un nov\u0113rst smakas, padarot to dro\u0161u m\u012b\u013cajiem un videi.<\/li>\n<li>Daudzfunkcion\u0101lais doTERRA On Guard t\u012br\u012b\u0161anas koncentr\u0101ts ir lieliski piem\u0113rots profesion\u0101lai cietu virsmu t\u012br\u012b\u0161anai virtuv\u0113, vannas istab\u0101 vai jebkur\u0101 telp\u0101, atst\u0101jot t\u012bru un iecirt\u012bgu smar\u017eu.<\/li>\n<\/ul>\n<p>&nbsp;<\/p>\n<p>Noskatieties video par doTERRA uz aizsargu t\u012br\u012b\u0161anas koncentr\u0101ta.<\/p>\n<p><iframe title=\"doTERRA uz aizsargu\u00ae t\u012br\u012b\u0161anas koncentr\u0101ta\" src=\"https:\/\/www.youtube.com\/embed\/Wlb7HSu2Jww\" width=\"946\" height=\"532\" frameborder=\"0\" allowfullscreen=\"allowfullscreen\"><\/iframe><\/p>\n","protected":false},"excerpt":{"rendered":"<ul>\n<li>\u0160is sp\u0113c\u012bgais \u0113terisko e\u013c\u013cu mais\u012bjums ir apvienots ar augu izcelsmes atvasin\u0101jumiem, kas ir netoksisks un biolo\u0123iski no\u0101rd\u0101ms veids, k\u0101 att\u012br\u012bt un nov\u0113rst smakas, padarot to dro\u0161u tuviniekiem un videi<\/li>\n<li>Daudzfunkcion\u0101lais DoTERRA On Guard Cleansing Koncentraas ir lieliski piem\u0113rots profesion\u0101lai cietu virsmu t\u012br\u012b\u0161anai virtuv\u0113, vannas istab\u0101 vai jebkur\u0101 telp\u0101, atst\u0101jot t\u012bru un iecirt\u012bgu smar\u017eu<\/li>\n<\/ul>\n","protected":false},"featured_media":11599,"template":"","meta":{"site-sidebar-layout":"default","site-content-layout":"default","ast-site-content-layout":"default","site-content-style":"default","site-sidebar-style":"default","ast-global-header-display":"","ast-banner-title-visibility":"","ast-main-header-display":"","ast-hfb-above-header-display":"","ast-hfb-below-header-display":"","ast-hfb-mobile-header-display":"","site-post-title":"","ast-breadcrumbs-content":"","ast-featured-img":"","footer-sml-layout":"","ast-disable-related-posts":"","theme-transparent-header-meta":"default","adv-header-id-meta":"","stick-header-meta":"","header-above-stick-meta":"","header-main-stick-meta":"","header-below-stick-meta":"","astra-migrate-meta-layouts":"default","ast-page-background-enabled":"default","ast-page-background-meta":{"desktop":{"background-color":"","background-image":"","background-repeat":"repeat","background-position":"center center","background-size":"auto","background-attachment":"scroll","background-type":"","background-media":"","overlay-type":"","overlay-color":"","overlay-opacity":"","overlay-gradient":""},"tablet":{"background-color":"","background-image":"","background-repeat":"repeat","background-position":"center center","background-size":"auto","background-attachment":"scroll","background-type":"","background-media":"","overlay-type":"","overlay-color":"","overlay-opacity":"","overlay-gradient":""},"mobile":{"background-color":"","background-image":"","background-repeat":"repeat","background-position":"center center","background-size":"auto","background-attachment":"scroll","background-type":"","background-media":"","overlay-type":"","overlay-color":"","overlay-opacity":"","overlay-gradient":""}},"ast-content-background-meta":{"desktop":{"background-color":"var(--ast-global-color-5)","background-image":"","background-repeat":"repeat","background-position":"center center","background-size":"auto","background-attachment":"scroll","background-type":"","background-media":"","overlay-type":"","overlay-color":"","overlay-opacity":"","overlay-gradient":""},"tablet":{"background-color":"var(--ast-global-color-5)","background-image":"","background-repeat":"repeat","background-position":"center center","background-size":"auto","background-attachment":"scroll","background-type":"","background-media":"","overlay-type":"","overlay-color":"","overlay-opacity":"","overlay-gradient":""},"mobile":{"background-color":"var(--ast-global-color-5)","background-image":"","background-repeat":"repeat","background-position":"center center","background-size":"auto","background-attachment":"scroll","background-type":"","background-media":"","overlay-type":"","overlay-color":"","overlay-opacity":"","overlay-gradient":""}}},"product_brand":[],"product_cat":[616],"product_tag":[845,662,1440],"class_list":{"0":"post-16066","1":"product","2":"type-product","3":"status-publish","4":"has-post-thumbnail","6":"product_cat-on-guard-produktiem","7":"product_tag-355-ml-lv","8":"product_tag-koncentreties","9":"product_tag-on-guard-lv","10":"desktop-align-left","11":"tablet-align-left","12":"mobile-align-left","14":"first","15":"instock","16":"sale","17":"taxable","18":"shipping-taxable","19":"purchasable","20":"product-type-simple"},"_links":{"self":[{"href":"https:\/\/mamaterra.lt\/lv\/wp-json\/wp\/v2\/product\/16066","targetHints":{"allow":["GET"]}}],"collection":[{"href":"https:\/\/mamaterra.lt\/lv\/wp-json\/wp\/v2\/product"}],"about":[{"href":"https:\/\/mamaterra.lt\/lv\/wp-json\/wp\/v2\/types\/product"}],"wp:featuredmedia":[{"embeddable":true,"href":"https:\/\/mamaterra.lt\/lv\/wp-json\/wp\/v2\/media\/11599"}],"wp:attachment":[{"href":"https:\/\/mamaterra.lt\/lv\/wp-json\/wp\/v2\/media?parent=16066"}],"wp:term":[{"taxonomy":"product_brand","embeddable":true,"href":"https:\/\/mamaterra.lt\/lv\/wp-json\/wp\/v2\/product_brand?post=16066"},{"taxonomy":"product_cat","embeddable":true,"href":"https:\/\/mamaterra.lt\/lv\/wp-json\/wp\/v2\/product_cat?post=16066"},{"taxonomy":"product_tag","embeddable":true,"href":"https:\/\/mamaterra.lt\/lv\/wp-json\/wp\/v2\/product_tag?post=16066"}],"curies":[{"name":"wp","href":"https:\/\/api.w.org\/{rel}","templated":true}]}}