{"id":16065,"date":"2021-09-10T19:57:19","date_gmt":"2021-09-10T18:57:19","guid":{"rendered":"https:\/\/mamaterra.lt\/parduotuve\/uncategorized\/doterra-piedevas-kauliem-kaulu-baribas-vielu-muza-komplekss-60-kapsulas\/"},"modified":"2021-09-10T19:57:19","modified_gmt":"2021-09-10T18:57:19","slug":"doterra-piedevas-kaulu-baribas-vielu-kalposanas-laika-komplekss-60-kapsulas","status":"publish","type":"product","link":"https:\/\/mamaterra.lt\/lv\/parduotuve\/sievietem\/doterra-piedevas-kaulu-baribas-vielu-kalposanas-laika-komplekss-60-kapsulas\/","title":{"rendered":"doTERRA piedevas kauliem &#8211; kaulu bar\u012bbas vielu m\u016b\u017ea komplekss\u2122 (60 kapsulas)"},"content":{"rendered":"<p><strong>doTERRA bag\u0101tin\u0101t\u0101ji kauliem &#8211; kaulu bar\u012bbas vielu m\u016b\u017ea komplekss\u2122<\/strong><\/p>\n<p>60 kapsulas<\/p>\n<p>&nbsp;<\/p>\n<p>No agras b\u0113rn\u012bbas sievietes s\u0101k uzkr\u0101t kaulu masu, un maksim\u0101lais kaulu bl\u012bvums tiek sasniegts l\u012bdz divdesmit\u0101 gada beig\u0101m.<\/p>\n<p>\u0160ajos pirmajos kaulu att\u012bst\u012bbas gados \u013coti svar\u012bgs ir uzturs, kas bag\u0101ts ar b\u016btisk\u0101m kaulu uzturviel\u0101m, ta\u010du p\u0101rtikas p\u0113t\u012bjumi liecina, ka sievietes pat\u0113r\u0113 tikai pusi no ieteicam\u0101 kalcija un citu kaulu bar\u012bbas vielu daudzuma, kas nepiecie\u0161ams, lai nodro\u0161in\u0101tu optim\u0101lu kaulu vesel\u012bbu. \u0160is tr\u016bkums ir izteikts pusaud\u017eu meiten\u0113m, kur\u0101m ir maz\u0101ka iesp\u0113ja \u0113st pareizi, bet vi\u0146i tikai g\u016btu labumu no palielin\u0101ta bar\u012bbas vielu pat\u0113ri\u0146a no kauliem, jo vi\u0146u jaunie kauli absorb\u0113 bar\u012bbas vielas gandr\u012bz divreiz \u0101tr\u0101k.<\/p>\n<p>Sievietei novecojot, vesel\u012bgai kaulu masai un bl\u012bvumam ir arvien liel\u0101ka ietekme uz visp\u0101r\u0113jo vesel\u012bbu un dz\u012bves kvalit\u0101ti.<\/p>\n<p>Zin\u0101tnieki ir vienispr\u0101tis, ka pietiekams kalcija un D vitam\u012bna daudzums dz\u012bves laik\u0101, k\u0101 da\u013ca no sabalans\u0113ta uztura, var samazin\u0101t osteoporozes risku.<\/p>\n<p>Vesel\u012bbas strat\u0113\u0123ija visa m\u016b\u017ea garum\u0101.<\/p>\n<p><strong>doTERRA bag\u0101tin\u0101t\u0101ji kauliem &#8211; kaulu bar\u012bbas vielu m\u016b\u017ea komplekss Visp\u0101r\u012bg\u0101s\u2122 \u012bpa\u0161\u012bbas:<\/strong><\/p>\n<ul>\n<li>Nodro\u0161ina optim\u0101lu vitam\u012bnu un miner\u0101lvielu daudzumu, kas nepiecie\u0161ams vesel\u012bgas kaulu masas un bl\u012bvuma att\u012bst\u012bbai un uztur\u0113\u0161anai*<\/li>\n<li>Nodro\u0161ina 100 procentus no ieteicam\u0101s kalcija un magnija dienas devas<\/li>\n<li>Atbalsta veselus kaulus un visp\u0101r\u0113jo vesel\u012bbu vis\u0101 sievietes dz\u012bves laik\u0101*<\/li>\n<li>Patent\u0113ta augst\u0101k\u0101s kvalit\u0101tes kaulu bar\u012bbas elementu formula biolo\u0123iski pieejam\u0101s form\u0101s<\/li>\n<li>Satur d2 un D3 vitam\u012bnu, kas pal\u012bdz kauliem absorb\u0113t kalciju*<\/li>\n<li>Izgatavots no HPMC augu kapsul\u0101m bez n\u0101trija laurilsulf\u0101ta<\/li>\n<\/ul>\n<p><strong>doTERRA bag\u0101tin\u0101t\u0101ji kauliem &#8211; kaulu bar\u012bbas vielu m\u016b\u017ea\u2122 kompleksa lieto\u0161anas instrukcijas:<\/strong><\/p>\n<p>Pusaud\u017eu meitenes un pieaugu\u0161as sievietes (un v\u012brie\u0161i) \u0113\u0161anas laik\u0101 lieto 4 kapsulas dien\u0101.<\/p>\n<p>&nbsp;<\/p>\n<p>Skatieties video par doterra piedevu kompleksu kauliem.<\/p>\n<p><iframe title=\"K\u0101 lietot doTERRA kaulu bar\u012bbas vielu kompleksu\" src=\"https:\/\/www.youtube.com\/embed\/jqBBoCmTcOU\" width=\"946\" height=\"532\" frameborder=\"0\" allowfullscreen=\"allowfullscreen\"><\/iframe><\/p>\n","protected":false},"excerpt":{"rendered":"<ul>\n<li>doTERRA Women Bone Nutrient Essential Complex ir vitam\u012bnu un miner\u0101lvielu mais\u012bjums, kas ir b\u016btisks kaulu vesel\u012bbai sieviet\u0113m no pusaud\u017ea l\u012bdz menopauzei<\/li>\n<li>Kaulu uzturvielu b\u016btiskais komplekss satur biolo\u0123iski pieejamas dabisko uzturvielu formas, kas satur C un D vitam\u012bnus, k\u0101 ar\u012b kalciju, magniju un citus mikroelementus, kas atbalsta vesel\u012bgu kaulu bl\u012bvumu sieviet\u0113m<\/li>\n<li>Nodro\u0161ina optim\u0101lu vitam\u012bnu un miner\u0101lvielu daudzumu, kas nepiecie\u0161ams vesel\u012bgas kaulu masas un bl\u012bvuma att\u012bst\u012bbai un uztur\u0113\u0161anai*<\/li>\n<\/ul>\n","protected":false},"featured_media":11624,"template":"","meta":{"site-sidebar-layout":"default","site-content-layout":"default","ast-site-content-layout":"default","site-content-style":"default","site-sidebar-style":"default","ast-global-header-display":"","ast-banner-title-visibility":"","ast-main-header-display":"","ast-hfb-above-header-display":"","ast-hfb-below-header-display":"","ast-hfb-mobile-header-display":"","site-post-title":"","ast-breadcrumbs-content":"","ast-featured-img":"","footer-sml-layout":"","ast-disable-related-posts":"","theme-transparent-header-meta":"default","adv-header-id-meta":"","stick-header-meta":"","header-above-stick-meta":"","header-main-stick-meta":"","header-below-stick-meta":"","astra-migrate-meta-layouts":"default","ast-page-background-enabled":"default","ast-page-background-meta":{"desktop":{"background-color":"","background-image":"","background-repeat":"repeat","background-position":"center center","background-size":"auto","background-attachment":"scroll","background-type":"","background-media":"","overlay-type":"","overlay-color":"","overlay-opacity":"","overlay-gradient":""},"tablet":{"background-color":"","background-image":"","background-repeat":"repeat","background-position":"center center","background-size":"auto","background-attachment":"scroll","background-type":"","background-media":"","overlay-type":"","overlay-color":"","overlay-opacity":"","overlay-gradient":""},"mobile":{"background-color":"","background-image":"","background-repeat":"repeat","background-position":"center center","background-size":"auto","background-attachment":"scroll","background-type":"","background-media":"","overlay-type":"","overlay-color":"","overlay-opacity":"","overlay-gradient":""}},"ast-content-background-meta":{"desktop":{"background-color":"var(--ast-global-color-5)","background-image":"","background-repeat":"repeat","background-position":"center center","background-size":"auto","background-attachment":"scroll","background-type":"","background-media":"","overlay-type":"","overlay-color":"","overlay-opacity":"","overlay-gradient":""},"tablet":{"background-color":"var(--ast-global-color-5)","background-image":"","background-repeat":"repeat","background-position":"center center","background-size":"auto","background-attachment":"scroll","background-type":"","background-media":"","overlay-type":"","overlay-color":"","overlay-opacity":"","overlay-gradient":""},"mobile":{"background-color":"var(--ast-global-color-5)","background-image":"","background-repeat":"repeat","background-position":"center center","background-size":"auto","background-attachment":"scroll","background-type":"","background-media":"","overlay-type":"","overlay-color":"","overlay-opacity":"","overlay-gradient":""}}},"product_brand":[],"product_cat":[614],"product_tag":[634,642],"class_list":{"0":"post-16065","1":"product","2":"type-product","3":"status-publish","4":"has-post-thumbnail","6":"product_cat-sievietem","7":"product_tag-kapsulas","8":"product_tag-papildinajumi","9":"desktop-align-left","10":"tablet-align-left","11":"mobile-align-left","13":"first","14":"instock","15":"taxable","16":"shipping-taxable","17":"purchasable","18":"product-type-simple"},"_links":{"self":[{"href":"https:\/\/mamaterra.lt\/lv\/wp-json\/wp\/v2\/product\/16065","targetHints":{"allow":["GET"]}}],"collection":[{"href":"https:\/\/mamaterra.lt\/lv\/wp-json\/wp\/v2\/product"}],"about":[{"href":"https:\/\/mamaterra.lt\/lv\/wp-json\/wp\/v2\/types\/product"}],"wp:featuredmedia":[{"embeddable":true,"href":"https:\/\/mamaterra.lt\/lv\/wp-json\/wp\/v2\/media\/11624"}],"wp:attachment":[{"href":"https:\/\/mamaterra.lt\/lv\/wp-json\/wp\/v2\/media?parent=16065"}],"wp:term":[{"taxonomy":"product_brand","embeddable":true,"href":"https:\/\/mamaterra.lt\/lv\/wp-json\/wp\/v2\/product_brand?post=16065"},{"taxonomy":"product_cat","embeddable":true,"href":"https:\/\/mamaterra.lt\/lv\/wp-json\/wp\/v2\/product_cat?post=16065"},{"taxonomy":"product_tag","embeddable":true,"href":"https:\/\/mamaterra.lt\/lv\/wp-json\/wp\/v2\/product_tag?post=16065"}],"curies":[{"name":"wp","href":"https:\/\/api.w.org\/{rel}","templated":true}]}}