{"id":16062,"date":"2021-09-11T13:00:32","date_gmt":"2021-09-11T12:00:32","guid":{"rendered":"https:\/\/mamaterra.lt\/parduotuve\/uncategorized\/doterra-glabeja-sapju-mazinosais-eterisko-ellu-maisijums-10ml\/"},"modified":"2021-09-11T13:00:32","modified_gmt":"2021-09-11T12:00:32","slug":"doterra-glabejs-eteriskas-ellas-maisijums-10ml","status":"publish","type":"product","link":"https:\/\/mamaterra.lt\/lv\/parduotuve\/eteriskas-ellas\/eterisko-ellu-maisijumi\/doterra-glabejs-eteriskas-ellas-maisijums-10ml\/","title":{"rendered":"doTERRA gl\u0101b\u0113ja\u2122 s\u0101pju mazino\u0161ais \u0113terisko e\u013c\u013cu mais\u012bjums 10ml"},"content":{"rendered":"<p><strong>doTERRA gl\u0101b\u0113ja\u2122 s\u0101pju mazino\u0161ais \u0113terisko e\u013c\u013cu mais\u012bjums<\/strong><\/p>\n<p>10 ml pudele ar lod\u012b\u0161u aplikatoru<\/p>\n<p>&nbsp;<\/p>\n<p><strong>doTERRA gl\u0101b\u0113ja\u2122 s\u0101pju mazin\u0101\u0161ana \u0113terisko e\u013c\u013cu mais\u012bjuma lieto\u0161ana:<\/strong><\/p>\n<p>P\u0113c b\u0113g\u0161anas, l\u0113k\u0161anas un sp\u0113l\u0113\u0161an\u0101s uzkl\u0101jiet Gl\u0101b\u0113ja k\u0101jas, p\u0113das un muguru \u2013 tas nomierin\u0101s akt\u012bvo \u0137ermeni.<\/p>\n<p><strong>doTERRA gl\u0101b\u0113js\u2122 prets\u0101pju l\u012bdzeklis \u0113terisko e\u013c\u013cu mais\u012bjums Visp\u0101r\u012bg\u0101s \u012bpa\u0161\u012bbas:<\/strong><\/p>\n<ul>\n<li>Lavandas, \u0161\u0137\u0113pmet\u0113ju un koppicu \u0113terisk\u0101s e\u013c\u013cas frakcion\u0113t\u0101 kokosriekstu e\u013c\u013c\u0101<\/li>\n<li>Mas\u0113jiet augo\u0161\u0101s vai noguru\u0161\u0101s k\u0101jas, lai mazin\u0101tu spriedzi, ko j\u016btat<\/li>\n<li>Sniedz nomierino\u0161u un s\u0101pju mazino\u0161u atvieglojumu<\/li>\n<\/ul>\n<p>&nbsp;<\/p>\n<p>Noskatieties video par doTERRA gl\u0101b\u0113ja\u2122 \u0113terisko e\u013c\u013cu mais\u012bjumu.<\/p>\n<p><iframe title=\"doTERRA gl\u0101b\u0113js\" src=\"https:\/\/www.youtube.com\/embed\/Wnnticm1n60\" width=\"946\" height=\"532\" frameborder=\"0\" allowfullscreen=\"allowfullscreen\"><\/iframe><\/p>\n","protected":false},"excerpt":{"rendered":"<ul>\n<li>Lavandas, \u010dilli, kopala un o\u017eas \u0113terisk\u0101s e\u013c\u013cas frakcion\u0113t\u0101 kokosriekstu e\u013c\u013c\u0101<\/li>\n<li>Mas\u0113jiet augo\u0161\u0101s vai noguru\u0161\u0101s k\u0101jas, lai mazin\u0101tu spriedzi, ko j\u016btat<\/li>\n<li>Sniedz nomierino\u0161u un s\u0101pju mazino\u0161u atvieglojumu<\/li>\n<\/ul>\n","protected":false},"featured_media":11619,"template":"","meta":{"site-sidebar-layout":"default","site-content-layout":"default","ast-site-content-layout":"default","site-content-style":"default","site-sidebar-style":"default","ast-global-header-display":"","ast-banner-title-visibility":"","ast-main-header-display":"","ast-hfb-above-header-display":"","ast-hfb-below-header-display":"","ast-hfb-mobile-header-display":"","site-post-title":"","ast-breadcrumbs-content":"","ast-featured-img":"","footer-sml-layout":"","ast-disable-related-posts":"","theme-transparent-header-meta":"default","adv-header-id-meta":"","stick-header-meta":"","header-above-stick-meta":"","header-main-stick-meta":"","header-below-stick-meta":"","astra-migrate-meta-layouts":"default","ast-page-background-enabled":"default","ast-page-background-meta":{"desktop":{"background-color":"","background-image":"","background-repeat":"repeat","background-position":"center center","background-size":"auto","background-attachment":"scroll","background-type":"","background-media":"","overlay-type":"","overlay-color":"","overlay-opacity":"","overlay-gradient":""},"tablet":{"background-color":"","background-image":"","background-repeat":"repeat","background-position":"center center","background-size":"auto","background-attachment":"scroll","background-type":"","background-media":"","overlay-type":"","overlay-color":"","overlay-opacity":"","overlay-gradient":""},"mobile":{"background-color":"","background-image":"","background-repeat":"repeat","background-position":"center center","background-size":"auto","background-attachment":"scroll","background-type":"","background-media":"","overlay-type":"","overlay-color":"","overlay-opacity":"","overlay-gradient":""}},"ast-content-background-meta":{"desktop":{"background-color":"var(--ast-global-color-5)","background-image":"","background-repeat":"repeat","background-position":"center center","background-size":"auto","background-attachment":"scroll","background-type":"","background-media":"","overlay-type":"","overlay-color":"","overlay-opacity":"","overlay-gradient":""},"tablet":{"background-color":"var(--ast-global-color-5)","background-image":"","background-repeat":"repeat","background-position":"center center","background-size":"auto","background-attachment":"scroll","background-type":"","background-media":"","overlay-type":"","overlay-color":"","overlay-opacity":"","overlay-gradient":""},"mobile":{"background-color":"var(--ast-global-color-5)","background-image":"","background-repeat":"repeat","background-position":"center center","background-size":"auto","background-attachment":"scroll","background-type":"","background-media":"","overlay-type":"","overlay-color":"","overlay-opacity":"","overlay-gradient":""}}},"product_brand":[],"product_cat":[619,601],"product_tag":[682,654,632,991],"class_list":{"0":"post-16062","1":"product","2":"type-product","3":"status-publish","4":"has-post-thumbnail","6":"product_cat-berniem","7":"product_cat-eterisko-ellu-maisijumi","8":"product_tag-10-ml-lv","9":"product_tag-berniem","10":"product_tag-eterisko-ellu-maisijumi","11":"product_tag-rescuer-lv","12":"desktop-align-left","13":"tablet-align-left","14":"mobile-align-left","16":"first","17":"instock","18":"taxable","19":"shipping-taxable","20":"purchasable","21":"product-type-simple"},"_links":{"self":[{"href":"https:\/\/mamaterra.lt\/lv\/wp-json\/wp\/v2\/product\/16062","targetHints":{"allow":["GET"]}}],"collection":[{"href":"https:\/\/mamaterra.lt\/lv\/wp-json\/wp\/v2\/product"}],"about":[{"href":"https:\/\/mamaterra.lt\/lv\/wp-json\/wp\/v2\/types\/product"}],"wp:featuredmedia":[{"embeddable":true,"href":"https:\/\/mamaterra.lt\/lv\/wp-json\/wp\/v2\/media\/11619"}],"wp:attachment":[{"href":"https:\/\/mamaterra.lt\/lv\/wp-json\/wp\/v2\/media?parent=16062"}],"wp:term":[{"taxonomy":"product_brand","embeddable":true,"href":"https:\/\/mamaterra.lt\/lv\/wp-json\/wp\/v2\/product_brand?post=16062"},{"taxonomy":"product_cat","embeddable":true,"href":"https:\/\/mamaterra.lt\/lv\/wp-json\/wp\/v2\/product_cat?post=16062"},{"taxonomy":"product_tag","embeddable":true,"href":"https:\/\/mamaterra.lt\/lv\/wp-json\/wp\/v2\/product_tag?post=16062"}],"curies":[{"name":"wp","href":"https:\/\/api.w.org\/{rel}","templated":true}]}}