{"id":16058,"date":"2021-09-11T13:02:50","date_gmt":"2021-09-11T12:02:50","guid":{"rendered":"https:\/\/mamaterra.lt\/parduotuve\/uncategorized\/doterra-specigaks-aizsargajoss-eterisko-ellu-maisijums-10ml\/"},"modified":"2021-09-11T13:02:50","modified_gmt":"2021-09-11T12:02:50","slug":"doterra-specigaka-eteriskas-ellas-maisijums-10ml","status":"publish","type":"product","link":"https:\/\/mamaterra.lt\/lv\/parduotuve\/eteriskas-ellas\/eterisko-ellu-maisijumi\/doterra-specigaka-eteriskas-ellas-maisijums-10ml\/","title":{"rendered":"doTERRA sp\u0113c\u012bg\u0101ks aizsarg\u0101jo\u0161s\u2122 \u0113terisko e\u013c\u013cu mais\u012bjums 10ml"},"content":{"rendered":"<p><strong>doTERRA sp\u0113c\u012bg\u0101ks\u2122 aizsarg\u0101jo\u0161s \u0113terisko e\u013c\u013cu mais\u012bjums<\/strong><\/p>\n<p>10 ml pudele ar lod\u012b\u0161u aplikatoru<\/p>\n<p>&nbsp;<\/p>\n<p><strong>doTERRA sp\u0113c\u012bg\u0101ka\u2122 aizsarg\u0101jo\u0161a \u0113terisko e\u013c\u013cu mais\u012bjuma lieto\u0161ana:<\/strong><\/p>\n<p>Izmantojiet doTERRA Stronger uz kakla vai zol\u0113m, lai stiprin\u0101tu \u0137erme\u0146a aizsargsp\u0113jas, kad nej\u016btaties sav\u0101 lab\u0101kaj\u0101 form\u0101.<\/p>\n<p><strong>doTERRA sp\u0113c\u012bg\u0101ks\u2122 aizsarg\u0101jo\u0161s \u0113terisko e\u013c\u013cu mais\u012bjums Visp\u0101r\u012bg\u0101s \u012bpa\u0161\u012bbas:<\/strong><\/p>\n<ul>\n<li>Ciedra, lauru, bosvelijas un ro\u017eu ekstrakta \u0113terisk\u0101s e\u013c\u013cas frakcion\u0113t\u0101 kokosriekstu e\u013c\u013c\u0101<\/li>\n<li>Atjauno \u0101du; Izmantojiet katru dienu, lai uzlabotu savu labsaj\u016btu<\/li>\n<li>Nomierina nelielus \u0101das kairin\u0101jumus<\/li>\n<\/ul>\n<p>&nbsp;<\/p>\n<p>Noskatieties video par doTERRA sp\u0113c\u012bg\u0101ku\u2122 \u0113terisko e\u013c\u013cu mais\u012bjumu.<\/p>\n<p><iframe title=\"doTERRA jaunais sp\u0113c\u012bg\u0101kais aizsarg\u0101jo\u0161ais mais\u012bjums b\u0113rniem\" src=\"https:\/\/www.youtube.com\/embed\/xzwUZeKglqM\" width=\"946\" height=\"532\" frameborder=\"0\" allowfullscreen=\"allowfullscreen\"><\/iframe><\/p>\n","protected":false},"excerpt":{"rendered":"<ul>\n<li>Ciedra, lauru, bosvelijas un ro\u017eu ekstrakta \u0113terisk\u0101s e\u013c\u013cas frakcion\u0113t\u0101 kokosriekstu e\u013c\u013c\u0101<\/li>\n<li>Atjauno \u0101du; Izmantojiet katru dienu, lai uzlabotu savu labsaj\u016btu<\/li>\n<li>Nomierina nelielus \u0101das kairin\u0101jumus<\/li>\n<\/ul>\n","protected":false},"featured_media":11621,"template":"","meta":{"site-sidebar-layout":"default","site-content-layout":"default","ast-site-content-layout":"default","site-content-style":"default","site-sidebar-style":"default","ast-global-header-display":"","ast-banner-title-visibility":"","ast-main-header-display":"","ast-hfb-above-header-display":"","ast-hfb-below-header-display":"","ast-hfb-mobile-header-display":"","site-post-title":"","ast-breadcrumbs-content":"","ast-featured-img":"","footer-sml-layout":"","ast-disable-related-posts":"","theme-transparent-header-meta":"default","adv-header-id-meta":"","stick-header-meta":"","header-above-stick-meta":"","header-main-stick-meta":"","header-below-stick-meta":"","astra-migrate-meta-layouts":"default","ast-page-background-enabled":"default","ast-page-background-meta":{"desktop":{"background-color":"","background-image":"","background-repeat":"repeat","background-position":"center center","background-size":"auto","background-attachment":"scroll","background-type":"","background-media":"","overlay-type":"","overlay-color":"","overlay-opacity":"","overlay-gradient":""},"tablet":{"background-color":"","background-image":"","background-repeat":"repeat","background-position":"center center","background-size":"auto","background-attachment":"scroll","background-type":"","background-media":"","overlay-type":"","overlay-color":"","overlay-opacity":"","overlay-gradient":""},"mobile":{"background-color":"","background-image":"","background-repeat":"repeat","background-position":"center center","background-size":"auto","background-attachment":"scroll","background-type":"","background-media":"","overlay-type":"","overlay-color":"","overlay-opacity":"","overlay-gradient":""}},"ast-content-background-meta":{"desktop":{"background-color":"var(--ast-global-color-5)","background-image":"","background-repeat":"repeat","background-position":"center center","background-size":"auto","background-attachment":"scroll","background-type":"","background-media":"","overlay-type":"","overlay-color":"","overlay-opacity":"","overlay-gradient":""},"tablet":{"background-color":"var(--ast-global-color-5)","background-image":"","background-repeat":"repeat","background-position":"center center","background-size":"auto","background-attachment":"scroll","background-type":"","background-media":"","overlay-type":"","overlay-color":"","overlay-opacity":"","overlay-gradient":""},"mobile":{"background-color":"var(--ast-global-color-5)","background-image":"","background-repeat":"repeat","background-position":"center center","background-size":"auto","background-attachment":"scroll","background-type":"","background-media":"","overlay-type":"","overlay-color":"","overlay-opacity":"","overlay-gradient":""}}},"product_brand":[],"product_cat":[619,601],"product_tag":[682,654,632,961],"class_list":{"0":"post-16058","1":"product","2":"type-product","3":"status-publish","4":"has-post-thumbnail","6":"product_cat-berniem","7":"product_cat-eterisko-ellu-maisijumi","8":"product_tag-10-ml-lv","9":"product_tag-berniem","10":"product_tag-eterisko-ellu-maisijumi","11":"product_tag-stronger-lv-2","12":"desktop-align-left","13":"tablet-align-left","14":"mobile-align-left","16":"first","17":"instock","18":"taxable","19":"shipping-taxable","20":"purchasable","21":"product-type-simple"},"_links":{"self":[{"href":"https:\/\/mamaterra.lt\/lv\/wp-json\/wp\/v2\/product\/16058","targetHints":{"allow":["GET"]}}],"collection":[{"href":"https:\/\/mamaterra.lt\/lv\/wp-json\/wp\/v2\/product"}],"about":[{"href":"https:\/\/mamaterra.lt\/lv\/wp-json\/wp\/v2\/types\/product"}],"wp:featuredmedia":[{"embeddable":true,"href":"https:\/\/mamaterra.lt\/lv\/wp-json\/wp\/v2\/media\/11621"}],"wp:attachment":[{"href":"https:\/\/mamaterra.lt\/lv\/wp-json\/wp\/v2\/media?parent=16058"}],"wp:term":[{"taxonomy":"product_brand","embeddable":true,"href":"https:\/\/mamaterra.lt\/lv\/wp-json\/wp\/v2\/product_brand?post=16058"},{"taxonomy":"product_cat","embeddable":true,"href":"https:\/\/mamaterra.lt\/lv\/wp-json\/wp\/v2\/product_cat?post=16058"},{"taxonomy":"product_tag","embeddable":true,"href":"https:\/\/mamaterra.lt\/lv\/wp-json\/wp\/v2\/product_tag?post=16058"}],"curies":[{"name":"wp","href":"https:\/\/api.w.org\/{rel}","templated":true}]}}