{"id":16053,"date":"2021-09-19T16:20:22","date_gmt":"2021-09-19T15:20:22","guid":{"rendered":"https:\/\/mamaterra.lt\/parduotuve\/uncategorized\/doterra-breathe-tvaika-nuju-zimula-aplikators-12g\/"},"modified":"2024-03-26T21:01:18","modified_gmt":"2024-03-26T20:01:18","slug":"doterra-air-breathe-vapor-stick-aplikators","status":"publish","type":"product","link":"https:\/\/mamaterra.lt\/lv\/parduotuve\/eteriskas-ellas\/eterisko-ellu-maisijumi\/doterra-air-breathe-vapor-stick-aplikators\/","title":{"rendered":"doTERRA Air Breathe Vapor stick aplikators 12g"},"content":{"rendered":"<p><strong>doTERRA Elpojiet tvaika n\u016bju z\u012bmu\u013ca aplikatoru<\/strong><\/p>\n<p>12g<\/p>\n<p>&nbsp;<\/p>\n<p><strong>doTERRA Elpojiet tvaika n\u016bju z\u012bmu\u013ca aplikatoru Visp\u0101r\u012bg\u0101s funkcijas:<\/strong><\/p>\n<ul>\n<li>Izbaudiet doTERRA Breathe aplikatora \u0113rtumu, \u0101tru uzs\u016bk\u0161anos un maigu e\u013c\u013co\u0161anu.<\/li>\n<li>\u0160\u012b aplikatora dabisk\u0101 formula viegli sl\u012bd uz \u0101das, neatst\u0101jot taukain\u012bbu vai lip\u012bgumu.<\/li>\n<li>Neliela un \u0113rta doTERRA Breathe Stick pakete ir lieliski piem\u0113rota ce\u013co\u0161anai, un, lai sajustu t\u0101 tie\u0161o ietekmi, ir nepiecie\u0161ams tikai neliels daudzums.<\/li>\n<li>DoTERRA Breathe \u0113terisko e\u013c\u013cu mais\u012bjuma sp\u0113ku var sajust uzreiz p\u0113c uzkl\u0101\u0161anas uz kr\u016bt\u012bm un kakla.<\/li>\n<li>J\u016bs uzreiz sajut\u012bsiet dzes\u0113\u0161anas efektu, elpce\u013ci atv\u0113rsies.<\/li>\n<\/ul>\n<p><strong>doTERRA Elpojiet tvaika n\u016bju z\u012bmu\u013ca aplikatoru Sast\u0101vda\u013cas:<\/strong><\/p>\n<p>Eikalipta globulus lapu e\u013c\u013ca, Laurus nobilis lapu e\u013c\u013ca, piparm\u0113tru e\u013c\u013ca, t\u0113jas koka lapu e\u013c\u013ca, citrona mizas e\u013c\u013ca, Ravensara lapa, kardamona s\u0113klas, Ravintsara lapu e\u013c\u013ca.<\/p>\n<p>&nbsp;<\/p>\n<p>&nbsp;<\/p>\n","protected":false},"excerpt":{"rendered":"<ul>\n<li>Izbaudiet doTERRA Breathe aplikatora \u0113rt\u012bbas, \u0101tru asimil\u0101ciju un maigu e\u013c\u013co\u0161anu<\/li>\n<li>DoTERRA Breathe \u0113terisk\u0101s e\u013c\u013cas mais\u012bjuma sp\u0113ku var sajust uzreiz p\u0113c kr\u016b\u0161kurvja un kakla uzkl\u0101\u0161anas<\/li>\n<li>\u0160\u012b aplikatora dabisk\u0101 formula viegli sl\u012bd uz \u0101das, neatst\u0101jot taukain\u012bbu vai lip\u012bgumu<\/li>\n<li>J\u016bs uzreiz sajut\u012bsiet dzes\u0113\u0161anas efektu, elpce\u013ci atv\u0113rsies<\/li>\n<\/ul>\n<p>&nbsp;<\/p>\n","protected":false},"featured_media":22536,"template":"","meta":{"site-sidebar-layout":"default","site-content-layout":"default","ast-site-content-layout":"default","site-content-style":"default","site-sidebar-style":"default","ast-global-header-display":"","ast-banner-title-visibility":"","ast-main-header-display":"","ast-hfb-above-header-display":"","ast-hfb-below-header-display":"","ast-hfb-mobile-header-display":"","site-post-title":"","ast-breadcrumbs-content":"","ast-featured-img":"","footer-sml-layout":"","ast-disable-related-posts":"","theme-transparent-header-meta":"default","adv-header-id-meta":"","stick-header-meta":"","header-above-stick-meta":"","header-main-stick-meta":"","header-below-stick-meta":"","astra-migrate-meta-layouts":"set","ast-page-background-enabled":"default","ast-page-background-meta":{"desktop":{"background-color":"","background-image":"","background-repeat":"repeat","background-position":"center center","background-size":"auto","background-attachment":"scroll","background-type":"","background-media":"","overlay-type":"","overlay-color":"","overlay-opacity":"","overlay-gradient":""},"tablet":{"background-color":"","background-image":"","background-repeat":"repeat","background-position":"center center","background-size":"auto","background-attachment":"scroll","background-type":"","background-media":"","overlay-type":"","overlay-color":"","overlay-opacity":"","overlay-gradient":""},"mobile":{"background-color":"","background-image":"","background-repeat":"repeat","background-position":"center center","background-size":"auto","background-attachment":"scroll","background-type":"","background-media":"","overlay-type":"","overlay-color":"","overlay-opacity":"","overlay-gradient":""}},"ast-content-background-meta":{"desktop":{"background-color":"var(--ast-global-color-5)","background-image":"","background-repeat":"repeat","background-position":"center center","background-size":"auto","background-attachment":"scroll","background-type":"","background-media":"","overlay-type":"","overlay-color":"","overlay-opacity":"","overlay-gradient":""},"tablet":{"background-color":"var(--ast-global-color-5)","background-image":"","background-repeat":"repeat","background-position":"center center","background-size":"auto","background-attachment":"scroll","background-type":"","background-media":"","overlay-type":"","overlay-color":"","overlay-opacity":"","overlay-gradient":""},"mobile":{"background-color":"var(--ast-global-color-5)","background-image":"","background-repeat":"repeat","background-position":"center center","background-size":"auto","background-attachment":"scroll","background-type":"","background-media":"","overlay-type":"","overlay-color":"","overlay-opacity":"","overlay-gradient":""}}},"product_brand":[],"product_cat":[619,600,601],"product_tag":[681,1332,667],"class_list":{"0":"post-16053","1":"product","2":"type-product","3":"status-publish","4":"has-post-thumbnail","6":"product_cat-berniem","7":"product_cat-eteriskas-ellas","8":"product_cat-eterisko-ellu-maisijumi","9":"product_tag-12g-lv","10":"product_tag-breathe-lv","11":"product_tag-zimulis","12":"desktop-align-left","13":"tablet-align-left","14":"mobile-align-left","16":"first","17":"instock","18":"taxable","19":"shipping-taxable","20":"purchasable","21":"product-type-simple"},"_links":{"self":[{"href":"https:\/\/mamaterra.lt\/lv\/wp-json\/wp\/v2\/product\/16053","targetHints":{"allow":["GET"]}}],"collection":[{"href":"https:\/\/mamaterra.lt\/lv\/wp-json\/wp\/v2\/product"}],"about":[{"href":"https:\/\/mamaterra.lt\/lv\/wp-json\/wp\/v2\/types\/product"}],"wp:featuredmedia":[{"embeddable":true,"href":"https:\/\/mamaterra.lt\/lv\/wp-json\/wp\/v2\/media\/22536"}],"wp:attachment":[{"href":"https:\/\/mamaterra.lt\/lv\/wp-json\/wp\/v2\/media?parent=16053"}],"wp:term":[{"taxonomy":"product_brand","embeddable":true,"href":"https:\/\/mamaterra.lt\/lv\/wp-json\/wp\/v2\/product_brand?post=16053"},{"taxonomy":"product_cat","embeddable":true,"href":"https:\/\/mamaterra.lt\/lv\/wp-json\/wp\/v2\/product_cat?post=16053"},{"taxonomy":"product_tag","embeddable":true,"href":"https:\/\/mamaterra.lt\/lv\/wp-json\/wp\/v2\/product_tag?post=16053"}],"curies":[{"name":"wp","href":"https:\/\/api.w.org\/{rel}","templated":true}]}}