{"id":16052,"date":"2021-12-28T11:15:54","date_gmt":"2021-12-28T10:15:54","guid":{"rendered":"https:\/\/mamaterra.lt\/parduotuve\/uncategorized\/doterra-introductory-eterisko-ellu-komplekts-ievadkomplekts-3-dazadas-doterra-eteriskas-ellas-pa-5ml-katra\/"},"modified":"2021-12-28T11:15:54","modified_gmt":"2021-12-28T10:15:54","slug":"doterra-essential-oil-introductory-kit-3-different-doterra-essential-oils-5ml","status":"publish","type":"product","link":"https:\/\/mamaterra.lt\/lv\/parduotuve\/eteriskas-ellas\/tiras-eteriskas-ellas\/doterra-essential-oil-introductory-kit-3-different-doterra-essential-oils-5ml\/","title":{"rendered":"doTERRA Introductory \u0113terisko e\u013c\u013cu komplekts (IEVADKOMPLEKTS) (3 da\u017e\u0101das doTERRA \u0113terisk\u0101s e\u013c\u013cas pa 5ml katr\u0101)"},"content":{"rendered":"<p><strong>doTERRA ievada \u0113terisko e\u013c\u013cu komplekts (IEVADKOMPLEKTS) (3 da\u017e\u0101das doTERRA \u0113terisk\u0101s e\u013c\u013cas)<\/strong><\/p>\n<p>3 \u0113terisk\u0101s e\u013c\u013cas pa 5ml katra<\/p>\n<p>&nbsp;<\/p>\n<p><strong>doTERRA ievada \u0113terisko e\u013c\u013cu komplekta apraksts:<\/strong><\/p>\n<p>Kad s\u0101kat kaut ko, vislab\u0101k ir s\u0101kt ar pamatiem. T\u0101p\u0113c m\u0113s esam apvienoju\u0161i tr\u012bs popul\u0101r\u0101k\u0101s un sp\u0113c\u012bg\u0101k\u0101s \u0113terisk\u0101s e\u013c\u013cas, kuras ir viegli lietojamas un v\u0113l viegl\u0101k iem\u012bl\u0113t! Ikvienam, kur\u0161 tikko s\u0101k lietot \u0113terisk\u0101s e\u013c\u013cas, ievada komplekts sniedz lielisku iesp\u0113ju t\u0101m pieskarties.<\/p>\n<p>Tr\u012bs vislab\u0101k p\u0101rdot\u0101s doterra CPTG sertific\u0113t\u0101s t\u012bri p\u0101rbaud\u012bt\u0101s \u0113terisk\u0101s e\u013c\u013cas \u2013 citrons, lavanda un piparm\u0113tra \u2013 ir ide\u0101ls s\u0101kumpunkts ikvienam, kur\u0161 cer main\u012bt savu dz\u012bvi ar dabas sp\u0113kiem. Komplekts ir par\u0101d\u012bts \u0113rt\u0101 iepakojum\u0101, k\u0101 ar\u012b pievienotaj\u0101 aprakst\u0101 pied\u0101v\u0101t\u0101s lieto\u0161anas metodes pal\u012bdz\u0113s jums pareizi darboties.<\/p>\n<p>&nbsp;<\/p>\n<p><strong>doTERRA ievada \u0113terisko e\u013c\u013cu komplekts (INTRODUCTORY KIT) Sast\u0101v no \u0161\u0101d\u0101m 3 da\u017e\u0101d\u0101m doTERRA \u0113teriskaj\u0101m e\u013c\u013c\u0101m pa 5ml katr\u0101:<\/strong><\/p>\n<ul>\n<li>Citronu \u0113terisk\u0101 e\u013c\u013ca<\/li>\n<li>Piparm\u0113tru \u0113terisk\u0101 e\u013c\u013ca<\/li>\n<li>Lavandas \u0113terisk\u0101 e\u013c\u013ca<\/li>\n<\/ul>\n<p><strong>doTERRA citronu \u0113terisk\u0101 e\u013c\u013ca 5ml<\/strong><\/p>\n<p>Gai\u0161s un jautrs, <strong>citrons b\u016btisks<\/strong> e\u013c\u013cas arom\u0101ts ir tok saulains. T\u012bru doTERRA citronu \u0113terisko e\u013c\u013cu var izmantot arom\u0101tiski, lok\u0101li un iek\u0161\u0113ji. Izplatiet citrona noska\u0146u arom\u0101tu, lai jebkura vide k\u013c\u016btu par jautru, ener\u0123isku telpu. Citronu var lietot uz iek\u0161u, lai atbalst\u012btu gremo\u0161anu. * Turkl\u0101t tas gar\u0161o lieliski! Pievienojiet pilienu dz\u0113rieniem, jogurtam, sal\u0101tu m\u0113rc\u0113m utt., Lai ieg\u016btu lielisku gar\u0161u un iek\u0161\u0113j\u0101s priek\u0161roc\u012bbas (viss, kas Jums nepiecie\u0161ams, ir viens vai divi pilieni). Pateicoties \u0137\u012bmiskajiem komponentiem, kas ir dabiski not\u012br\u012bti, piem\u0113ram, limon\u0113ns, citronu \u0113terisk\u0101 e\u013c\u013ca ir ide\u0101li piem\u0113rota virsmu t\u012br\u012b\u0161anai. J\u016bs pats varat izgatavot za\u013co t\u012br\u012b\u0161anas l\u012bdzekli, izmantojot da\u017eus pilienus citrona ar \u016bdeni smidzin\u0101\u0161anas pudel\u0113. V\u0113l viens veids, k\u0101 izmantot citrona sp\u0113ku, ir pilienu vai divus tie\u0161i uzkl\u0101t uz gr\u016bti t\u012br\u0101ma traipa, l\u012bmes, z\u012bm\u0113jumiem ar mar\u0137ieri uz sien\u0101m, nebalt\u0101m \u010d\u012bbas zol\u0113m. Tas ir \u012bpa\u0161i piem\u0113rots lip\u012bgu atlieku t\u012br\u012b\u0161anai.<\/p>\n<p>Citrons ir sp\u0113c\u012bgs t\u012br\u012b\u0161anas l\u012bdzeklis, kas att\u012bra virsmas un ko var izmantot k\u0101 netoksisku t\u012br\u012b\u0161anas l\u012bdzekli m\u0101j\u0101s.<\/p>\n<p><strong>doTERRA piparm\u0113tru \u0113terisk\u0101 e\u013c\u013ca 5ml<\/strong><\/p>\n<p>Piparm\u0113tra pal\u012bdz mazin\u0101t neregul\u0101rus ku\u0146\u0123a darb\u012bbas trauc\u0113jumus un veicina vesel\u012bgu elpo\u0161anas funkciju, ja to lieto uz iek\u0161u.<\/p>\n<p><strong>Svaigais piparm\u0113tru \u0113terisk\u0101s<\/strong> e\u013c\u013cas arom\u0101ts piepilda jebkuru vietu ar ener\u0123iju! T\u0101s gar\u0161a ir tikpat laba k\u0101 sald\u0101 smar\u017ea. T\u012bras doTERRA piparm\u0113tras var lietot arom\u0101tiski, lok\u0101li un iek\u0161\u0113ji. Pikants un atsvaidzino\u0161s, piparm\u0113tru \u0113terisk\u0101s e\u013c\u013cas smar\u017ea lieliski pamostas no r\u012bta. Ar\u012b lieliski nomod\u0101 p\u0113c s\u0101t\u012bg\u0101m pusdien\u0101m vai ar ilgsto\u0161u brauk\u0161anu ce\u013cojum\u0101. Izplatiet to sav\u0101 biroj\u0101 vai m\u0101j\u0101s b\u0113rniem, kas str\u0101d\u0101 pie projekta vai m\u0101c\u0101s. \u0100r\u0113ji piparm\u0113tras dod sp\u0113c\u012bgu dzes\u0113\u0161anas saj\u016btu. Uzkl\u0101jiet nelielu daudzumu uz galvaskausa un griez\u0113ju pamatnes vai izmantojiet da\u017eus pilienus plecu vai muguras nomierino\u0161ai mas\u0101\u017eai. Lielisks vasaras triks ir pievienot da\u017eus pilienus nelielai smidzin\u0101\u0161anas pudelei ar \u016bdeni. J\u016bs varat apsmidzin\u0101t rokas, kaklu un citas \u0101das vietas, lai dienas karstum\u0101 justos v\u0113si. Piparm\u0113tru \u0113teriskajai e\u013c\u013cai ir lieliska gar\u0161a un t\u0101 sniedz daudz priek\u0161roc\u012bbu \u0137ermenim. * Lietojot iek\u0161\u0137\u012bgi, tas var pal\u012bdz\u0113t reiz\u0113m trauc\u0113t gremo\u0161anu. * Piparm\u0113tru nor\u012b\u0161ana atbalsta ar\u012b elpce\u013cu vesel\u012bbu. * Pievienojiet pilienu savam iecien\u012bt\u0101kajam kokteilim, olbaltumvielu koktei\u013ciem u.c. dz\u0113rieniem un \u0113dieniem. Lavanda ir viena no m\u012b\u013c\u0101kaj\u0101m \u0113teriskaj\u0101m e\u013c\u013c\u0101m pasaul\u0113. T\u0101s maigais, saldais ziedu arom\u0101ts rada nomierino\u0161u, relaks\u0113jo\u0161u atmosf\u0113ru.<\/p>\n<p><strong>doTERRA lavandas \u0113terisk\u0101 e\u013c\u013ca 5ml<\/strong><\/p>\n<p>T\u012bra <strong>doTERRA lavanda<\/strong>  \u0113terisko e\u013c\u013cu var izmantot arom\u0101tiski, lok\u0101li un iek\u0161\u0113ji. Arom\u0101tiski nomierino\u0161\u0101 lavandas smar\u017ea ir lieliski piem\u0113rota tvaic\u0113\u0161anai vai ieelpo\u0161anai no plaukst\u0101m vakar\u0101 pirms gul\u0113tie\u0161anas. Lietojot iek\u0161\u0101, lavanda var nomierin\u0101t un relaks\u0113t domas.* Pirms gul\u0113tie\u0161anas pievienojiet m\u0101j\u0101s gatavotai t\u0113jai pilienu m\u0101j\u0101s gatavotas t\u0113jas, kas ir viens no veidiem, k\u0101 izmantot \u0161o br\u012bni\u0161\u0137\u012bgo dabisko labumu. Lavanda nomierina \u0101du. Izmantojiet to lok\u0101li uz nelieliem skr\u0101p\u0113jumiem un kairin\u0101jumiem, k\u0101 da\u013cu no \u0101das kop\u0161anas rut\u012bnas vai uz k\u0101j\u0101m pirms gul\u0113tie\u0161anas. Lavandas \u0113terisk\u0101s e\u013c\u013cas priek\u0161roc\u012bbas var baud\u012bt visa \u0123imene. J\u016bs varat to lietot lok\u0101li vai arom\u0101tiski kop\u0101 ar saviem b\u0113rniem, pat ar nemier\u012bgiem z\u012bdai\u0146iem. Lietojot lok\u0101li uz maziem b\u0113rniem, ir nepiecie\u0161ams tikai viens vai divi pilieni. At\u0161\u0137aid\u012bt ar nes\u0113je\u013c\u013cu, piem\u0113ram, frakcion\u0113tu kokosriekstu e\u013c\u013cu \u2013 ol\u012bve\u013c\u013ca vai avokado e\u013c\u013ca ar\u012b darbosies \u2013 lai samazin\u0101tu \u0101das jut\u012bgumu un palielin\u0101tu uzs\u016bk\u0161anos.<\/p>\n<p>Lavandai ir nomierino\u0161s un relaks\u0113jo\u0161s arom\u0101ts, kas rada mier\u012bgu vidi pirms gul\u0113tie\u0161anas. Tas var ar\u012b veicin\u0101t mier\u012bgu miegu, ja to lieto iek\u0161pus\u0113. *<\/p>\n<p>&nbsp;<\/p>\n<p><strong>doTERRA ievada komplekta padomi \u0113terisko e\u013c\u013cu komplekta izmanto\u0161anai:<\/strong><\/p>\n<ul>\n<li>Pirms gul\u0113tie\u0161anas uz spilvena uzkl\u0101jiet lavandas pilienu.<\/li>\n<li>Pa\u0146emiet p\u0101ris pilienus piparm\u0113tru iek\u0161\u0101, lai mazin\u0101tu neregul\u0101rus ku\u0146\u0123a darb\u012bbas trauc\u0113jumus. *<\/li>\n<li>Pievienojiet \u016bdenim pilienu citrona, lai saglab\u0101tu gremo\u0161anu un sajustu atsvaidzino\u0161o gar\u0161u.<\/li>\n<li>Izmantojiet lavandu, lai nomierin\u0101tu gad\u012bjuma rakstura \u0101das kairin\u0101jumu.<\/li>\n<li>Tvaic\u0113ti ar difuzoru, piparm\u0113tra izdala ener\u0123iju rado\u0161u arom\u0101tu.<\/li>\n<li>Not\u012briet m\u0101ju dabiski ar citrona pal\u012bdz\u012bbu.<\/li>\n<\/ul>\n<p>&nbsp;<\/p>\n<p>Noskatieties video par doTERRA \u0113terisko e\u013c\u013cu ievadkomplektu.<\/p>\n<p><iframe title=\"YouTube video atska\u0146ot\u0101js\" src=\"https:\/\/www.youtube-nocookie.com\/embed\/W6U61OWGkK0\" width=\"560\" height=\"315\" frameborder=\"0\" allowfullscreen=\"allowfullscreen\"><\/iframe><\/p>\n","protected":false},"excerpt":{"rendered":"<ul>\n<li>Tr\u012bs vislab\u0101k p\u0101rdot\u0101s doterra CPTG sertific\u0113t\u0101s t\u012bri p\u0101rbaud\u012bt\u0101s \u0113terisk\u0101s e\u013c\u013cas pa 5ml katra \u2013 citrons, lavanda un piparm\u0113tra.<\/li>\n<li>Ide\u0101ls s\u0101kumpunkts ikvienam, kur\u0161 cer main\u012bt savu dz\u012bvi ar dabas sp\u0113kiem.<\/li>\n<li>Komplekts ir par\u0101d\u012bts \u0113rt\u0101 iepakojum\u0101, k\u0101 ar\u012b pievienotaj\u0101 aprakst\u0101 pied\u0101v\u0101t\u0101s lieto\u0161anas metodes pal\u012bdz\u0113s jums pareizi darboties.<\/li>\n<\/ul>\n","protected":false},"featured_media":11677,"template":"","meta":{"site-sidebar-layout":"default","site-content-layout":"default","ast-site-content-layout":"default","site-content-style":"default","site-sidebar-style":"default","ast-global-header-display":"","ast-banner-title-visibility":"","ast-main-header-display":"","ast-hfb-above-header-display":"","ast-hfb-below-header-display":"","ast-hfb-mobile-header-display":"","site-post-title":"","ast-breadcrumbs-content":"","ast-featured-img":"","footer-sml-layout":"","ast-disable-related-posts":"","theme-transparent-header-meta":"default","adv-header-id-meta":"","stick-header-meta":"","header-above-stick-meta":"","header-main-stick-meta":"","header-below-stick-meta":"","astra-migrate-meta-layouts":"default","ast-page-background-enabled":"default","ast-page-background-meta":{"desktop":{"background-color":"","background-image":"","background-repeat":"repeat","background-position":"center center","background-size":"auto","background-attachment":"scroll","background-type":"","background-media":"","overlay-type":"","overlay-color":"","overlay-opacity":"","overlay-gradient":""},"tablet":{"background-color":"","background-image":"","background-repeat":"repeat","background-position":"center center","background-size":"auto","background-attachment":"scroll","background-type":"","background-media":"","overlay-type":"","overlay-color":"","overlay-opacity":"","overlay-gradient":""},"mobile":{"background-color":"","background-image":"","background-repeat":"repeat","background-position":"center center","background-size":"auto","background-attachment":"scroll","background-type":"","background-media":"","overlay-type":"","overlay-color":"","overlay-opacity":"","overlay-gradient":""}},"ast-content-background-meta":{"desktop":{"background-color":"var(--ast-global-color-5)","background-image":"","background-repeat":"repeat","background-position":"center center","background-size":"auto","background-attachment":"scroll","background-type":"","background-media":"","overlay-type":"","overlay-color":"","overlay-opacity":"","overlay-gradient":""},"tablet":{"background-color":"var(--ast-global-color-5)","background-image":"","background-repeat":"repeat","background-position":"center center","background-size":"auto","background-attachment":"scroll","background-type":"","background-media":"","overlay-type":"","overlay-color":"","overlay-opacity":"","overlay-gradient":""},"mobile":{"background-color":"var(--ast-global-color-5)","background-image":"","background-repeat":"repeat","background-position":"center center","background-size":"auto","background-attachment":"scroll","background-type":"","background-media":"","overlay-type":"","overlay-color":"","overlay-opacity":"","overlay-gradient":""}}},"product_brand":[],"product_cat":[619,597,600,620,603,613,618,602],"product_tag":[649],"class_list":{"0":"post-16052","1":"product","2":"type-product","3":"status-publish","4":"has-post-thumbnail","6":"product_cat-berniem","7":"product_cat-davanas","8":"product_cat-eteriskas-ellas","9":"product_cat-gremosanai","10":"product_cat-komplekti-un-kolekcijas","11":"product_cat-miegam","12":"product_cat-nomierinosas","13":"product_cat-tiras-eteriskas-ellas","14":"product_tag-komplekti","15":"desktop-align-left","16":"tablet-align-left","17":"mobile-align-left","19":"first","20":"instock","21":"taxable","22":"shipping-taxable","23":"purchasable","24":"product-type-simple"},"_links":{"self":[{"href":"https:\/\/mamaterra.lt\/lv\/wp-json\/wp\/v2\/product\/16052","targetHints":{"allow":["GET"]}}],"collection":[{"href":"https:\/\/mamaterra.lt\/lv\/wp-json\/wp\/v2\/product"}],"about":[{"href":"https:\/\/mamaterra.lt\/lv\/wp-json\/wp\/v2\/types\/product"}],"wp:featuredmedia":[{"embeddable":true,"href":"https:\/\/mamaterra.lt\/lv\/wp-json\/wp\/v2\/media\/11677"}],"wp:attachment":[{"href":"https:\/\/mamaterra.lt\/lv\/wp-json\/wp\/v2\/media?parent=16052"}],"wp:term":[{"taxonomy":"product_brand","embeddable":true,"href":"https:\/\/mamaterra.lt\/lv\/wp-json\/wp\/v2\/product_brand?post=16052"},{"taxonomy":"product_cat","embeddable":true,"href":"https:\/\/mamaterra.lt\/lv\/wp-json\/wp\/v2\/product_cat?post=16052"},{"taxonomy":"product_tag","embeddable":true,"href":"https:\/\/mamaterra.lt\/lv\/wp-json\/wp\/v2\/product_tag?post=16052"}],"curies":[{"name":"wp","href":"https:\/\/api.w.org\/{rel}","templated":true}]}}