{"id":16046,"date":"2021-09-21T18:43:47","date_gmt":"2021-09-21T17:43:47","guid":{"rendered":"https:\/\/mamaterra.lt\/parduotuve\/uncategorized\/harvest-spice-doterra-eterisko-ellu-maisijums-15ml\/"},"modified":"2021-09-21T18:43:47","modified_gmt":"2021-09-21T17:43:47","slug":"harvest-spice-essential-oil-mystic-blend-15ml","status":"publish","type":"product","link":"https:\/\/mamaterra.lt\/lv\/parduotuve\/eteriskas-ellas\/eterisko-ellu-maisijumi\/harvest-spice-essential-oil-mystic-blend-15ml\/","title":{"rendered":"Harvest Spice doTERRA \u0113terisko e\u013c\u013cu mais\u012bjums 15ml"},"content":{"rendered":"<p><strong>Harvest Spice doTERRA \u0113terisko e\u013c\u013cu mais\u012bjums<\/strong><\/p>\n<p>15ml<\/p>\n<p>&nbsp;<\/p>\n<p><strong>Ide\u0101ls mais\u012bjums rudenim!<\/strong>  Piepildiet savu m\u0101ju ar \u0161o silto, priec\u012bgo, pacil\u0101jo\u0161o arom\u0101tu!<\/p>\n<p>Ciedrs \u0161aj\u0101 mais\u012bjum\u0101 darbosies k\u0101 kombin\u0113ts, zem\u0113juma sp\u0113ks. Eikalipts dos pac\u0113luma saj\u016btu, kan\u0113lis, \u0137\u012bnie\u0161u kan\u0113lis, krustnagli\u0146a, muskatrieksts stimul\u0113s optimismu, sniegs siltuma un dro\u0161\u012bbas saj\u016btu.<\/p>\n<p>Un ne velti tas dos dro\u0161\u012bbas saj\u016btu &#8211; visas sast\u0101v\u0101 eso\u0161\u0101s \u0113terisk\u0101s e\u013c\u013cas ir antibakteri\u0101las, pretv\u012brusu, prets\u0113n\u012b\u0161u e\u013c\u013cas, un t\u0101p\u0113c t\u0101s att\u012br\u012bs gaisu m\u0101j\u0101.<\/p>\n<p><strong>Harvest Spice doTERRA \u0113terisko e\u013c\u013cu mais\u012bjuma lieto\u0161ana:<\/strong><\/p>\n<ul>\n<li>Lai ieg\u016btu v\u0113l liel\u0101ku labumu vesel\u012bbai, at\u0161\u0137aidiet 1:10 pilienus ar augu e\u013c\u013cu, uzkl\u0101jiet uz \u0101das.<\/li>\n<li>Uzkl\u0101jiet zoles, lai saglab\u0101tu imunit\u0101ti<\/li>\n<li>Lai uzlabotu atkr\u0113po\u0161anu &#8211; kr\u016btis<\/li>\n<li>Lai uzlabotu asinsriti vai smar\u017eotu Ziemassv\u0113tkos &#8211; uzkl\u0101jiet uz plaukstas loc\u012btav\u0101m.<\/li>\n<\/ul>\n","protected":false},"excerpt":{"rendered":"<ul>\n<li dir=\"auto\">Ide\u0101ls mais\u012bjums rudenim!<\/li>\n<li dir=\"auto\"><span style=\"font-size: 16px;\">Piepildiet savu m\u0101ju ar \u0161o silto, priec\u012bgo, pacil\u0101jo\u0161o arom\u0101tu!<\/span><\/li>\n<li dir=\"auto\">Ciedrs \u0161aj\u0101 mais\u012bjum\u0101 darbosies k\u0101 apvienojo\u0161s, zem\u0113juma sp\u0113ks, eikalipts dos pacil\u0101t\u012bbas saj\u016btu, kan\u0113lis, \u0137\u012bnie\u0161u kan\u0113lis, krustnagli\u0146a, muskatrieksts stimul\u0113s optimismu, sniegs siltuma un dro\u0161\u012bbas saj\u016btu.<\/li>\n<\/ul>\n","protected":false},"featured_media":11639,"template":"","meta":{"site-sidebar-layout":"default","site-content-layout":"default","ast-site-content-layout":"default","site-content-style":"default","site-sidebar-style":"default","ast-global-header-display":"","ast-banner-title-visibility":"","ast-main-header-display":"","ast-hfb-above-header-display":"","ast-hfb-below-header-display":"","ast-hfb-mobile-header-display":"","site-post-title":"","ast-breadcrumbs-content":"","ast-featured-img":"","footer-sml-layout":"","ast-disable-related-posts":"","theme-transparent-header-meta":"default","adv-header-id-meta":"","stick-header-meta":"","header-above-stick-meta":"","header-main-stick-meta":"","header-below-stick-meta":"","astra-migrate-meta-layouts":"default","ast-page-background-enabled":"default","ast-page-background-meta":{"desktop":{"background-color":"","background-image":"","background-repeat":"repeat","background-position":"center center","background-size":"auto","background-attachment":"scroll","background-type":"","background-media":"","overlay-type":"","overlay-color":"","overlay-opacity":"","overlay-gradient":""},"tablet":{"background-color":"","background-image":"","background-repeat":"repeat","background-position":"center center","background-size":"auto","background-attachment":"scroll","background-type":"","background-media":"","overlay-type":"","overlay-color":"","overlay-opacity":"","overlay-gradient":""},"mobile":{"background-color":"","background-image":"","background-repeat":"repeat","background-position":"center center","background-size":"auto","background-attachment":"scroll","background-type":"","background-media":"","overlay-type":"","overlay-color":"","overlay-opacity":"","overlay-gradient":""}},"ast-content-background-meta":{"desktop":{"background-color":"var(--ast-global-color-5)","background-image":"","background-repeat":"repeat","background-position":"center center","background-size":"auto","background-attachment":"scroll","background-type":"","background-media":"","overlay-type":"","overlay-color":"","overlay-opacity":"","overlay-gradient":""},"tablet":{"background-color":"var(--ast-global-color-5)","background-image":"","background-repeat":"repeat","background-position":"center center","background-size":"auto","background-attachment":"scroll","background-type":"","background-media":"","overlay-type":"","overlay-color":"","overlay-opacity":"","overlay-gradient":""},"mobile":{"background-color":"var(--ast-global-color-5)","background-image":"","background-repeat":"repeat","background-position":"center center","background-size":"auto","background-attachment":"scroll","background-type":"","background-media":"","overlay-type":"","overlay-color":"","overlay-opacity":"","overlay-gradient":""}}},"product_brand":[],"product_cat":[600,601,610],"product_tag":[676,632,1186],"class_list":{"0":"post-16046","1":"product","2":"type-product","3":"status-publish","4":"has-post-thumbnail","6":"product_cat-eteriskas-ellas","7":"product_cat-eterisko-ellu-maisijumi","8":"product_cat-imunitates-stiprinasanai","9":"product_tag-15-ml-lv","10":"product_tag-eterisko-ellu-maisijumi","11":"product_tag-harvest-spice-lv","12":"desktop-align-left","13":"tablet-align-left","14":"mobile-align-left","16":"first","17":"outofstock","18":"taxable","19":"shipping-taxable","20":"purchasable","21":"product-type-simple"},"_links":{"self":[{"href":"https:\/\/mamaterra.lt\/lv\/wp-json\/wp\/v2\/product\/16046","targetHints":{"allow":["GET"]}}],"collection":[{"href":"https:\/\/mamaterra.lt\/lv\/wp-json\/wp\/v2\/product"}],"about":[{"href":"https:\/\/mamaterra.lt\/lv\/wp-json\/wp\/v2\/types\/product"}],"wp:featuredmedia":[{"embeddable":true,"href":"https:\/\/mamaterra.lt\/lv\/wp-json\/wp\/v2\/media\/11639"}],"wp:attachment":[{"href":"https:\/\/mamaterra.lt\/lv\/wp-json\/wp\/v2\/media?parent=16046"}],"wp:term":[{"taxonomy":"product_brand","embeddable":true,"href":"https:\/\/mamaterra.lt\/lv\/wp-json\/wp\/v2\/product_brand?post=16046"},{"taxonomy":"product_cat","embeddable":true,"href":"https:\/\/mamaterra.lt\/lv\/wp-json\/wp\/v2\/product_cat?post=16046"},{"taxonomy":"product_tag","embeddable":true,"href":"https:\/\/mamaterra.lt\/lv\/wp-json\/wp\/v2\/product_tag?post=16046"}],"curies":[{"name":"wp","href":"https:\/\/api.w.org\/{rel}","templated":true}]}}