{"id":16045,"date":"2021-09-11T13:05:42","date_gmt":"2021-09-11T12:05:42","guid":{"rendered":"https:\/\/mamaterra.lt\/parduotuve\/uncategorized\/doterra-domataja-koncentrats-kas-palidz-eterisko-ellu-maisijumam-10ml\/"},"modified":"2021-09-11T13:05:42","modified_gmt":"2021-09-11T12:05:42","slug":"doterra-domatajs-koncentrats-palidzoss-eterisks-ellas-maisijums-mix-10ml","status":"publish","type":"product","link":"https:\/\/mamaterra.lt\/lv\/parduotuve\/eteriskas-ellas\/eterisko-ellu-maisijumi\/doterra-domatajs-koncentrats-palidzoss-eterisks-ellas-maisijums-mix-10ml\/","title":{"rendered":"doTERRA dom\u0101t\u0101ja\u2122 koncentr\u0101ts, kas pal\u012bdz \u0113terisko e\u013c\u013cu mais\u012bjumam 10ml"},"content":{"rendered":"<p><strong>doTERRA dom\u0101t\u0101ja\u2122 koncentr\u0101ts, kas pal\u012bdz \u0113terisko e\u013c\u013cu mais\u012bjumam  <\/strong><\/p>\n<p>10 ml pudele ar lod\u012b\u0161u aplikatoru<\/p>\n<p>&nbsp;<\/p>\n<p><strong>doTERRA Thinker\u2122 \u0113terisko e\u013c\u013cu mais\u012bjuma sast\u0101vda\u013cas:<\/strong><\/p>\n<p>Arom\u0101tisk\u0101s zeltaina, klement\u012bnu, piparm\u0113tru un rozmar\u012bna \u0113terisk\u0101s e\u013c\u013cas frakcion\u0113t\u0101 kokosriekstu e\u013c\u013c\u0101<\/p>\n<p><strong>doTERRA dom\u0101t\u0101ja\u2122 \u0113terisko e\u013c\u013cu mais\u012bjums Visp\u0101r\u012bg\u0101s \u012bpa\u0161\u012bbas:<\/strong><\/p>\n<ul>\n<li>Kad pien\u0101ks laiks b\u016bt rado\u0161am un m\u0113r\u0137tiec\u012bgam, doTERRA dom\u0101t\u0101js stiprin\u0101s gar\u012bg\u0101s sp\u0113jas un pal\u012bdz\u0113s jums m\u0101c\u012bties.<\/li>\n<li>Turiet to pie rokas, kad ir svar\u012bgi koncentr\u0113ties un nenovirz\u012bties no uzdevuma<\/li>\n<li>Uzkl\u0101jiet uz plaukstas loc\u012btav\u0101m vai rok\u0101m un ieelpojiet: tas dos skaidr\u012bbu un modr\u012bbu<\/li>\n<\/ul>\n<p>&nbsp;<\/p>\n<p>Noskatieties video par doTERRA Thinker\u2122 \u0113terisko e\u013c\u013cu mais\u012bjumu.<\/p>\n<p><iframe title=\"Lieliski doTERRA dom\u0101t\u0101ju e\u013c\u013cas mais\u012bjuma lietojumi\" src=\"https:\/\/www.youtube.com\/embed\/voVLtRugukk\" width=\"946\" height=\"532\" frameborder=\"0\" allowfullscreen=\"allowfullscreen\"><\/iframe><\/p>\n","protected":false},"excerpt":{"rendered":"<ul>\n<li>Arom\u0101tisk\u0101s zeltaina, klement\u012bnu, piparm\u0113tru un rozmar\u012bna \u0113terisk\u0101s e\u013c\u013cas frakcion\u0113t\u0101 kokosriekstu e\u013c\u013c\u0101<\/li>\n<li>Turiet to pie rokas, kad ir svar\u012bgi koncentr\u0113ties un nenovirz\u012bties no uzdevuma<\/li>\n<li>Uzkl\u0101jiet uz plaukstas loc\u012btav\u0101m vai rok\u0101m un ieelpojiet: tas dos skaidr\u012bbu un modr\u012bbu<\/li>\n<\/ul>\n","protected":false},"featured_media":11623,"template":"","meta":{"site-sidebar-layout":"default","site-content-layout":"default","ast-site-content-layout":"default","site-content-style":"default","site-sidebar-style":"default","ast-global-header-display":"","ast-banner-title-visibility":"","ast-main-header-display":"","ast-hfb-above-header-display":"","ast-hfb-below-header-display":"","ast-hfb-mobile-header-display":"","site-post-title":"","ast-breadcrumbs-content":"","ast-featured-img":"","footer-sml-layout":"","ast-disable-related-posts":"","theme-transparent-header-meta":"default","adv-header-id-meta":"","stick-header-meta":"","header-above-stick-meta":"","header-main-stick-meta":"","header-below-stick-meta":"","astra-migrate-meta-layouts":"default","ast-page-background-enabled":"default","ast-page-background-meta":{"desktop":{"background-color":"","background-image":"","background-repeat":"repeat","background-position":"center center","background-size":"auto","background-attachment":"scroll","background-type":"","background-media":"","overlay-type":"","overlay-color":"","overlay-opacity":"","overlay-gradient":""},"tablet":{"background-color":"","background-image":"","background-repeat":"repeat","background-position":"center center","background-size":"auto","background-attachment":"scroll","background-type":"","background-media":"","overlay-type":"","overlay-color":"","overlay-opacity":"","overlay-gradient":""},"mobile":{"background-color":"","background-image":"","background-repeat":"repeat","background-position":"center center","background-size":"auto","background-attachment":"scroll","background-type":"","background-media":"","overlay-type":"","overlay-color":"","overlay-opacity":"","overlay-gradient":""}},"ast-content-background-meta":{"desktop":{"background-color":"var(--ast-global-color-5)","background-image":"","background-repeat":"repeat","background-position":"center center","background-size":"auto","background-attachment":"scroll","background-type":"","background-media":"","overlay-type":"","overlay-color":"","overlay-opacity":"","overlay-gradient":""},"tablet":{"background-color":"var(--ast-global-color-5)","background-image":"","background-repeat":"repeat","background-position":"center center","background-size":"auto","background-attachment":"scroll","background-type":"","background-media":"","overlay-type":"","overlay-color":"","overlay-opacity":"","overlay-gradient":""},"mobile":{"background-color":"var(--ast-global-color-5)","background-image":"","background-repeat":"repeat","background-position":"center center","background-size":"auto","background-attachment":"scroll","background-type":"","background-media":"","overlay-type":"","overlay-color":"","overlay-opacity":"","overlay-gradient":""}}},"product_brand":[],"product_cat":[619,601,611],"product_tag":[682,654,632,925],"class_list":{"0":"post-16045","1":"product","2":"type-product","3":"status-publish","4":"has-post-thumbnail","6":"product_cat-berniem","7":"product_cat-eterisko-ellu-maisijumi","8":"product_cat-koncentresanas","9":"product_tag-10-ml-lv","10":"product_tag-berniem","11":"product_tag-eterisko-ellu-maisijumi","12":"product_tag-thinker-lv","13":"desktop-align-left","14":"tablet-align-left","15":"mobile-align-left","17":"first","18":"instock","19":"taxable","20":"shipping-taxable","21":"purchasable","22":"product-type-simple"},"_links":{"self":[{"href":"https:\/\/mamaterra.lt\/lv\/wp-json\/wp\/v2\/product\/16045","targetHints":{"allow":["GET"]}}],"collection":[{"href":"https:\/\/mamaterra.lt\/lv\/wp-json\/wp\/v2\/product"}],"about":[{"href":"https:\/\/mamaterra.lt\/lv\/wp-json\/wp\/v2\/types\/product"}],"wp:featuredmedia":[{"embeddable":true,"href":"https:\/\/mamaterra.lt\/lv\/wp-json\/wp\/v2\/media\/11623"}],"wp:attachment":[{"href":"https:\/\/mamaterra.lt\/lv\/wp-json\/wp\/v2\/media?parent=16045"}],"wp:term":[{"taxonomy":"product_brand","embeddable":true,"href":"https:\/\/mamaterra.lt\/lv\/wp-json\/wp\/v2\/product_brand?post=16045"},{"taxonomy":"product_cat","embeddable":true,"href":"https:\/\/mamaterra.lt\/lv\/wp-json\/wp\/v2\/product_cat?post=16045"},{"taxonomy":"product_tag","embeddable":true,"href":"https:\/\/mamaterra.lt\/lv\/wp-json\/wp\/v2\/product_tag?post=16045"}],"curies":[{"name":"wp","href":"https:\/\/api.w.org\/{rel}","templated":true}]}}