{"id":16036,"date":"2021-09-12T16:51:13","date_gmt":"2021-09-12T15:51:13","guid":{"rendered":"https:\/\/mamaterra.lt\/parduotuve\/uncategorized\/doterra-correct-x-ziede-15ml\/"},"modified":"2021-09-12T16:51:13","modified_gmt":"2021-09-12T15:51:13","slug":"doterra-correct-x-cream-15ml","status":"publish","type":"product","link":"https:\/\/mamaterra.lt\/lv\/parduotuve\/eteriskas-ellas\/eterisko-ellu-maisijumi\/doterra-correct-x-cream-15ml\/","title":{"rendered":"doTERRA Correct-X ziede 15ml"},"content":{"rendered":"<p><strong>doTERRA Correct-X ziede<\/strong><\/p>\n<p>15ml<\/p>\n<p>&nbsp;<\/p>\n<p><strong>doTERRA Correct-X ziedes visp\u0101r\u012bg\u0101s funkcijas:<\/strong><\/p>\n<p>Pateicoties dabiskajam sast\u0101vam, Correct-X \u0101tri uzs\u016bcas un \u0101da nepaliek lip\u012bga.<\/p>\n<p>\u0160\u012b daudzpus\u012bg\u0101, dab\u012bg\u0101 ziede pal\u012bdz nomierin\u0101t \u0101du un uztur\u0113t to t\u012bru, kad t\u0101 atg\u016bstas no boj\u0101juma (s\u016bk\u0161ana, zilumi, br\u016bce, herpes s\u0101kums).<\/p>\n<p>Tas ir lieliski piem\u0113rots, lai to ievietotu kabat\u0101 vai mugursom\u0101, kad dodaties kemping\u0101, vingrojat vai dodaties uz rota\u013cu laukumu.<\/p>\n<p><strong>doTERRA Correct-X<\/strong> ziede ar sp\u0113c\u012bg\u0101m \u0113teriskaj\u0101m e\u013c\u013c\u0101m un bot\u0101niskajiem ekstraktiem nomierina kairin\u0101tu, apdegu\u0161u, boj\u0101tu \u0101du.<\/p>\n<p>Viens piliens pal\u012bdz uztur\u0113t \u0101du t\u012bru un mitrin\u0101tu, l\u012bdz t\u0101 atg\u016bstas no kairin\u0101juma vai boj\u0101jumiem.<\/p>\n<p>\u0160\u012b maig\u0101 formula baro \u0101du, nomierina kairin\u0101jumu, saglab\u0101 mitrumu un t\u0101d\u0113j\u0101di aizsarg\u0101 boj\u0101to \u0101du no papildu boj\u0101jumiem.<\/p>\n<p>Correct-X nodro\u0161ina mitruma barjeru, kas pal\u012bdz aizsarg\u0101t, vienlaikus nomierinot un mitrinot \u0101du. \u0160\u012b beze\u013c\u013cas ziede bez konservantiem \u0101tri uzs\u016bcas, ir maiga un nekairina, t\u0101p\u0113c t\u0101 ir ide\u0101li piem\u0113rota jut\u012bgai \u0101dai.<\/p>\n<p>&nbsp;<\/p>\n<p><strong>doTERRA Correct-X ziedes sast\u0101vda\u013cas:<\/strong><\/p>\n<ul>\n<li>Boswellia, it\u0101\u013cu \u0101mu\u013cu, lavandas, ciedra un t\u0113jas koka \u0113terisk\u0101s e\u013c\u013cas att\u012bra un nomierina \u0101du.<\/li>\n<li>Bisabolols ir paz\u012bstams ar savu nomierino\u0161o iedarb\u012bbu un sp\u0113ju stimul\u0113t vesel\u012bgu \u0101du.<\/li>\n<li>Jojoba, t\u0101pat k\u0101 dabiskie tauki, kas atrodas \u0101d\u0101, nodro\u0161ina optim\u0101lu mitrin\u0101\u0161anu un pal\u012bdz uzlabot \u0101das tekst\u016bru.<\/li>\n<li>Phellodendron Amurense mizas ekstrakts tiek izmantots \u0101das kop\u0161anai.<\/li>\n<\/ul>\n<p>doTERRA Correct-X ziede <strong>ir paredz\u0113ta tikai \u0101r\u0113jai lieto\u0161anai<\/strong>.<\/p>\n<p>&nbsp;<\/p>\n<p>Noskatieties video par Correct-X ziedes lieto\u0161anu.<\/p>\n<p><iframe title=\"Nomierina \u0101du- Correct-X\u00ae Essential ziede\" src=\"https:\/\/www.youtube.com\/embed\/MPxPrLA7HMk\" width=\"946\" height=\"532\" frameborder=\"0\" allowfullscreen=\"allowfullscreen\"><\/iframe><\/p>\n","protected":false},"excerpt":{"rendered":"<ul>\n<li>Boswellia, it\u0101\u013cu \u0101mu\u013cu, lavandas, ciedra un t\u0113jas koka \u0113terisk\u0101s e\u013c\u013cas kop\u0101 ar da\u017eiem bot\u0101niskajiem mitrin\u0101t\u0101jiem un ekstraktiem nomierina un baro \u0101das m\u0113r\u0137a zonas.<\/li>\n<li>\u0160\u012b daudzpus\u012bg\u0101, dab\u012bg\u0101 ziede pal\u012bdz nomierin\u0101t \u0101du un uztur\u0113t to t\u012bru, kad t\u0101 atg\u016bstas no boj\u0101juma (s\u016bk\u0161ana, zilumi, br\u016bce, herpes s\u0101kums).<\/li>\n<li>Viens piliens pal\u012bdz uztur\u0113t \u0101du t\u012bru un mitrin\u0101tu, l\u012bdz t\u0101 atg\u016bstas no kairin\u0101juma vai boj\u0101jumiem.<\/li>\n<\/ul>\n","protected":false},"featured_media":11636,"template":"","meta":{"site-sidebar-layout":"default","site-content-layout":"default","ast-site-content-layout":"default","site-content-style":"default","site-sidebar-style":"default","ast-global-header-display":"","ast-banner-title-visibility":"","ast-main-header-display":"","ast-hfb-above-header-display":"","ast-hfb-below-header-display":"","ast-hfb-mobile-header-display":"","site-post-title":"","ast-breadcrumbs-content":"","ast-featured-img":"","footer-sml-layout":"","ast-disable-related-posts":"","theme-transparent-header-meta":"default","adv-header-id-meta":"","stick-header-meta":"","header-above-stick-meta":"","header-main-stick-meta":"","header-below-stick-meta":"","astra-migrate-meta-layouts":"default","ast-page-background-enabled":"default","ast-page-background-meta":{"desktop":{"background-color":"","background-image":"","background-repeat":"repeat","background-position":"center center","background-size":"auto","background-attachment":"scroll","background-type":"","background-media":"","overlay-type":"","overlay-color":"","overlay-opacity":"","overlay-gradient":""},"tablet":{"background-color":"","background-image":"","background-repeat":"repeat","background-position":"center center","background-size":"auto","background-attachment":"scroll","background-type":"","background-media":"","overlay-type":"","overlay-color":"","overlay-opacity":"","overlay-gradient":""},"mobile":{"background-color":"","background-image":"","background-repeat":"repeat","background-position":"center center","background-size":"auto","background-attachment":"scroll","background-type":"","background-media":"","overlay-type":"","overlay-color":"","overlay-opacity":"","overlay-gradient":""}},"ast-content-background-meta":{"desktop":{"background-color":"var(--ast-global-color-5)","background-image":"","background-repeat":"repeat","background-position":"center center","background-size":"auto","background-attachment":"scroll","background-type":"","background-media":"","overlay-type":"","overlay-color":"","overlay-opacity":"","overlay-gradient":""},"tablet":{"background-color":"var(--ast-global-color-5)","background-image":"","background-repeat":"repeat","background-position":"center center","background-size":"auto","background-attachment":"scroll","background-type":"","background-media":"","overlay-type":"","overlay-color":"","overlay-opacity":"","overlay-gradient":""},"mobile":{"background-color":"var(--ast-global-color-5)","background-image":"","background-repeat":"repeat","background-position":"center center","background-size":"auto","background-attachment":"scroll","background-type":"","background-media":"","overlay-type":"","overlay-color":"","overlay-opacity":"","overlay-gradient":""}}},"product_brand":[],"product_cat":[619,600,601,604],"product_tag":[683,1254,653],"class_list":{"0":"post-16036","1":"product","2":"type-product","3":"status-publish","4":"has-post-thumbnail","6":"product_cat-berniem","7":"product_cat-eteriskas-ellas","8":"product_cat-eterisko-ellu-maisijumi","9":"product_cat-higiena-un-adas-kopsana","10":"product_tag-15ml-lv","11":"product_tag-correct-x-lv","12":"product_tag-smerviela","13":"desktop-align-left","14":"tablet-align-left","15":"mobile-align-left","17":"first","18":"instock","19":"sale","20":"taxable","21":"shipping-taxable","22":"purchasable","23":"product-type-simple"},"_links":{"self":[{"href":"https:\/\/mamaterra.lt\/lv\/wp-json\/wp\/v2\/product\/16036","targetHints":{"allow":["GET"]}}],"collection":[{"href":"https:\/\/mamaterra.lt\/lv\/wp-json\/wp\/v2\/product"}],"about":[{"href":"https:\/\/mamaterra.lt\/lv\/wp-json\/wp\/v2\/types\/product"}],"wp:featuredmedia":[{"embeddable":true,"href":"https:\/\/mamaterra.lt\/lv\/wp-json\/wp\/v2\/media\/11636"}],"wp:attachment":[{"href":"https:\/\/mamaterra.lt\/lv\/wp-json\/wp\/v2\/media?parent=16036"}],"wp:term":[{"taxonomy":"product_brand","embeddable":true,"href":"https:\/\/mamaterra.lt\/lv\/wp-json\/wp\/v2\/product_brand?post=16036"},{"taxonomy":"product_cat","embeddable":true,"href":"https:\/\/mamaterra.lt\/lv\/wp-json\/wp\/v2\/product_cat?post=16036"},{"taxonomy":"product_tag","embeddable":true,"href":"https:\/\/mamaterra.lt\/lv\/wp-json\/wp\/v2\/product_tag?post=16036"}],"curies":[{"name":"wp","href":"https:\/\/api.w.org\/{rel}","templated":true}]}}