{"id":16032,"date":"2021-11-18T12:32:22","date_gmt":"2021-11-18T11:32:22","guid":{"rendered":"https:\/\/mamaterra.lt\/parduotuve\/uncategorized\/doterra-holiday-peace-eterisko-ellu-maisijums-15ml\/"},"modified":"2021-11-18T12:32:22","modified_gmt":"2021-11-18T11:32:22","slug":"doterra-brivdienas-miers-eteriskas-ellas-maisijums-15ml","status":"publish","type":"product","link":"https:\/\/mamaterra.lt\/lv\/parduotuve\/eteriskas-ellas\/eterisko-ellu-maisijumi\/doterra-brivdienas-miers-eteriskas-ellas-maisijums-15ml\/","title":{"rendered":"doTERRA HOLIDAY PEACE \u0112terisko e\u013c\u013cu mais\u012bjums 15ml"},"content":{"rendered":"<p><strong>doTERRA HOLIDAY PEACE \u0113terisko e\u013c\u013cu mais\u012bjums<\/strong><\/p>\n<p>15ml<\/p>\n<p>&nbsp;<\/p>\n<p>Uzaiciniet uz sav\u0101m m\u0101j\u0101m harmonijas, l\u012bdzsvara un miera atmosf\u0113ru ar doTERRA SV\u0112TKU MIERU.<\/p>\n<p>P\u0101rsteidzo\u0161s, mier\u012bgs, m\u0101j\u012bgs, \u0123imenei l\u012bdz\u012bgs. Sve\u0137ains, atsvaidzino\u0161s, citrusaug\u013cu, koksnes arom\u0101ts.<\/p>\n<p>Piezem\u0113jiet sevi ar maigajiem Holiday Peace to\u0146iem un tr\u012bs eg\u013cu \u2013 Sib\u012brijas, Duglasa un Himalaju \u2013 nomierino\u0161ajiem arom\u0101tiem, ko papildina greipfr\u016bti, bosvelijas un vetiveri.<\/p>\n<p>Br\u012bvdienu miers ir \u0113terisko e\u013c\u013cu mais\u012bjums sv\u0113tku mieram, izl\u012bgumam un sv\u0113tlaimei. Tvaic\u0113jiet \u0161o \u0113terisko e\u013c\u013cu mais\u012bjumu, lai rad\u012btu m\u0101j\u012bgu un harmonisku atmosf\u0113ru Ziemassv\u0113tku pulc\u0113\u0161an\u0101s vai klusam vakaram m\u0101j\u0101s.<\/p>\n<p><strong>doTERRA HOLIDAY PEACE \u0112terisko e\u013c\u013cu mais\u012bjums Izmanto:<\/strong><\/p>\n<ul>\n<li>Tvaiks, lai paaugstin\u0101tu garast\u0101vokli un rad\u012btu<strong> mier\u012bgu harmonisku atmosf\u0113ru<\/strong> aiz\u0146emtaj\u0101 br\u012bvdienu sezon\u0101.<\/li>\n<li>Tvaiks &#8211;<strong> iek\u0161telpu gaiss tiks att\u012br\u012bts un atsvaidzin\u0101ts.<\/strong><\/li>\n<li>Uzkl\u0101jiet vienu vai divus pilienus uz dolom\u012bta vai m\u0101la rotasliet\u0101m, t\u0101d\u0113j\u0101di radot <strong>m\u0101j\u0101 sv\u0113tku garu<\/strong> .<\/li>\n<li>Izsmidziniet ar \u016bdeni un da\u017eiem pilieniem Holiday Peace, izsmidziniet savu sv\u0113tku dekoru, kas ieg\u016bs zem\u0113jumu, me\u017ea smar\u017eu.<\/li>\n<li>Uzkl\u0101jiet pulsa punktus (at\u0161\u0137aid\u012btus ar nes\u0113je\u013c\u013cu)- <strong>j\u016bs atsl\u0101bin\u0101sities un nomierin\u0101sieties<\/strong>.<\/li>\n<\/ul>\n<p><strong>doTERRA HOLIDAY PEACE \u0112terisko e\u013c\u013cu mais\u012bjuma emocion\u0101l\u0101 iedarb\u012bba:<\/strong><\/p>\n<ul>\n<li>\u0160is e\u013c\u013cu mais\u012bjums mazina stresu, iezem\u0113\u0161anu, veicina pa\u0161kontroli.<\/li>\n<li>\u0160o dabisko sast\u0101vda\u013cu savien\u012bba dod cilv\u0113kam p\u0101rliec\u012bbu un par\u0101da, ka vi\u0146\u0161 var b\u016bt t\u0101 dz\u012bv\u0101 saikne, kas dzied\u0113 \u0123imenes l\u012bniju iepriek\u0161\u0113j\u0101m un n\u0101kamaj\u0101m paaudz\u0113m \u00b7<\/li>\n<li>\u0160is arom\u0101ts pal\u012bdz atrast mieru gan no iek\u0161puses, gan \u0101rpuses.<\/li>\n<\/ul>\n<p><strong>DOTERRA HOLIDAY PEACE \u0113terisko e\u013c\u013cu mais\u012bjums Sast\u0101vda\u013cas:<\/strong><\/p>\n<p>Sib\u012brijas za\u0137is, greipfr\u016btu miza, lielais poci\u016bge, Himalaju egles \u0113terisk\u0101s e\u013c\u013cas, boswellia, vetiverian saknes.<\/p>\n<p>&nbsp;<\/p>\n<p>Noskatieties video par \u0113terisko e\u013c\u013cu mais\u012bjumu doTERRA Holiday Peace.<\/p>\n<p><iframe title=\"YouTube video atska\u0146ot\u0101js\" src=\"https:\/\/www.youtube-nocookie.com\/embed\/W8XE0c_QZxA?start=9\" width=\"560\" height=\"315\" frameborder=\"0\" allowfullscreen=\"allowfullscreen\"><\/iframe><\/p>\n","protected":false},"excerpt":{"rendered":"<ul>\n<li>Iezem\u0113jiet sevi ar maigajiem Holiday Peace to\u0146iem un tr\u012bs eg\u013cu \u2013 Sib\u012brijas, Duglasa un Himalaju \u2013 nomierino\u0161ajiem arom\u0101tiem, ko papildina greipfr\u016bti, boswellia un vetiver<\/li>\n<li>Uzaiciniet uz m\u0101j\u0101m harmonijas, l\u012bdzsvara un klusuma atmosf\u0113ru ar doTERRA Holiday Peace<\/li>\n<li>P\u0101rsteidzo\u0161s, mier\u012bgs, m\u0101j\u012bgs, \u0123imenei l\u012bdz\u012bgs. Sve\u0137ains, atsvaidzino\u0161s, citrusaug\u013cu, koksnes arom\u0101ts<\/li>\n<\/ul>\n","protected":false},"featured_media":11658,"template":"","meta":{"site-sidebar-layout":"default","site-content-layout":"default","ast-site-content-layout":"default","site-content-style":"default","site-sidebar-style":"default","ast-global-header-display":"","ast-banner-title-visibility":"","ast-main-header-display":"","ast-hfb-above-header-display":"","ast-hfb-below-header-display":"","ast-hfb-mobile-header-display":"","site-post-title":"","ast-breadcrumbs-content":"","ast-featured-img":"","footer-sml-layout":"","ast-disable-related-posts":"","theme-transparent-header-meta":"default","adv-header-id-meta":"","stick-header-meta":"","header-above-stick-meta":"","header-main-stick-meta":"","header-below-stick-meta":"","astra-migrate-meta-layouts":"default","ast-page-background-enabled":"default","ast-page-background-meta":{"desktop":{"background-color":"","background-image":"","background-repeat":"repeat","background-position":"center center","background-size":"auto","background-attachment":"scroll","background-type":"","background-media":"","overlay-type":"","overlay-color":"","overlay-opacity":"","overlay-gradient":""},"tablet":{"background-color":"","background-image":"","background-repeat":"repeat","background-position":"center center","background-size":"auto","background-attachment":"scroll","background-type":"","background-media":"","overlay-type":"","overlay-color":"","overlay-opacity":"","overlay-gradient":""},"mobile":{"background-color":"","background-image":"","background-repeat":"repeat","background-position":"center center","background-size":"auto","background-attachment":"scroll","background-type":"","background-media":"","overlay-type":"","overlay-color":"","overlay-opacity":"","overlay-gradient":""}},"ast-content-background-meta":{"desktop":{"background-color":"var(--ast-global-color-5)","background-image":"","background-repeat":"repeat","background-position":"center center","background-size":"auto","background-attachment":"scroll","background-type":"","background-media":"","overlay-type":"","overlay-color":"","overlay-opacity":"","overlay-gradient":""},"tablet":{"background-color":"var(--ast-global-color-5)","background-image":"","background-repeat":"repeat","background-position":"center center","background-size":"auto","background-attachment":"scroll","background-type":"","background-media":"","overlay-type":"","overlay-color":"","overlay-opacity":"","overlay-gradient":""},"mobile":{"background-color":"var(--ast-global-color-5)","background-image":"","background-repeat":"repeat","background-position":"center center","background-size":"auto","background-attachment":"scroll","background-type":"","background-media":"","overlay-type":"","overlay-color":"","overlay-opacity":"","overlay-gradient":""}}},"product_brand":[],"product_cat":[600,601,618],"product_tag":[683,632,1138],"class_list":{"0":"post-16032","1":"product","2":"type-product","3":"status-publish","4":"has-post-thumbnail","6":"product_cat-eteriskas-ellas","7":"product_cat-eterisko-ellu-maisijumi","8":"product_cat-nomierinosas","9":"product_tag-15ml-lv","10":"product_tag-eterisko-ellu-maisijumi","11":"product_tag-holiday-peace-lv","12":"desktop-align-left","13":"tablet-align-left","14":"mobile-align-left","16":"first","17":"instock","18":"taxable","19":"shipping-taxable","20":"purchasable","21":"product-type-simple"},"_links":{"self":[{"href":"https:\/\/mamaterra.lt\/lv\/wp-json\/wp\/v2\/product\/16032","targetHints":{"allow":["GET"]}}],"collection":[{"href":"https:\/\/mamaterra.lt\/lv\/wp-json\/wp\/v2\/product"}],"about":[{"href":"https:\/\/mamaterra.lt\/lv\/wp-json\/wp\/v2\/types\/product"}],"wp:featuredmedia":[{"embeddable":true,"href":"https:\/\/mamaterra.lt\/lv\/wp-json\/wp\/v2\/media\/11658"}],"wp:attachment":[{"href":"https:\/\/mamaterra.lt\/lv\/wp-json\/wp\/v2\/media?parent=16032"}],"wp:term":[{"taxonomy":"product_brand","embeddable":true,"href":"https:\/\/mamaterra.lt\/lv\/wp-json\/wp\/v2\/product_brand?post=16032"},{"taxonomy":"product_cat","embeddable":true,"href":"https:\/\/mamaterra.lt\/lv\/wp-json\/wp\/v2\/product_cat?post=16032"},{"taxonomy":"product_tag","embeddable":true,"href":"https:\/\/mamaterra.lt\/lv\/wp-json\/wp\/v2\/product_tag?post=16032"}],"curies":[{"name":"wp","href":"https:\/\/api.w.org\/{rel}","templated":true}]}}