{"id":16030,"date":"2022-03-06T21:06:52","date_gmt":"2022-03-06T20:06:52","guid":{"rendered":"https:\/\/mamaterra.lt\/parduotuve\/uncategorized\/doterra-on-guard-roku-tirisanas-aerosols-tirisanas-putekli-uz-aizsarga-dezinficejosas-miglas-5-gab-pec-27ml\/"},"modified":"2022-03-06T21:06:52","modified_gmt":"2022-03-06T20:06:52","slug":"doterra-on-guard-armu-cleaning-spray-cleaning-mist-duster-on-guard-sanitizing-mist-5-pcs-x-27ml","status":"publish","type":"product","link":"https:\/\/mamaterra.lt\/lv\/parduotuve\/eteriskas-ellas\/doterra-on-guard-armu-cleaning-spray-cleaning-mist-duster-on-guard-sanitizing-mist-5-pcs-x-27ml\/","title":{"rendered":"doTERRA On Guard\u2122 roku t\u012br\u012b\u0161anas aerosols &#8211; t\u012br\u012b\u0161anas putek\u013ci (uz aizsarga dezinfic\u0113jo\u0161as miglas) &#8211; 5 gab. p\u0113c 27ml"},"content":{"rendered":"<p><strong>doTERRA On Guard\u2122 roku t\u012br\u012b\u0161anas aerosols &#8211; t\u012br\u012b\u0161anas migla (uz apsardzes dezinfic\u0113jo\u0161as miglas)<\/strong><\/p>\n<p>5 gab. 27 ml katrs<\/p>\n<p>&nbsp;<\/p>\n<p><strong>doTERRA On Guard\u2122 roku t\u012br\u012b\u0161anas aerosols &#8211; t\u012br\u012b\u0161anas migla (uz aizsarga dezinfic\u0113jo\u0161as miglas) Apraksts:<\/strong><\/p>\n<p>\u0112terisko e\u013c\u013cu mais\u012bjums doTERRA On Guard ir viens no popul\u0101r\u0101kajiem doTERRA mais\u012bjumiem, pateicoties t\u0101 neticamajam lietojumam un priek\u0161roc\u012bb\u0101m.<\/p>\n<p>doTERRA On Guard Spray att\u012bra \u0101du, izmantojot att\u012bro\u0161u efektu caur \u0101rk\u0101rt\u012bgi smalku, \u0101tri \u017e\u016bsto\u0161u miglu. Sast\u0101v\u0101 eso\u0161ais dab\u012bgais \u0101bolu ekstrakts, mitrino\u0161\u0101 formula nesausin\u0101s \u0101du, un rokas jut\u012bsies m\u012bkstas un gludas.<\/p>\n<p>DoTERRA On Guard savva\u013cas apels\u012bnu, krustnagli\u0146u, kan\u0113\u013ca, eikalipta un rozmar\u012bna CPTG \u2122 \u0113terisko e\u013c\u013cu mais\u012bjums pie\u0161\u0137ir pacil\u0101jo\u0161u citrusaug\u013cu gar\u0161vielu arom\u0101tu.<\/p>\n<p>Dabiski ieg\u016bt\u0101 akt\u012bv\u0101 viela, USP sertific\u0113ts etilspirts, pal\u012bdz t\u012br\u012bt rokas, atbalstot miglas t\u012br\u012b\u0161anas efektu. \u0160\u012b ir \u0113rta d\u016bmaka, kas ir lieliski piem\u0113rota ce\u013cojumiem, skolai, darbam un \u0123imenes braucieniem.<\/p>\n<p><strong>doTERRA On Guard\u2122 roku t\u012br\u012b\u0161anas aerosols &#8211; t\u012br\u012b\u0161anas migla (uz aizsarga dezinfic\u0113jo\u0161as miglas) Visp\u0101r\u012bg\u0101s \u012bpa\u0161\u012bbas:<\/strong><\/p>\n<ul>\n<li>T\u0101 ir \u012bpa\u0161i smalka, \u0101tri \u017e\u016bsto\u0161a t\u012br\u012b\u0161anas migla.<\/li>\n<li>Bag\u0101tin\u0101ta ar dab\u012bgu \u0101bolu ekstraktu, mitrino\u0161\u0101 formula nesausin\u0101s \u0101du, un rokas b\u016bs m\u012bkstas un gludas.<\/li>\n<li>doTERRA On Guard, CPTG\u2122 \u0113terisko e\u013c\u013cu mais\u012bjums no savva\u013cas apels\u012bniem, krustnagli\u0146\u0101m, kan\u0113\u013ca, eikalipta un rozmar\u012bna, pie\u0161\u0137ir garast\u0101vokli pacil\u0101jo\u0161u citrusaug\u013cu un gar\u0161vielu arom\u0101tu.<\/li>\n<li>Etilspirts pal\u012bdz t\u012br\u012bt rokas, atbalstot miglas t\u012br\u012b\u0161anas efektu. \u0112rt\u0101 migla ir lieliski piem\u0113rota ce\u013co\u0161anai, skolai, darbam un ce\u013cojo\u0161\u0101m \u0123imen\u0113m.<\/li>\n<\/ul>\n<p>&nbsp;<\/p>\n<p>Vair\u0101k par produktu.<\/p>\n<p><iframe title=\"Uzziniet vair\u0101k par doTERRA vietn\u0113 Guard\u00ae Blend- uzziniet, k\u0101 tas darbojas un k\u0101 tas var dot labumu j\u016bsu \u0123imenei\" src=\"https:\/\/www.youtube.com\/embed\/BLSUp29q3pk\" width=\"946\" height=\"532\" frameborder=\"0\" allowfullscreen=\"allowfullscreen\"><\/iframe><\/p>\n","protected":false},"excerpt":{"rendered":"<ul>\n<li>doTERRA On Guard Spray att\u012bra \u0101du ar att\u012bro\u0161u efektu, izmantojot \u0101rk\u0101rt\u012bgi smalku, \u0101tri \u017e\u016bsto\u0161u miglu<\/li>\n<li>doTERRA On Guard savva\u013cas apels\u012bnu, krustnagli\u0146u, kan\u0113\u013ca, eikalipta un rozmar\u012bna CPTG \u2122 \u0113terisko e\u013c\u013cu mais\u012bjums pie\u0161\u0137ir pacil\u0101jo\u0161u citrusaug\u013cu un gar\u0161vielu arom\u0101tu<\/li>\n<li>Bag\u0101tin\u0101ta ar dab\u012bgo \u0101bolu ekstraktu, mitrino\u0161\u0101 formula nesausin\u0101s \u0101du, un rokas b\u016bs m\u012bkstas un gludas<\/li>\n<li>doTERRA On Guard \u0113terisko e\u013c\u013cu mais\u012bjums no savva\u013cas apels\u012bniem, krustnagli\u0146\u0101m, kan\u0113\u013ca, eikalipta un rozmar\u012bna CPTG\u2122 pie\u0161\u0137ir garast\u0101vokli pacil\u0101jo\u0161u citrusaug\u013cu un gar\u0161vielu arom\u0101tu<\/li>\n<li>Etilspirts pal\u012bdz att\u012br\u012bt rokas<\/li>\n<\/ul>\n","protected":false},"featured_media":11776,"template":"","meta":{"site-sidebar-layout":"default","site-content-layout":"default","ast-site-content-layout":"default","site-content-style":"default","site-sidebar-style":"default","ast-global-header-display":"","ast-banner-title-visibility":"","ast-main-header-display":"","ast-hfb-above-header-display":"","ast-hfb-below-header-display":"","ast-hfb-mobile-header-display":"","site-post-title":"","ast-breadcrumbs-content":"","ast-featured-img":"","footer-sml-layout":"","ast-disable-related-posts":"","theme-transparent-header-meta":"default","adv-header-id-meta":"","stick-header-meta":"","header-above-stick-meta":"","header-main-stick-meta":"","header-below-stick-meta":"","astra-migrate-meta-layouts":"default","ast-page-background-enabled":"default","ast-page-background-meta":{"desktop":{"background-color":"","background-image":"","background-repeat":"repeat","background-position":"center center","background-size":"auto","background-attachment":"scroll","background-type":"","background-media":"","overlay-type":"","overlay-color":"","overlay-opacity":"","overlay-gradient":""},"tablet":{"background-color":"","background-image":"","background-repeat":"repeat","background-position":"center center","background-size":"auto","background-attachment":"scroll","background-type":"","background-media":"","overlay-type":"","overlay-color":"","overlay-opacity":"","overlay-gradient":""},"mobile":{"background-color":"","background-image":"","background-repeat":"repeat","background-position":"center center","background-size":"auto","background-attachment":"scroll","background-type":"","background-media":"","overlay-type":"","overlay-color":"","overlay-opacity":"","overlay-gradient":""}},"ast-content-background-meta":{"desktop":{"background-color":"var(--ast-global-color-5)","background-image":"","background-repeat":"repeat","background-position":"center center","background-size":"auto","background-attachment":"scroll","background-type":"","background-media":"","overlay-type":"","overlay-color":"","overlay-opacity":"","overlay-gradient":""},"tablet":{"background-color":"var(--ast-global-color-5)","background-image":"","background-repeat":"repeat","background-position":"center center","background-size":"auto","background-attachment":"scroll","background-type":"","background-media":"","overlay-type":"","overlay-color":"","overlay-opacity":"","overlay-gradient":""},"mobile":{"background-color":"var(--ast-global-color-5)","background-image":"","background-repeat":"repeat","background-position":"center center","background-size":"auto","background-attachment":"scroll","background-type":"","background-media":"","overlay-type":"","overlay-color":"","overlay-opacity":"","overlay-gradient":""}}},"product_brand":[],"product_cat":[600,616],"product_tag":[686,1440,646],"class_list":{"0":"post-16030","1":"product","2":"type-product","3":"status-publish","4":"has-post-thumbnail","6":"product_cat-eteriskas-ellas","7":"product_cat-on-guard-produktiem","8":"product_tag-27ml-lv","9":"product_tag-on-guard-lv","10":"product_tag-smidzinatajs","11":"desktop-align-left","12":"tablet-align-left","13":"mobile-align-left","15":"first","16":"instock","17":"taxable","18":"shipping-taxable","19":"purchasable","20":"product-type-simple"},"_links":{"self":[{"href":"https:\/\/mamaterra.lt\/lv\/wp-json\/wp\/v2\/product\/16030","targetHints":{"allow":["GET"]}}],"collection":[{"href":"https:\/\/mamaterra.lt\/lv\/wp-json\/wp\/v2\/product"}],"about":[{"href":"https:\/\/mamaterra.lt\/lv\/wp-json\/wp\/v2\/types\/product"}],"wp:featuredmedia":[{"embeddable":true,"href":"https:\/\/mamaterra.lt\/lv\/wp-json\/wp\/v2\/media\/11776"}],"wp:attachment":[{"href":"https:\/\/mamaterra.lt\/lv\/wp-json\/wp\/v2\/media?parent=16030"}],"wp:term":[{"taxonomy":"product_brand","embeddable":true,"href":"https:\/\/mamaterra.lt\/lv\/wp-json\/wp\/v2\/product_brand?post=16030"},{"taxonomy":"product_cat","embeddable":true,"href":"https:\/\/mamaterra.lt\/lv\/wp-json\/wp\/v2\/product_cat?post=16030"},{"taxonomy":"product_tag","embeddable":true,"href":"https:\/\/mamaterra.lt\/lv\/wp-json\/wp\/v2\/product_tag?post=16030"}],"curies":[{"name":"wp","href":"https:\/\/api.w.org\/{rel}","templated":true}]}}