{"id":16028,"date":"2021-09-11T13:04:35","date_gmt":"2021-09-11T12:04:35","guid":{"rendered":"https:\/\/mamaterra.lt\/parduotuve\/uncategorized\/doterra-tamer-eterisko-ellu-maisijums-gremosanai-uzlabojiet-10ml\/"},"modified":"2021-09-11T13:04:35","modified_gmt":"2021-09-11T12:04:35","slug":"doterra-tamer-essential-oil-blend-10ml","status":"publish","type":"product","link":"https:\/\/mamaterra.lt\/lv\/parduotuve\/eteriskas-ellas\/eterisko-ellu-maisijumi\/doterra-tamer-essential-oil-blend-10ml\/","title":{"rendered":"doTERRA Tamer\u2122 \u0113terisko e\u013c\u013cu mais\u012bjums gremo\u0161anai Uzlabojiet 10ml"},"content":{"rendered":"<p><strong>doTERRA Tamer\u2122 \u0113terisko e\u013c\u013cu mais\u012bjums gremo\u0161anas uzlabo\u0161anai<\/strong><\/p>\n<p>10 ml pudele ar lod\u012b\u0161u aplikatoru<\/p>\n<p>&nbsp;<\/p>\n<p><strong>doTERRA Tamer\u2122 \u0113terisko e\u013c\u013cu mais\u012bjuma sast\u0101vda\u013cas:<\/strong><\/p>\n<p>Tamer mais\u012bjum\u0101 CPTG \u0113terisko e\u013c\u013cu unik\u0101l\u0101s labv\u0113l\u012bg\u0101s \u012bpa\u0161\u012bbas, piem\u0113ram, spearmint, jap\u0101\u0146u piparm\u0113tru un ingvera mais\u012bjums ar doTERRA frakcion\u0113tu kokosriekstu e\u013c\u013cu. Lietojot kop\u0101, \u0161\u012bs e\u013c\u013cas rada viegluma saj\u016btu p\u0113c s\u0101t\u012bgas \u0113diena porcijas.<\/p>\n<p><strong>doTERRA Tamer\u2122 \u0113terisko e\u013c\u013cu mais\u012bjuma visp\u0101r\u012bg\u0101s \u012bpa\u0161\u012bbas:<\/strong><\/p>\n<ul>\n<li>Nomierino\u0161s arom\u0101ts pal\u012bdz\u0113s jums justies lab\u0101k, kad tas jums visvair\u0101k nepiecie\u0161ams<\/li>\n<li>\u013bauj baud\u012bt nomierino\u0161u v\u0113dera mas\u0101\u017eu<\/li>\n<li>At\u0161\u0137aid\u012bts ar doterra frakcion\u0113tu kokosriekstu e\u013c\u013cu, t\u0101p\u0113c tas ir ide\u0101li piem\u0113rots b\u0113rniem un cilv\u0113kiem ar jut\u012bgu \u0101du<\/li>\n<li>Pateicoties \u0113rtajam lod\u012b\u0161u aplikatoram, mais\u012bjumu ir viegli uzkl\u0101t uz problem\u0101tiskaj\u0101m viet\u0101m<\/li>\n<\/ul>\n<p>&nbsp;<\/p>\n<p>Noskatieties video par doTERRA Tamer\u2122 \u0113terisko e\u013c\u013cu mais\u012bjumu.<\/p>\n<p><iframe title=\"JAUNUMS doTERRA Tamer\u2122 \u0113terisk\u0101 e\u013c\u013ca b\u0113rniem\" src=\"https:\/\/www.youtube.com\/embed\/5TQ5R2oOUYU\" width=\"946\" height=\"532\" frameborder=\"0\" allowfullscreen=\"allowfullscreen\"><\/iframe><\/p>\n","protected":false},"excerpt":{"rendered":"<ul>\n<li>\u013bauj baud\u012bt nomierino\u0161u v\u0113dera mas\u0101\u017eu<\/li>\n<li>At\u0161\u0137aid\u012bts ar doterra frakcion\u0113tu kokosriekstu e\u013c\u013cu, t\u0101p\u0113c tas ir ide\u0101li piem\u0113rots b\u0113rniem un cilv\u0113kiem ar jut\u012bgu \u0101du<\/li>\n<li>Pateicoties \u0113rtajam lod\u012b\u0161u aplikatoram, mais\u012bjumu ir viegli uzkl\u0101t uz problem\u0101tiskaj\u0101m viet\u0101m<\/li>\n<li>Nomierino\u0161s arom\u0101ts pal\u012bdz\u0113s jums justies lab\u0101k, kad tas jums visvair\u0101k nepiecie\u0161ams<\/li>\n<\/ul>\n","protected":false},"featured_media":11622,"template":"","meta":{"site-sidebar-layout":"default","site-content-layout":"default","ast-site-content-layout":"default","site-content-style":"default","site-sidebar-style":"default","ast-global-header-display":"","ast-banner-title-visibility":"","ast-main-header-display":"","ast-hfb-above-header-display":"","ast-hfb-below-header-display":"","ast-hfb-mobile-header-display":"","site-post-title":"","ast-breadcrumbs-content":"","ast-featured-img":"","footer-sml-layout":"","ast-disable-related-posts":"","theme-transparent-header-meta":"default","adv-header-id-meta":"","stick-header-meta":"","header-above-stick-meta":"","header-main-stick-meta":"","header-below-stick-meta":"","astra-migrate-meta-layouts":"default","ast-page-background-enabled":"default","ast-page-background-meta":{"desktop":{"background-color":"","background-image":"","background-repeat":"repeat","background-position":"center center","background-size":"auto","background-attachment":"scroll","background-type":"","background-media":"","overlay-type":"","overlay-color":"","overlay-opacity":"","overlay-gradient":""},"tablet":{"background-color":"","background-image":"","background-repeat":"repeat","background-position":"center center","background-size":"auto","background-attachment":"scroll","background-type":"","background-media":"","overlay-type":"","overlay-color":"","overlay-opacity":"","overlay-gradient":""},"mobile":{"background-color":"","background-image":"","background-repeat":"repeat","background-position":"center center","background-size":"auto","background-attachment":"scroll","background-type":"","background-media":"","overlay-type":"","overlay-color":"","overlay-opacity":"","overlay-gradient":""}},"ast-content-background-meta":{"desktop":{"background-color":"var(--ast-global-color-5)","background-image":"","background-repeat":"repeat","background-position":"center center","background-size":"auto","background-attachment":"scroll","background-type":"","background-media":"","overlay-type":"","overlay-color":"","overlay-opacity":"","overlay-gradient":""},"tablet":{"background-color":"var(--ast-global-color-5)","background-image":"","background-repeat":"repeat","background-position":"center center","background-size":"auto","background-attachment":"scroll","background-type":"","background-media":"","overlay-type":"","overlay-color":"","overlay-opacity":"","overlay-gradient":""},"mobile":{"background-color":"var(--ast-global-color-5)","background-image":"","background-repeat":"repeat","background-position":"center center","background-size":"auto","background-attachment":"scroll","background-type":"","background-media":"","overlay-type":"","overlay-color":"","overlay-opacity":"","overlay-gradient":""}}},"product_brand":[],"product_cat":[619,601,620],"product_tag":[682,654,632,965],"class_list":{"0":"post-16028","1":"product","2":"type-product","3":"status-publish","4":"has-post-thumbnail","6":"product_cat-berniem","7":"product_cat-eterisko-ellu-maisijumi","8":"product_cat-gremosanai","9":"product_tag-10-ml-lv","10":"product_tag-berniem","11":"product_tag-eterisko-ellu-maisijumi","12":"product_tag-tamer-lv","13":"desktop-align-left","14":"tablet-align-left","15":"mobile-align-left","17":"first","18":"instock","19":"taxable","20":"shipping-taxable","21":"purchasable","22":"product-type-simple"},"_links":{"self":[{"href":"https:\/\/mamaterra.lt\/lv\/wp-json\/wp\/v2\/product\/16028","targetHints":{"allow":["GET"]}}],"collection":[{"href":"https:\/\/mamaterra.lt\/lv\/wp-json\/wp\/v2\/product"}],"about":[{"href":"https:\/\/mamaterra.lt\/lv\/wp-json\/wp\/v2\/types\/product"}],"wp:featuredmedia":[{"embeddable":true,"href":"https:\/\/mamaterra.lt\/lv\/wp-json\/wp\/v2\/media\/11622"}],"wp:attachment":[{"href":"https:\/\/mamaterra.lt\/lv\/wp-json\/wp\/v2\/media?parent=16028"}],"wp:term":[{"taxonomy":"product_brand","embeddable":true,"href":"https:\/\/mamaterra.lt\/lv\/wp-json\/wp\/v2\/product_brand?post=16028"},{"taxonomy":"product_cat","embeddable":true,"href":"https:\/\/mamaterra.lt\/lv\/wp-json\/wp\/v2\/product_cat?post=16028"},{"taxonomy":"product_tag","embeddable":true,"href":"https:\/\/mamaterra.lt\/lv\/wp-json\/wp\/v2\/product_tag?post=16028"}],"curies":[{"name":"wp","href":"https:\/\/api.w.org\/{rel}","templated":true}]}}