{"id":16023,"date":"2021-09-19T19:24:48","date_gmt":"2021-09-19T18:24:48","guid":{"rendered":"https:\/\/mamaterra.lt\/parduotuve\/uncategorized\/air-breathe-doterra-eterisko-ellu-maisijums-15ml\/"},"modified":"2021-09-19T19:24:48","modified_gmt":"2021-09-19T18:24:48","slug":"doterra-gaiss-eteriskas-ellas-maisijums-15ml","status":"publish","type":"product","link":"https:\/\/mamaterra.lt\/lv\/parduotuve\/eteriskas-ellas\/eterisko-ellu-maisijumi\/doterra-gaiss-eteriskas-ellas-maisijums-15ml\/","title":{"rendered":"AIR\/BREATHE doTERRA \u0113terisko e\u013c\u013cu mais\u012bjums 15ml"},"content":{"rendered":"<p><strong>GAISS\/ELPOJIET doTERRA \u0113terisko e\u013c\u013cu mais\u012bjumu<\/strong><\/p>\n<p>15ml<\/p>\n<p>&nbsp;<\/p>\n<p><strong>AIR\/BREATHE doTERRA \u0113terisko e\u013c\u013cu mais\u012bjums Visp\u0101r\u012bg\u0101s \u012bpa\u0161\u012bbas:<\/strong><\/p>\n<ul>\n<li>doTERRA Air\/Breathe atbalsta br\u012bvu elpce\u013cu un vieglas elpo\u0161anas saj\u016btu, vienlaikus samazinot sezon\u0101lo izmai\u0146u ietekmi.<\/li>\n<li>doTERRA Air\/Breathe var lok\u0101li uzkl\u0101t uz kr\u016bt\u012bm, muguras vai k\u0101j\u0101m vai izplat\u012bties nakt\u012b, lai nomierin\u0101tu ma\u0146as un veicin\u0101tu mier\u012bgu miegu.<\/li>\n<li>Gaisa tvaiks ar difuzoru, uzkl\u0101jiet refleksu punktus, kr\u016btis, kaklu, kad j\u016bs apmekl\u0113 diskomforts un kad j\u016bs nemier\u012bgi gu\u013cat.<\/li>\n<\/ul>\n<p><strong>AIR\/BREATHE doTERRA \u0113terisko e\u013c\u013cu mais\u012bjuma sast\u0101vs:<\/strong><\/p>\n<p>lauru lapa, piparm\u0113tra, eikalipts, t\u0113jas koks, citrons, kardamons, Ravintsara un Ravensara<\/p>\n<p><strong>AIR\/BREATHE doTERRA \u0113terisko e\u013c\u013cu mais\u012bjuma lieto\u0161ana:<\/strong><\/p>\n<ul>\n<li>Tvaic\u0113jiet ar difuzoru, elpojiet tie\u0161i no plaukst\u0101m vai berz\u0113jiet kr\u016btis vai k\u0101jas.<\/li>\n<li>Izmantojiet, dodoties \u0101r\u0101.<\/li>\n<li>Tvaiks pirms gul\u0113tie\u0161anas, lai rad\u012btu mier\u012bgu vidi.<\/li>\n<li>Pirms treni\u0146a iee\u013c\u013cojiet kr\u016btis, t\u0101d\u0113j\u0101di veicinot elpo\u0161anu un sk\u0101bek\u013ca uzs\u016bk\u0161anos.<\/li>\n<li>Ja esat jut\u012bgs pret ziedputek\u0161\u0146iem, ieelpojiet sezonas laik\u0101, lai atvieglotu elpo\u0161anu.<\/li>\n<li>Arom\u0101ts ir atv\u0113sino\u0161s, tam ir nomierino\u0161a iedarb\u012bba, pal\u012bdz atp\u016bsties un atp\u016bsties nakt\u012b, pal\u012bdz p\u0101rvar\u0113t skumjas, nosl\u0113gt\u012bbu, emocion\u0101las s\u0101pes, pal\u012bdz atbr\u012bvoties no emocij\u0101m.<\/li>\n<\/ul>\n<p><strong>Tvaic\u0113\u0161anai<\/strong> izmantojiet tr\u012bs vai \u010detrus pilienus izv\u0113l\u0113taj\u0101 difuzor\u0101.<\/p>\n<p><strong>Viet\u0113j\u0101 lieto\u0161ana:<\/strong> at\u0161\u0137aida 1-2 pilienus atbilsto\u0161i vecuma ieteikumiem un uzkl\u0101j v\u0113lamaj\u0101 viet\u0101. At\u0161\u0137aidiet doTERRA ar frakcion\u0113tu kokosriekstu e\u013c\u013cu, lai samazin\u0101tu \u0101das jut\u012bgumu.<\/p>\n<p>\u0160is mais\u012bjums NETIEK IZMANTOTS IEK\u0160PUS\u0112.<\/p>\n<p>&nbsp;<\/p>\n<p>Vair\u0101k par \u0161o AIR\/BREATHE doTERRA \u0113terisko e\u013c\u013cu mais\u012bjumu.<\/p>\n<p><iframe title=\"K\u0101 lietot doTERRA elpojiet \u0113terisko e\u013c\u013cu mais\u012bjumu\" src=\"https:\/\/www.youtube.com\/embed\/TRpOEtBYYRE\" width=\"946\" height=\"532\" frameborder=\"0\" allowfullscreen=\"allowfullscreen\"><\/iframe><\/p>\n","protected":false},"excerpt":{"rendered":"<ul>\n<li>15ml<\/li>\n<li>doTERRA Air\/Breathe atbalsta br\u012bvu elpce\u013cu un vieglas elpo\u0161anas saj\u016btu, vienlaikus samazinot sezon\u0101lo izmai\u0146u ietekmi.<\/li>\n<li>doTERRA Air\/Breathe var lok\u0101li uzkl\u0101t uz kr\u016bt\u012bm, muguras vai k\u0101j\u0101m vai izplat\u012bties nakt\u012b, lai nomierin\u0101tu ma\u0146as un veicin\u0101tu mier\u012bgu miegu.<\/li>\n<\/ul>\n","protected":false},"featured_media":11669,"template":"","meta":{"site-sidebar-layout":"default","site-content-layout":"default","ast-site-content-layout":"default","site-content-style":"default","site-sidebar-style":"default","ast-global-header-display":"","ast-banner-title-visibility":"","ast-main-header-display":"","ast-hfb-above-header-display":"","ast-hfb-below-header-display":"","ast-hfb-mobile-header-display":"","site-post-title":"","ast-breadcrumbs-content":"","ast-featured-img":"","footer-sml-layout":"","ast-disable-related-posts":"","theme-transparent-header-meta":"default","adv-header-id-meta":"","stick-header-meta":"","header-above-stick-meta":"","header-main-stick-meta":"","header-below-stick-meta":"","astra-migrate-meta-layouts":"default","ast-page-background-enabled":"default","ast-page-background-meta":{"desktop":{"background-color":"","background-image":"","background-repeat":"repeat","background-position":"center center","background-size":"auto","background-attachment":"scroll","background-type":"","background-media":"","overlay-type":"","overlay-color":"","overlay-opacity":"","overlay-gradient":""},"tablet":{"background-color":"","background-image":"","background-repeat":"repeat","background-position":"center center","background-size":"auto","background-attachment":"scroll","background-type":"","background-media":"","overlay-type":"","overlay-color":"","overlay-opacity":"","overlay-gradient":""},"mobile":{"background-color":"","background-image":"","background-repeat":"repeat","background-position":"center center","background-size":"auto","background-attachment":"scroll","background-type":"","background-media":"","overlay-type":"","overlay-color":"","overlay-opacity":"","overlay-gradient":""}},"ast-content-background-meta":{"desktop":{"background-color":"var(--ast-global-color-5)","background-image":"","background-repeat":"repeat","background-position":"center center","background-size":"auto","background-attachment":"scroll","background-type":"","background-media":"","overlay-type":"","overlay-color":"","overlay-opacity":"","overlay-gradient":""},"tablet":{"background-color":"var(--ast-global-color-5)","background-image":"","background-repeat":"repeat","background-position":"center center","background-size":"auto","background-attachment":"scroll","background-type":"","background-media":"","overlay-type":"","overlay-color":"","overlay-opacity":"","overlay-gradient":""},"mobile":{"background-color":"var(--ast-global-color-5)","background-image":"","background-repeat":"repeat","background-position":"center center","background-size":"auto","background-attachment":"scroll","background-type":"","background-media":"","overlay-type":"","overlay-color":"","overlay-opacity":"","overlay-gradient":""}}},"product_brand":[],"product_cat":[600,601,613],"product_tag":[683,1352,632],"class_list":{"0":"post-16023","1":"product","2":"type-product","3":"status-publish","4":"has-post-thumbnail","6":"product_cat-eteriskas-ellas","7":"product_cat-eterisko-ellu-maisijumi","8":"product_cat-miegam","9":"product_tag-15ml-lv","10":"product_tag-air-lv","11":"product_tag-eterisko-ellu-maisijumi","12":"desktop-align-left","13":"tablet-align-left","14":"mobile-align-left","16":"first","17":"instock","18":"featured","19":"taxable","20":"shipping-taxable","21":"purchasable","22":"product-type-simple"},"_links":{"self":[{"href":"https:\/\/mamaterra.lt\/lv\/wp-json\/wp\/v2\/product\/16023","targetHints":{"allow":["GET"]}}],"collection":[{"href":"https:\/\/mamaterra.lt\/lv\/wp-json\/wp\/v2\/product"}],"about":[{"href":"https:\/\/mamaterra.lt\/lv\/wp-json\/wp\/v2\/types\/product"}],"wp:featuredmedia":[{"embeddable":true,"href":"https:\/\/mamaterra.lt\/lv\/wp-json\/wp\/v2\/media\/11669"}],"wp:attachment":[{"href":"https:\/\/mamaterra.lt\/lv\/wp-json\/wp\/v2\/media?parent=16023"}],"wp:term":[{"taxonomy":"product_brand","embeddable":true,"href":"https:\/\/mamaterra.lt\/lv\/wp-json\/wp\/v2\/product_brand?post=16023"},{"taxonomy":"product_cat","embeddable":true,"href":"https:\/\/mamaterra.lt\/lv\/wp-json\/wp\/v2\/product_cat?post=16023"},{"taxonomy":"product_tag","embeddable":true,"href":"https:\/\/mamaterra.lt\/lv\/wp-json\/wp\/v2\/product_tag?post=16023"}],"curies":[{"name":"wp","href":"https:\/\/api.w.org\/{rel}","templated":true}]}}