{"id":16016,"date":"2021-09-24T18:18:52","date_gmt":"2021-09-24T17:18:52","guid":{"rendered":"https:\/\/mamaterra.lt\/parduotuve\/uncategorized\/doterra-balance-touch-eterisko-ellu-maisijums-10ml\/"},"modified":"2021-09-24T18:18:52","modified_gmt":"2021-09-24T17:18:52","slug":"doterra-balance-touch-essential-oil-blend-10ml","status":"publish","type":"product","link":"https:\/\/mamaterra.lt\/lv\/parduotuve\/eteriskas-ellas\/eterisko-ellu-maisijumi\/doterra-balance-touch-essential-oil-blend-10ml\/","title":{"rendered":"doTERRA BALANCE TOUCH \u0113terisko e\u013c\u013cu mais\u012bjums 10ml"},"content":{"rendered":"<p><strong>DOTERRA BALANCE TOUCH \u0113terisko e\u013c\u013cu mais\u012bjums<\/strong><\/p>\n<p>10ml<\/p>\n<p>&nbsp;<\/p>\n<p><strong>DOTERRA BALANCE TOUCH \u0113terisko e\u013c\u013cu mais\u012bjuma funkcijas:<\/strong><\/p>\n<ul>\n<li class=\"bi6gxh9e\"><span class=\"d2edcug0 hpfvmrgz qv66sw1b c1et5uql lr9zc1uh jq4qci2q a3bd9o3v b1v8xokw oo9gr5id\">Zem\u0113jo\u0161ais doterra l\u012bdzsvara mais\u012bjums pie\u0161\u0137ir mier\u012bgu arom\u0101tu, kas pied\u0101v\u0101 harmoniju pr\u0101tam un \u0137ermenim un l\u012bdzsvaru emocij\u0101m.  <\/span><\/li>\n<li class=\"bi6gxh9e\"><span class=\"d2edcug0 hpfvmrgz qv66sw1b c1et5uql lr9zc1uh jq4qci2q a3bd9o3v b1v8xokw oo9gr5id\">\u0160\u012b e\u013c\u013ca ir \u013coti piem\u0113rota stresam, trauksmei, bail\u0113m, dusm\u0101m, neuztic\u012bbai, skumj\u0101m.  <\/span><\/li>\n<li class=\"bi6gxh9e\"><span class=\"d2edcug0 hpfvmrgz qv66sw1b c1et5uql lr9zc1uh jq4qci2q a3bd9o3v b1v8xokw oo9gr5id\">Piem\u0113rots lieto\u0161anai b\u0113rniem.  <\/span><\/li>\n<li class=\"bi6gxh9e\"><span class=\"d2edcug0 hpfvmrgz qv66sw1b c1et5uql lr9zc1uh jq4qci2q a3bd9o3v b1v8xokw oo9gr5id\">L\u012bdzsvara e\u013c\u013ca var pal\u012bdz\u0113t z\u012bdai\u0146iem, kuri m\u0101c\u0101s staig\u0101t, saglab\u0101t l\u012bdzsvaru.  <\/span><\/li>\n<li class=\"bi6gxh9e\"><span style=\"font-size: 16px;\">Atsl\u0101bina elpce\u013cus.<\/span><\/li>\n<\/ul>\n<div><strong>doterra balance touch \u0113terisko e\u013c\u013cu mais\u012bjuma lieto\u0161ana:<\/strong><\/div>\n<ul>\n<li class=\"bi6gxh9e\"><span class=\"d2edcug0 hpfvmrgz qv66sw1b c1et5uql lr9zc1uh jq4qci2q a3bd9o3v b1v8xokw oo9gr5id\"><strong>Ce\u013cojuma laik\u0101:<\/strong> ieelpojiet Balance e\u013c\u013cu no plaukst\u0101m un uzkl\u0101jiet to uz pieres, aus\u012bm un kakla. Tas pal\u012bdz\u0113s j\u016bsu smadzen\u0113m ats\u0101kn\u0113t un nomierin\u0101t j\u016bs ce\u013cojuma laik\u0101. Pal\u012bdz \u0137ermenim viegl\u0101k piel\u0101goties, \u0161\u0137\u0113rsojot laika joslas.  <\/span><\/li>\n<li class=\"bi6gxh9e\"><span class=\"d2edcug0 hpfvmrgz qv66sw1b c1et5uql lr9zc1uh jq4qci2q a3bd9o3v b1v8xokw oo9gr5id\"> <strong>Braucot lielos att\u0101lumos:<\/strong> pirms ilga brauciena, t\u0101 laik\u0101 un p\u0113c t\u0101 uzkl\u0101jiet Balnace uz muguras lejasda\u013cas, uz plaukstas loc\u012btav\u0101m un kakla. Tas dabisk\u0101 veid\u0101 atbalst\u012bs \u0137erme\u0146a sist\u0113mas- musku\u013ci un loc\u012btavas b\u016bs elast\u012bgas, nervi mier\u012bgi, un fokuss ir koncentr\u0113ts.<\/span><\/li>\n<li class=\"bi6gxh9e\"><span class=\"d2edcug0 hpfvmrgz qv66sw1b c1et5uql lr9zc1uh jq4qci2q a3bd9o3v b1v8xokw oo9gr5id\"><strong>Garast\u0101vok\u013ca sv\u0101rst\u012bbu gad\u012bjum\u0101:<\/strong> visas dienas garum\u0101 ieelpojiet daudz kombin\u0113t\u0101 l\u012bdzsvara e\u013c\u013cas. Uzkl\u0101jiet l\u012bdzsvaru uz pieres, aus\u012bm, kakla un \u0137epu lielo pirkstu apak\u0161as. Dariet to no r\u012bta vakar\u0101. Valk\u0101jiet kulonu difuzoru.<\/span><\/li>\n<li class=\"bi6gxh9e\"><span class=\"d2edcug0 hpfvmrgz qv66sw1b c1et5uql lr9zc1uh jq4qci2q a3bd9o3v b1v8xokw oo9gr5id\"><strong>Lai atbalst\u012btu atmi\u0146u:<\/strong> Ieelpojiet Balance e\u013c\u013cu no plaukst\u0101m un uzkl\u0101jiet Balance uz pieres, aus\u012bm, kakla un lielo pirkstu apak\u0161as. Dariet to katru dienu.<\/span><\/li>\n<li class=\"bi6gxh9e\"><span class=\"d2edcug0 hpfvmrgz qv66sw1b c1et5uql lr9zc1uh jq4qci2q a3bd9o3v b1v8xokw oo9gr5id\"><strong>Miega laik\u0101:<\/strong> pirms gul\u0113tie\u0161anas mas\u0113jiet l\u012bdzsvara e\u013c\u013cu gar mugurkaulu, lai miegs b\u016btu mier\u012bg\u0101ks.  <\/span><\/li>\n<\/ul>\n<div class=\"bi6gxh9e\"><span class=\"d2edcug0 hpfvmrgz qv66sw1b c1et5uql lr9zc1uh jq4qci2q a3bd9o3v b1v8xokw oo9gr5id\"><strong>DOTERRA BALANCE TOUCH \u0113terisko e\u013c\u013cu mais\u012bjuma sast\u0101vda\u013cas:<\/strong><\/span><\/div>\n<div class=\"bi6gxh9e\"><span class=\"d2edcug0 hpfvmrgz qv66sw1b c1et5uql lr9zc1uh jq4qci2q a3bd9o3v b1v8xokw oo9gr5id\">Frakcion\u0113ta kokosriekstu e\u013c\u013ca, zil\u0101 Kan\u0101das egle, zilais di\u017esk\u0101bardis, zil\u0101 kumel\u012bte, v\u012braks(boswellia), Osmanthus.<\/span><\/div>\n","protected":false},"excerpt":{"rendered":"<ul>\n<li>10ml pudele ar lod\u012b\u0161u aplikatoru<\/li>\n<li class=\"bi6gxh9e\"><span class=\"d2edcug0 hpfvmrgz qv66sw1b c1et5uql lr9zc1uh jq4qci2q a3bd9o3v b1v8xokw oo9gr5id\">Pie\u0161\u0137ir mier\u012bgu arom\u0101tu, kas pied\u0101v\u0101 harmoniju pr\u0101tam un \u0137ermenim un l\u012bdzsvaru emocij\u0101m<\/span><\/li>\n<li class=\"bi6gxh9e\"><span class=\"d2edcug0 hpfvmrgz qv66sw1b c1et5uql lr9zc1uh jq4qci2q a3bd9o3v b1v8xokw oo9gr5id\">\u0160\u012b e\u013c\u013ca ir \u013coti piem\u0113rota stresam, trauksmei, bail\u0113m, dusm\u0101m, neuztic\u012bbai, skumj\u0101m<\/span><\/li>\n<li class=\"bi6gxh9e\"><span class=\"d2edcug0 hpfvmrgz qv66sw1b c1et5uql lr9zc1uh jq4qci2q a3bd9o3v b1v8xokw oo9gr5id\">Atsl\u0101bina elpce\u013cus<\/span><\/li>\n<\/ul>\n","protected":false},"featured_media":11642,"template":"","meta":{"site-sidebar-layout":"default","site-content-layout":"default","ast-site-content-layout":"default","site-content-style":"default","site-sidebar-style":"default","ast-global-header-display":"","ast-banner-title-visibility":"","ast-main-header-display":"","ast-hfb-above-header-display":"","ast-hfb-below-header-display":"","ast-hfb-mobile-header-display":"","site-post-title":"","ast-breadcrumbs-content":"","ast-featured-img":"","footer-sml-layout":"","ast-disable-related-posts":"","theme-transparent-header-meta":"default","adv-header-id-meta":"","stick-header-meta":"","header-above-stick-meta":"","header-main-stick-meta":"","header-below-stick-meta":"","astra-migrate-meta-layouts":"default","ast-page-background-enabled":"default","ast-page-background-meta":{"desktop":{"background-color":"","background-image":"","background-repeat":"repeat","background-position":"center center","background-size":"auto","background-attachment":"scroll","background-type":"","background-media":"","overlay-type":"","overlay-color":"","overlay-opacity":"","overlay-gradient":""},"tablet":{"background-color":"","background-image":"","background-repeat":"repeat","background-position":"center center","background-size":"auto","background-attachment":"scroll","background-type":"","background-media":"","overlay-type":"","overlay-color":"","overlay-opacity":"","overlay-gradient":""},"mobile":{"background-color":"","background-image":"","background-repeat":"repeat","background-position":"center center","background-size":"auto","background-attachment":"scroll","background-type":"","background-media":"","overlay-type":"","overlay-color":"","overlay-opacity":"","overlay-gradient":""}},"ast-content-background-meta":{"desktop":{"background-color":"var(--ast-global-color-5)","background-image":"","background-repeat":"repeat","background-position":"center center","background-size":"auto","background-attachment":"scroll","background-type":"","background-media":"","overlay-type":"","overlay-color":"","overlay-opacity":"","overlay-gradient":""},"tablet":{"background-color":"var(--ast-global-color-5)","background-image":"","background-repeat":"repeat","background-position":"center center","background-size":"auto","background-attachment":"scroll","background-type":"","background-media":"","overlay-type":"","overlay-color":"","overlay-opacity":"","overlay-gradient":""},"mobile":{"background-color":"var(--ast-global-color-5)","background-image":"","background-repeat":"repeat","background-position":"center center","background-size":"auto","background-attachment":"scroll","background-type":"","background-media":"","overlay-type":"","overlay-color":"","overlay-opacity":"","overlay-gradient":""}}},"product_brand":[],"product_cat":[619,600,601,613,618],"product_tag":[680,1379,632],"class_list":{"0":"post-16016","1":"product","2":"type-product","3":"status-publish","4":"has-post-thumbnail","6":"product_cat-berniem","7":"product_cat-eteriskas-ellas","8":"product_cat-eterisko-ellu-maisijumi","9":"product_cat-miegam","10":"product_cat-nomierinosas","11":"product_tag-10ml-lv","12":"product_tag-balance-touch-lv","13":"product_tag-eterisko-ellu-maisijumi","14":"desktop-align-left","15":"tablet-align-left","16":"mobile-align-left","18":"first","19":"instock","20":"taxable","21":"shipping-taxable","22":"purchasable","23":"product-type-simple"},"_links":{"self":[{"href":"https:\/\/mamaterra.lt\/lv\/wp-json\/wp\/v2\/product\/16016","targetHints":{"allow":["GET"]}}],"collection":[{"href":"https:\/\/mamaterra.lt\/lv\/wp-json\/wp\/v2\/product"}],"about":[{"href":"https:\/\/mamaterra.lt\/lv\/wp-json\/wp\/v2\/types\/product"}],"wp:featuredmedia":[{"embeddable":true,"href":"https:\/\/mamaterra.lt\/lv\/wp-json\/wp\/v2\/media\/11642"}],"wp:attachment":[{"href":"https:\/\/mamaterra.lt\/lv\/wp-json\/wp\/v2\/media?parent=16016"}],"wp:term":[{"taxonomy":"product_brand","embeddable":true,"href":"https:\/\/mamaterra.lt\/lv\/wp-json\/wp\/v2\/product_brand?post=16016"},{"taxonomy":"product_cat","embeddable":true,"href":"https:\/\/mamaterra.lt\/lv\/wp-json\/wp\/v2\/product_cat?post=16016"},{"taxonomy":"product_tag","embeddable":true,"href":"https:\/\/mamaterra.lt\/lv\/wp-json\/wp\/v2\/product_tag?post=16016"}],"curies":[{"name":"wp","href":"https:\/\/api.w.org\/{rel}","templated":true}]}}