{"id":16015,"date":"2021-09-12T10:26:40","date_gmt":"2021-09-12T09:26:40","guid":{"rendered":"https:\/\/mamaterra.lt\/parduotuve\/uncategorized\/doterra-serenity-mikstas-kapsulas-nomierinoss-komplekss-60-kapsulas\/"},"modified":"2023-09-14T19:18:48","modified_gmt":"2023-09-14T18:18:48","slug":"doterra-ramums-micisanas-kapsulas-nomierinoss-komplekss-60-kapsulas","status":"publish","type":"product","link":"https:\/\/mamaterra.lt\/lv\/parduotuve\/eteriskas-ellas\/eterisko-ellu-maisijumi\/doterra-ramums-micisanas-kapsulas-nomierinoss-komplekss-60-kapsulas\/","title":{"rendered":"doTERRA SERENITY\u2122 m\u012bkst\u0101s kapsulas &#8211; nomierino\u0161s komplekss (60 kapsulas)"},"content":{"rendered":"<p><strong>doTERRA SERENITY\u2122 m\u012bkst\u0101s kapsulas &#8211; nomierino\u0161s komplekss<\/strong><\/p>\n<p>60 ve\u0123et\u0101r\u0101s m\u012bkst\u0101s kapsulas<\/p>\n<p>&nbsp;<\/p>\n<p><strong>doTERRA SERENITY\u2122 Nomierino\u0161a kompleksa apraksts<\/strong><\/p>\n<p>doTERRA Serenity m\u012bkst\u0101s kapsulas \u013cauj viegli izbaud\u012bt serenity nomierino\u0161\u0101 doTERRA mais\u012bjuma priek\u0161roc\u012bbas, unik\u0101li apvienojot ve\u0123et\u0101raj\u0101 m\u012bkstaj\u0101 kapsul\u0101 perfekti izp\u0113t\u012bt\u0101s lavandas \u0113terisk\u0101s e\u013c\u013cas un L-tean\u012bna priek\u0161roc\u012bbas ar \u0101rstniecisk\u0101s melisas, pasifloras aug\u013cu un kumel\u012b\u0161u ekstraktiem.<\/p>\n<p>Eksperti iesaka pieaugu\u0161ajiem gul\u0113t vismaz 7-8 stundas katru nakti. Diem\u017e\u0113l aptuveni 33 procenti cilv\u0113ku negu\u013c ieteicam\u0101s stundas nakt\u012b, un apm\u0113ram 1 no 5 pieaugu\u0161ajiem piedz\u012bvo bezmiegu. Miega tr\u016bkums ir saist\u012bts ar daudziem vesel\u012bbas riskiem. Miega tr\u016bkums ietekm\u0113 m\u016bsu sp\u0113ju zaud\u0113t svaru vai uztur\u0113t vesel\u012bgu svaru; ietekm\u0113 m\u016bsu j\u016btas, m\u0101c\u012b\u0161anos un uzved\u012bbu; negat\u012bvi ietekm\u0113 m\u016bsu sirds un asinsvadu vesel\u012bbu un visp\u0101r\u0113jo labsaj\u016btu; var samazin\u0101t reakcijas laiku un pasliktin\u0101t m\u016bsu sp\u0113ju vad\u012bt transportl\u012bdzekli. Pareizs miegs ir nepiecie\u0161ams, lai fiziski un gar\u012bgi atg\u016btos no ikdienas dz\u012bves vajadz\u012bb\u0101m. Kvalitat\u012bvs miegs ir \u013coti svar\u012bgs j\u016bsu labsaj\u016btai katru dienu, jo ir \u013coti svar\u012bgi, lai \u0137ermenis katru nakti dabiski atjaunotos. Piem\u0113ram, smadzenes att\u012bra sevi no toks\u012bniem tikai miega laik\u0101. Ir simtiem da\u017e\u0101du ieteikumu, \u0123imenes receptes, produkti un uztura bag\u0101tin\u0101t\u0101ji, kas visi apgalvo, ka pal\u012bdz. Tom\u0113r tas, kas var b\u016bt efekt\u012bvs vienam cilv\u0113kam, var visp\u0101r nepal\u012bdz\u0113t citam. Tagad mums ir risin\u0101jums, kas izmanto gan v\u0113sturiski izmantot\u0101s, gan lab\u0101k\u0101s m\u016bsdienu zin\u0101tnes apstiprin\u0101t\u0101s sast\u0101vda\u013cas.<\/p>\n<ul>\n<li>Vienk\u0101r\u0161s veids, k\u0101 izmantot doTERRA Serenity nomierino\u0161\u0101 mais\u012bjuma priek\u0161roc\u012bbas \u0113rt\u0101 m\u012bksto kapsulu form\u0101<\/li>\n<li>\u0160is unik\u0101lais Serenity mais\u012bjums pal\u012bdz izjust dzi\u013cu mieru un relaks\u0101ciju<\/li>\n<li>Nov\u0113r\u0161 neregul\u0101ru bezmiegu<\/li>\n<li>Veicina vesel\u012bgu relaks\u0101ciju un miegu<\/li>\n<li>Pal\u012bdz ieg\u016bt atsvaidzino\u0161u miegu un n\u0101kamaj\u0101 dien\u0101 nejusties miegainam<\/li>\n<li>Uzlabo miega kvalit\u0101ti un atvieglo aizmig\u0161anu<\/li>\n<li>Veicina mier\u012bgu miegu<\/li>\n<li>Nomierina nervu sist\u0113mu<\/li>\n<li>Pal\u012bdz mazin\u0101t stresu<\/li>\n<\/ul>\n<p><strong>doTERRA SERENITY\u2122 nomierino\u0161\u0101 kompleksa lieto\u0161ana:<\/strong><\/p>\n<p>Pusstundu pirms gul\u0113tie\u0161anas pa\u0146emiet 1-2 kapsulas.<\/p>\n<p>&nbsp;<\/p>\n<p>Noskatieties video par nomierino\u0161o kompleksu doTERRA SERENITY\u2122:<\/p>\n<p><iframe title=\"Guli k\u0101 mazulis ar doTERRA Serenity softgels\" src=\"https:\/\/www.youtube.com\/embed\/WdowVJaa82c\" width=\"946\" height=\"532\" frameborder=\"0\" allowfullscreen=\"allowfullscreen\"><\/iframe><\/p>\n","protected":false},"excerpt":{"rendered":"<p>m\u012bkst\u0101s kapsulas doTERRA Serenity \u013cauj viegli izbaud\u012bt nomierino\u0161\u0101 mais\u012bjuma Serenity doTERRA priek\u0161roc\u012bbas.<\/p>\n<ul>\n<li>Veicina mier\u012bgu miegu<\/li>\n<li>\u0160is unik\u0101lais Serenity mais\u012bjums pal\u012bdz izjust dzi\u013cu mieru un relaks\u0101ciju<\/li>\n<li>Uzlabo miega kvalit\u0101ti<\/li>\n<\/ul>\n","protected":false},"featured_media":11634,"template":"","meta":{"site-sidebar-layout":"default","site-content-layout":"default","ast-site-content-layout":"default","site-content-style":"default","site-sidebar-style":"default","ast-global-header-display":"","ast-banner-title-visibility":"","ast-main-header-display":"","ast-hfb-above-header-display":"","ast-hfb-below-header-display":"","ast-hfb-mobile-header-display":"","site-post-title":"","ast-breadcrumbs-content":"","ast-featured-img":"","footer-sml-layout":"","ast-disable-related-posts":"","theme-transparent-header-meta":"default","adv-header-id-meta":"","stick-header-meta":"","header-above-stick-meta":"","header-main-stick-meta":"","header-below-stick-meta":"","astra-migrate-meta-layouts":"default","ast-page-background-enabled":"default","ast-page-background-meta":{"desktop":{"background-color":"","background-image":"","background-repeat":"repeat","background-position":"center center","background-size":"auto","background-attachment":"scroll","background-type":"","background-media":"","overlay-type":"","overlay-color":"","overlay-opacity":"","overlay-gradient":""},"tablet":{"background-color":"","background-image":"","background-repeat":"repeat","background-position":"center center","background-size":"auto","background-attachment":"scroll","background-type":"","background-media":"","overlay-type":"","overlay-color":"","overlay-opacity":"","overlay-gradient":""},"mobile":{"background-color":"","background-image":"","background-repeat":"repeat","background-position":"center center","background-size":"auto","background-attachment":"scroll","background-type":"","background-media":"","overlay-type":"","overlay-color":"","overlay-opacity":"","overlay-gradient":""}},"ast-content-background-meta":{"desktop":{"background-color":"var(--ast-global-color-5)","background-image":"","background-repeat":"repeat","background-position":"center center","background-size":"auto","background-attachment":"scroll","background-type":"","background-media":"","overlay-type":"","overlay-color":"","overlay-opacity":"","overlay-gradient":""},"tablet":{"background-color":"var(--ast-global-color-5)","background-image":"","background-repeat":"repeat","background-position":"center center","background-size":"auto","background-attachment":"scroll","background-type":"","background-media":"","overlay-type":"","overlay-color":"","overlay-opacity":"","overlay-gradient":""},"mobile":{"background-color":"var(--ast-global-color-5)","background-image":"","background-repeat":"repeat","background-position":"center center","background-size":"auto","background-attachment":"scroll","background-type":"","background-media":"","overlay-type":"","overlay-color":"","overlay-opacity":"","overlay-gradient":""}}},"product_brand":[],"product_cat":[600,601,613],"product_tag":[634,1430],"class_list":{"0":"post-16015","1":"product","2":"type-product","3":"status-publish","4":"has-post-thumbnail","6":"product_cat-eteriskas-ellas","7":"product_cat-eterisko-ellu-maisijumi","8":"product_cat-miegam","9":"product_tag-kapsulas","10":"product_tag-serenity-lv","11":"desktop-align-left","12":"tablet-align-left","13":"mobile-align-left","15":"first","16":"instock","17":"taxable","18":"shipping-taxable","19":"purchasable","20":"product-type-simple"},"_links":{"self":[{"href":"https:\/\/mamaterra.lt\/lv\/wp-json\/wp\/v2\/product\/16015","targetHints":{"allow":["GET"]}}],"collection":[{"href":"https:\/\/mamaterra.lt\/lv\/wp-json\/wp\/v2\/product"}],"about":[{"href":"https:\/\/mamaterra.lt\/lv\/wp-json\/wp\/v2\/types\/product"}],"wp:featuredmedia":[{"embeddable":true,"href":"https:\/\/mamaterra.lt\/lv\/wp-json\/wp\/v2\/media\/11634"}],"wp:attachment":[{"href":"https:\/\/mamaterra.lt\/lv\/wp-json\/wp\/v2\/media?parent=16015"}],"wp:term":[{"taxonomy":"product_brand","embeddable":true,"href":"https:\/\/mamaterra.lt\/lv\/wp-json\/wp\/v2\/product_brand?post=16015"},{"taxonomy":"product_cat","embeddable":true,"href":"https:\/\/mamaterra.lt\/lv\/wp-json\/wp\/v2\/product_cat?post=16015"},{"taxonomy":"product_tag","embeddable":true,"href":"https:\/\/mamaterra.lt\/lv\/wp-json\/wp\/v2\/product_tag?post=16015"}],"curies":[{"name":"wp","href":"https:\/\/api.w.org\/{rel}","templated":true}]}}