{"id":16008,"date":"2021-11-02T12:11:12","date_gmt":"2021-11-02T11:11:12","guid":{"rendered":"https:\/\/mamaterra.lt\/parduotuve\/uncategorized\/doterra-dawn-aromata-mitrinatajs-mitrinatajs\/"},"modified":"2021-11-02T12:11:12","modified_gmt":"2021-11-02T11:11:12","slug":"doterra-ritausma-aromats-mitrinatajs","status":"publish","type":"product","link":"https:\/\/mamaterra.lt\/lv\/parduotuve\/difuzori\/doterra-ritausma-aromats-mitrinatajs\/","title":{"rendered":"DoTERRA Dawn arom\u0101ta mitrin\u0101t\u0101js (mitrin\u0101t\u0101js)"},"content":{"rendered":"<p><strong>DoTERRA Dawn arom\u0101ta mitrin\u0101t\u0101js (mitrin\u0101t\u0101js)<\/strong><\/p>\n<p>Iepaz\u012bstieties ar savu jauno draugu pirms gul\u0113tie\u0161anas &#8211; Dawn arom\u0101ta mitrin\u0101t\u0101ju. Ja j\u016bs k\u0101dreiz esat v\u0113l\u0113jies apvienot perfektu difuzora arom\u0101tu ar \u0113rtiem mitrin\u0101t\u0101ja iestat\u012bjumiem, tagad varat to izdar\u012bt!<\/p>\n<p>&nbsp;<\/p>\n<p><strong>doTERRA Dawn arom\u0101ta mitrin\u0101t\u0101js (mitrin\u0101t\u0101js) Apraksts:<\/strong><\/p>\n<p>T\u0101 k\u0101 \u0113terisk\u0101s e\u013c\u013cas ir tik sp\u0113c\u012bgas un sp\u0113c\u012bgas, eksperti parasti neiesaka pilienveida \u0113terisk\u0101s e\u013c\u013cas parast\u0101 mitrin\u0101t\u0101j\u0101, jo t\u0101s parasti nav sader\u012bgas. T\u0101p\u0113c doTERRA ir izstr\u0101d\u0101jis Dawn Aroma mitrin\u0101t\u0101ju, lai dotu jums iesp\u0113ju izbaud\u012bt iecien\u012bt\u0101ko \u0113terisko e\u013c\u013cu nomierino\u0161os arom\u0101tus, vienlaikus saglab\u0101jot optim\u0101lu mitruma l\u012bmeni jebkur\u0101 telp\u0101.<\/p>\n<p>Dawn Aroma mitrin\u0101t\u0101jam ir viedais miega re\u017e\u012bms, kas autom\u0101tiski piel\u0101gojas, lai b\u016btu piln\u012bgi mitrs visas nakts garum\u0101, proti, lai rad\u012btu pareizo vidi labam nakts miegam. Difuzoram ir ar\u012b zems trok\u0161\u0146a l\u012bmenis, t\u0101p\u0113c tas ir \u012bpa\u0161i piem\u0113rots naktij. Turkl\u0101t tam ir autom\u0101tiska dro\u0161a izsl\u0113g\u0161ana, t\u0101p\u0113c jums nav j\u0101uztraucas par \u016bdens izs\u012bk\u0161anu. Izmantojot aug\u0161\u0113j\u0101 aizpild\u012bjuma funkciju, jums neb\u016bs j\u0101no\u0146em v\u0101ki. Vienk\u0101r\u0161i pievienojiet \u0113terisk\u0101s e\u013c\u013cas un \u016bdeni.<\/p>\n<ul>\n<li>  \u016adens ietilp\u012bba: 1,8 l<\/li>\n<li>  Ieteicamais telpas izm\u0113rs: l\u012bdz 25 kvadr\u0101tmetriem. m<\/li>\n<li>  Nep\u0101rtraukta darb\u012bba: augstas intensit\u0101tes re\u017e\u012bm\u0101 \u2013 l\u012bdz 7 stund\u0101m, vid\u0113jas intensit\u0101tes re\u017e\u012bm\u0101 \u2013 l\u012bdz 12 stund\u0101m, zemas intensit\u0101tes re\u017e\u012bm\u0101 \u2013 l\u012bdz 22 stund\u0101m\u00b7<\/li>\n<li>  Miega re\u017e\u012bms \u2013 autom\u0101tiski piel\u0101gojas, lai uztur\u0113tu optim\u0101lu mitruma l\u012bmeni\u00b7<\/li>\n<li>  Viegli t\u012br\u0101ms: Viegli izjaukt t\u012br\u012b\u0161anai\u00b7<\/li>\n<li>  Aug\u0161\u0113j\u0101 uzpildes funkcija: \u016bdeni un \u0113terisk\u0101s e\u013c\u013cas var pievienot, neno\u0146emot v\u0101ci\u0146us\u00b7<\/li>\n<li>  Zems trok\u0161\u0146a l\u012bmenis\u00b7<\/li>\n<li>  Autom\u0101tiska aizsarg\u0101jo\u0161a izsl\u0113g\u0161ana<\/li>\n<li>  2 gadu garantija.<\/li>\n<li>Izm\u0113ri: 15 x 27 cm.<\/li>\n<\/ul>\n<p><strong>doTERRA Dawn Aroma mitrin\u0101t\u0101js (mitrin\u0101t\u0101js) Lieto\u0161ana:<\/strong><\/p>\n<ul>\n<li>Pirms gul\u0113tie\u0161anas difuzoram pievienojiet da\u017eus pilienus doTERRA Serenity\u00ae, lai rad\u012btu ide\u0101lu vidi mier\u012bgam miegam.\u00b7<\/li>\n<li>Gatavojoties gultai un atp\u016btai, pievienojiet Dawn arom\u0101ta mitrin\u0101t\u0101jam nomierino\u0161as \u0113terisk\u0101s e\u013c\u013cas, piem\u0113ram, lavandu, sandalkoku vai vetiveru, un novietojiet to uz naktsgaldi\u0146a.\u00b7<\/li>\n<li>Kam\u0113r j\u016bsu b\u0113rni pirms gul\u0113tie\u0161anas lasa pasakas un t\u012bra zobus, tvaic\u0113jiet romie\u0161u kumel\u012bti, t\u0101d\u0113j\u0101di radot mier\u012bgu atmosf\u0113ru\u00b7<\/li>\n<li>Kad j\u016btaties slikti, tvaic\u0113jiet \u0113terisk\u0101s e\u013c\u013cas un mais\u012bjumus, piem\u0113ram, doTERRA Breathe\u00ae vai doTERRA On Guard\u00ae nakt\u012b.<\/li>\n<\/ul>\n<p>&nbsp;<\/p>\n<p>Noskatieties video par arom\u0101ta r\u012btausmas mitrin\u0101t\u0101ju.<\/p>\n<p><iframe title=\"K\u0101 lietot mitrin\u0101t\u0101ju doTERRA Dawn Dawn\" src=\"https:\/\/www.youtube.com\/embed\/dFB_C4SSPA4\" width=\"946\" height=\"532\" frameborder=\"0\" allowfullscreen=\"allowfullscreen\"><\/iframe><\/p>\n","protected":false},"excerpt":{"rendered":"<ul>\n<li>doTERRA Dawn Aroma mitrin\u0101t\u0101js, kas izstr\u0101d\u0101ts, lai rad\u012btu visaugst\u0101ko komforta l\u012bmeni jebkur\u0101 telp\u0101<\/li>\n<li>\u0112rti mitrin\u0101t\u0101ja iestat\u012bjumi<\/li>\n<li>Viedais miega re\u017e\u012bms uztur ide\u0101lu mitruma l\u012bmeni visas nakts garum\u0101 un pal\u012bdz rad\u012bt perfektu vidi labam nakts miegam<\/li>\n<\/ul>\n","protected":false},"featured_media":11663,"template":"","meta":{"site-sidebar-layout":"default","site-content-layout":"default","ast-site-content-layout":"default","site-content-style":"default","site-sidebar-style":"default","ast-global-header-display":"","ast-banner-title-visibility":"","ast-main-header-display":"","ast-hfb-above-header-display":"","ast-hfb-below-header-display":"","ast-hfb-mobile-header-display":"","site-post-title":"","ast-breadcrumbs-content":"","ast-featured-img":"","footer-sml-layout":"","ast-disable-related-posts":"","theme-transparent-header-meta":"default","adv-header-id-meta":"","stick-header-meta":"","header-above-stick-meta":"","header-main-stick-meta":"","header-below-stick-meta":"","astra-migrate-meta-layouts":"default","ast-page-background-enabled":"default","ast-page-background-meta":{"desktop":{"background-color":"","background-image":"","background-repeat":"repeat","background-position":"center center","background-size":"auto","background-attachment":"scroll","background-type":"","background-media":"","overlay-type":"","overlay-color":"","overlay-opacity":"","overlay-gradient":""},"tablet":{"background-color":"","background-image":"","background-repeat":"repeat","background-position":"center center","background-size":"auto","background-attachment":"scroll","background-type":"","background-media":"","overlay-type":"","overlay-color":"","overlay-opacity":"","overlay-gradient":""},"mobile":{"background-color":"","background-image":"","background-repeat":"repeat","background-position":"center center","background-size":"auto","background-attachment":"scroll","background-type":"","background-media":"","overlay-type":"","overlay-color":"","overlay-opacity":"","overlay-gradient":""}},"ast-content-background-meta":{"desktop":{"background-color":"var(--ast-global-color-5)","background-image":"","background-repeat":"repeat","background-position":"center center","background-size":"auto","background-attachment":"scroll","background-type":"","background-media":"","overlay-type":"","overlay-color":"","overlay-opacity":"","overlay-gradient":""},"tablet":{"background-color":"var(--ast-global-color-5)","background-image":"","background-repeat":"repeat","background-position":"center center","background-size":"auto","background-attachment":"scroll","background-type":"","background-media":"","overlay-type":"","overlay-color":"","overlay-opacity":"","overlay-gradient":""},"mobile":{"background-color":"var(--ast-global-color-5)","background-image":"","background-repeat":"repeat","background-position":"center center","background-size":"auto","background-attachment":"scroll","background-type":"","background-media":"","overlay-type":"","overlay-color":"","overlay-opacity":"","overlay-gradient":""}}},"product_brand":[],"product_cat":[596],"product_tag":[1262,629,659],"class_list":{"0":"post-16008","1":"product","2":"type-product","3":"status-publish","4":"has-post-thumbnail","6":"product_cat-difuzori","7":"product_tag-dawn-aroma-lv","8":"product_tag-difuzors","9":"product_tag-mitrinatajs","10":"desktop-align-left","11":"tablet-align-left","12":"mobile-align-left","14":"first","15":"outofstock","16":"taxable","17":"shipping-taxable","18":"purchasable","19":"product-type-simple"},"_links":{"self":[{"href":"https:\/\/mamaterra.lt\/lv\/wp-json\/wp\/v2\/product\/16008","targetHints":{"allow":["GET"]}}],"collection":[{"href":"https:\/\/mamaterra.lt\/lv\/wp-json\/wp\/v2\/product"}],"about":[{"href":"https:\/\/mamaterra.lt\/lv\/wp-json\/wp\/v2\/types\/product"}],"wp:featuredmedia":[{"embeddable":true,"href":"https:\/\/mamaterra.lt\/lv\/wp-json\/wp\/v2\/media\/11663"}],"wp:attachment":[{"href":"https:\/\/mamaterra.lt\/lv\/wp-json\/wp\/v2\/media?parent=16008"}],"wp:term":[{"taxonomy":"product_brand","embeddable":true,"href":"https:\/\/mamaterra.lt\/lv\/wp-json\/wp\/v2\/product_brand?post=16008"},{"taxonomy":"product_cat","embeddable":true,"href":"https:\/\/mamaterra.lt\/lv\/wp-json\/wp\/v2\/product_cat?post=16008"},{"taxonomy":"product_tag","embeddable":true,"href":"https:\/\/mamaterra.lt\/lv\/wp-json\/wp\/v2\/product_tag?post=16008"}],"curies":[{"name":"wp","href":"https:\/\/api.w.org\/{rel}","templated":true}]}}