{"id":16006,"date":"2022-03-06T21:31:10","date_gmt":"2022-03-06T20:31:10","guid":{"rendered":"https:\/\/mamaterra.lt\/parduotuve\/uncategorized\/svetais-baziliks-tulsi-holy-basil-ocimum-sanctum-tira-doterra-eteriska-ella-5ml\/"},"modified":"2022-03-06T21:31:10","modified_gmt":"2022-03-06T20:31:10","slug":"tulsi-svetais-baziliks-ocimum-sanctum-pure-doterra-essential-oil-5ml","status":"publish","type":"product","link":"https:\/\/mamaterra.lt\/lv\/parduotuve\/eteriskas-ellas\/tiras-eteriskas-ellas\/tulsi-svetais-baziliks-ocimum-sanctum-pure-doterra-essential-oil-5ml\/","title":{"rendered":"Sv\u0113tais baziliks (TULSI HOLY BASIL &#8211; Ocimum Sanctum) T\u012bra doterra \u0113terisk\u0101 e\u013c\u013ca 5ml"},"content":{"rendered":"<p><strong>Sv\u0113tais baziliks (TULSI SV\u0112TAIS BAZILIKS) T\u012bra doTERRA \u0113terisk\u0101 e\u013c\u013ca<\/strong><\/p>\n<p>Ocimum Sanctum | 5 ml<\/p>\n<p>&nbsp;<\/p>\n<p><strong>Saint Basil&#8217;s Pure doTERRA \u0113terisk\u0101s e\u013c\u013cas apraksts:<\/strong><\/p>\n<p>Tulsi (Sv\u0113tais Baziliks) tika izmantots vis\u0101s hinduistu kult\u016br\u0101s, lai veicin\u0101tu labkl\u0101j\u012bbu un gar\u012bgo apgaism\u012bbu. To tradicion\u0101li izmanto vis\u0101 pasaul\u0113 k\u0101 da\u013cu no ritu\u0101liem un aizsardz\u012bbas daudz\u0101s kult\u016br\u0101s. At\u0161\u0137ir\u012bb\u0101 no br\u0101l\u0113na sald\u0101 bazilika, Tulsi ir bag\u0101t\u012bgs, pikants arom\u0101ts, kas atg\u0101dina svaigi sasmalcin\u0101tu baziliku. T\u0101s iedarb\u012bba sasilda, atdz\u012bvina un pace\u013c garast\u0101vokli.<\/p>\n<p>S\u0101kotn\u0113ji no Dienvidaustrumu \u0100zijas \u0161is mazais, za\u013cais kr\u016bms ar lavandas nokr\u0101sas ziediem ir da\u013ca no piparm\u0113tru \u0123imenes. Tam ir v\u0113sture Indijas vesel\u012bbas praks\u0113 k\u0101 dabisks risin\u0101jums daudz\u0101m probl\u0113m\u0101m. Tulsi (Sv\u0113tais baziliks), kas noz\u012bm\u0113 &#8220;nep\u0101rsp\u0113jams&#8221;, tiek uzskat\u012bts par &#8220;gar\u0161augu karalieni&#8221;. Eksperiment\u0101lie p\u0113t\u012bjumi liecina, ka eigenols un beta-kariofil\u0113ns, kas ir Tulsi sast\u0101vda\u013cas, veicina t\u0101s att\u012bro\u0161\u0101s \u012bpa\u0161\u012bbas un ieguvumus \u0101dai. CPTG\u00ae Tulsi atg\u0101dina tradicion\u0101l\u0101s bazilika e\u013c\u013cas un krustnagli\u0146u e\u013c\u013cas mais\u012bjumu. Silts salds arom\u0101ts, kas atg\u0101dina svaigi sagrieztu baziliku, rada pievilc\u012bgu atmosf\u0113ru. To tradicion\u0101li izmanto vis\u0101 pasaul\u0113 k\u0101 da\u013cu no ritu\u0101liem un aizsardz\u012bbas daudz\u0101s kult\u016br\u0101s. Uzkl\u0101jiet uz \u0101das, lai izskats b\u016btu t\u012brs un vesel\u012bgs.<\/p>\n<p><strong>Saint Basil&#8217;s Pure doTERRA \u0113terisk\u0101s e\u013c\u013cas izmanto\u0161ana:<\/strong><\/p>\n<ul>\n<li>Tvaiks ar difuzoru nomierino\u0161ai atmosf\u0113rai.<\/li>\n<li>Pievienojiet vienu pilienu \u016bdenim un skalojiet.<\/li>\n<li>Pievienojiet vienu pilienu savam losjonam k\u0101 da\u013cu no \u0101das kop\u0161anas rut\u012bnas.<\/li>\n<li>Ievietojiet vienu pilienu plaukst\u0101, berz\u0113jiet rokas un ieelpojiet no plaukst\u0101m.<\/li>\n<li>At\u0161\u0137aida ar nes\u0113je\u013c\u013cu un uzkl\u0101j uz \u0101das.<\/li>\n<\/ul>\n<p><strong>Sv\u0113tais baziliks Pure doTERRA \u0113terisk\u0101s e\u013c\u013cas popul\u0101rie lietojumi:<\/strong><\/p>\n<ul>\n<li>Ja j\u016btat diskomfortu musku\u013cos &#8211; at\u0161\u0137aidiet Tulsi ar b\u0101zes e\u013c\u013cu un uzkl\u0101jiet uz problem\u0101tiskaj\u0101m viet\u0101m divas reizes dien\u0101.<\/li>\n<li>Ja zarn\u0101s ir nepat\u012bkama saj\u016bta &#8211; mas\u0113jiet v\u0113deru ar 1-2 pilieniem Tulsi un pamata e\u013c\u013cas pulkste\u0146r\u0101d\u012bt\u0101ja virzien\u0101.<\/li>\n<li>Ja j\u016bs nekontrol\u0113jat emocijas &#8211; berz\u0113jiet 1-2 pilienus griez\u0113jos un kakla un plecu zon\u0101.<\/li>\n<li>Ja j\u016btat spriedzi galv\u0101 &#8211; uzkl\u0101jiet 1-2 pilienus uz galvaskausa griez\u0113jiem un pieres, matu l\u012bnijas un pamatnes, tad v\u0113l vair\u0101k saj\u016btas uzlabosies, pievienojot pilienu frankincense e\u013c\u013cas.<\/li>\n<li>Apgr\u016btin\u0101ta elpo\u0161ana &#8211; iee\u013c\u013cojiet kr\u016btis, at\u0161\u0137aidiet ar b\u0101zes e\u013c\u013cu, izmantojiet 1 &#8211; 4 pilienus Tulsi, tvaic\u0113jiet ar difuzoru, ieelpojiet no plaukst\u0101m.<\/li>\n<li>Ja j\u016bs nakt\u012b negu\u013cat &#8211; uzkl\u0101jiet 1-2 pilienus uz zol\u0113m, griez\u0113jiem pirms gul\u0113tie\u0161anas, tvaic\u0113jiet ar difuzoru.<\/li>\n<\/ul>\n<p>Noskatieties video un uzziniet \u0161o \u012bpa\u0161o doTERRA Sv\u0113t\u0101 bazilika \u0113terisko e\u013c\u013cu vair\u0101k.<\/p>\n<p><iframe title=\"YouTube video atska\u0146ot\u0101js\" src=\"https:\/\/www.youtube-nocookie.com\/embed\/n893zbJFl70\" width=\"560\" height=\"315\" frameborder=\"0\" allowfullscreen=\"allowfullscreen\"><\/iframe><\/p>\n","protected":false},"excerpt":{"rendered":"<ul>\n<li>Tulsi (Sv\u0113tais Baziliks) tika izmantots vis\u0101s hinduistu kult\u016br\u0101s, lai veicin\u0101tu labkl\u0101j\u012bbu un gar\u012bgo apgaism\u012bbu.<\/li>\n<li>Sv\u0113t\u0101 bazilika \u0113terisk\u0101 e\u013c\u013ca tradicion\u0101li tiek izmantota vis\u0101 pasaul\u0113 k\u0101 da\u013ca no ritu\u0101liem un aizsardz\u012bbas daudz\u0101s kult\u016br\u0101s.<\/li>\n<li>doTERRA Tulsi \u0113terisk\u0101 e\u013c\u013ca sasilda, atdz\u012bvina un pace\u013c garast\u0101vokli.<\/li>\n<\/ul>\n","protected":false},"featured_media":11777,"template":"","meta":{"site-sidebar-layout":"default","site-content-layout":"default","ast-site-content-layout":"default","site-content-style":"default","site-sidebar-style":"default","ast-global-header-display":"","ast-banner-title-visibility":"","ast-main-header-display":"","ast-hfb-above-header-display":"","ast-hfb-below-header-display":"","ast-hfb-mobile-header-display":"","site-post-title":"","ast-breadcrumbs-content":"","ast-featured-img":"","footer-sml-layout":"","ast-disable-related-posts":"","theme-transparent-header-meta":"default","adv-header-id-meta":"","stick-header-meta":"","header-above-stick-meta":"","header-main-stick-meta":"","header-below-stick-meta":"","astra-migrate-meta-layouts":"default","ast-page-background-enabled":"default","ast-page-background-meta":{"desktop":{"background-color":"","background-image":"","background-repeat":"repeat","background-position":"center center","background-size":"auto","background-attachment":"scroll","background-type":"","background-media":"","overlay-type":"","overlay-color":"","overlay-opacity":"","overlay-gradient":""},"tablet":{"background-color":"","background-image":"","background-repeat":"repeat","background-position":"center center","background-size":"auto","background-attachment":"scroll","background-type":"","background-media":"","overlay-type":"","overlay-color":"","overlay-opacity":"","overlay-gradient":""},"mobile":{"background-color":"","background-image":"","background-repeat":"repeat","background-position":"center center","background-size":"auto","background-attachment":"scroll","background-type":"","background-media":"","overlay-type":"","overlay-color":"","overlay-opacity":"","overlay-gradient":""}},"ast-content-background-meta":{"desktop":{"background-color":"var(--ast-global-color-5)","background-image":"","background-repeat":"repeat","background-position":"center center","background-size":"auto","background-attachment":"scroll","background-type":"","background-media":"","overlay-type":"","overlay-color":"","overlay-opacity":"","overlay-gradient":""},"tablet":{"background-color":"var(--ast-global-color-5)","background-image":"","background-repeat":"repeat","background-position":"center center","background-size":"auto","background-attachment":"scroll","background-type":"","background-media":"","overlay-type":"","overlay-color":"","overlay-opacity":"","overlay-gradient":""},"mobile":{"background-color":"var(--ast-global-color-5)","background-image":"","background-repeat":"repeat","background-position":"center center","background-size":"auto","background-attachment":"scroll","background-type":"","background-media":"","overlay-type":"","overlay-color":"","overlay-opacity":"","overlay-gradient":""}}},"product_brand":[],"product_cat":[600,613,602],"product_tag":[678,631,939],"class_list":{"0":"post-16006","1":"product","2":"type-product","3":"status-publish","4":"has-post-thumbnail","6":"product_cat-eteriskas-ellas","7":"product_cat-miegam","8":"product_cat-tiras-eteriskas-ellas","9":"product_tag-5ml-lv","10":"product_tag-eteriskas-ellas","11":"product_tag-tulsi-holy-basil-lv","12":"desktop-align-left","13":"tablet-align-left","14":"mobile-align-left","16":"first","17":"instock","18":"sale","19":"taxable","20":"shipping-taxable","21":"purchasable","22":"product-type-simple"},"_links":{"self":[{"href":"https:\/\/mamaterra.lt\/lv\/wp-json\/wp\/v2\/product\/16006","targetHints":{"allow":["GET"]}}],"collection":[{"href":"https:\/\/mamaterra.lt\/lv\/wp-json\/wp\/v2\/product"}],"about":[{"href":"https:\/\/mamaterra.lt\/lv\/wp-json\/wp\/v2\/types\/product"}],"wp:featuredmedia":[{"embeddable":true,"href":"https:\/\/mamaterra.lt\/lv\/wp-json\/wp\/v2\/media\/11777"}],"wp:attachment":[{"href":"https:\/\/mamaterra.lt\/lv\/wp-json\/wp\/v2\/media?parent=16006"}],"wp:term":[{"taxonomy":"product_brand","embeddable":true,"href":"https:\/\/mamaterra.lt\/lv\/wp-json\/wp\/v2\/product_brand?post=16006"},{"taxonomy":"product_cat","embeddable":true,"href":"https:\/\/mamaterra.lt\/lv\/wp-json\/wp\/v2\/product_cat?post=16006"},{"taxonomy":"product_tag","embeddable":true,"href":"https:\/\/mamaterra.lt\/lv\/wp-json\/wp\/v2\/product_tag?post=16006"}],"curies":[{"name":"wp","href":"https:\/\/api.w.org\/{rel}","templated":true}]}}