{"id":16001,"date":"2022-04-01T19:19:42","date_gmt":"2022-04-01T18:19:42","guid":{"rendered":"https:\/\/mamaterra.lt\/parduotuve\/uncategorized\/komplekts-doterra-kopa-ar-12-dazadam-doterra-eteriskajam-ellam-un-doterra-laluz-difuzoru\/"},"modified":"2022-04-01T19:19:42","modified_gmt":"2022-04-01T18:19:42","slug":"doterra-kopa-komplekts-ar-12-dazadu-doterra-eterisko-ellu-un-doterra-laluz-difuzoru","status":"publish","type":"product","link":"https:\/\/mamaterra.lt\/lv\/parduotuve\/eteriskas-ellas\/komplekti-un-kolekcijas\/doterra-kopa-komplekts-ar-12-dazadu-doterra-eterisko-ellu-un-doterra-laluz-difuzoru\/","title":{"rendered":"Komplekts doTERRA kop\u0101 ar 12 da\u017e\u0101d\u0101m doTERRA \u0113teriskaj\u0101m e\u013c\u013c\u0101m un doTERRA Laluz difuzoru"},"content":{"rendered":"<p><strong>DoTERRA komplekta komplekts ar doTERRA Laluz difuzoru<\/strong><\/p>\n<p>&nbsp;<\/p>\n<p><strong>Rinkinys doTERRA komplekts<\/strong><br \/>\ndoTERRA together Kit ir izstr\u0101d\u0101ts, lai pal\u012bdz\u0113tu cilv\u0113kiem apvienoties, izmantojot dabas sp\u0113ku. Dalieties br\u012bni\u0161\u0137\u012bgaj\u0101s m\u0101tes dabas \u0113terisko e\u013c\u013cu d\u0101van\u0101s, kas pal\u012bdz\u0113s rad\u012bt lab\u0101ku atmosf\u0113ru. \u0160aj\u0101 komplekt\u0101 j\u016bs atrad\u012bsiet visu nepiecie\u0161amo, lai jebkuru profesion\u0101lu, publisku vai publisku telpu p\u0101rv\u0113rstu par arom\u0101tisku o\u0101zi. J\u016bs varat ar\u012b k\u013c\u016bt par vienu no pirmajiem, kas izm\u0113\u0123ina tikai jauno doterra Laluz\u2122 difuzoru, kas iek\u013cauts \u0161aj\u0101 komplekt\u0101.<\/p>\n<p>Izveidojiet un izplatiet atmosf\u0113ru p\u0113c savas izv\u0113les, izmantojot komplektu doTERRA kop\u0101.<\/p>\n<p><strong>Komplekts doTERRA Together Kit Sast\u0101v no:<\/strong><\/p>\n<ol>\n<li>12 Da\u017e\u0101di doTERRA \u0113terisko e\u013c\u013cu un \u0113terisko e\u013c\u013cu mais\u012bjumi.<\/li>\n<li>Komplekt\u0101 ietilpst doTERRA Laluz difuzors.<\/li>\n<li>doTERRA Essentials gr\u0101mata.<\/li>\n<li>Komplekt\u0101 atrad\u012bsiet koka kasti ar iegrav\u0113tu doTERRA logotipu e\u013c\u013cu novieto\u0161anai. P\u0101rsteidzo\u0161\u0101 atk\u0101rtoti lietojam\u0101 kast\u0113 j\u016bs atrad\u012bsit vienk\u0101r\u0161as kart\u012btes j\u016bsu pied\u0101v\u0101tajiem mais\u012bjumiem, kur\u0101s ir interesantas e\u013c\u013cas kombin\u0101cijas, kas iedvesmos j\u016bs un apk\u0101rt\u0113jos cilv\u0113kus.<\/li>\n<\/ol>\n<p><strong>doTERRA komplekta komplekts sast\u0101v no \u0161\u0101d\u0101m 15ml \u0113teriskaj\u0101m e\u013c\u013c\u0101m:<\/strong><\/p>\n<ul>\n<li>Lavanda<\/li>\n<li>Piparm\u0113tru<\/li>\n<li>Citrons<\/li>\n<li>Sardz\u0113\u2122<\/li>\n<li>Eikalipta<\/li>\n<li>Citrons (CITRONZ\u0100LE)<\/li>\n<li>Savva\u013cas apels\u012bns<\/li>\n<li>Za\u013cais mandar\u012bns<\/li>\n<li>Citrusaug\u013cu sv\u0113tlaime\u2122<\/li>\n<li>doTERRA Adaptiv\u2122<\/li>\n<li>doTERRA bilance\u2122<\/li>\n<\/ul>\n<p><strong>doTERRA komplekta komplekts sast\u0101v no \u0161\u012bs \u0113terisk\u0101s e\u013c\u013cas 5ml:<\/strong><\/p>\n<ul>\n<li>doTERRA Motiv\u0113t\u2122<\/li>\n<\/ul>\n<p>&nbsp;<\/p>\n<p><strong>doTERRA Laluz difuzors  <\/strong><\/p>\n<p>\u0160is skulptur\u0101l\u0101s formas difuzors izstaro ultraska\u0146as vibr\u0101cijas, kas p\u0101rv\u0113r\u0161 \u016bdeni un \u0113terisk\u0101s e\u013c\u013cas arom\u0101tisk\u0101 migl\u0101. Difuzors darbojas l\u012bdz asto\u0146\u0101m stund\u0101m, t\u0101p\u0113c j\u016bs varat izplat\u012bt iecien\u012bt\u0101k\u0101s \u0113terisk\u0101s e\u013c\u013cas visas dienas vai nakts garum\u0101, un tam ir ar\u012b tr\u012bs apk\u0101rt\u0113j\u0101s gaismas iestat\u012bjumi, kas atbilst jebkuram no j\u016bsu noska\u0146ojumiem.<\/p>\n<p>Turkl\u0101t, pateicoties elegantajam, modernajam dizainam, tas noteikti papildin\u0101s jebkuras telpas est\u0113tiku j\u016bsu m\u0101j\u0101s.<\/p>\n<ul>\n<li>Iesl\u0113dziet to viesistab\u0101 un izplatiet citrusaug\u013cu sv\u0113tlaimi\u00ae aicino\u0161u, ener\u0123isku smar\u017eu.<\/li>\n<li>Izmantojiet vannas istab\u0101 ar doTERRA On Guard\u00ae, lai padar\u012btu gaisu svaig\u0101ku un t\u012br\u0101ku.<\/li>\n<li>Pirms gul\u0113tie\u0161anas novietojiet to uz naktsgaldi\u0146a un izkl\u0101jiet Serenity vai lavandas un ciedra koka smar\u017eu, lai atp\u016bstos un nomierin\u0101tos.<\/li>\n<\/ul>\n<p><strong>doTERRA Laluz difuzora specifik\u0101cijas un funkcijas:<\/strong><\/p>\n<ul>\n<li><strong>\u016adens tilpums:<\/strong> 120 ml \/ 4,06 \u0161\u0137idruma unces<\/li>\n<li><strong>Pied\u0101v\u0101tais telpas izm\u0113rs:<\/strong> 30 kvadr\u0101tmetri. m.<\/li>\n<li><strong>Nep\u0101rtraukta darb\u012bba:<\/strong> Augsta d\u016bmu veiktsp\u0113ja &#8211; l\u012bdz 4 stund\u0101m, zema miglas veiktsp\u0113ja &#8211; l\u012bdz 8 stund\u0101m<\/li>\n<li><strong>Taimeris:<\/strong> 1 stunda. \/ 2 stundas. \/ 4 stundas<\/li>\n<li>Tum\u0161s un spilgts silts un lavandas apgaismojums<\/li>\n<li>Autom\u0101tiska aizsarg\u0101jo\u0161a izsl\u0113g\u0161ana<\/li>\n<li><strong>Piederumi:<\/strong> AC 100-240V sienas spraudnis un lieto\u0161anas instrukcija<\/li>\n<li><strong>Jauda:<\/strong> DC24V 0,5A<\/li>\n<li><strong>Viela:<\/strong> Materi\u0101ls: Stikla aug\u0161\u0113jais v\u0101ks + polipropil\u0113ns<\/li>\n<\/ul>\n<p>Noskatieties video par doTERRA Laluz difuzoru.<\/p>\n<p><iframe title=\"YouTube video atska\u0146ot\u0101js\" src=\"https:\/\/www.youtube-nocookie.com\/embed\/p64600tKCwg\" width=\"560\" height=\"315\" frameborder=\"0\" allowfullscreen=\"allowfullscreen\" data-mce-fragment=\"1\"><\/iframe><\/p>\n<p>&nbsp;<\/p>\n<p>Vair\u0101k par doTERRA Laluz difuzoru <strong><br \/>\n lasi <a href=\"https:\/\/mamaterra.lt\/laluz-difuzorius-su-citrus-bliss-misiniu\/\" target=\"_blank\" rel=\"noopener\">\u0161eit<\/a><br \/>\n  <\/strong>.<\/p>\n","protected":false},"excerpt":{"rendered":"<div dir=\"auto\">\n<ul>\n<li>12 da\u017e\u0101di doTERRA \u0113terisko e\u013c\u013cu un \u0113terisko e\u013c\u013cu mais\u012bjumi<\/li>\n<li>Iek\u013cauts doTERRA Laluz difuzors<\/li>\n<li>doTERRA Essentials gr\u0101mata<\/li>\n<li>Komplekt\u0101 atrad\u012bsiet koka kasti ar iegrav\u0113tu doTERRA logotipu e\u013c\u013cu ievieto\u0161anai<\/li>\n<\/ul>\n<\/div>\n","protected":false},"featured_media":11783,"template":"","meta":{"site-sidebar-layout":"default","site-content-layout":"default","ast-site-content-layout":"default","site-content-style":"default","site-sidebar-style":"default","ast-global-header-display":"","ast-banner-title-visibility":"","ast-main-header-display":"","ast-hfb-above-header-display":"","ast-hfb-below-header-display":"","ast-hfb-mobile-header-display":"","site-post-title":"","ast-breadcrumbs-content":"","ast-featured-img":"","footer-sml-layout":"","ast-disable-related-posts":"","theme-transparent-header-meta":"default","adv-header-id-meta":"","stick-header-meta":"","header-above-stick-meta":"","header-main-stick-meta":"","header-below-stick-meta":"","astra-migrate-meta-layouts":"default","ast-page-background-enabled":"default","ast-page-background-meta":{"desktop":{"background-color":"","background-image":"","background-repeat":"repeat","background-position":"center center","background-size":"auto","background-attachment":"scroll","background-type":"","background-media":"","overlay-type":"","overlay-color":"","overlay-opacity":"","overlay-gradient":""},"tablet":{"background-color":"","background-image":"","background-repeat":"repeat","background-position":"center center","background-size":"auto","background-attachment":"scroll","background-type":"","background-media":"","overlay-type":"","overlay-color":"","overlay-opacity":"","overlay-gradient":""},"mobile":{"background-color":"","background-image":"","background-repeat":"repeat","background-position":"center center","background-size":"auto","background-attachment":"scroll","background-type":"","background-media":"","overlay-type":"","overlay-color":"","overlay-opacity":"","overlay-gradient":""}},"ast-content-background-meta":{"desktop":{"background-color":"var(--ast-global-color-5)","background-image":"","background-repeat":"repeat","background-position":"center center","background-size":"auto","background-attachment":"scroll","background-type":"","background-media":"","overlay-type":"","overlay-color":"","overlay-opacity":"","overlay-gradient":""},"tablet":{"background-color":"var(--ast-global-color-5)","background-image":"","background-repeat":"repeat","background-position":"center center","background-size":"auto","background-attachment":"scroll","background-type":"","background-media":"","overlay-type":"","overlay-color":"","overlay-opacity":"","overlay-gradient":""},"mobile":{"background-color":"var(--ast-global-color-5)","background-image":"","background-repeat":"repeat","background-position":"center center","background-size":"auto","background-attachment":"scroll","background-type":"","background-media":"","overlay-type":"","overlay-color":"","overlay-opacity":"","overlay-gradient":""}}},"product_brand":[],"product_cat":[596,603],"product_tag":[683,678,622,1381,869,629,631,632,1509,1495,1112,1469,1456,1465,1440,1031,934,884],"class_list":{"0":"post-16001","1":"product","2":"type-product","3":"status-publish","4":"has-post-thumbnail","6":"product_cat-difuzori","7":"product_cat-komplekti-un-kolekcijas","8":"product_tag-15ml-lv","9":"product_tag-5ml-lv","10":"product_tag-adaptiv-lv","11":"product_tag-balance-lv","12":"product_tag-citrusbliss-lv","13":"product_tag-difuzors","14":"product_tag-eteriskas-ellas","15":"product_tag-eterisko-ellu-maisijumi","16":"product_tag-eucalyptus-lv","17":"product_tag-green-mandarin-lv","18":"product_tag-laluz-lv","19":"product_tag-lavender-lv-2","20":"product_tag-lemon-lv","21":"product_tag-lemongrass-lv","22":"product_tag-on-guard-lv","23":"product_tag-peppermint-lv","24":"product_tag-together-lv","25":"product_tag-wild-orange-lv","26":"desktop-align-left","27":"tablet-align-left","28":"mobile-align-left","30":"first","31":"instock","32":"taxable","33":"shipping-taxable","34":"purchasable","35":"product-type-simple"},"_links":{"self":[{"href":"https:\/\/mamaterra.lt\/lv\/wp-json\/wp\/v2\/product\/16001","targetHints":{"allow":["GET"]}}],"collection":[{"href":"https:\/\/mamaterra.lt\/lv\/wp-json\/wp\/v2\/product"}],"about":[{"href":"https:\/\/mamaterra.lt\/lv\/wp-json\/wp\/v2\/types\/product"}],"wp:featuredmedia":[{"embeddable":true,"href":"https:\/\/mamaterra.lt\/lv\/wp-json\/wp\/v2\/media\/11783"}],"wp:attachment":[{"href":"https:\/\/mamaterra.lt\/lv\/wp-json\/wp\/v2\/media?parent=16001"}],"wp:term":[{"taxonomy":"product_brand","embeddable":true,"href":"https:\/\/mamaterra.lt\/lv\/wp-json\/wp\/v2\/product_brand?post=16001"},{"taxonomy":"product_cat","embeddable":true,"href":"https:\/\/mamaterra.lt\/lv\/wp-json\/wp\/v2\/product_cat?post=16001"},{"taxonomy":"product_tag","embeddable":true,"href":"https:\/\/mamaterra.lt\/lv\/wp-json\/wp\/v2\/product_tag?post=16001"}],"curies":[{"name":"wp","href":"https:\/\/api.w.org\/{rel}","templated":true}]}}