{"id":16000,"date":"2022-04-27T12:58:19","date_gmt":"2022-04-27T11:58:19","guid":{"rendered":"https:\/\/mamaterra.lt\/parduotuve\/uncategorized\/doterra-ingvera-un-citronu-pastilas-labakai-gremosanai-doterra-ingvera-pilieni-120g\/"},"modified":"2022-04-27T12:58:19","modified_gmt":"2022-04-27T11:58:19","slug":"doterra-ingvers-un-citrona-pilieni-pastilas-labakai-gremosanai-doterra-ingvers-pilieni-120g","status":"publish","type":"product","link":"https:\/\/mamaterra.lt\/lv\/parduotuve\/eteriskas-ellas\/eterisko-ellu-maisijumi\/doterra-ingvers-un-citrona-pilieni-pastilas-labakai-gremosanai-doterra-ingvers-pilieni-120g\/","title":{"rendered":"doTERRA ingvera un citronu pastilas lab\u0101kai gremo\u0161anai (doTERRA ingvera pilieni) 120g"},"content":{"rendered":"<p><strong>doTERRA ingvera un citronu pastilas lab\u0101kai gremo\u0161anai (doTERRA ingvera pilieni) 120g<\/strong><\/p>\n<ul>\n<li>Ingvera un citrona sald\u0101, pikant\u0101 gar\u0161a pal\u012bdz mazin\u0101t ar kust\u012bbu saist\u012btu sliktu d\u016b\u0161u<\/li>\n<li>Atbalsta vesel\u012bgu gremo\u0161anu<\/li>\n<li>Pal\u012bdz mazin\u0101t nejau\u0161as ku\u0146\u0123a kaites<\/li>\n<li>Izgatavotas, pamatojoties uz organisko niedru sulu un br\u016bno r\u012bsu s\u012brupu, pievienojot CPTG sertific\u0113tas, p\u0101rbaud\u012btas doTERRA \u0113terisk\u0101s e\u013c\u013cas, \u0161\u012bs pastilas pa\u0161as par sevi nesatur m\u0101ksl\u012bgas kr\u0101svielas un gar\u0161as.<\/li>\n<li>To ir viegli pa\u0146emt pa rokai ce\u013cojuma laik\u0101 vai tad, kad tas visvair\u0101k nepiecie\u0161ams &#8211; kad j\u016btat diskomfortu v\u0113der\u0101, ja brauk\u0161anas laik\u0101 pie\u0137eraties.<\/li>\n<\/ul>\n<p><strong>doTERRA ingvera un citronu pastilas lab\u0101kai gremo\u0161anai (doTERRA GingerDrops) Apraksts:<\/strong><\/p>\n<p>Ingvera augs jau sen tiek izmantots tradicion\u0101laj\u0101 labsaj\u016btas praks\u0113, un t\u0101 nomierino\u0161\u0101s \u012bpa\u0161\u012bbas tiek uztic\u0113tas l\u012bdz pat \u0161ai dienai. DoTERRA Ginger Drops ingvera \u0113terisk\u0101s e\u013c\u013cas CPTG\u00ae priek\u0161roc\u012bbas var sajust dab\u012bg\u0101s pastil\u0101s. Ingvera sald\u0101 un pikant\u0101 gar\u0161a tiek sajaukta ar citrona \u0113terisk\u0101s e\u013c\u013cas \u0161\u013cakat\u0101m, lai palielin\u0101tu pastilu priek\u0161roc\u012bbas un gar\u0161u. Da\u017ereiz j\u016btot sliktu d\u016b\u0161u, kas saist\u012bta ar kust\u012bbu, ingvera pilienu \u012bpa\u0161\u012bbas pal\u012bdz mazin\u0101t nepat\u012bkamas saj\u016btas un nomierin\u0101t ku\u0146\u0123i. Ingvera iek\u0161\u0113jie ieguvumi ar\u012b veicina vesel\u012bgu gremo\u0161anu un pal\u012bdz mazin\u0101t neregul\u0101ras ku\u0146\u0123a kaites.<\/p>\n<p><strong>doTERRA ingvera un citronu pastilas lab\u0101kai gremo\u0161anai (doTERRA GingerDrops) Lieto\u0161anas instrukcija:<\/strong><\/p>\n<ul>\n<li>Satveriet lozenge p\u0113c vajadz\u012bbas, tas ir iesp\u0113jams ik p\u0113c p\u0101ris stund\u0101m.<\/li>\n<\/ul>\n<p><strong>doTERRA ingvera un citronu pastilas lab\u0101kai gremo\u0161anai (doTERRA ingvera pilieni) Sast\u0101v no:<\/strong><\/p>\n<p>Iepakojum\u0101 30 gabali\u0146i pastil\u0101s.<\/p>\n","protected":false},"excerpt":{"rendered":"<ul>\n<li dir=\"auto\">Lietojiet pastilas, ja j\u016btat diskomfortu ku\u0146\u0123\u012b, ja brauk\u0161anas laik\u0101 j\u016btat sliktu d\u016b\u0161u<\/li>\n<li dir=\"auto\">Ar\u012b sast\u0101v\u0101 ingvera un citrona \u0113terisk\u0101s e\u013c\u013cas stiprina imunit\u0101ti un atbalsta vesel\u012bgu gremo\u0161anu<\/li>\n<li dir=\"auto\">Iepakojums ar 30 gabalu pastil\u0101m<\/li>\n<\/ul>\n","protected":false},"featured_media":11786,"template":"","meta":{"site-sidebar-layout":"default","site-content-layout":"default","ast-site-content-layout":"default","site-content-style":"default","site-sidebar-style":"default","ast-global-header-display":"","ast-banner-title-visibility":"","ast-main-header-display":"","ast-hfb-above-header-display":"","ast-hfb-below-header-display":"","ast-hfb-mobile-header-display":"","site-post-title":"","ast-breadcrumbs-content":"","ast-featured-img":"","footer-sml-layout":"","ast-disable-related-posts":"","theme-transparent-header-meta":"default","adv-header-id-meta":"","stick-header-meta":"","header-above-stick-meta":"","header-main-stick-meta":"","header-below-stick-meta":"","astra-migrate-meta-layouts":"default","ast-page-background-enabled":"default","ast-page-background-meta":{"desktop":{"background-color":"","background-image":"","background-repeat":"repeat","background-position":"center center","background-size":"auto","background-attachment":"scroll","background-type":"","background-media":"","overlay-type":"","overlay-color":"","overlay-opacity":"","overlay-gradient":""},"tablet":{"background-color":"","background-image":"","background-repeat":"repeat","background-position":"center center","background-size":"auto","background-attachment":"scroll","background-type":"","background-media":"","overlay-type":"","overlay-color":"","overlay-opacity":"","overlay-gradient":""},"mobile":{"background-color":"","background-image":"","background-repeat":"repeat","background-position":"center center","background-size":"auto","background-attachment":"scroll","background-type":"","background-media":"","overlay-type":"","overlay-color":"","overlay-opacity":"","overlay-gradient":""}},"ast-content-background-meta":{"desktop":{"background-color":"var(--ast-global-color-5)","background-image":"","background-repeat":"repeat","background-position":"center center","background-size":"auto","background-attachment":"scroll","background-type":"","background-media":"","overlay-type":"","overlay-color":"","overlay-opacity":"","overlay-gradient":""},"tablet":{"background-color":"var(--ast-global-color-5)","background-image":"","background-repeat":"repeat","background-position":"center center","background-size":"auto","background-attachment":"scroll","background-type":"","background-media":"","overlay-type":"","overlay-color":"","overlay-opacity":"","overlay-gradient":""},"mobile":{"background-color":"var(--ast-global-color-5)","background-image":"","background-repeat":"repeat","background-position":"center center","background-size":"auto","background-attachment":"scroll","background-type":"","background-media":"","overlay-type":"","overlay-color":"","overlay-opacity":"","overlay-gradient":""}}},"product_brand":[],"product_cat":[600,601,620],"product_tag":[666,670],"class_list":{"0":"post-16000","1":"product","2":"type-product","3":"status-publish","4":"has-post-thumbnail","6":"product_cat-eteriskas-ellas","7":"product_cat-eterisko-ellu-maisijumi","8":"product_cat-gremosanai","9":"product_tag-pastilas","10":"product_tag-saldumi","11":"desktop-align-left","12":"tablet-align-left","13":"mobile-align-left","15":"first","16":"instock","17":"taxable","18":"shipping-taxable","19":"purchasable","20":"product-type-simple"},"_links":{"self":[{"href":"https:\/\/mamaterra.lt\/lv\/wp-json\/wp\/v2\/product\/16000","targetHints":{"allow":["GET"]}}],"collection":[{"href":"https:\/\/mamaterra.lt\/lv\/wp-json\/wp\/v2\/product"}],"about":[{"href":"https:\/\/mamaterra.lt\/lv\/wp-json\/wp\/v2\/types\/product"}],"wp:featuredmedia":[{"embeddable":true,"href":"https:\/\/mamaterra.lt\/lv\/wp-json\/wp\/v2\/media\/11786"}],"wp:attachment":[{"href":"https:\/\/mamaterra.lt\/lv\/wp-json\/wp\/v2\/media?parent=16000"}],"wp:term":[{"taxonomy":"product_brand","embeddable":true,"href":"https:\/\/mamaterra.lt\/lv\/wp-json\/wp\/v2\/product_brand?post=16000"},{"taxonomy":"product_cat","embeddable":true,"href":"https:\/\/mamaterra.lt\/lv\/wp-json\/wp\/v2\/product_cat?post=16000"},{"taxonomy":"product_tag","embeddable":true,"href":"https:\/\/mamaterra.lt\/lv\/wp-json\/wp\/v2\/product_tag?post=16000"}],"curies":[{"name":"wp","href":"https:\/\/api.w.org\/{rel}","templated":true}]}}