{"id":15997,"date":"2021-11-05T08:23:08","date_gmt":"2021-11-05T07:23:08","guid":{"rendered":"https:\/\/mamaterra.lt\/parduotuve\/uncategorized\/doterra-nootka-eteriska-ella-5ml-un-apdavinats-parsteigums\/"},"modified":"2021-11-05T08:23:08","modified_gmt":"2021-11-05T07:23:08","slug":"doterra-nootka-eteriska-ella-5ml-un-ziedots-parsteigums","status":"publish","type":"product","link":"https:\/\/mamaterra.lt\/lv\/parduotuve\/eteriskas-ellas\/doterra-nootka-eteriska-ella-5ml-un-ziedots-parsteigums\/","title":{"rendered":"doTERRA Nootka \u0113terisk\u0101 e\u013c\u013ca 5ml un apd\u0101vin\u0101ts p\u0101rsteigums"},"content":{"rendered":"<p><strong>doTERRA Nootka \u0113terisk\u0101 e\u013c\u013ca un apd\u0101vin\u0101ts p\u0101rsteigums<\/strong><\/p>\n<p>5ml<\/p>\n<p>Nootka \u0113terisk\u0101 e\u013c\u013ca un p\u0101rsteigums, ko dodam!<\/p>\n<p>Izbaudiet Nootka &#8211; Arborvitae \u0113teriskajai e\u013c\u013cai l\u012bdz\u012bgu koka e\u013c\u013cu &#8211; un m\u016bsu bezmaksas p\u0101rsteigumu! D\u0101vanas var b\u016bt da\u017e\u0101das.<\/p>\n<p>Nootka \u0113terisk\u0101 e\u013c\u013ca tiek destil\u0113ta no majest\u0101tiskajiem Nootkas kokiem, kas atrodas tuvu tujai. \u0160ie koki aug Amerikas Savienoto Valstu Klus\u0101 oke\u0101na zieme\u013crietumos. Nootka koki ir paz\u012bstami k\u0101 viena no sp\u0113c\u012bg\u0101kaj\u0101m ciedru sug\u0101m pasaul\u0113, un tos bie\u017ei sauc par dzelteniem ciedriem vai dzelten\u0101m cipres\u0113m. Lai aizsarg\u0101tu vidi, doTERRA ieg\u016bst Nootka \u0113terisko e\u013c\u013cu no koksnes atlikumiem, kas netiek izmantoti kokr\u016bpniec\u012bb\u0101. Pret\u0113j\u0101 gad\u012bjum\u0101 \u0161ie koksnes atlikumi tiktu izmesti.<\/p>\n<p><strong>doTERRA Nootka \u0113terisko e\u013c\u013cu izmanto\u0161ana:<\/strong><\/p>\n<ul>\n<li><strong>Mas\u0101\u017ea:<\/strong> Pievienojiet vienu vai divus pilienus Nootka e\u013c\u013cas ar 10 pilieniem frakcion\u0113tas kokosriekstu e\u013c\u013cas un nomierino\u0161as mas\u0101\u017eas ietvaros berz\u0113jiet v\u0113lamaj\u0101s viet\u0101s.<\/li>\n<li><strong>Vanna: <\/strong> Pievienojiet divus pilienus Nootka e\u013c\u013cas Epsom s\u0101ls vannai, lai atp\u016bstos, silti m\u0113rc\u0113jot, atsvaidzino\u0161\u0101, me\u017eam l\u012bdz\u012bg\u0101 arom\u0101t\u0101.<\/li>\n<li><strong>\u0100das kop\u0161ana:<\/strong> pievienojiet vienu pilienu Nootka e\u013c\u013cas ikdienas sejas t\u012br\u012b\u0161anas l\u012bdzeklim, lai uzlabotu att\u012bro\u0161\u0101s \u012bpa\u0161\u012bbas un pie\u0161\u0137irtu \u0101dai vesel\u012bgu izskatu. J\u016bs varat pil\u0113t mitrin\u0101t\u0101j\u0101.<\/li>\n<li><strong>Virsmas t\u012br\u012b\u0161ana:<\/strong> Pievienojiet piecus pilienus Nootka e\u013c\u013cas smidzin\u0101\u0161anas pudel\u0113 ar \u016bdeni un izsmidziniet uz virsm\u0101m vai rok\u0101m k\u0101 efekt\u012bvu t\u012br\u012b\u0161anas l\u012bdzekli.<\/li>\n<li><strong>Tvaic\u0113jot:<\/strong> Tvaic\u0113jiet tr\u012bs vai piecus pilienus Nootka e\u013c\u013cas telp\u0101, aizpildot telpu ar mier\u012bgu me\u017ea arom\u0101tu.<\/li>\n<\/ul>\n<p>&nbsp;<\/p>\n<p>Noskatieties video un iepaz\u012bstieties ar Nootka koku un doTERRA Nootka \u0113terisko e\u013c\u013cu.<\/p>\n<p><iframe title=\"YouTube video atska\u0146ot\u0101js\" src=\"https:\/\/www.youtube-nocookie.com\/embed\/30S1k5zNBAg\" width=\"560\" height=\"315\" frameborder=\"0\" allowfullscreen=\"allowfullscreen\"><\/iframe><\/p>\n","protected":false},"excerpt":{"rendered":"<ul>\n<li>doTERRA Nootka \u0113terisk\u0101 e\u013c\u013ca<\/li>\n<li>Izbaudiet Nootka &#8211; Arborvitae (Thuja) \u0113teriskajai e\u013c\u013cai l\u012bdz\u012bgu koka e\u013c\u013cu &#8211; un m\u016bsu bezmaksas p\u0101rsteigumu<\/li>\n<li>Nootka \u0113terisk\u0101 e\u013c\u013ca tiek destil\u0113ta no majest\u0101tiskiem Nootka kokiem tuvu tujai<\/li>\n<\/ul>\n","protected":false},"featured_media":11655,"template":"","meta":{"site-sidebar-layout":"default","site-content-layout":"default","ast-site-content-layout":"default","site-content-style":"default","site-sidebar-style":"default","ast-global-header-display":"","ast-banner-title-visibility":"","ast-main-header-display":"","ast-hfb-above-header-display":"","ast-hfb-below-header-display":"","ast-hfb-mobile-header-display":"","site-post-title":"","ast-breadcrumbs-content":"","ast-featured-img":"","footer-sml-layout":"","ast-disable-related-posts":"","theme-transparent-header-meta":"default","adv-header-id-meta":"","stick-header-meta":"","header-above-stick-meta":"","header-main-stick-meta":"","header-below-stick-meta":"","astra-migrate-meta-layouts":"default","ast-page-background-enabled":"default","ast-page-background-meta":{"desktop":{"background-color":"","background-image":"","background-repeat":"repeat","background-position":"center center","background-size":"auto","background-attachment":"scroll","background-type":"","background-media":"","overlay-type":"","overlay-color":"","overlay-opacity":"","overlay-gradient":""},"tablet":{"background-color":"","background-image":"","background-repeat":"repeat","background-position":"center center","background-size":"auto","background-attachment":"scroll","background-type":"","background-media":"","overlay-type":"","overlay-color":"","overlay-opacity":"","overlay-gradient":""},"mobile":{"background-color":"","background-image":"","background-repeat":"repeat","background-position":"center center","background-size":"auto","background-attachment":"scroll","background-type":"","background-media":"","overlay-type":"","overlay-color":"","overlay-opacity":"","overlay-gradient":""}},"ast-content-background-meta":{"desktop":{"background-color":"var(--ast-global-color-5)","background-image":"","background-repeat":"repeat","background-position":"center center","background-size":"auto","background-attachment":"scroll","background-type":"","background-media":"","overlay-type":"","overlay-color":"","overlay-opacity":"","overlay-gradient":""},"tablet":{"background-color":"var(--ast-global-color-5)","background-image":"","background-repeat":"repeat","background-position":"center center","background-size":"auto","background-attachment":"scroll","background-type":"","background-media":"","overlay-type":"","overlay-color":"","overlay-opacity":"","overlay-gradient":""},"mobile":{"background-color":"var(--ast-global-color-5)","background-image":"","background-repeat":"repeat","background-position":"center center","background-size":"auto","background-attachment":"scroll","background-type":"","background-media":"","overlay-type":"","overlay-color":"","overlay-opacity":"","overlay-gradient":""}}},"product_brand":[],"product_cat":[600],"product_tag":[683,631,1051],"class_list":{"0":"post-15997","1":"product","2":"type-product","3":"status-publish","4":"has-post-thumbnail","6":"product_cat-eteriskas-ellas","7":"product_tag-15ml-lv","8":"product_tag-eteriskas-ellas","9":"product_tag-nootka-lv","10":"desktop-align-left","11":"tablet-align-left","12":"mobile-align-left","14":"first","15":"outofstock","16":"taxable","17":"shipping-taxable","18":"purchasable","19":"product-type-simple"},"_links":{"self":[{"href":"https:\/\/mamaterra.lt\/lv\/wp-json\/wp\/v2\/product\/15997","targetHints":{"allow":["GET"]}}],"collection":[{"href":"https:\/\/mamaterra.lt\/lv\/wp-json\/wp\/v2\/product"}],"about":[{"href":"https:\/\/mamaterra.lt\/lv\/wp-json\/wp\/v2\/types\/product"}],"wp:featuredmedia":[{"embeddable":true,"href":"https:\/\/mamaterra.lt\/lv\/wp-json\/wp\/v2\/media\/11655"}],"wp:attachment":[{"href":"https:\/\/mamaterra.lt\/lv\/wp-json\/wp\/v2\/media?parent=15997"}],"wp:term":[{"taxonomy":"product_brand","embeddable":true,"href":"https:\/\/mamaterra.lt\/lv\/wp-json\/wp\/v2\/product_brand?post=15997"},{"taxonomy":"product_cat","embeddable":true,"href":"https:\/\/mamaterra.lt\/lv\/wp-json\/wp\/v2\/product_cat?post=15997"},{"taxonomy":"product_tag","embeddable":true,"href":"https:\/\/mamaterra.lt\/lv\/wp-json\/wp\/v2\/product_tag?post=15997"}],"curies":[{"name":"wp","href":"https:\/\/api.w.org\/{rel}","templated":true}]}}